{"id":5987,"date":"2022-03-03T10:14:54","date_gmt":"2022-03-03T09:14:54","guid":{"rendered":"https:\/\/fengchashop.com\/hr\/product\/sikavica-pjegavi-cicak-u-prahu-bio-250-g\/"},"modified":"2026-05-07T14:20:54","modified_gmt":"2026-05-07T12:20:54","slug":"sikavica-pjegavi-cicak-u-prahu-bio","status":"publish","type":"product","link":"https:\/\/fengchashop.com\/hr\/product\/sikavica-pjegavi-cicak-u-prahu-bio\/","title":{"rendered":"Sikavica (Pjegavi \u010di\u010dak) u prahu BIO 250 g"},"content":{"rendered":"<h2><span style=\"color: #000000\">Sikavica &#8211; Pjegavi \u010di\u010dak u prahu BIO<\/span><\/h2>\n<p><span style=\"color: #000000\">Prah pjegavog \u010di\u010dka (Silybum marianum) je iz ekolo\u0161ke proizvodnje i vrhunske kvalitete.<\/span><\/p>\n<p><span style=\"color: #000000\">Pjegavi \u010di\u010dak se ponekad naziva i veliki \u010di\u010dak i biljka je <strong>najpoznatija po lije\u010denju bolesti jetre<\/strong>. Uzgajala se ve\u0107 u staroj Gr\u010dkoj i Rimu. Uspijeva u mnogim dijelovima Europe i Azije.<\/span><\/p>\n<p><span style=\"color: #000000\">U pjegavom \u010di\u010dku mogu u\u017eivati \u200b\u200bsvi koji \u017eele za\u0161tititi svoju jetru, imaju nezdravu prehranu, \u017egaravicu, druge probavne probleme ili su stalno pod stresom. Zapamtite da sve \u0161to jedemo i pijemo tako\u0111er prolazi kroz jetru. Kao filter uklanjaju otrovne tvari iz tijela.<\/span><\/p>\n<p><span style=\"color: #000000\">Pjegavi \u010di\u010dak prvenstveno <strong>\u0161titi jetru od toksina i poma\u017ee u detoksikaciji<\/strong>. Tako\u0111er poma\u017ee kod o\u0161te\u0107enja jetre uzrokovanih rakom. Klju\u010dna tvar je <strong>silimarin<\/strong>. To \u0161titi stani\u010dnu stijenku \u0161tite\u0107i je od prodora \u0161tetnih tvari. Silimarin tako\u0111er obnavlja i stimulira stanice jetre. Djeluje na o\u0161te\u0107enje jetre i upalu jetre, a poma\u017ee i kod ciroze jetre i hepatitisa.<\/span><\/p>\n<p><span style=\"color: #000000\">Poma\u017ee i <strong>kod probavnih problema, gr\u010deva unutarnjih organa, sprje\u010dava nastanak \u017eu\u010dnih kamenaca i ubrzava protok \u017eu\u010di.<\/strong><\/span><\/p>\n<h2><span style=\"color: #000000\">Kako djeluje pjegavi \u010di\u010dak?<\/span><\/h2>\n<p><span style=\"color: #000000\">Jetra su na\u0161 najva\u017eniji organ kada je u pitanju \u010di\u0161\u0107enje i detoksikacija tijela. U dana\u0161njem svijetu \u2013 prepunom prera\u0111ene hrane i stresa \u2013 jetra su \u010desto pretjerano masna, \u0161to, izme\u0111u ostalog, lo\u0161e utje\u010de na na\u0161e zdravlje. Jetra ne mogu ili samo s pote\u0161ko\u0107ama obavljaju svoj posao. <strong>\u0160to se o\u010dituje slabo\u0161\u0107u, naduto\u0161\u0107u i umorom<\/strong>. \u010cesto se opa\u017ea i prekomjerno nakupljanje masno\u0107e oko struka i prekomjerna te\u017eina. Ina\u010de, stanje prolazi bez o\u010ditih simptoma, ali mo\u017ee dovesti do ozbiljnih problema i bolesti.<\/span><\/p>\n<p><span style=\"color: #000000\">Pjegavi \u010di\u010dak dokazano poma\u017ee u za\u0161titi jetre i detoksikaciji tijela.<\/span><\/p>\n<p><span style=\"color: #000000\">Zbog svog sredi\u0161njeg aktivnog sastojka (silimarina), pjegavi \u010di\u010dak <strong>tako\u0111er smanjuje oksidativne procese<\/strong>, jer zbog svog antioksidativnog djelovanja pove\u0107ava prirodne za\u0161titne tvari i uklanja slobodne radikale.<\/span><\/p>\n<h2><span style=\"color: #000000\">Kome preporu\u010damo uzimanje praha od pjegavog \u010di\u010dka?<\/span><\/h2>\n<p><span style=\"color: #000000\">Pjegavi \u010di\u010dak se posebno preporu\u010duje onima koji imaju problema s jetrom, masnu jetru, nadutost i trljanje u rebra. Uzimanje pjegavog \u010di\u010dka tako\u0111er je odli\u010dan lijek za detoksikaciju. <strong>Zaga\u0111enje okoli\u0161a<\/strong>, <strong>prekomjerna tjelesna te\u017eina ili pretilost<\/strong>, <strong>konzumacija prera\u0111ene i masne hrane i alkohola, pretjerano sjedila\u010dki na\u010din \u017eivota<\/strong> mogu dovesti do masne jetre. Budu\u0107i da se stanje sa simptomima rijetko manifestira ili. problemi se javljaju kada je bolest ve\u0107 uznapredovala, <strong>va\u017eno je voditi ra\u010duna o prevenciji<\/strong>.<\/span><\/p>\n<h2><span style=\"color: #000000\">Spremanje i upozorenja<\/span><\/h2>\n<p><span style=\"color: #000000\">\u010cuvati na suhom i hladnom mjestu na temperaturi do 25\u00b0C. Dodatke prehrani \u010duvajte izvan dohvata djece!<\/span><\/p>\n<p><span style=\"color: #000000\">Zapamtite va\u017enost raznolike prehrane i zdravog na\u010dina \u017eivota, stoga dodatak prehrani nije zamjena za uravnote\u017eenu i raznoliku prehranu. Preporu\u010dena dnevna koli\u010dina ili doza ne smije se prekora\u010diti. Primjena se ne preporu\u010duje trudnicama i dojiljama. Tako\u0111er se savjetuje oprez pri uzimanju odre\u0111enih lijekova za dijabetes.<\/span><\/p>\n<h2><span style=\"color: #000000\">Ambala\u017ea<\/span><\/h2>\n<p><span style=\"color: #000000\">Nepropusna vre\u0107ica s patentnim zatvara\u010dem u kojoj proizvod zadr\u017eava svu svoju svje\u017einu i aromu. Ambala\u017ea \u0161titi od svjetlosti i zraka, jer je napravljena od nekoliko slojeva za\u0161tite koji \u010duvaju svojstva sadr\u017eaja.<\/span><\/p>\n<p><span style=\"color: #000000\">Ambala\u017ea je vrlo prakti\u010dna i mo\u017ee se reciklirati.<\/span><\/p>\n<h2><span style=\"color: #000000\">Podrijetlo<\/span><\/h2>\n<p><span style=\"color: #000000\">EU<\/span><\/p>\n","protected":false},"excerpt":{"rendered":"<p align=\"JUSTIFY\">Sikavica &#8211; Pjegavi \u010di\u010dak (Silybum marianum) biljka je najpoznatija po lije\u010denju bolesti jetre.<\/p>\n<p align=\"JUSTIFY\"><span style=\"color: #000000\">\ud83d\udc9a \u0160titi jetru od toksina.<\/span><br \/>\n<span style=\"color: #000000\">\ud83d\udc9a Poma\u017ee u detoksikaciji.<\/span><br \/>\n<span style=\"color: #000000\">\ud83d\udc9a Ima antioksidativno djelovanje.<\/span><br \/>\n<span style=\"color: #000000\">\ud83d\udc9a Ubla\u017eava probleme s bolestima jetre.<\/span><\/p>\n","protected":false},"featured_media":6313,"comment_status":"open","ping_status":"closed","template":"","meta":{"_acf_changed":false},"product_brand":[],"product_cat":[15,194,195,216],"product_tag":[],"class_list":{"0":"post-5987","1":"product","2":"type-product","3":"status-publish","4":"has-post-thumbnail","6":"product_cat-uncategorized","7":"product_cat-ayurveda","8":"product_cat-superhrana","9":"product_cat-svi-proizvodi-ponudba","11":"first","12":"instock","13":"taxable","14":"shipping-taxable","15":"purchasable","16":"product-type-simple"},"acf":[],"_links":{"self":[{"href":"https:\/\/fengchashop.com\/hr\/wp-json\/wp\/v2\/product\/5987","targetHints":{"allow":["GET"]}}],"collection":[{"href":"https:\/\/fengchashop.com\/hr\/wp-json\/wp\/v2\/product"}],"about":[{"href":"https:\/\/fengchashop.com\/hr\/wp-json\/wp\/v2\/types\/product"}],"replies":[{"embeddable":true,"href":"https:\/\/fengchashop.com\/hr\/wp-json\/wp\/v2\/comments?post=5987"}],"wp:featuredmedia":[{"embeddable":true,"href":"https:\/\/fengchashop.com\/hr\/wp-json\/wp\/v2\/media\/6313"}],"wp:attachment":[{"href":"https:\/\/fengchashop.com\/hr\/wp-json\/wp\/v2\/media?parent=5987"}],"wp:term":[{"taxonomy":"product_brand","embeddable":true,"href":"https:\/\/fengchashop.com\/hr\/wp-json\/wp\/v2\/product_brand?post=5987"},{"taxonomy":"product_cat","embeddable":true,"href":"https:\/\/fengchashop.com\/hr\/wp-json\/wp\/v2\/product_cat?post=5987"},{"taxonomy":"product_tag","embeddable":true,"href":"https:\/\/fengchashop.com\/hr\/wp-json\/wp\/v2\/product_tag?post=5987"}],"curies":[{"name":"wp","href":"https:\/\/api.w.org\/{rel}","templated":true}]}}