{"id":5986,"date":"2022-03-03T09:39:04","date_gmt":"2022-03-03T08:39:04","guid":{"rendered":"https:\/\/fengchashop.com\/hr\/product\/tribulus-terrestris-bio-250-g\/"},"modified":"2026-04-29T22:23:52","modified_gmt":"2026-04-29T20:23:52","slug":"tribulus-terrestris-bio","status":"publish","type":"product","link":"https:\/\/fengchashop.com\/hr\/product\/tribulus-terrestris-bio\/","title":{"rendered":"Tribulus terrestris BIO 250 g"},"content":{"rendered":"<h2><span style=\"color: #000000\">Tribulus terrestris BIO u prahu<\/span><\/h2>\n<p><span style=\"color: #000000\">Tribulus terrestris (tako\u0111er gokshura) je biljka koja raste i kod nas, iako je rje\u0111a. Poznata je i kao <strong>babin zub.<\/strong> Budu\u0107i da je prili\u010dno rasprostranjena biljka u svijetu, ponegdje se smatra korovom. To je biljka ni\u017eeg rasta s malim \u017eutim cvjetovima. Iznimno tvrdi i bodljikavi plodovi biljke koriste se za izradu raznih dodataka prehrani koji <strong>pospje\u0161uju seksualnu mo\u0107 i pove\u0107avaju razinu testosterona u tijelu.<\/strong> Zato ima posebno mjesto u tradicionalnoj kineskoj medicini i ayurvedi, jer se smatra <strong>prirodnim afrodizijakom.<\/strong> Osim toga, ima i druge prednosti koje prvenstveno djeluju na mu\u0161karce. <strong> Koristi se za seksualnu disfunkciju, uklju\u010duju\u0107i erektilnu disfunkciju. <\/strong><\/span><\/p>\n<p><span style=\"color: #000000\">Budu\u0107i da babin zub podi\u017ee razinu testosterona, \u010desto je koriste i oni koji \u017eele pove\u0107ati tonus mi\u0161i\u0107a, poput bodybuildera i sporta\u0161a. Sporta\u0161i se zaklinju u obi\u010dni babin zub zbog njegovog anaboli\u010dkog djelovanja. Visoke razine hormona testosterona stimuliraju sintezu proteina. \u0160to kod sporta\u0161a pove\u0107ava mi\u0161i\u0107nu masu, a posljedi\u010dno i izdr\u017eljivost, energiju i snagu.<\/span><\/p>\n<h2><span style=\"color: #000000\">Kome mo\u017ee biti od koristi uzimanje tribulus terrestrisa?<\/span><\/h2>\n<p><span style=\"color: #000000\">Me\u0111u aktivnim sastojcima koji se nalaze u tribulus terrestrisu su <strong>saponini, flavonoidi, alkaloidi, glikozidi i amidi lignina<\/strong>. S druge strane, babin zub sadr\u017ei <strong>luteiniziraju\u0107i hormon<\/strong> za koji se smatra da stimulira testise na proizvodnju hormona testosterona. Regulira funkciju testisa kod mu\u0161karaca i jajnika u \u017eena. Stoga igra va\u017enu ulogu u menstrualnom ciklusu kod \u017eena.<\/span><\/p>\n<p><span style=\"color: #000000\">Mu\u0161karci srednjih godina do\u017eivljavaju sli\u010dne hormonalne promjene kao i \u017eene u menopauzi. Pad razine testosterona remeti ravnote\u017eu spolnih hormona, \u0161to mu\u0161karcima uzrokuje sli\u010dne probleme kao i \u017eene u menopauzi. Taj fenomen nazivamo andropauzom ili mu\u0161kom menopauzom. <strong>Andropauza<\/strong> je \u010desto odgovorna za probleme koji se javljaju kod mu\u0161karaca srednjih godina (negdje nakon 40. godine). Niska razina testosterona mo\u017ee uzrokovati pad energije, porast kolesterola i glukoze u krvi, lo\u0161u memoriju i koncentraciju, nemiran san, visoki krvni tlak i druge sli\u010dne probleme poput razdra\u017eljivosti, nemira i poja\u010danog nakupljanja masnih jastu\u010di\u0107a oko struka. Za zdravo srce i krvne \u017eile va\u017ena je i normalna, odnosno vi\u0161a razina testosterona kod mu\u0161karaca.<\/span><\/p>\n<p><span style=\"color: #000000\">Uzimanje tribulus terrestris stoga je korisno u nekoliko podru\u010dja zdravlja i dobrobiti mu\u0161karaca. Namijenjena je prvenstveno sredovje\u010dnim i starijim osobama koje ve\u0107 primje\u0107uju posljedice pada spolne mo\u0107i i spolne \u017eelje. Iako je vi\u0161e namijenjen mu\u0161karcima jer podi\u017ee razinu mu\u0161kog spolnog hormona testosterona, <strong>mogu ga koristiti i \u017eene <\/strong>kao prirodni afrodizijak. Tako\u0111er mo\u017ee pove\u0107ati \u017eensku plodnost, pomo\u0107i kod problema s menstruacijom i menopauzalnim problemima. Budu\u0107i da mo\u017ee pridonijeti prirodnoj ravnote\u017ei \u017eenskog hormona, tako\u0111er ima pozitivan u\u010dinak na na\u0161u psihi\u010dku dobrobit.<\/span><\/p>\n<h2 style=\"text-align: justify\"><span style=\"color: #000000\">Spremanje i upozorenja<\/span><\/h2>\n<p><span style=\"color: #000000\">\u010cuvati na suhom i hladnom mjestu. Dodatke prehrani \u010duvajte izvan dohvata djece!<\/span><\/p>\n<p><span style=\"color: #000000\">NZapamtite va\u017enost raznolike prehrane i zdravog na\u010dina \u017eivota, stoga dodatak prehrani nije zamjena za uravnote\u017eenu i raznoliku prehranu. Preporu\u010dena dnevna koli\u010dina ili doza ne smije se prekora\u010diti. Ne preporu\u010duje se kori\u0161tenje djeci, trudnicama i dojiljama. Ljudima koji uzimaju lijekove savjetuje se da se prije upotrebe posavjetuju s lije\u010dnikom.<\/span><\/p>\n<p><span style=\"color: #000000\">Budu\u0107i da mo\u017ee pove\u0107ati veli\u010dinu prostate, ne preporu\u010da se za upotrebu kod mu\u0161karaca s pove\u0107anom prostatom. Tako\u0111er savjetujemo da ga ne koristite kod \u017eena koje su imale rak dojke ili poro\u0111aj.<\/span><\/p>\n<h2><span style=\"color: #000000\">Ambala\u017ea<\/span><\/h2>\n<p style=\"text-align: justify\"><span style=\"color: #000000\">Nepropusna vre\u0107ica s patentnim zatvara\u010dem u kojoj proizvod zadr\u017eava svu svje\u017einu i miris. Ambala\u017ea \u0161titi od svjetlosti i zraka, jer se sastoji od nekoliko slojeva za\u0161tite koji \u010duvaju svojstva sadr\u017eaja.<\/span><\/p>\n<p style=\"text-align: justify\"><span style=\"color: #000000\">Ambala\u017ea je vrlo prakti\u010dna i mo\u017ee se reciklirati.<\/span><\/p>\n<h2><span style=\"color: #000000\">Podrijetlo<\/span><\/h2>\n<p><span style=\"color: #000000\">Indija<\/span><\/p>\n","protected":false},"excerpt":{"rendered":"<p align=\"JUSTIFY\">Tribulus terrestris (tako\u0111er <strong>gokshura<\/strong>) je biljka koja raste i kod nas, iako je rje\u0111a. Znamo ju i kao <strong>babin zub<\/strong>. To je biljka ni\u017eeg rasta s malim \u017eutim cvjetovima. Izuzetno tvrdi i bodljikavi plodovi biljke koriste se za izradu raznih dodataka prehrani koji poja\u010davaju seksualnu mo\u0107.<\/p>\n<p align=\"JUSTIFY\"><span style=\"color: #000000\">\ud83d\udc9a Je prirodni afrodizijak.<\/span><br \/>\n<span style=\"color: #000000\">\ud83d\udc9a Pove\u0107a razinu testosterona u tijelu.<\/span><br \/>\n<span style=\"color: #000000\">\ud83d\udc9a Ubla\u017eava simptome andropauze.<\/span><br \/>\n<span style=\"color: #000000\">\ud83d\udc9a Smanjuje probleme povezane sa seksualnom disfunkcijom.<\/span><\/p>\n","protected":false},"featured_media":6312,"comment_status":"open","ping_status":"closed","template":"","meta":{"_acf_changed":false},"product_brand":[],"product_cat":[15,195,216],"product_tag":[],"class_list":{"0":"post-5986","1":"product","2":"type-product","3":"status-publish","4":"has-post-thumbnail","6":"product_cat-uncategorized","7":"product_cat-superhrana","8":"product_cat-svi-proizvodi-ponudba","10":"first","11":"instock","12":"sale","13":"taxable","14":"shipping-taxable","15":"purchasable","16":"product-type-simple"},"acf":[],"_links":{"self":[{"href":"https:\/\/fengchashop.com\/hr\/wp-json\/wp\/v2\/product\/5986","targetHints":{"allow":["GET"]}}],"collection":[{"href":"https:\/\/fengchashop.com\/hr\/wp-json\/wp\/v2\/product"}],"about":[{"href":"https:\/\/fengchashop.com\/hr\/wp-json\/wp\/v2\/types\/product"}],"replies":[{"embeddable":true,"href":"https:\/\/fengchashop.com\/hr\/wp-json\/wp\/v2\/comments?post=5986"}],"wp:featuredmedia":[{"embeddable":true,"href":"https:\/\/fengchashop.com\/hr\/wp-json\/wp\/v2\/media\/6312"}],"wp:attachment":[{"href":"https:\/\/fengchashop.com\/hr\/wp-json\/wp\/v2\/media?parent=5986"}],"wp:term":[{"taxonomy":"product_brand","embeddable":true,"href":"https:\/\/fengchashop.com\/hr\/wp-json\/wp\/v2\/product_brand?post=5986"},{"taxonomy":"product_cat","embeddable":true,"href":"https:\/\/fengchashop.com\/hr\/wp-json\/wp\/v2\/product_cat?post=5986"},{"taxonomy":"product_tag","embeddable":true,"href":"https:\/\/fengchashop.com\/hr\/wp-json\/wp\/v2\/product_tag?post=5986"}],"curies":[{"name":"wp","href":"https:\/\/api.w.org\/{rel}","templated":true}]}}