{"id":5985,"date":"2022-03-03T08:52:04","date_gmt":"2022-03-03T07:52:04","guid":{"rendered":"https:\/\/fengchashop.com\/hr\/product\/moringa-bio-250-g\/"},"modified":"2026-05-07T06:05:23","modified_gmt":"2026-05-07T04:05:23","slug":"moringa-bio","status":"publish","type":"product","link":"https:\/\/fengchashop.com\/hr\/product\/moringa-bio\/","title":{"rendered":"Moringa BIO 250 g"},"content":{"rendered":"<h2><span style=\"color: #000000\">Moringa u prahu iz organskog uzgoja<\/span><\/h2>\n<p><span style=\"color: #000000\">Moringa je biljka poznata tisu\u0107ama godina i dobro se koristila u tradicionalnoj medicini. Znamo najmanje 100 razli\u010ditih naziva za ovo ina\u010de malo, ali brzorastu\u0107e tropsko drvo, <strong>\u010dije se li\u0161\u0107e svrstava me\u0111u povr\u0107e najbogatije hranjivim tvarima<\/strong>.<\/span><\/p>\n<p><span style=\"color: #000000\">Moringa je svrstana me\u0111u povr\u0107e zbog <strong>visoke razine dijetalnih vlakana i visoke nutritivne vrijednosti<\/strong>, jer 100 grama moringe sadr\u017ei:<\/span><\/p>\n<p><span style=\"color: #000000\">\ud83d\udc9a istu koli\u010dinu proteina kao u jednom jajetu,<\/span><br \/>\n<span style=\"color: #000000\">\ud83d\udc9a istu koli\u010dinu \u017eeljeza kao jedan odrezak,<\/span><br \/>\n<span style=\"color: #000000\">\ud83d\udc9a istu koli\u010dinu vitamina C kao jedna naran\u010da,<\/span><br \/>\n<span style=\"color: #000000\">\ud83d\udc9a istu koli\u010dinu kalcija koju unosimo u jednoj \u010da\u0161i mlijeka.<\/span><\/p>\n<p><span style=\"color: #000000\">Tako\u0111er sadr\u017ei vitamin B3, vitamin A, magnezij, antioksidanse, esencijalne aminokiseline, flavonoide, fenolne kiseline i druge nutrijente koji moringu svrstavaju me\u0111u prirodne multivitaminske dodatke.<\/span><\/p>\n<p><span style=\"color: #000000\">Zbog iznimno \u0161irokog spektra djelatnosti, 2018. godine <strong>progla\u0161ena je biljkom godine<\/strong>. Tako\u0111er je jedna od najistra\u017eenijih biljaka na svijetu, za koju je znanstveno dokazano da ima odre\u0111ene u\u010dinke na ljudski organizam. Me\u0111u njima se svakako isti\u010du:<\/span><\/p>\n<p><span style=\"color: #000000\">\ud83d\udc9a antioksidativno i protuupalno djelovanje,<\/span><br \/>\n<span style=\"color: #000000\">\ud83d\udc9a regulacija \u0161e\u0107era u krvi, funkcije gu\u0161tera\u010de, a time i izlu\u010divanja inzulina,<\/span><br \/>\n<span style=\"color: #000000\">\ud83d\udc9a regulacija hormonske ravnote\u017ee,<\/span><br \/>\n<span style=\"color: #000000\">\ud83d\udc9a pobolj\u0161ava krvnu sliku (hemoglobin), tako\u0111er \u0161titi srce i mozak,<\/span><br \/>\n<span style=\"color: #000000\">\ud83d\udc9a promicanje funkcije jetre i probave,<\/span><br \/>\n<span style=\"color: #000000\">\ud83d\udc9a pobolj\u0161ava stanje ko\u017ee,<\/span><br \/>\n<span style=\"color: #000000\">\ud83d\udc9a pospje\u0161uju\u0107i lu\u010denje hormona sre\u0107e i time podi\u017eu\u0107i raspolo\u017eenje.<\/span><\/p>\n<h2><span style=\"color: #000000\">Za\u0161to se jedenje moringe jako preporu\u010duje?<\/span><\/h2>\n<p><span style=\"color: #000000\">Osu\u0161eni listovi moringe jednostavni su za pohranu i kori\u0161tenje. Konzumacija 30 grama moringe dnevno zadovoljava potrebe za dnevnom koli\u010dinom vitamina A, 80% dnevnih potreba za kalcijem, 60% dnevnih potreba za \u017eeljezom i gotovo 40% dnevnih potreba za proteinima. Moringa sadr\u017ei visoku razinu proteina, uklju\u010duju\u0107i svih 8 esencijalnih aminokiselina, \u0161irok raspon vitamina i minerala, veliku koli\u010dinu fitonutrijenata i antioksidansa.<\/span><\/p>\n<p><span style=\"color: #000000\">Poznato je da se Moringa <strong>bori protiv pothranjenosti, ubla\u017eava upale, poti\u010de protok krvi i sprje\u010dava infekcije<\/strong>. Budu\u0107i da sadr\u017ei svih 8 esencijalnih aminokiselina (uz jo\u0161 10 drugih aminokiselina), <strong>potpuna je bjelan\u010devina<\/strong>, \u0161to je prava rijetkost me\u0111u biljkama i lako se mo\u017ee usporediti sa \u017eivotinjskim proteinima. Budu\u0107i da je biljnog podrijetla, izvrsna je zamjena za sve one koji ne jedu meso, a nedostatak proteina u prehrani mogu nadomjestiti moringom.<\/span><br \/>\n<span style=\"color: #000000\">Moringa <strong>brine o jakim i zdravim kostima<\/strong> (na ra\u010dun kalcija i magnezija), <strong>njeguje ko\u017eu, regulira krvni tlak, poti\u010de probavu i imunolo\u0161ki sustav te poma\u017ee u gubitku suvi\u0161nih kilograma<\/strong> (bogat vlaknima, ali malo masti i kalorija).<\/span><\/p>\n<h2 style=\"text-align: justify\"><span style=\"color: #000000\">Spremanje i upozorenja<\/span><\/h2>\n<p><span style=\"color: #000000\">\u010cuvati na suhom i hladnom mjestu na temperaturi do 25\u00b0C. Dodatke prehrani \u010duvajte izvan dohvata djece!<\/span><\/p>\n<p><span style=\"color: #000000\">Zapamtite va\u017enost raznolike prehrane i zdravog na\u010dina \u017eivota, stoga dodatak prehrani nije zamjena za uravnote\u017eenu i raznoliku prehranu. Preporu\u010dena dnevna koli\u010dina ili doza ne smije se prekora\u010diti. Trudnicama i dojiljama uvijek se savjetuje da se prije uporabe posavjetuju s lije\u010dnikom. Ina\u010de, moringa nema poznatih nuspojava i sigurna je za konzumiranje \u010dak i tijekom trudno\u0107e i dojenja.<\/span><\/p>\n<h2><span style=\"color: #000000\">Ambala\u017ea<\/span><\/h2>\n<p style=\"text-align: justify\"><span style=\"color: #000000\">Nepropusna vre\u0107ica s patentnim zatvara\u010dem u kojoj proizvod zadr\u017eava svu svje\u017einu i miris. Ambala\u017ea \u0161titi od svjetlosti i zraka, jer se sastoji od nekoliko slojeva za\u0161tite koji \u010duvaju svojstva sadr\u017eaja.<\/span><\/p>\n<p style=\"text-align: justify\"><span style=\"color: #000000\">Ambala\u017ea je vrlo prakti\u010dna i mo\u017ee se reciklirati.<\/span><\/p>\n<h2><span style=\"color: #000000\">Podrijetlo<\/span><\/h2>\n<p><span style=\"color: #000000\">Tanzanija<\/span><\/p>\n","protected":false},"excerpt":{"rendered":"<p align=\"JUSTIFY\"><span style=\"color: #000000\">U tropskom svijetu raste malo, brzorastu\u0107e dvo moringe, <strong>\u010dije se li\u0161\u0107e svrstava u povr\u0107e najbogatije hranjivim tvarima<\/strong>.<\/span><br \/>\n<span style=\"color: #000000\">Moringa je svrstana me\u0111u povr\u0107e zbog visoke razine dijetalnih vlakana i visoke nutritivne vrijednosti, jer 100 grama moringe sadr\u017ei:<\/span><\/p>\n<p align=\"JUSTIFY\"><span style=\"color: #000000\">\ud83d\udc9a istu koli\u010dinu proteina kao u jednom jajetu,<\/span><br \/>\n<span style=\"color: #000000\">\ud83d\udc9a istu koli\u010dinu \u017eeljeza kao jedan odrezak,<\/span><br \/>\n<span style=\"color: #000000\">\ud83d\udc9a istu koli\u010dinu vitamina C kao jedna naran\u010da,<\/span><br \/>\n<span style=\"color: #000000\">\ud83d\udc9a istu koli\u010dinu kalcija koju unosimo u jednoj \u010da\u0161i mlijeka.<\/span><\/p>\n","protected":false},"featured_media":6297,"comment_status":"open","ping_status":"closed","template":"","meta":{"_acf_changed":false},"product_brand":[],"product_cat":[15,194,195,216],"product_tag":[],"class_list":{"0":"post-5985","1":"product","2":"type-product","3":"status-publish","4":"has-post-thumbnail","6":"product_cat-uncategorized","7":"product_cat-ayurveda","8":"product_cat-superhrana","9":"product_cat-svi-proizvodi-ponudba","11":"first","12":"instock","13":"taxable","14":"shipping-taxable","15":"purchasable","16":"product-type-simple"},"acf":[],"_links":{"self":[{"href":"https:\/\/fengchashop.com\/hr\/wp-json\/wp\/v2\/product\/5985","targetHints":{"allow":["GET"]}}],"collection":[{"href":"https:\/\/fengchashop.com\/hr\/wp-json\/wp\/v2\/product"}],"about":[{"href":"https:\/\/fengchashop.com\/hr\/wp-json\/wp\/v2\/types\/product"}],"replies":[{"embeddable":true,"href":"https:\/\/fengchashop.com\/hr\/wp-json\/wp\/v2\/comments?post=5985"}],"wp:featuredmedia":[{"embeddable":true,"href":"https:\/\/fengchashop.com\/hr\/wp-json\/wp\/v2\/media\/6297"}],"wp:attachment":[{"href":"https:\/\/fengchashop.com\/hr\/wp-json\/wp\/v2\/media?parent=5985"}],"wp:term":[{"taxonomy":"product_brand","embeddable":true,"href":"https:\/\/fengchashop.com\/hr\/wp-json\/wp\/v2\/product_brand?post=5985"},{"taxonomy":"product_cat","embeddable":true,"href":"https:\/\/fengchashop.com\/hr\/wp-json\/wp\/v2\/product_cat?post=5985"},{"taxonomy":"product_tag","embeddable":true,"href":"https:\/\/fengchashop.com\/hr\/wp-json\/wp\/v2\/product_tag?post=5985"}],"curies":[{"name":"wp","href":"https:\/\/api.w.org\/{rel}","templated":true}]}}