{"id":5981,"date":"2025-12-03T10:22:14","date_gmt":"2025-12-03T09:22:14","guid":{"rendered":"https:\/\/fengchashop.com\/hr\/product\/neem-u-prahu-bio-500-g\/"},"modified":"2026-05-08T18:17:15","modified_gmt":"2026-05-08T16:17:15","slug":"neem-u-prahu-bio","status":"publish","type":"product","link":"https:\/\/fengchashop.com\/hr\/product\/neem-u-prahu-bio\/","title":{"rendered":"Neem u prahu BIO 500 g"},"content":{"rendered":"<h2 style=\"text-align: justify\"><span style=\"color: #000000\">Neem u prahu BIO<\/span><\/h2>\n<p style=\"text-align: justify\"><span style=\"color: #000000\">Neem je izuzetno zimzeleno grmoli\u010dasto drvo iz Indije (<em> Azadirachta Indica <\/em>).\u00a0Svi dijelovi ovog zimzelenog stabla su korisni; od kore, korijena, sjemenki, plodova do li\u0161\u0107a i cvije\u0107a. To je naj\u010de\u0161\u0107e kori\u0161tena biljka u ajurvedskoj medicini i koristi se u medicinske svrhe vi\u0161e od 2000 godina.<\/span><\/p>\n<p style=\"text-align: justify\"><span style=\"color: #000000\">Smatra se da neem ima blagotvoran u\u010dinak na vi\u0161e od 100 razli\u010ditih bolesti, kao \u0161to su:<\/span><\/p>\n<p><span style=\"color: #000000\">\ud83d\udc9a poti\u010de tjelesnu otpornost i pozitivno utje\u010de na imunolo\u0161ki sustav,<\/span><\/p>\n<p><span style=\"color: #000000\">\ud83d\udc9a \u010disti krv i detoksificira tijelo,<\/span><\/p>\n<p><span style=\"color: #000000\">\ud83d\udc9a blagotvorno djeluje na ko\u017eu, kosu i nokte,<\/span><\/p>\n<p><span style=\"color: #000000\">\ud83d\udc9a ubla\u017eava ko\u017ene probleme kod alergija, psorijaze, ekcema, akni, otvorenih rana,<\/span><\/p>\n<p><span style=\"color: #000000\">\ud83d\udc9a ima protuupalno, antifungalno i analgetsko djelovanje,<\/span><\/p>\n<p><span style=\"color: #000000\">\ud83d\udc9a ubla\u017eava i otklanja probavne probleme,<\/span><\/p>\n<p><span style=\"color: #000000\">\ud83d\udc9a djeluje kao prirodno dezinfekcijsko sredstvo.<\/span><\/p>\n<p>&nbsp;<\/p>\n<p style=\"text-align: justify\"><span style=\"color: #000000\">Neem je tako\u0111er poznat kao <strong>prirodni repelent<\/strong> protiv insekata i ostalih \u0161teto\u010dina.<\/span><\/p>\n<p style=\"text-align: justify\"><span style=\"color: #000000\">Na\u0161 neem prah je iz organske proizvodnje, fino mljeveni i napravljen samo od najboljih sastojaka.<\/span><\/p>\n<h2 style=\"text-align: justify\"><span style=\"color: #000000\">Kako djeluje neem i kod kojih problema poma\u017ee?<\/span><\/h2>\n<p style=\"text-align: justify\"><span style=\"color: #000000\">Ve\u0107 su ayurvedski iscjelitelji shvatili da je neem riznica u\u010dinkovitih sastojaka za mnoge zdravstvene probleme, ali u isto vrijeme <b>ne izaziva nikakve nuspojave<\/b>. Zbog toga je jedna od <strong>naj\u010de\u0161\u0107e kori\u0161teno indijsko ajurvedsko bilje<\/strong>, istodobno je sve vi\u0161e predmet znanstvenih istra\u017eivanja. Pokazalo se da ima blagotvoran u\u010dinak na mnoge bolesti. U ulju neema otkriveni su posebni spojevi koji blagotvorno djeluju na razli\u010dite zdravstvene simptome. Djeluje <strong>protuupalno<\/strong> protiv svih vrsta mikroba, stoga poma\u017ee i imunolo\u0161kom sustavu kod <strong>za\u0161titi od virusnih i bakterijskih infekcija<\/strong>. Budu\u0107i da uspje\u0161no kontrolira upalu, tako\u0111er ubla\u017eava bolove povezane s upalom (\u010dak i kod kroni\u010dnih bolesti kao \u0161to su reumatizam ili artritis). Ima vrlo \u0161irok raspon <strong>protugljivi\u010dno djelovanje<\/strong> a poma\u017ee i u borbi protiv kandide.<\/span><\/p>\n<h2 style=\"text-align: justify\"><span style=\"color: #000000\">Ambala\u017ea<\/span><\/h2>\n<p style=\"text-align: justify\"><span style=\"color: #000000\">Nepropusna vre\u0107ica s patentnim zatvara\u010dem u kojoj proizvod zadr\u017eava svu svje\u017einu i miris. Ambala\u017ea \u0161titi od svjetlosti i zraka, jer se sastoji od nekoliko slojeva za\u0161tite koji \u010duvaju svojstva sadr\u017eaja.<\/span><\/p>\n<p style=\"text-align: justify\"><span style=\"color: #000000\">Ambala\u017ea je vrlo prakti\u010dna i mo\u017ee se reciklirati.<\/span><\/p>\n<h2 style=\"text-align: justify\"><span style=\"color: #000000\">Spremanje i upozorenja<\/span><\/h2>\n<p style=\"text-align: justify\"><span style=\"color: #000000\">\u010cuvati na suhom i hladnom mjestu. \u010cuvati izvan dohvata djece.<\/span><\/p>\n<p style=\"text-align: justify\"><span style=\"color: #000000\">Zapamtite va\u017enost raznolike prehrane i zdravog na\u010dina \u017eivota, stoga dodatak prehrani nije zamjena za uravnote\u017eenu i raznoliku prehranu. Preporu\u010dena dnevna koli\u010dina ili doza ne smije se prekora\u010diti. Ne preporu\u010damo njegovu primjenu trudnicama i dojiljama, kao i mu\u0161karcima i \u017eenama koje planiraju trudno\u0107u, jer djeluje kao kontraceptivno sredstvo za \u017eene i mu\u0161karce.<\/span><\/p>\n<h2 style=\"text-align: justify\"><span style=\"color: #000000\">Dobro je znati<\/span><\/h2>\n<p style=\"text-align: justify\"><span style=\"color: #000000\">Proizvod je tako\u0111er pogodan za \u017eivotinje. Razgovarajte sa svojim veterinarom o prikladnosti uzimanja i preporu\u010denoj dnevnoj koli\u010dini.<\/span><\/p>\n<h2 style=\"text-align: justify\"><span style=\"color: #000000\">Podrijetlo<\/span><\/h2>\n<p style=\"text-align: justify\"><span style=\"color: #000000\">Indija<\/span><\/p>\n","protected":false},"excerpt":{"rendered":"<p align=\"JUSTIFY\">Neem je izuzetno zimzeleno grmoliko drvo iz Indije (Azadirachta Indica). Svi dijelovi ovog zimzelenog stabla su korisni; od kore, korijena, sjemenki, plodova do li\u0161\u0107a i cvije\u0107a. To je naj\u010de\u0161\u0107e kori\u0161tena biljka u ajurvedskoj narodnoj medicini i koristi se u medicinske svrhe vi\u0161e od 2000 godina.<\/p>\n<p align=\"JUSTIFY\">\ud83d\udc9a Poti\u010de otpornost organizma i pozitivno djeluje na imunolo\u0161ki sustav.<br \/>\n\ud83d\udc9a \u010cisti krv i detoksifikuje organizam.<br \/>\n\ud83d\udc9a Blagotvorno djeluje na ko\u017eu, kosu i nokte.<br \/>\n\ud83d\udc9a Ima protuupalno, protugljivi\u010dno i analgetsko djelovanje.<br \/>\n\ud83d\udc9a Ubla\u017eava i otklanja probavne probleme.<\/p>\n","protected":false},"featured_media":6291,"comment_status":"open","ping_status":"closed","template":"","meta":{"_acf_changed":false},"product_brand":[],"product_cat":[15,194,218,195,216],"product_tag":[],"class_list":{"0":"post-5981","1":"product","2":"type-product","3":"status-publish","4":"has-post-thumbnail","6":"product_cat-uncategorized","7":"product_cat-ayurveda","8":"product_cat-najprodavaniji","9":"product_cat-superhrana","10":"product_cat-svi-proizvodi-ponudba","12":"first","13":"instock","14":"sale","15":"taxable","16":"shipping-taxable","17":"purchasable","18":"product-type-simple"},"acf":[],"_links":{"self":[{"href":"https:\/\/fengchashop.com\/hr\/wp-json\/wp\/v2\/product\/5981","targetHints":{"allow":["GET"]}}],"collection":[{"href":"https:\/\/fengchashop.com\/hr\/wp-json\/wp\/v2\/product"}],"about":[{"href":"https:\/\/fengchashop.com\/hr\/wp-json\/wp\/v2\/types\/product"}],"replies":[{"embeddable":true,"href":"https:\/\/fengchashop.com\/hr\/wp-json\/wp\/v2\/comments?post=5981"}],"wp:featuredmedia":[{"embeddable":true,"href":"https:\/\/fengchashop.com\/hr\/wp-json\/wp\/v2\/media\/6291"}],"wp:attachment":[{"href":"https:\/\/fengchashop.com\/hr\/wp-json\/wp\/v2\/media?parent=5981"}],"wp:term":[{"taxonomy":"product_brand","embeddable":true,"href":"https:\/\/fengchashop.com\/hr\/wp-json\/wp\/v2\/product_brand?post=5981"},{"taxonomy":"product_cat","embeddable":true,"href":"https:\/\/fengchashop.com\/hr\/wp-json\/wp\/v2\/product_cat?post=5981"},{"taxonomy":"product_tag","embeddable":true,"href":"https:\/\/fengchashop.com\/hr\/wp-json\/wp\/v2\/product_tag?post=5981"}],"curies":[{"name":"wp","href":"https:\/\/api.w.org\/{rel}","templated":true}]}}