{"id":5980,"date":"2022-03-03T10:33:34","date_gmt":"2022-03-03T09:33:34","guid":{"rendered":"https:\/\/fengchashop.com\/hr\/product\/mucuna-pruriens-bio-250-g\/"},"modified":"2026-05-08T13:50:53","modified_gmt":"2026-05-08T11:50:53","slug":"mucuna-pruriens-bio","status":"publish","type":"product","link":"https:\/\/fengchashop.com\/hr\/product\/mucuna-pruriens-bio\/","title":{"rendered":"Mucuna pruriens BIO 250 g"},"content":{"rendered":"<h2><span style=\"color: #000000\">Mucuna pruriens BIO u prahu<\/span><\/h2>\n<p style=\"text-align: justify\"><span style=\"color: #000000\">Mucuna pruriens je <strong>tropska mahunarka<\/strong>, porijeklom iz Afrike i tropske Azije. Biljka je poznata po <strong>visokom sadr\u017eaju l-dope ili levodope<\/strong>, \u0161to je metaboli\u010dki oblik dopamina. Drugim rije\u010dima, to je prekursor neurotransmitera zvanog dopamin. Nedovoljna proizvodnja dopamina uzrok je simptoma Parkinsonove bolesti. To se \u010desto ubla\u017eava lijekovima prekursora dopamina, koji, za razliku od dopamina, mogu prije\u0107i krvno-mo\u017edanu barijeru i tako <strong>ubla\u017eiti simptome Parkinsonove bolesti<\/strong>.<\/span><\/p>\n<p style=\"text-align: justify\"><span style=\"color: #000000\">Mahunarke su popularne u Ayurvedi vi\u0161e od 4500 godina, gdje su poznate po svojoj sposobnosti da zna\u010dajno ubla\u017ee neurotoksi\u010dnost uzrokovanu Parkinsonovom bole\u0161\u0107u. Ponegdje se tradicionalno koristi i kao protuotrov za ugrize nekih zmija otrovnica.<\/span><\/p>\n<p style=\"text-align: justify\"><span style=\"color: #000000\">Mucuna pruriens, s druge strane, utje\u010de na jo\u0161 jedno zanimljivo podru\u010dje, odnosno na <strong>kvalitetu sperme kod ina\u010de neplodnih mu\u0161karaca<\/strong>. Dosada\u0161nji dokazi sugeriraju da mo\u017ee utjecati na pokretljivost i koncentraciju spermija, \u010dime se pobolj\u0161ava plodnost. Tako\u0111er poma\u017ee u rje\u0161avanju \u017eenskih seksualnih problema.<\/span><\/p>\n<h2><span style=\"color: #000000\">Kome preporu\u010damo uzimanje mucune pruriensa?<\/span><\/h2>\n<p style=\"text-align: justify\"><span style=\"color: #000000\">Budu\u0107i da je mucuna pruriens prirodni izvor l-dope, mo\u017eemo ga preporu\u010diti svima koji se suo\u010davaju s <strong>Parkinsonovom bole\u0161\u0107u<\/strong>. Kao dodatno ili po\u010detno ubla\u017eavanje simptoma ove te\u0161ke bolesti. Naravno, u tim slu\u010dajevima uvijek po savjetu i pod nadzorom lije\u010dnika.<\/span><\/p>\n<p style=\"text-align: justify\"><span style=\"color: #000000\">Tako\u0111er se mo\u017ee koristiti za pomo\u0107 kod <strong>mu\u0161ke neplodnosti<\/strong>, jer utje\u010de na koli\u010dinu i kvalitetu sperme.<\/span><\/p>\n<p style=\"text-align: justify\"><span style=\"color: #000000\">Tako\u0111er je velika pomo\u0107 za endokrini sustav, jer poma\u017ee <strong>vratiti hormonsku ravnote\u017eu<\/strong>.<\/span><\/p>\n<p style=\"text-align: justify\"><span style=\"color: #000000\">Pobolj\u0161ava <strong>mentalnu dobrobit<\/strong> i <strong>raspolo\u017eenje<\/strong>.<\/span><\/p>\n<p style=\"text-align: justify\"><span style=\"color: #000000\">Ima jako <strong>antioksidativno djelovanje<\/strong>. Zajedno s l-dopom, promi\u010de zdravlje mozga i poma\u017ee pove\u0107ati razinu dopamina u mozgu, koji je tako\u0111er povezan s regulacijom raspolo\u017eenja i spoznajom. Istovremeno pobolj\u0161ava rad mozga, pove\u0107ava koncentraciju i intelektualni kapacitet.<\/span><\/p>\n<p style=\"text-align: justify\"><span style=\"color: #000000\">Ayurvedska tradicija tako\u0111er koristi bar\u0161unasti grah za pozitivno poticanje <strong> mentalnog zdravlja<\/strong> i <strong>bolje reagiranje na stres <\/strong>.<\/span><\/p>\n<p style=\"text-align: justify\"><span style=\"color: #000000\">Nekoliko studija tako\u0111er ispituje mucuno prurensis za sni\u017eavanje glukoze u krvi i time prevenciju<strong> dijabetesa<\/strong>.<\/span><\/p>\n<p style=\"text-align: justify\"><span style=\"color: #000000\">Prisutnost serotonina i levodope <strong>pobolj\u0161ava san i budnost<\/strong> i <strong>poti\u010de dubok san i opu\u0161tanje<\/strong>.<\/span><\/p>\n<h2><span style=\"color: #000000\">Spremanje i upozorenja<\/span><\/h2>\n<p style=\"text-align: justify\"><span style=\"color: #000000\">\u010cuvati na suhom i hladnom mjestu na temperaturi do 25\u00b0C. Dodatke prehrani \u010duvajte izvan dohvata djece!<\/span><\/p>\n<p style=\"text-align: justify\"><span style=\"color: #000000\">Zapamtite va\u017enost raznolike prehrane i zdravog na\u010dina \u017eivota, stoga dodatak prehrani nije zamjena za uravnote\u017eenu i raznoliku prehranu. Preporu\u010dena dnevna koli\u010dina ili doza ne smije se prekora\u010diti. Primjena se ne preporu\u010duje trudnicama i dojiljama jer mo\u017ee \u0161tetno utjecati na maternicu i fetus. Tako\u0111er savjetujemo oprez pri uzimanju lijekova za Parkinsonovu bolest (npr. MAO inhibitora) \u2013 proizvod u tom slu\u010daju koristite samo pod nadzorom lije\u010dnika.<\/span><\/p>\n<p style=\"text-align: justify\"><span style=\"color: #000000\">U rijetkim slu\u010dajevima, proizvod mo\u017ee uzrokovati mu\u010dninu, povra\u0107anje ili proljev kod osjetljivih osoba. U ovom slu\u010daju, upotreba se ne preporu\u010duje.<\/span><\/p>\n<h2><span style=\"color: #000000\">Ambala\u017ea<\/span><\/h2>\n<p style=\"text-align: justify\"><span style=\"color: #000000\">Nepropusna vre\u0107ica s patentnim zatvara\u010dem u kojoj proizvod zadr\u017eava svu svje\u017einu i miris. Ambala\u017ea \u0161titi od svjetlosti i zraka, jer se sastoji od nekoliko slojeva za\u0161tite koji \u010duvaju svojstva sadr\u017eaja.<\/span><\/p>\n<p style=\"text-align: justify\"><span style=\"color: #000000\">Ambala\u017ea je vrlo prakti\u010dna i mo\u017ee se reciklirati.<\/span><\/p>\n<h2><span style=\"color: #000000\">Podrijetlo<\/span><\/h2>\n<p style=\"text-align: justify\"><span style=\"color: #000000\">Indija<\/span><\/p>\n","protected":false},"excerpt":{"rendered":"<p align=\"JUSTIFY\">Mucuna pruriens je tropska mahunarka porijeklom iz Afrike i tropske Azije.<\/p>\n<p align=\"JUSTIFY\"><span style=\"color: #000000\">\ud83d\udc9a Prirodni je izvor l-dope.<\/span><br \/>\n<span style=\"color: #000000\">\ud83d\udc9a Poma\u017ee vratiti hormonsku ravnote\u017eu.<\/span><br \/>\n<span style=\"color: #000000\">\ud83d\udc9a Pobolj\u0161ava mentalno stanje i raspolo\u017eenje.<\/span><br \/>\n<span style=\"color: #000000\">\ud83d\udc9a Ima antioksidativno djelovanje.<\/span><\/p>\n<p align=\"JUSTIFY\">\n","protected":false},"featured_media":6290,"comment_status":"open","ping_status":"closed","template":"","meta":{"_acf_changed":false},"product_brand":[],"product_cat":[15,194,218,195,216],"product_tag":[],"class_list":{"0":"post-5980","1":"product","2":"type-product","3":"status-publish","4":"has-post-thumbnail","6":"product_cat-uncategorized","7":"product_cat-ayurveda","8":"product_cat-najprodavaniji","9":"product_cat-superhrana","10":"product_cat-svi-proizvodi-ponudba","12":"first","13":"instock","14":"sale","15":"taxable","16":"shipping-taxable","17":"purchasable","18":"product-type-simple"},"acf":[],"_links":{"self":[{"href":"https:\/\/fengchashop.com\/hr\/wp-json\/wp\/v2\/product\/5980","targetHints":{"allow":["GET"]}}],"collection":[{"href":"https:\/\/fengchashop.com\/hr\/wp-json\/wp\/v2\/product"}],"about":[{"href":"https:\/\/fengchashop.com\/hr\/wp-json\/wp\/v2\/types\/product"}],"replies":[{"embeddable":true,"href":"https:\/\/fengchashop.com\/hr\/wp-json\/wp\/v2\/comments?post=5980"}],"wp:featuredmedia":[{"embeddable":true,"href":"https:\/\/fengchashop.com\/hr\/wp-json\/wp\/v2\/media\/6290"}],"wp:attachment":[{"href":"https:\/\/fengchashop.com\/hr\/wp-json\/wp\/v2\/media?parent=5980"}],"wp:term":[{"taxonomy":"product_brand","embeddable":true,"href":"https:\/\/fengchashop.com\/hr\/wp-json\/wp\/v2\/product_brand?post=5980"},{"taxonomy":"product_cat","embeddable":true,"href":"https:\/\/fengchashop.com\/hr\/wp-json\/wp\/v2\/product_cat?post=5980"},{"taxonomy":"product_tag","embeddable":true,"href":"https:\/\/fengchashop.com\/hr\/wp-json\/wp\/v2\/product_tag?post=5980"}],"curies":[{"name":"wp","href":"https:\/\/api.w.org\/{rel}","templated":true}]}}