{"id":5979,"date":"2022-03-03T09:56:17","date_gmt":"2022-03-03T08:56:17","guid":{"rendered":"https:\/\/fengchashop.com\/hr\/product\/amla-amalaki-u-prahu-bio-250-g\/"},"modified":"2026-05-08T16:43:04","modified_gmt":"2026-05-08T14:43:04","slug":"amla-amalaki-u-prahu-bio","status":"publish","type":"product","link":"https:\/\/fengchashop.com\/hr\/product\/amla-amalaki-u-prahu-bio\/","title":{"rendered":"Amla (Amalaki) u prahu BIO 250 g"},"content":{"rendered":"<h2><span style=\"color: #000000\">Amla (Amalaki) u prahu BIO<\/span><\/h2>\n<p style=\"text-align: justify\"><span style=\"color: #000000\">Amla je tako\u0111er poznata kao amalaki ili indijski ogrozd. Amla je zeleno vo\u0107e nalik na ogrozd, zanimljivog slatko-kiselog okusa. U ayurvedi se smatra\u00a0<strong>plod mladosti i ljepote<\/strong>. Na istoku se amlo slavi kao bo\u017eji dar \u010dovje\u010danstvu. Nalazi se u niskim planinskim podru\u010djima na indijskom potkontinentu. Plod amle se samo osu\u0161i i nje\u017eno melje u fini prah. Prema ayurvedi, amla uravnote\u017euje sve tri \u017eivotne energije (vato, pitto i kapho).<\/span><\/p>\n<p><span style=\"color: #000000\">Amla je izuzetno bogata<strong>\u00a0vitaminom C<\/strong>\u00a0(oko 4 g na 100 g praha). Ali tako\u0111er sadr\u017ei mnoge\u00a0<strong>antioksidanse<\/strong>, tanine, flavonoide, lipide, vitamine i minerale i druga eteri\u010dna ulja.<\/span><\/p>\n<p><span style=\"color: #000000\">U\u010dinci:<\/span><\/p>\n<p><span style=\"text-align: justify\">\ud83d\udc9a pobolj\u0161ava <\/span><span style=\"color: #000000\"><strong>imunolo\u0161ki sustav,<\/strong><\/span><\/p>\n<p><span style=\"color: #000000\">\ud83d\udc9a<strong> pomla\u0111uje<\/strong>\u00a0(anti-age u\u010dinak),<\/span><\/p>\n<p><span style=\"color: #000000\">\ud83d\udc9a ja\u010da<strong>\u00a0kardio-vaskularni<\/strong>\u00a0sustav,<\/span><\/p>\n<p><span style=\"color: #000000\">\ud83d\udc9a poti\u010de<strong>\u00a0rast kose,<\/strong><\/span><\/p>\n<p><span style=\"color: #000000\">\ud83d\udc9a<strong> \u010disti i vla\u017ei ko\u017eu,<\/strong><\/span><\/p>\n<p><span style=\"color: #000000\">\ud83d\udc9a<strong> pobolj\u0161ava probavu i djeluje kao blagi diuretik,<\/strong><\/span><\/p>\n<p><span style=\"color: #000000\">\ud83d\udc9a<strong> antivirusno i antibakterijsko<\/strong>\u00a0djelovanje,<\/span><\/p>\n<p><span style=\"color: #000000\">\ud83d\udc9a uni\u0161tava slobodne <strong>radikale.<\/strong><\/span><\/p>\n<p><span style=\"color: #000000\">Tako\u0111er se tradicionalno koristi za\u00a0<strong>uklanjanje problema s vlasi\u0161tem <\/strong>i<strong> ne\u010distom ko\u017eom<\/strong>. Mo\u017eete pripremiti paste za vlasi\u0161te ili za masku za lice.<\/span><br \/>\n<span style=\"color: #000000\">Djeluje<strong>\u00a0protiv gubitka kose<\/strong>,<strong> ja\u010da vlasi\u0161te <\/strong>i<strong> mo\u017ee vratiti boju sijede kose <\/strong>ako se redovito koristi. Dobro se mije\u0161a s drugim prirodnim bojama za kosu.<\/span><\/p>\n<p style=\"text-align: justify\"><span style=\"color: #000000\">Djeluje i na<strong>\u00a0elasti\u010dnost ko\u017ee<\/strong>,<strong> \u010disti ko\u017eu <\/strong>i<strong> sprje\u010dava nastanak bora<\/strong>.<\/span><\/p>\n<h2><span style=\"color: #000000\">Spremanje i upozorenja<\/span><\/h2>\n<p style=\"text-align: justify\"><span style=\"color: #000000\">\u010cuvati na suhom i hladnom mjestu. Dodatke prehrani \u010duvajte izvan dohvata djece!<\/span><\/p>\n<p style=\"text-align: justify\"><span style=\"color: #000000\">Zapamtite va\u017enost raznolike prehrane i zdravog na\u010dina \u017eivota, stoga dodatak prehrani nije zamjena za uravnote\u017eenu i raznoliku prehranu. Preporu\u010dena dnevna koli\u010dina ili doza ne smije se prekora\u010diti. Trudnicama i dojiljama uvijek se savjetuje da se prije uporabe posavjetuju s lije\u010dnikom.<\/span><\/p>\n<h2><span style=\"color: #000000\">Ambala\u017ea<\/span><\/h2>\n<p style=\"text-align: justify\"><span style=\"color: #000000\">Nepropusna vre\u0107ica s patentnim zatvara\u010dem u kojoj proizvod zadr\u017eava svu svje\u017einu i miris. Ambala\u017ea \u0161titi od svjetlosti i zraka, jer se sastoji od nekoliko slojeva za\u0161tite koji \u010duvaju svojstva sadr\u017eaja.<\/span><\/p>\n<p style=\"text-align: justify\"><span style=\"color: #000000\">Ambala\u017ea je vrlo prakti\u010dna i mo\u017ee se reciklirati.<\/span><\/p>\n<h2><span style=\"color: #000000\">Podrijetlo<\/span><\/h2>\n<p style=\"text-align: justify\"><span style=\"color: #000000\">Indija<\/span><\/p>\n","protected":false},"excerpt":{"rendered":"<p align=\"JUSTIFY\">Amla je tako\u0111er poznata kao amalaki ili indijski ogrozd. Amla je zeleno vo\u0107e nalik na ogrozd, zanimljivog slatko-kiselog okusa. U ayurvedi se smatra\u00a0<strong>plod mladosti i ljepote<\/strong>. Na istoku se amlo slavi kao <strong>bo\u017eji dar \u010dovje\u010danstvu<\/strong>.<\/p>\n<p align=\"JUSTIFY\"><span style=\"color: #000000\"><span style=\"text-align: justify\">\ud83d\udc9a<\/span> poti\u010de rast kose<\/span><br \/>\n<span style=\"color: #000000\"><span style=\"text-align: justify\">\ud83d\udc9a<\/span> \u010disti i vla\u017ei ko\u017eu<\/span><br \/>\n<span style=\"color: #000000\"><span style=\"text-align: justify\">\ud83d\udc9a<\/span> ja\u010da imunolo\u0161ki sustav<\/span><br \/>\n<span style=\"color: #000000\"><span style=\"text-align: justify\">\ud83d\udc9a<\/span> pomla\u0111uje<\/span><\/p>\n<p align=\"JUSTIFY\">\n","protected":false},"featured_media":6289,"comment_status":"open","ping_status":"closed","template":"","meta":{"_acf_changed":false},"product_brand":[],"product_cat":[15,194,195,216],"product_tag":[],"class_list":{"0":"post-5979","1":"product","2":"type-product","3":"status-publish","4":"has-post-thumbnail","6":"product_cat-uncategorized","7":"product_cat-ayurveda","8":"product_cat-superhrana","9":"product_cat-svi-proizvodi-ponudba","11":"first","12":"instock","13":"sale","14":"taxable","15":"shipping-taxable","16":"purchasable","17":"product-type-simple"},"acf":[],"_links":{"self":[{"href":"https:\/\/fengchashop.com\/hr\/wp-json\/wp\/v2\/product\/5979","targetHints":{"allow":["GET"]}}],"collection":[{"href":"https:\/\/fengchashop.com\/hr\/wp-json\/wp\/v2\/product"}],"about":[{"href":"https:\/\/fengchashop.com\/hr\/wp-json\/wp\/v2\/types\/product"}],"replies":[{"embeddable":true,"href":"https:\/\/fengchashop.com\/hr\/wp-json\/wp\/v2\/comments?post=5979"}],"wp:featuredmedia":[{"embeddable":true,"href":"https:\/\/fengchashop.com\/hr\/wp-json\/wp\/v2\/media\/6289"}],"wp:attachment":[{"href":"https:\/\/fengchashop.com\/hr\/wp-json\/wp\/v2\/media?parent=5979"}],"wp:term":[{"taxonomy":"product_brand","embeddable":true,"href":"https:\/\/fengchashop.com\/hr\/wp-json\/wp\/v2\/product_brand?post=5979"},{"taxonomy":"product_cat","embeddable":true,"href":"https:\/\/fengchashop.com\/hr\/wp-json\/wp\/v2\/product_cat?post=5979"},{"taxonomy":"product_tag","embeddable":true,"href":"https:\/\/fengchashop.com\/hr\/wp-json\/wp\/v2\/product_tag?post=5979"}],"curies":[{"name":"wp","href":"https:\/\/api.w.org\/{rel}","templated":true}]}}