{"id":5978,"date":"2022-05-20T08:18:20","date_gmt":"2022-05-20T06:18:20","guid":{"rendered":"https:\/\/fengchashop.com\/hr\/product\/ajurvedsko-mazilo-siddhalepa\/"},"modified":"2026-05-07T20:11:42","modified_gmt":"2026-05-07T18:11:42","slug":"ajurvedsko-mazilo-siddhalepa","status":"publish","type":"product","link":"https:\/\/fengchashop.com\/hr\/product\/ajurvedsko-mazilo-siddhalepa\/","title":{"rendered":"Ayurvedska mast Siddhalepa 50 g"},"content":{"rendered":"<div class=\"std\">\n<h2>Ajurvedska mast Siddhalepa<\/h2>\n<p>Siddhalepa je priznati brend prisutan na tr\u017ei\u0161tu od 1934. godine, a receptura njihovih proizvoda ima vi\u0161e od 200 godina tradicije. Siddhalepina ajurvedska mast je biljna mast sastavljena od razli\u010ditih azijskih biljaka. Proizvodi se na \u0160ri Lanki (oto\u010dna dr\u017eava uz jugoisto\u010dnu obalu indijskog potkontinenta) prema provjerenoj <b>ajurvedskoj tradiciji<\/b>.<\/p>\n<h2>Upozorenje<\/h2>\n<p>Proizvod je namijenjen isklju\u010divo za vanjsku uporabu na zdravoj ko\u017ei. Ne koristiti u podru\u010dju o\u010diju, na sluznici, otvorenim ranama ili o\u0161te\u0107enoj ko\u017ei.<\/p>\n<p>Proizvod se ne preporu\u010duje djeci mla\u0111oj od tri godine. \u010cuvati izvan dohvata djece!<\/p>\n<h2>Pakiranje<\/h2>\n<p>Mast je pakirana u staklenu ambala\u017eu. Ambala\u017ea je vrlo prakti\u010dna i omogu\u0107uje recikliranje.<\/p>\n<h2>Skladi\u0161tenje i upozorenja<\/h2>\n<p>\u010cuvati na suhom, hladnom i tamnom mjestu.<\/p>\n<h2>Podrijetlo<\/h2>\n<p>\u0160ri Lanka<\/p>\n<p>&nbsp;<\/p>\n<p>Proizvedeno pod stalnim nadzorom u skladu s me\u0111unarodnim standardima ISO 9001, ISO 14001 i GMP na \u0160ri Lanki.<\/p>\n<p>Proizvo\u0111a\u010d: Siddhalepa Pvt (Ltd), \u0160ri Lanka. Odgovorna osoba: Samahan GmbH, Breitenbachstr. 24-29, Berlin, Njema\u010dka. E-mail: info@samahan.online<\/p>\n<p>Prodaja: Feng cha d.o.o., Rej\u010deva 5, 5000 Nova Gorica, Slovenija.<\/p>\n<\/div>\n","protected":false},"excerpt":{"rendered":"<p>Siddhalepa je priznati brend prisutan na tr\u017ei\u0161tu od 1934. godine, a receptura njihovih proizvoda ima vi\u0161e od 200 godina tradicije. Siddhalepina ajurvedska mast je biljna mast sastavljena od razli\u010ditih azijskih biljaka. Proizvodi se na \u0160ri Lanki (oto\u010dna dr\u017eava uz jugoisto\u010dnu obalu indijskog potkontinenta) prema provjerenoj <b>ajurvedskoj tradiciji<\/b>.<\/p>\n","protected":false},"featured_media":6284,"comment_status":"open","ping_status":"closed","template":"","meta":{"_acf_changed":false},"product_brand":[],"product_cat":[15,218,208,216],"product_tag":[],"class_list":{"0":"post-5978","1":"product","2":"type-product","3":"status-publish","4":"has-post-thumbnail","6":"product_cat-uncategorized","7":"product_cat-najprodavaniji","8":"product_cat-ostalo","9":"product_cat-svi-proizvodi-ponudba","11":"first","12":"instock","13":"sale","14":"taxable","15":"shipping-taxable","16":"purchasable","17":"product-type-simple"},"acf":[],"_links":{"self":[{"href":"https:\/\/fengchashop.com\/hr\/wp-json\/wp\/v2\/product\/5978","targetHints":{"allow":["GET"]}}],"collection":[{"href":"https:\/\/fengchashop.com\/hr\/wp-json\/wp\/v2\/product"}],"about":[{"href":"https:\/\/fengchashop.com\/hr\/wp-json\/wp\/v2\/types\/product"}],"replies":[{"embeddable":true,"href":"https:\/\/fengchashop.com\/hr\/wp-json\/wp\/v2\/comments?post=5978"}],"wp:featuredmedia":[{"embeddable":true,"href":"https:\/\/fengchashop.com\/hr\/wp-json\/wp\/v2\/media\/6284"}],"wp:attachment":[{"href":"https:\/\/fengchashop.com\/hr\/wp-json\/wp\/v2\/media?parent=5978"}],"wp:term":[{"taxonomy":"product_brand","embeddable":true,"href":"https:\/\/fengchashop.com\/hr\/wp-json\/wp\/v2\/product_brand?post=5978"},{"taxonomy":"product_cat","embeddable":true,"href":"https:\/\/fengchashop.com\/hr\/wp-json\/wp\/v2\/product_cat?post=5978"},{"taxonomy":"product_tag","embeddable":true,"href":"https:\/\/fengchashop.com\/hr\/wp-json\/wp\/v2\/product_tag?post=5978"}],"curies":[{"name":"wp","href":"https:\/\/api.w.org\/{rel}","templated":true}]}}