{"id":5976,"date":"2022-02-22T16:28:02","date_gmt":"2022-02-22T15:28:02","guid":{"rendered":"https:\/\/fengchashop.com\/hr\/product\/kolagen-msm-vitamin-c-u-prahu-250-g\/"},"modified":"2026-05-07T23:53:20","modified_gmt":"2026-05-07T21:53:20","slug":"kolagen-msm-vitamin-c-u-prahu","status":"publish","type":"product","link":"https:\/\/fengchashop.com\/hr\/product\/kolagen-msm-vitamin-c-u-prahu\/","title":{"rendered":"Kolagen + MSM + vitamin C u prahu 250 g"},"content":{"rendered":"<h2><span style=\"color: #000000\">Kolagen + MSM + vitamin C u prahu<\/span><\/h2>\n<p><span style=\"color: #000000\"><span class=\"JLqJ4b ChMk0b\" data-language-for-alternatives=\"hr\" data-language-to-translate-into=\"sl\" data-phrase-index=\"0\" data-number-of-phrases=\"2\">Kako bismo se pobrinuli za va\u0161e zdravlje i ljepotu, pripremili smo vrlo <strong>posebnu mje\u0161avinu<\/strong> dodataka za koje vjerujemo da su prije ili kasnije potrebni gotovo svima \u2013 tijelo \u0107e nam biti zahvalno, a na\u0161a ko\u017ea jednostavno blistati.<\/span> <span class=\"JLqJ4b ChMk0b\" data-language-for-alternatives=\"hr\" data-language-to-translate-into=\"sl\" data-phrase-index=\"1\" data-number-of-phrases=\"2\">Ovo je jo\u0161 jedan proizvod u na\u0161oj bogatoj ponudi, kreiran imaju\u0107i u vidu potrebe suvremenog \u010dovjeka, uzimaju\u0107i samo najbolje iz prirode.<\/span><\/span><\/p>\n<p><span style=\"color: #000000\"><span class=\"JLqJ4b ChMk0b\" data-language-for-alternatives=\"hr\" data-language-to-translate-into=\"sl\" data-phrase-index=\"0\" data-number-of-phrases=\"5\">Poznato je da se nakon 25. godine proizvodnja vlastitog kolagena po\u010dinje smanjivati \u200b\u200bza oko 1% godi\u0161nje.<\/span> <span class=\"JLqJ4b ChMk0b\" data-language-for-alternatives=\"hr\" data-language-to-translate-into=\"sl\" data-phrase-index=\"1\" data-number-of-phrases=\"5\">Posljedice postupnog smanjenja kolagena vidljive su kasnije, jer do prvih vidljivih znakova mo\u017ee pro\u0107i i do 10 godina, dok se unutarnja struktura kostiju, ko\u017ee, krvnih \u017eila, mi\u0161i\u0107a, kose i noktiju po\u010dinje o\u010ditovati ranije.<\/span> <span class=\"JLqJ4b ChMk0b\" data-language-for-alternatives=\"hr\" data-language-to-translate-into=\"sl\" data-phrase-index=\"2\" data-number-of-phrases=\"5\">Drugim rije\u010dima, prve bore koje primijetimo na licu nastaju zbog godina smanjenog stvaranja kolagena.<\/span> <span class=\"JLqJ4b ChMk0b\" data-language-for-alternatives=\"hr\" data-language-to-translate-into=\"sl\" data-phrase-index=\"3\" data-number-of-phrases=\"5\">No, budu\u0107i da je kolagen odgovoran i za normalno funkcioniranje kostiju, ko\u017ee, zuba, krvnih \u017eila, hrskavice i desni, naravno, njegov nedostatak utje\u010de na sva ta podru\u010dja.<\/span> <span class=\"JLqJ4b ChMk0b\" data-language-for-alternatives=\"hr\" data-language-to-translate-into=\"sl\" data-phrase-index=\"4\" data-number-of-phrases=\"5\">Kolagen tako\u0111er doprinosi <strong>zdravom crijevu<\/strong>, o \u010demu \u010desto ovise na\u0161e cjelokupno zdravlje i dobrobit.<\/span><\/span><\/p>\n<p><span style=\"color: #000000\">Hidrolizirani kolagen kao dodatak ina\u010de zdravoj i uravnote\u017eenoj prehrani i aktivnom na\u010dinu \u017eivota preporu\u010dje se negdje nakon 30. godine \u017eivota. Za zdrav izgled va\u0161e ko\u017ee, kose i noktiju, kao i zdrave i jake kosti, zube i zglobove pripremili smo pobolj\u0161anu mje\u0161avinu koja ne sadr\u017ei samo kolagen, ve\u0107 i dodatak MSM-a ili organske sumporne kiseline, koja se naziva i <strong>mineral ljepote<\/strong>. \u0161to tako\u0111er ima pozitivan u\u010dinak na na\u0161u ko\u017eu, kosu, nokte, zglobove i kosti. Ona je gra\u0111evni element na\u0161ih stanica i potpuno prirodna, ljudska komponenta, \u010dije se stvaranje tako\u0111er smanjuje s godinama. No, kako je vitamin C tako\u0111er vrlo va\u017ean za funkcioniranje MSM-a i ve\u0107ine procesa u na\u0161em tijelu \u2013 posebice kao <strong>antioksidans<\/strong>, koji omogu\u0107uje bolju apsorpciju vitamina i minerala, u smjesu smo dodali ovaj neizostavni vitamin. Vitamin C tako\u0111er je klju\u010dan u na\u0161oj mje\u0161avini zbog \u010dinjenice da stvaranje na\u0161eg vlastitog kolagena uvelike ovisi o dovoljnim koli\u010dinama ovog vitamina. Valja napomenuti da je najpotrebniji pu\u0161a\u010dima, tjelesno aktivnim osobama i sporta\u0161ima, no te pove\u0107ane potrebe za vitaminom C naj\u010de\u0161\u0107e se ne posti\u017eu samo prehranom, pa se preporu\u010duje kao dodatak prehrani, a vi\u0161ak vitamina C jednostavno eliminiramo na\u0161im tijelom.<\/span><\/p>\n<p><span style=\"color: #000000\">Redovita konzumacija sjajne mje\u0161avine dodataka prehrani donosi mnoge prednosti na\u0161oj unutarnjoj i vanjskoj ljepoti:<\/span><\/p>\n<p><span style=\"color: #000000\">\ud83d\udc9a pobolj\u0161ava zdravlje <strong>ko\u017ee<\/strong>, <strong>kose<\/strong> i <strong>noktiju<\/strong>;<\/span><br \/>\n<span style=\"color: #000000\">\ud83d\udc9a <span class=\"VIiyi\" lang=\"hr\"><span class=\"JLqJ4b ChMk0b\" data-language-for-alternatives=\"hr\" data-language-to-translate-into=\"sl\" data-phrase-index=\"0\" data-number-of-phrases=\"1\">pobolj\u0161ava <strong>funkciju crijeva<\/strong>;<\/span><\/span> <\/span><br \/>\n<span style=\"color: #000000\">\ud83d\udc9a <span class=\"VIiyi\" lang=\"hr\"><span class=\"JLqJ4b ChMk0b\" data-language-for-alternatives=\"hr\" data-language-to-translate-into=\"sl\" data-phrase-index=\"0\" data-number-of-phrases=\"1\">mi\u0161i\u0107na masa se pobolj\u0161ava;<\/span><\/span> <\/span><br \/>\n<span style=\"color: #000000\">\ud83d\udc9a <span class=\"VIiyi\" lang=\"hr\"><span class=\"JLqJ4b ChMk0b\" data-language-for-alternatives=\"hr\" data-language-to-translate-into=\"sl\" data-phrase-index=\"0\" data-number-of-phrases=\"1\">pove\u0107ava se <strong>hidratacija tijela<\/strong>;<\/span><\/span> <\/span><br \/>\n<span style=\"color: #000000\">\ud83d\udc9a ko\u017ea vi\u0161e nije suha, <strong>stanje ko\u017ee se pobolj\u0161ava<\/strong>, njezin ph se uravnote\u017euje, postaje gipka i br\u017ee se oporavlja;<\/span><br \/>\n<span style=\"color: #000000\">\ud83d\udc9a djeluje protiv starenja;<\/span><br \/>\n<span style=\"color: #000000\">\ud83d\udc9a na\u0161e <strong>kosti<\/strong>, <strong>zubi<\/strong> i <strong>zglobovi<\/strong> postaju ja\u010di;<\/span><br \/>\n<span style=\"color: #000000\">\ud83d\udc9a <span class=\"VIiyi\" lang=\"hr\"><span class=\"JLqJ4b ChMk0b\" data-language-for-alternatives=\"hr\" data-language-to-translate-into=\"sl\" data-phrase-index=\"0\" data-number-of-phrases=\"1\">pobolj\u0161ava se stvaranje kolagena;<\/span><\/span> <\/span><br \/>\n<span style=\"color: #000000\">\ud83d\udc9a <span class=\"VIiyi\" lang=\"hr\"><span class=\"JLqJ4b ChMk0b\" data-language-for-alternatives=\"hr\" data-language-to-translate-into=\"sl\" data-phrase-index=\"0\" data-number-of-phrases=\"1\">stanice su za\u0161ti\u0107ene od <strong>oksidativnog stresa<\/strong>;<\/span><\/span> <\/span><br \/>\n<span style=\"color: #000000\">\ud83d\udc9a <span class=\"VIiyi\" lang=\"hr\"><span class=\"JLqJ4b ChMk0b\" data-language-for-alternatives=\"hr\" data-language-to-translate-into=\"sl\" data-phrase-index=\"0\" data-number-of-phrases=\"1\">pobolj\u0161ava <strong>fizi\u010dki umor<\/strong> i <strong>iscrpljenost<\/strong>;<\/span><\/span> <\/span><br \/>\n<span style=\"color: #000000\">\ud83d\udc9a<span class=\"VIiyi\" lang=\"hr\"><span class=\"JLqJ4b ChMk0b\" data-language-for-alternatives=\"hr\" data-language-to-translate-into=\"sl\" data-phrase-index=\"0\" data-number-of-phrases=\"1\">za zdrav imunolo\u0161ki sustav i hormonalni balans;<\/span><\/span> <\/span><br \/>\n<span style=\"color: #000000\">\ud83d\udc9a <span class=\"VIiyi\" lang=\"hr\"><span class=\"JLqJ4b ChMk0b\" data-language-for-alternatives=\"hr\" data-language-to-translate-into=\"sl\" data-phrase-index=\"0\" data-number-of-phrases=\"1\">stanice i tkiva br\u017ee se <strong>regeneriraju<\/strong>.<\/span><\/span> <\/span><\/p>\n<h2><span style=\"color: #000000\">Ambala\u017ea<\/span><\/h2>\n<p><span style=\"color: #000000\"><span class=\"JLqJ4b ChMk0b\" data-language-for-alternatives=\"hr\" data-language-to-translate-into=\"sl\" data-phrase-index=\"0\" data-number-of-phrases=\"2\">Nepropusna vre\u0107ica s patentnim zatvara\u010dem u kojoj proizvod zadr\u017eava svu svje\u017einu i miris.<\/span> <span class=\"JLqJ4b ChMk0b\" data-language-for-alternatives=\"hr\" data-language-to-translate-into=\"sl\" data-phrase-index=\"1\" data-number-of-phrases=\"2\">Ambala\u017ea \u0161titi od svjetlosti i zraka, jer se sastoji od nekoliko slojeva za\u0161tite koji \u010duvaju svojstva sadr\u017eaja.<\/span><\/span><\/p>\n<p><span style=\"color: #000000\">Ambala\u017ea je vrlo prakti\u010dna i mo\u017ee se reciklirati.<\/span><\/p>\n<h2><span style=\"color: #000000\">Spremanje i upozorenja<\/span><\/h2>\n<p><span class=\"VIiyi\" lang=\"hr\" style=\"color: #000000\"><span class=\"JLqJ4b ChMk0b\" data-language-for-alternatives=\"hr\" data-language-to-translate-into=\"sl\" data-phrase-index=\"0\" data-number-of-phrases=\"2\">\u010cuvati na suhom, tamnom i hladnom mjestu.<\/span> <span class=\"JLqJ4b ChMk0b\" data-language-for-alternatives=\"hr\" data-language-to-translate-into=\"sl\" data-phrase-index=\"1\" data-number-of-phrases=\"2\">Provjerite je li vre\u0107ica dobro zatvorena. \u010cuvati izvan dohvata djece. Proizvod nije zamjena za uravnote\u017eenu i raznoliku prehranu.<\/span><\/span><\/p>\n<h2><span style=\"color: #000000\">Podrijetlo<\/span><\/h2>\n<p><span style=\"color: #000000\">EU<\/span><\/p>\n","protected":false},"excerpt":{"rendered":"<p>Kolagen, MSM i vitamin C za <strong>ljepotu i dobrobit<\/strong>. Posebna mje\u0161avina na kojoj \u0107e nam tijelo biti zahvalno, a ko\u017ea jednostavno blistati. Redovita konzumacija mje\u0161avine kolagena, MSM-a i vitamina C donosi mnoge prednosti na\u0161oj unutarnjoj i vanjskoj ljepoti:<\/p>\n<p>\ud83d\udc9a pobolj\u0161ava zdravlje <strong>ko\u017ee, kose i noktiju<\/strong>,<\/p>\n<p>\ud83d\udc9a pove\u0107ava se <strong>hidratacija tijela<\/strong>,<\/p>\n<p>\ud83d\udc9a kosti, zubi i zglobovi postaju ja\u010di ,<\/p>\n<p>\ud83d\udc9a pobolj\u0161ava se vlastita proizvodnja kolagena.<\/p>\n","protected":false},"featured_media":6265,"comment_status":"open","ping_status":"closed","template":"","meta":{"_acf_changed":false},"product_brand":[],"product_cat":[15,203,195,216],"product_tag":[],"class_list":{"0":"post-5976","1":"product","2":"type-product","3":"status-publish","4":"has-post-thumbnail","6":"product_cat-uncategorized","7":"product_cat-minerali-vitamini","8":"product_cat-superhrana","9":"product_cat-svi-proizvodi-ponudba","11":"first","12":"instock","13":"sale","14":"taxable","15":"shipping-taxable","16":"purchasable","17":"product-type-simple"},"acf":[],"_links":{"self":[{"href":"https:\/\/fengchashop.com\/hr\/wp-json\/wp\/v2\/product\/5976","targetHints":{"allow":["GET"]}}],"collection":[{"href":"https:\/\/fengchashop.com\/hr\/wp-json\/wp\/v2\/product"}],"about":[{"href":"https:\/\/fengchashop.com\/hr\/wp-json\/wp\/v2\/types\/product"}],"replies":[{"embeddable":true,"href":"https:\/\/fengchashop.com\/hr\/wp-json\/wp\/v2\/comments?post=5976"}],"wp:featuredmedia":[{"embeddable":true,"href":"https:\/\/fengchashop.com\/hr\/wp-json\/wp\/v2\/media\/6265"}],"wp:attachment":[{"href":"https:\/\/fengchashop.com\/hr\/wp-json\/wp\/v2\/media?parent=5976"}],"wp:term":[{"taxonomy":"product_brand","embeddable":true,"href":"https:\/\/fengchashop.com\/hr\/wp-json\/wp\/v2\/product_brand?post=5976"},{"taxonomy":"product_cat","embeddable":true,"href":"https:\/\/fengchashop.com\/hr\/wp-json\/wp\/v2\/product_cat?post=5976"},{"taxonomy":"product_tag","embeddable":true,"href":"https:\/\/fengchashop.com\/hr\/wp-json\/wp\/v2\/product_tag?post=5976"}],"curies":[{"name":"wp","href":"https:\/\/api.w.org\/{rel}","templated":true}]}}