{"id":5974,"date":"2022-02-22T11:26:11","date_gmt":"2022-02-22T10:26:11","guid":{"rendered":"https:\/\/fengchashop.com\/hr\/product\/maca-crna-v-prahu-bio-250-g\/"},"modified":"2026-04-18T00:56:10","modified_gmt":"2026-04-17T22:56:10","slug":"mac-crna-u-prahu-bio-250-g","status":"publish","type":"product","link":"https:\/\/fengchashop.com\/hr\/product\/mac-crna-u-prahu-bio-250-g\/","title":{"rendered":"Maca crna u prahu BIO 250 g"},"content":{"rendered":"<h2><span style=\"color: #000000\">Crna maca u prahu BIO<\/span><\/h2>\n<p><span class=\"VIiyi\" lang=\"hr\"><span class=\"JLqJ4b ChMk0b\" data-language-for-alternatives=\"hr\" data-language-to-translate-into=\"sl\" data-phrase-index=\"0\" data-number-of-phrases=\"4\">Maca je biljka s korijenom koja uspijeva u peruanskom i andskom gorju, izlo\u017eena ekstremnim vremenskim uvjetima i velikim temperaturnim razlikama izme\u0111u dana i no\u0107i.<\/span> <span class=\"JLqJ4b ChMk0b\" data-language-for-alternatives=\"hr\" data-language-to-translate-into=\"sl\" data-phrase-index=\"1\" data-number-of-phrases=\"4\">Naziva se i <strong>peruanskim ginsengom<\/strong>.<\/span> <span class=\"JLqJ4b ChMk0b\" data-language-for-alternatives=\"hr\" data-language-to-translate-into=\"sl\" data-phrase-index=\"2\" data-number-of-phrases=\"4\">Kako je prakti\u010dki nepobjediv u pre\u017eivljavanju, drevne Inke koristile su njegove aktivne sastojke koji posebno <strong>dobro utje\u010du na mu\u0161ku spolnu potenciju<\/strong> i blagotvorno djeluju na op\u0107e zdravlje.<\/span> <span class=\"JLqJ4b ChMk0b\" data-language-for-alternatives=\"hr\" data-language-to-translate-into=\"sl\" data-phrase-index=\"3\" data-number-of-phrases=\"4\">Upravo zbog potonjeg smatra se iznimno vrijednom superhranom.<\/span><\/span><\/p>\n<p><span class=\"VIiyi\" lang=\"hr\"><span class=\"JLqJ4b ChMk0b\" data-language-for-alternatives=\"hr\" data-language-to-translate-into=\"sl\" data-phrase-index=\"0\" data-number-of-phrases=\"3\">Ljekoviti dio mace je gomolj koji je <strong>bogat vitaminima, mineralima i aminokiselinama<\/strong>.<\/span> <span class=\"JLqJ4b ChMk0b\" data-language-for-alternatives=\"hr\" data-language-to-translate-into=\"sl\" data-phrase-index=\"1\" data-number-of-phrases=\"3\">Zbog tvari koje djeluju sli\u010dno kao i hormoni, regulira razinu estrogena i progesterona odnosno testosterona, \u0161to povoljno utje\u010de na na\u0161e dobro osje\u0107anje te nam <strong>daje snagu<\/strong> i <strong>izdr\u017eljivost<\/strong>.<\/span> <span class=\"JLqJ4b ChMk0b\" data-language-for-alternatives=\"hr\" data-language-to-translate-into=\"sl\" data-phrase-index=\"2\" data-number-of-phrases=\"3\">Sadr\u017eaj va\u017enih vitamina kao \u0161to su <strong>vitamini B1, B12, C i E<\/strong> te <strong>masnih kiselina<\/strong>, minerala i aminokiselina (uklju\u010duju\u0107i 7 esencijalnih &#8211; onih koji su prijeko potrebni na\u0161em tijelu), maca je jedna od naju\u010dinkovitijih, po\u017eeljnih i preporu\u010denih prirodnih superhrana s vi\u0161e tisu\u0107ljetne tradicije.<\/span><\/span><\/p>\n<p><span class=\"VIiyi\" lang=\"hr\"><span class=\"JLqJ4b ChMk0b\" data-language-for-alternatives=\"hr\" data-language-to-translate-into=\"sl\" data-phrase-index=\"0\" data-number-of-phrases=\"12\">Adaptogena je biljka koja <strong>pove\u0107ava energiju<\/strong>, <strong>izdr\u017eljivost<\/strong>, <strong>vitalnost<\/strong> i <strong>fizi\u010dku snagu<\/strong>.<\/span> <span class=\"JLqJ4b ChMk0b\" data-language-for-alternatives=\"hr\" data-language-to-translate-into=\"sl\" data-phrase-index=\"1\" data-number-of-phrases=\"12\">Poma\u017ee nam odgovoriti na <strong>stres<\/strong> i lak\u0161e se prilagoditi promjenama.<\/span> <span class=\"JLqJ4b ChMk0b\" data-language-for-alternatives=\"hr\" data-language-to-translate-into=\"sl\" data-phrase-index=\"2\" data-number-of-phrases=\"12\">Najvi\u0161e uspijeva u Andama u sredi\u0161njem Peruu, u te\u0161kim uvjetima i na vrlo velikim nadmorskim visinama &#8211; iznad 4000 metara.<\/span> <span class=\"JLqJ4b ChMk0b\" data-language-for-alternatives=\"hr\" data-language-to-translate-into=\"sl\" data-phrase-index=\"3\" data-number-of-phrases=\"12\">Kri\u017eanac je poput brokule, cvjeta\u010de, repe, kupusa, kelja i rotkvice.<\/span> <span class=\"JLqJ4b ChMk0b\" data-language-for-alternatives=\"hr\" data-language-to-translate-into=\"sl\" data-phrase-index=\"4\" data-number-of-phrases=\"12\">Najjestiviji dio biljke je korijen ili gomolj.<\/span> <span class=\"JLqJ4b ChMk0b\" data-language-for-alternatives=\"hr\" data-language-to-translate-into=\"sl\" data-phrase-index=\"5\" data-number-of-phrases=\"12\">Dolazi u nekoliko boja, od bijele do crne.<\/span> <span class=\"JLqJ4b ChMk0b\" data-language-for-alternatives=\"hr\" data-language-to-translate-into=\"sl\" data-phrase-index=\"6\" data-number-of-phrases=\"12\">Najpopularnije su <strong>\u017euta<\/strong>, <strong>crvena<\/strong> i <strong>crna<\/strong>.<\/span> <span class=\"JLqJ4b ChMk0b\" data-language-for-alternatives=\"hr\" data-language-to-translate-into=\"sl\" data-phrase-index=\"7\" data-number-of-phrases=\"12\">Obi\u010dno se \u017euta maca koristi za svakodnevnu i dugotrajnu upotrebu, a crvena i crna maca se smatraju namjenskim sortama i koriste se za kroni\u010dne terapijske probleme.<\/span> <span class=\"JLqJ4b ChMk0b\" data-language-for-alternatives=\"hr\" data-language-to-translate-into=\"sl\" data-phrase-index=\"8\" data-number-of-phrases=\"12\">\u017duta maca je neutralna.<\/span> <span class=\"JLqJ4b ChMk0b\" data-language-for-alternatives=\"hr\" data-language-to-translate-into=\"sl\" data-phrase-index=\"9\" data-number-of-phrases=\"12\">Crvena se smatra unutarnjom \u017eenskom energijom.<\/span> <span class=\"JLqJ4b ChMk0b\" data-language-for-alternatives=\"hr\" data-language-to-translate-into=\"sl\" data-phrase-index=\"10\" data-number-of-phrases=\"12\"><strong>Crna se<\/strong>, s druge strane, <strong>smatra vanjskom mu\u0161kom energijom<\/strong>.<\/span> <span class=\"JLqJ4b ChMk0b\" data-language-for-alternatives=\"hr\" data-language-to-translate-into=\"sl\" data-phrase-index=\"11\" data-number-of-phrases=\"12\">Tamo\u0161nji \u0161amani posebno paze u kakvoj vrsti ili omjeru osoba s problemom treba u\u017eivati.<\/span><\/span><\/p>\n<p><span class=\"VIiyi\" lang=\"hr\"><span class=\"JLqJ4b ChMk0b\" data-language-for-alternatives=\"hr\" data-language-to-translate-into=\"sl\" data-phrase-index=\"0\" data-number-of-phrases=\"1\">Vrlo je slatkog okusa i \u0161iroke namjene.<\/span><\/span><\/p>\n<p><span class=\"VIiyi\" lang=\"hr\"><span class=\"JLqJ4b ChMk0b\" data-language-for-alternatives=\"hr\" data-language-to-translate-into=\"sl\" data-phrase-index=\"0\" data-number-of-phrases=\"2\">Crna maca predstavlja samo oko 10% svjetske proizvodnje svih vrsta mace.<\/span> <span class=\"JLqJ4b ChMk0b\" data-language-for-alternatives=\"hr\" data-language-to-translate-into=\"sl\" data-phrase-index=\"1\" data-number-of-phrases=\"2\">Tako\u0111er je vrlo cijenjen zbog upotrebe u medicini.<\/span><\/span><\/p>\n<h2>Za\u0161to odabrati crnu macu?<\/h2>\n<p><span class=\"VIiyi\" lang=\"hr\"><span class=\"JLqJ4b ChMk0b\" data-language-for-alternatives=\"hr\" data-language-to-translate-into=\"sl\" data-phrase-index=\"0\" data-number-of-phrases=\"4\">Crna maca <strong>se smatra prirodnom viagrom<\/strong>.<\/span> <span class=\"JLqJ4b ChMk0b\" data-language-for-alternatives=\"hr\" data-language-to-translate-into=\"sl\" data-phrase-index=\"1\" data-number-of-phrases=\"4\">Zna\u010dajno <strong>utje\u010de na broj i pokretljivost spermija<\/strong>.<\/span> <span class=\"JLqJ4b ChMk0b\" data-language-for-alternatives=\"hr\" data-language-to-translate-into=\"sl\" data-phrase-index=\"2\" data-number-of-phrases=\"4\">Stoga je posebno cijenjen za parove koji ne mogu zatrudnjeti.<\/span> <span class=\"JLqJ4b ChMk0b\" data-language-for-alternatives=\"hr\" data-language-to-translate-into=\"sl\" data-phrase-index=\"3\" data-number-of-phrases=\"4\">Osim toga, daje snagu, popravlja raspolo\u017eenje, ubla\u017eava stres i tjeskobu, pobolj\u0161ava pam\u0107enje i koncentraciju, djeluje kao prirodni antidepresiv i pobolj\u0161ava san.<\/span><\/span><\/p>\n<p><span class=\"VIiyi\" lang=\"hr\"><span class=\"JLqJ4b ChMk0b\" data-language-for-alternatives=\"hr\" data-language-to-translate-into=\"sl\" data-phrase-index=\"0\" data-number-of-phrases=\"2\">Na\u0161a maca dolazi s peruanskih visokoplaninskih organskih farmi i 100% je organska.<\/span> <span class=\"JLqJ4b ChMk0b\" data-language-for-alternatives=\"hr\" data-language-to-translate-into=\"sl\" data-phrase-index=\"1\" data-number-of-phrases=\"2\">Za svaku smo seriju izvr\u0161ili analize i valjani certifikat.<\/span><\/span><\/p>\n<h2><span class=\"VIiyi\" lang=\"hr\"><span class=\"JLqJ4b ChMk0b\" data-language-for-alternatives=\"hr\" data-language-to-translate-into=\"sl\" data-phrase-index=\"0\" data-number-of-phrases=\"1\">Za\u0161to naru\u010diti na\u0161u macu?<\/span><\/span><\/h2>\n<p><span class=\"VIiyi\" lang=\"hr\"><span class=\"JLqJ4b ChMk0b\" data-language-for-alternatives=\"hr\" data-language-to-translate-into=\"sl\" data-phrase-index=\"0\" data-number-of-phrases=\"3\">Na\u0161 maca prah dolazi iz kontrolirane organske proizvodnje, pa\u017eljivo je osu\u0161en i samljeven u prah sli\u010dan bra\u0161nu.<\/span> <span class=\"JLqJ4b ChMk0b\" data-language-for-alternatives=\"hr\" data-language-to-translate-into=\"sl\" data-phrase-index=\"1\" data-number-of-phrases=\"3\">Osim toga, redovito pazimo da su na\u0161e zalihe za mace uvijek svje\u017ee!<\/span> <span class=\"JLqJ4b ChMk0b\" data-language-for-alternatives=\"hr\" data-language-to-translate-into=\"sl\" data-phrase-index=\"2\" data-number-of-phrases=\"3\">To je jedan od razloga za\u0161to sami pa\u017eljivo pripremamo smjesu, jer jedino tako mo\u017eemo osigurati njezinu cjelovitost sa svje\u017eim sastojcima u pravim omjerima.<\/span><\/span><\/p>\n<p><span class=\"VIiyi\" lang=\"hr\"><span class=\"JLqJ4b ChMk0b\" data-language-for-alternatives=\"hr\" data-language-to-translate-into=\"sl\" data-phrase-index=\"0\" data-number-of-phrases=\"2\">Maca dolazi s peruanskih visokoplaninskih organskih farmi.<\/span> <span class=\"JLqJ4b ChMk0b\" data-language-for-alternatives=\"hr\" data-language-to-translate-into=\"sl\" data-phrase-index=\"1\" data-number-of-phrases=\"2\">Za svaku smo seriju izvr\u0161ili analize i valjani certifikat.<\/span><\/span><\/p>\n<h2><span class=\"VIiyi\" lang=\"hr\"><span class=\"JLqJ4b ChMk0b\" data-language-for-alternatives=\"hr\" data-language-to-translate-into=\"sl\" data-phrase-index=\"0\" data-number-of-phrases=\"1\">Nutritivne vrijednosti<\/span><\/span><\/h2>\n<p><span class=\"VIiyi\" lang=\"hr\"><span class=\"JLqJ4b ChMk0b\" data-language-for-alternatives=\"hr\" data-language-to-translate-into=\"sl\" data-phrase-index=\"0\" data-number-of-phrases=\"5\">Prosje\u010dne nutritivne vrijednosti na 100 g crne mace: energetska vrijednost: 1448 kJ \/ 342 kcal;<\/span> <span class=\"JLqJ4b ChMk0b\" data-language-for-alternatives=\"hr\" data-language-to-translate-into=\"sl\" data-phrase-index=\"1\" data-number-of-phrases=\"5\">masti: 0,6 g, od toga zasi\u0107ene: 0,2 g;<\/span> <span class=\"JLqJ4b ChMk0b\" data-language-for-alternatives=\"hr\" data-language-to-translate-into=\"sl\" data-phrase-index=\"2\" data-number-of-phrases=\"5\">ugljikohidrati: 67 g, od toga \u0161e\u0107eri: 24 g;<\/span> <span class=\"JLqJ4b ChMk0b\" data-language-for-alternatives=\"hr\" data-language-to-translate-into=\"sl\" data-phrase-index=\"3\" data-number-of-phrases=\"5\">proteini: 13 g;<\/span> <span class=\"JLqJ4b ChMk0b\" data-language-for-alternatives=\"hr\" data-language-to-translate-into=\"sl\" data-phrase-index=\"4\" data-number-of-phrases=\"5\">vlakna: 10 g i sol: 0,53 g.<\/span><\/span><\/p>\n<h2><span style=\"color: #000000\">Spremanje i upozorenja<\/span><\/h2>\n<p><span class=\"VIiyi\" lang=\"hr\"><span class=\"JLqJ4b ChMk0b\" data-language-for-alternatives=\"hr\" data-language-to-translate-into=\"sl\" data-phrase-index=\"0\" data-number-of-phrases=\"2\">\u010cuvati na suhom i hladnom mjestu na temperaturi do 25\u00b0C.<\/span> <span class=\"JLqJ4b ChMk0b\" data-language-for-alternatives=\"hr\" data-language-to-translate-into=\"sl\" data-phrase-index=\"1\" data-number-of-phrases=\"2\">Dodatke prehrani \u010duvajte izvan dohvata djece!<\/span><\/span><\/p>\n<p><span class=\"VIiyi\" lang=\"hr\"><span class=\"JLqJ4b ChMk0b\" data-language-for-alternatives=\"hr\" data-language-to-translate-into=\"sl\" data-phrase-index=\"0\" data-number-of-phrases=\"3\">Zapamtite va\u017enost raznolike prehrane i zdravog na\u010dina \u017eivota, stoga dodatak prehrani nije zamjena za uravnote\u017eenu i raznoliku prehranu.<\/span> <span class=\"JLqJ4b ChMk0b\" data-language-for-alternatives=\"hr\" data-language-to-translate-into=\"sl\" data-phrase-index=\"1\" data-number-of-phrases=\"3\">Preporu\u010dena dnevna koli\u010dina ili doza ne smije se prekora\u010diti.<\/span> <span class=\"JLqJ4b ChMk0b\" data-language-for-alternatives=\"hr\" data-language-to-translate-into=\"sl\" data-phrase-index=\"2\" data-number-of-phrases=\"3\">Trudnicama i dojiljama uvijek se savjetuje da se prije uporabe posavjetuju s lije\u010dnikom.<\/span><\/span><\/p>\n<h2><span style=\"color: #000000\">Ambala\u017ea<\/span><\/h2>\n<p><span class=\"JLqJ4b ChMk0b\" data-language-for-alternatives=\"hr\" data-language-to-translate-into=\"sl\" data-phrase-index=\"0\" data-number-of-phrases=\"2\">Nepropusna vre\u0107ica s patentnim zatvara\u010dem u kojoj proizvod zadr\u017eava svu svje\u017einu i miris.<\/span> <span class=\"JLqJ4b ChMk0b\" data-language-for-alternatives=\"hr\" data-language-to-translate-into=\"sl\" data-phrase-index=\"1\" data-number-of-phrases=\"2\">Ambala\u017ea \u0161titi od svjetlosti i zraka, jer se sastoji od nekoliko slojeva za\u0161tite koji \u010duvaju svojstva sadr\u017eaja.<\/span><\/p>\n<p>Ambala\u017ea je vrlo prakti\u010dna i mo\u017ee se reciklirati.<\/p>\n<h2><span class=\"VIiyi\" lang=\"hr\"><span class=\"JLqJ4b ChMk0b\" data-language-for-alternatives=\"hr\" data-language-to-translate-into=\"sl\" data-phrase-index=\"0\" data-number-of-phrases=\"1\">Podrijetlo<\/span><\/span><\/h2>\n<p><span style=\"color: #000000\">Peru<\/span><\/p>\n","protected":false},"excerpt":{"rendered":"<p>Maca je biljka s korijenom koja uspijeva u peruanskim Andima, izlo\u017eena ekstremnim vremenskim uvjetima i velikim temperaturnim razlikama izme\u0111u dana i no\u0107i. Ljekoviti dio make je gomolj koji je <strong>bogat vitaminima, mineralima i aminokiselinama<\/strong>. Zbog sadr\u017eaja va\u017enih vitamina poput <strong>vitamina B1, B12, C i E, te masnih kiselina, minerala i aminokiselina<\/strong>, maca je jedna od naju\u010dinkovitijih, po\u017eeljnih i preporu\u010dljivih prirodnih superhrana s tisu\u0107ljetnom tradicijom.<\/p>\n<p>\ud83d\udc9a Za vanjsku <strong>mu\u0161ku energiju<\/strong>.<\/p>\n<p>\ud83d\udc9a Pobolj\u0161ava pam\u0107enje i koncentraciju.<\/p>\n<p>\ud83d\udc9a Popravlja <strong>raspolo\u017eenje, ubla\u017eava stres i anksioznost<\/strong>.<\/p>\n<p>\ud83d\udc9a <strong>Pove\u0107ava vitalnost i snagu<\/strong>.<\/p>\n","protected":false},"featured_media":6282,"comment_status":"open","ping_status":"closed","template":"","meta":{"_acf_changed":false},"product_brand":[],"product_cat":[15,195,216],"product_tag":[],"class_list":{"0":"post-5974","1":"product","2":"type-product","3":"status-publish","4":"has-post-thumbnail","6":"product_cat-uncategorized","7":"product_cat-superhrana","8":"product_cat-svi-proizvodi-ponudba","10":"first","11":"instock","12":"sale","13":"taxable","14":"shipping-taxable","15":"purchasable","16":"product-type-simple"},"acf":[],"_links":{"self":[{"href":"https:\/\/fengchashop.com\/hr\/wp-json\/wp\/v2\/product\/5974","targetHints":{"allow":["GET"]}}],"collection":[{"href":"https:\/\/fengchashop.com\/hr\/wp-json\/wp\/v2\/product"}],"about":[{"href":"https:\/\/fengchashop.com\/hr\/wp-json\/wp\/v2\/types\/product"}],"replies":[{"embeddable":true,"href":"https:\/\/fengchashop.com\/hr\/wp-json\/wp\/v2\/comments?post=5974"}],"wp:featuredmedia":[{"embeddable":true,"href":"https:\/\/fengchashop.com\/hr\/wp-json\/wp\/v2\/media\/6282"}],"wp:attachment":[{"href":"https:\/\/fengchashop.com\/hr\/wp-json\/wp\/v2\/media?parent=5974"}],"wp:term":[{"taxonomy":"product_brand","embeddable":true,"href":"https:\/\/fengchashop.com\/hr\/wp-json\/wp\/v2\/product_brand?post=5974"},{"taxonomy":"product_cat","embeddable":true,"href":"https:\/\/fengchashop.com\/hr\/wp-json\/wp\/v2\/product_cat?post=5974"},{"taxonomy":"product_tag","embeddable":true,"href":"https:\/\/fengchashop.com\/hr\/wp-json\/wp\/v2\/product_tag?post=5974"}],"curies":[{"name":"wp","href":"https:\/\/api.w.org\/{rel}","templated":true}]}}