{"id":5972,"date":"2022-02-22T10:17:16","date_gmt":"2022-02-22T09:17:16","guid":{"rendered":"https:\/\/fengchashop.com\/hr\/product\/polyporus-umbellatus-divlji-bio-125-g\/"},"modified":"2026-05-03T18:28:46","modified_gmt":"2026-05-03T16:28:46","slug":"polyporus-umbellatus-divlji-bio","status":"publish","type":"product","link":"https:\/\/fengchashop.com\/hr\/product\/polyporus-umbellatus-divlji-bio\/","title":{"rendered":"Polyporus umbellatus divlji BIO 125 g"},"content":{"rendered":"<h2><span style=\"color: #000000\">Polyporus umbellatus divlji BIO u prahu<\/span><\/h2>\n<p><span style=\"color: #000000\">Polyporus umbellatus\u00a0(Jelenovo uho) je jestiv, izgleda poput cvjeta\u010de. Strogo je za\u0161ti\u0107ena gljiva. Dok se u kuhanju koristi nadzemni dio (spore), <strong>podzemni dio<\/strong> (sklerocija) <strong>je ljekovit<\/strong>. Vrlo je istra\u017eena ljekovita gljiva, jer <strong>sadr\u017ei mnoge bioaktivne spojeve<\/strong> koji <strong>imaju<\/strong> dokazano <strong>antitumorsko<\/strong> i <strong>antikancerogeno djelovanje<\/strong>. Zato se \u010desto nalazi kao sastojak raznih lijekova i dodataka prehrani. Jelenje uho tako\u0111er je <strong>izvrstan izvor antioksidansa<\/strong> koji uklanjaju slobodne radikale, \u010dime se pobolj\u0161ava rad imunolo\u0161kog sustava i ima antimikrobna svojstva. U medicinske svrhe, uglavnom se koristi u tradicionalnoj kineskoj medicini kao diuretik za sprje\u010davanje ili lije\u010denje problema povezanih s o\u0161te\u0107enom funkcijom bubrega i jetre, <strong>zadr\u017eavanjem vode<\/strong>, <strong>oteklinama<\/strong>, kao i <strong>proljevom<\/strong>, <strong>\u017euticom<\/strong> te za <strong>lije\u010denje vaginalnog iscjetka i bolnog mokrenja<\/strong>. Tako\u0111er se smatra prirodnim antibiotikom u tradicionalnoj kineskoj medicini. Znanstvenici su tako\u0111er potvrdili diuretski u\u010dinak i <strong>blagotvorno djelovanje na bubrege i jetru<\/strong>. Tako\u0111er stimulira imunolo\u0161ki sustav i <strong>dobro djeluje kao podr\u0161ka kemoterapiji u lije\u010denju raka<\/strong>.<\/span><\/p>\n<h2><span style=\"color: #000000\">\u0160to sadr\u017ei i kome je namijenjena?<\/span><\/h2>\n<p><span style=\"color: #000000\">Uz karakteristi\u010dne polisaharide, vitamine, mineralne soli i druge antioksidanse, jelenje uho sadr\u017ei i fitosterole, titerpenoide, manitol i sli\u010dne farmakolo\u0161ki aktivne tvari koje gljivama daju iznimno ljekovito djelovanje bez ne\u017eeljenih nuspojava.<\/span><\/p>\n<p><span style=\"color: #000000\">Polyporus umbellatus mo\u017ee:<\/span><\/p>\n<p><span style=\"color: #000000\">\ud83d\udc9a poma\u017ee kod problema s <strong>bubrezima i jetrom<\/strong>,<\/span><br \/>\n<span style=\"color: #000000\">\ud83d\udc9a <strong>poma\u017ee kod vaginalnog iscjetka<\/strong><\/span><br \/>\n<span style=\"color: #000000\">\ud83d\udc9a <strong>djeluje antitumorsko<\/strong>,<\/span><br \/>\n<span style=\"color: #000000\">\ud83d\udc9a <strong>stimulira<\/strong> i <strong>ja\u010da<\/strong> imunolo\u0161ki sustav,<\/span><br \/>\n<span style=\"color: #000000\">\ud83d\udc9a <strong>ubla\u017eiti u\u010dinke kemoterapije i tako pobolj\u0161ati \u017eivot oboljelih od raka.<\/strong><\/span><\/p>\n<p><span style=\"color: #000000\"><span class=\"JLqJ4b ChMk0b\" data-language-for-alternatives=\"hr\" data-language-to-translate-into=\"sl\" data-phrase-index=\"0\" data-number-of-phrases=\"2\"><span class=\"Q4iAWc\">Proizvodnja na\u0161e gljive Polyporus umbellatus strogo je kontrolirana, bez upotrebe kemikalija i pesticida i 100% organski.<\/span><\/span>\u00a0<\/span><\/p>\n<p><span style=\"color: #000000\">Svi elementi u gljivi prisutni su u velikim koli\u010dinama i vrlo pozitivno djeluju na na\u0161 organizam.<\/span><\/p>\n<p><span style=\"color: #000000\"><span class=\"JLqJ4b ChMk0b\" data-language-for-alternatives=\"hr\" data-language-to-translate-into=\"sl\" data-phrase-index=\"0\" data-number-of-phrases=\"2\"><span class=\"Q4iAWc\">A ono \u0161to je u tome iznimno va\u017eno je da je Polyporus umbellatus 100% prirodan proizvod koji nam mo\u017ee pomo\u0107i na prirodan na\u010din.<\/span><\/span> <span class=\"JLqJ4b ChMk0b\" data-language-for-alternatives=\"hr\" data-language-to-translate-into=\"sl\" data-phrase-index=\"1\" data-number-of-phrases=\"2\"><span class=\"Q4iAWc\">Pobolj\u0161ava simptome na\u0161ih problema i pozitivno utje\u010de na op\u0107u dobrobit.<\/span><\/span><\/span><\/p>\n<h2><span style=\"color: #000000\">Za\u0161to gljive?<\/span><\/h2>\n<p><span style=\"color: #000000\"><span class=\"JLqJ4b ChMk0b\" data-language-for-alternatives=\"hr\" data-language-to-translate-into=\"sl\" data-phrase-index=\"0\" data-number-of-phrases=\"9\"><span class=\"Q4iAWc\">Gljive su vrlo zanimljive.<\/span><\/span> <span class=\"JLqJ4b ChMk0b\" data-language-for-alternatives=\"hr\" data-language-to-translate-into=\"sl\" data-phrase-index=\"1\" data-number-of-phrases=\"9\"><span class=\"Q4iAWc\">Nisu ni biljke ni \u017eivotinje, ali ono \u0161to jesu svakako su nevjerojatni organizmi koji su uspjeli pre\u017eivjeti zapravo gotovo od postanka svijeta.<\/span><\/span> <span class=\"JLqJ4b ChMk0b\" data-language-for-alternatives=\"hr\" data-language-to-translate-into=\"sl\" data-phrase-index=\"2\" data-number-of-phrases=\"9\"><span class=\"Q4iAWc\">Razvili su posebnu strategiju pre\u017eivljavanja koju odr\u017eavaju do danas.<\/span><\/span> <span class=\"JLqJ4b ChMk0b\" data-language-for-alternatives=\"hr\" data-language-to-translate-into=\"sl\" data-phrase-index=\"3\" data-number-of-phrases=\"9\"><span class=\"Q4iAWc\">Me\u0111utim, ljudi tako\u0111er mogu iskoristiti te prednosti jedu\u0107i ljekovite gljive.<\/span><\/span> <span class=\"JLqJ4b ChMk0b\" data-language-for-alternatives=\"hr\" data-language-to-translate-into=\"sl\" data-phrase-index=\"4\" data-number-of-phrases=\"9\"><span class=\"Q4iAWc\">Oni nam donose ravnote\u017eu na fizi\u010dkoj razini i \u0161tite nas od mnogih bolesti.<\/span><\/span> <span class=\"JLqJ4b ChMk0b\" data-language-for-alternatives=\"hr\" data-language-to-translate-into=\"sl\" data-phrase-index=\"5\" data-number-of-phrases=\"9\"><span class=\"Q4iAWc\">Mogu biti preventivne, ali mogu biti i potporno kurativne u slu\u010daju konvencionalnog ili nekog drugog nekonvencionalnog lije\u010denja mnogih bolesti (moderno vrijeme).<\/span><\/span> <span class=\"JLqJ4b ChMk0b\" data-language-for-alternatives=\"hr\" data-language-to-translate-into=\"sl\" data-phrase-index=\"6\" data-number-of-phrases=\"9\"><span class=\"Q4iAWc\">Gljive se tradicionalno pripisuju za djelovanje u slu\u010dajevima raka, autoimunih bolesti i alergija.<\/span><\/span> <span class=\"JLqJ4b ChMk0b\" data-language-for-alternatives=\"hr\" data-language-to-translate-into=\"sl\" data-phrase-index=\"7\" data-number-of-phrases=\"9\"><span class=\"Q4iAWc\">Tako\u0111er imaju dobar u\u010dinak na zdrav i jak odgovor imunolo\u0161kog sustava.<\/span><\/span> <span class=\"JLqJ4b ChMk0b\" data-language-for-alternatives=\"hr\" data-language-to-translate-into=\"sl\" data-phrase-index=\"8\" data-number-of-phrases=\"9\"><span class=\"Q4iAWc\">No, medicinska istra\u017eivanja provedena posljednjih desetlje\u0107a, kada su gljive postale zanimljive i u zapadnom svijetu, potvrdila su mnoge terapeutske aktivne sastojke.<\/span><\/span><\/span><\/p>\n<p><span style=\"color: #000000\"><span class=\"JLqJ4b ChMk0b\" data-language-for-alternatives=\"hr\" data-language-to-translate-into=\"sl\" data-phrase-index=\"0\" data-number-of-phrases=\"5\"><span class=\"Q4iAWc\">Budu\u0107i da su pojedini prirodni aktivni sastojci neprobavljivi ili te\u0161ko probavljivi, <strong>vrlo je va\u017eno da jedemo samo najbolje gljive u prahu<\/strong>.<\/span><\/span> <span class=\"JLqJ4b ChMk0b\" data-language-for-alternatives=\"hr\" data-language-to-translate-into=\"sl\" data-phrase-index=\"1\" data-number-of-phrases=\"5\"><span class=\"Q4iAWc\"><strong>Gljive moraju biti pravilno uzgojene, osu\u0161ene i pripremljene<\/strong>.<\/span><\/span> <span class=\"JLqJ4b ChMk0b\" data-language-for-alternatives=\"hr\" data-language-to-translate-into=\"sl\" data-phrase-index=\"2\" data-number-of-phrases=\"5\"><span class=\"Q4iAWc\"><strong>Moraju se samljeti u fini prah bez komadi\u0107a<\/strong>.<\/span><\/span> <span class=\"JLqJ4b ChMk0b\" data-language-for-alternatives=\"hr\" data-language-to-translate-into=\"sl\" data-phrase-index=\"3\" data-number-of-phrases=\"5\"><span class=\"Q4iAWc\">Boja praha je svjetlija, ali ina\u010de ovisi i o vrsti gljive koju uzimamo.<\/span><\/span> <span class=\"JLqJ4b ChMk0b\" data-language-for-alternatives=\"hr\" data-language-to-translate-into=\"sl\" data-phrase-index=\"4\" data-number-of-phrases=\"5\"><span class=\"Q4iAWc\">Budu\u0107i da su gljive toliko u\u010dinkovite upravo zato \u0161to imaju sposobnost apsorbirati sve \u2013 dobro i lo\u0161e iz okoline, va\u017eno je posegnuti za organski uzgojenim.<\/span><\/span><\/span><\/p>\n<h2><span style=\"color: #000000\">Ambala\u017ea<\/span><\/h2>\n<p><span style=\"color: #000000\"><span class=\"JLqJ4b ChMk0b\" data-language-for-alternatives=\"hr\" data-language-to-translate-into=\"sl\" data-phrase-index=\"0\" data-number-of-phrases=\"2\"><span class=\"Q4iAWc\">Nepropusna vre\u0107ica s patentnim zatvara\u010dem u kojoj proizvod zadr\u017eava svu svje\u017einu i miris.<\/span><\/span> <span class=\"JLqJ4b ChMk0b\" data-language-for-alternatives=\"hr\" data-language-to-translate-into=\"sl\" data-phrase-index=\"1\" data-number-of-phrases=\"2\"><span class=\"Q4iAWc\">Ambala\u017ea \u0161titi od svjetlosti i zraka, jer se sastoji od nekoliko slojeva za\u0161tite koji \u010duvaju svojstva sadr\u017eaja.<\/span><\/span><\/span><\/p>\n<p><span style=\"color: #000000\">Ambala\u017ea je vrlo prakti\u010dna i mo\u017ee se reciklirati.<\/span><\/p>\n<h2><span style=\"color: #000000\">Spremanje i upozorenja<\/span><\/h2>\n<p><span style=\"color: #000000\"><span class=\"JLqJ4b ChMk0b\" data-language-for-alternatives=\"hr\" data-language-to-translate-into=\"sl\" data-phrase-index=\"0\" data-number-of-phrases=\"2\"><span class=\"Q4iAWc\">\u010cuvati na suhom i hladnom mjestu.<\/span><\/span> <span class=\"JLqJ4b ChMk0b\" data-language-for-alternatives=\"hr\" data-language-to-translate-into=\"sl\" data-phrase-index=\"1\" data-number-of-phrases=\"2\"><span class=\"Q4iAWc\">Dodatke prehrani \u010duvajte izvan dohvata djece!<\/span><\/span><\/span><\/p>\n<p><span style=\"color: #000000\"><span class=\"JLqJ4b ChMk0b\" data-language-for-alternatives=\"hr\" data-language-to-translate-into=\"sl\" data-phrase-index=\"0\" data-number-of-phrases=\"3\"><span class=\"Q4iAWc\">Zapamtite va\u017enost raznolike prehrane i zdravog na\u010dina \u017eivota, stoga dodatak prehrani nije zamjena za uravnote\u017eenu i raznoliku prehranu.<\/span><\/span> <span class=\"JLqJ4b ChMk0b\" data-language-for-alternatives=\"hr\" data-language-to-translate-into=\"sl\" data-phrase-index=\"1\" data-number-of-phrases=\"3\"><span class=\"Q4iAWc\">Preporu\u010dena dnevna koli\u010dina ili doza ne smije se prekora\u010diti.<\/span><\/span> <span class=\"JLqJ4b ChMk0b\" data-language-for-alternatives=\"hr\" data-language-to-translate-into=\"sl\" data-phrase-index=\"2\" data-number-of-phrases=\"3\"><span class=\"Q4iAWc\">Trudnicama i dojiljama uvijek se savjetuje da se prije uporabe posavjetuju s lije\u010dnikom.<\/span><\/span><\/span><\/p>\n<h2><span style=\"color: #000000\">Dobro je znati<\/span><\/h2>\n<p><span style=\"color: #000000\"><span class=\"JLqJ4b ChMk0b\" data-language-for-alternatives=\"hr\" data-language-to-translate-into=\"sl\" data-phrase-index=\"0\" data-number-of-phrases=\"3\"><span class=\"Q4iAWc\">Proizvod je tako\u0111er pogodan za \u017eivotinje.<\/span><\/span> <span class=\"JLqJ4b ChMk0b\" data-language-for-alternatives=\"hr\" data-language-to-translate-into=\"sl\" data-phrase-index=\"1\" data-number-of-phrases=\"3\"><span class=\"Q4iAWc\">U ve\u0107ini slu\u010dajeva, ljekovite gljive pokazuju se iznimno u\u010dinkovitima u ja\u010danju imunolo\u0161kog sustava, uklanjanju alergija i ko\u017enih bolesti te virusnih i bakterijskih infekcija.<\/span><\/span> <span class=\"JLqJ4b ChMk0b\" data-language-for-alternatives=\"hr\" data-language-to-translate-into=\"sl\" data-phrase-index=\"2\" data-number-of-phrases=\"3\"><span class=\"Q4iAWc\">Razgovarajte sa svojim veterinarom o prikladnosti uzimanja i preporu\u010denoj dnevnoj koli\u010dini.<\/span><\/span><\/span><\/p>\n<h2><span style=\"color: #000000\">Podrijetlo<\/span><\/h2>\n<div id=\"wrapper\" class=\"open\">\n<div class=\"page-wrapper-inner\">\n<div class=\"custom-container-sirina-dodatno\">\n<p><span style=\"color: #000000\">Kina.<\/span><\/p>\n<p><span style=\"color: #000000\">Imamo vrlo pouzdane dobavlja\u010de koji nam \u0161alju detaljnu kemijsku analizu hrane za svaku seriju. U vi\u0161e od deset godina nismo imali opoziva niti bilo kakvih drugih problema s ovim artiklom, kao ni s drugim artiklima istog dobavlja\u010da.<\/span><\/p>\n<p><span style=\"color: #000000\">Artikal ima 100% ekolo\u0161ki certifikat.<\/span><\/p>\n<\/div>\n<\/div>\n<\/div>\n","protected":false},"excerpt":{"rendered":"<p align=\"JUSTIFY\"><span class=\"JLqJ4b ChMk0b\" data-language-for-alternatives=\"hr\" data-language-to-translate-into=\"sl\" data-phrase-index=\"0\" data-number-of-phrases=\"3\"><span class=\"Q4iAWc\">Polyporus umbellatus ( Jelnovo uho ) je jestiva, ali za\u0161ti\u0107ena gljiva, izgledom sli\u010dna cvjeta\u010di.<\/span><\/span> <span class=\"JLqJ4b ChMk0b\" data-language-for-alternatives=\"hr\" data-language-to-translate-into=\"sl\" data-phrase-index=\"1\" data-number-of-phrases=\"3\"><span class=\"Q4iAWc\">Dok se u kuhanju koristi nadzemni dio (spore), podzemni dio (sklerocija) je ljekovit.<\/span><\/span> <span class=\"JLqJ4b ChMk0b\" data-language-for-alternatives=\"hr\" data-language-to-translate-into=\"sl\" data-phrase-index=\"2\" data-number-of-phrases=\"3\"><span class=\"Q4iAWc\"><strong>Vrlo je istra\u017eena ljekovita gljiva<\/strong>, jer <strong>sadr\u017ei mnoge bioaktivne spojeve koji imaju dokazano antitumorsko i antikancerogeno djelovanje.<\/strong><\/span><\/span><\/p>\n<p><span style=\"color: #000000\">\ud83d\udc9a Izvrstan izvor antioksidansa.<br \/>\n\ud83d\udc9a Poti\u010de i ja\u010da imunolo\u0161ki sustav.<br \/>\n\ud83d\udc9a Poma\u017ee kod problema s bubrezima i jetrom.<br \/>\n\ud83d\udc9a Ima antitumorski u\u010dinak.<\/span><\/p>\n<p>&nbsp;<\/p>\n<p>&nbsp;<\/p>\n","protected":false},"featured_media":5921,"comment_status":"open","ping_status":"closed","template":"","meta":{"_acf_changed":false},"product_brand":[],"product_cat":[15,198,216],"product_tag":[],"class_list":{"0":"post-5972","1":"product","2":"type-product","3":"status-publish","4":"has-post-thumbnail","6":"product_cat-uncategorized","7":"product_cat-ljekovite-gljive","8":"product_cat-svi-proizvodi-ponudba","10":"first","11":"instock","12":"taxable","13":"shipping-taxable","14":"purchasable","15":"product-type-simple"},"acf":[],"_links":{"self":[{"href":"https:\/\/fengchashop.com\/hr\/wp-json\/wp\/v2\/product\/5972","targetHints":{"allow":["GET"]}}],"collection":[{"href":"https:\/\/fengchashop.com\/hr\/wp-json\/wp\/v2\/product"}],"about":[{"href":"https:\/\/fengchashop.com\/hr\/wp-json\/wp\/v2\/types\/product"}],"replies":[{"embeddable":true,"href":"https:\/\/fengchashop.com\/hr\/wp-json\/wp\/v2\/comments?post=5972"}],"wp:featuredmedia":[{"embeddable":true,"href":"https:\/\/fengchashop.com\/hr\/wp-json\/wp\/v2\/media\/5921"}],"wp:attachment":[{"href":"https:\/\/fengchashop.com\/hr\/wp-json\/wp\/v2\/media?parent=5972"}],"wp:term":[{"taxonomy":"product_brand","embeddable":true,"href":"https:\/\/fengchashop.com\/hr\/wp-json\/wp\/v2\/product_brand?post=5972"},{"taxonomy":"product_cat","embeddable":true,"href":"https:\/\/fengchashop.com\/hr\/wp-json\/wp\/v2\/product_cat?post=5972"},{"taxonomy":"product_tag","embeddable":true,"href":"https:\/\/fengchashop.com\/hr\/wp-json\/wp\/v2\/product_tag?post=5972"}],"curies":[{"name":"wp","href":"https:\/\/api.w.org\/{rel}","templated":true}]}}