{"id":5971,"date":"2022-02-22T09:57:12","date_gmt":"2022-02-22T08:57:12","guid":{"rendered":"https:\/\/fengchashop.com\/hr\/product\/agaricus-blazei-bio-125-g\/"},"modified":"2026-04-16T00:39:47","modified_gmt":"2026-04-15T22:39:47","slug":"agaricus-blazei-bio","status":"publish","type":"product","link":"https:\/\/fengchashop.com\/hr\/product\/agaricus-blazei-bio\/","title":{"rendered":"Agaricus blazei BIO 125 g"},"content":{"rendered":"<h2><span style=\"color: #000000\">Agaricus blazei BIO<\/span><\/h2>\n<p><span style=\"color: #000000\">Agaricus blazei\u00a0 (&#8220;<em>bademova gljiva<\/em>&#8220;) jedno je od najnovijih otkri\u0107a u podru\u010dju ljekovitih gljiva i sve vi\u0161e dobiva na va\u017enosti u svijetu. Gljiva potje\u010de iz Brazila. Tako\u0111er se koristi u Japanu i drugim azijskim zemljama, gdje se ljekovite gljive ve\u0107 tisu\u0107lje\u0107ima koriste u terapeutske svrhe.<\/span><\/p>\n<p><span style=\"color: #000000\"><span class=\"JLqJ4b ChMk0b\" data-language-for-alternatives=\"hr\" data-language-to-translate-into=\"sl\" data-phrase-index=\"0\" data-number-of-phrases=\"3\"><span class=\"Q4iAWc\">U obliku praha, Agaricus blazei sadr\u017ei mnoge hranjive tvari, njegovi pozitivni u\u010dinci su <strong>i znanstveno dokazani<\/strong>.<\/span><\/span> <span class=\"JLqJ4b ChMk0b\" data-language-for-alternatives=\"hr\" data-language-to-translate-into=\"sl\" data-phrase-index=\"1\" data-number-of-phrases=\"3\"><span class=\"Q4iAWc\">Istra\u017eivanja iz razli\u010ditih zemalja diljem svijeta otkrila su niz korisnih u\u010dinaka povezanih s redovitom konzumacijom ove gljive.<\/span><\/span> <span class=\"JLqJ4b ChMk0b\" data-language-for-alternatives=\"hr\" data-language-to-translate-into=\"sl\" data-phrase-index=\"2\" data-number-of-phrases=\"3\"><span class=\"Q4iAWc\">Prije svega <strong>ja\u010da imunolo\u0161ki sustav, djeluje preventivno, protuupalno i antivirusno<\/strong>.<\/span><\/span><\/span><\/p>\n<p><span style=\"color: #000000\">Malo je manje poznata i u ponudi ljekovitih gljiva me\u0111u novijima, ali zbog brojnih ljekovitih svojstava iznimno brzo stje\u010de popularnost.<\/span><\/p>\n<p><span style=\"color: #000000\"><span class=\"JLqJ4b ChMk0b\" data-language-for-alternatives=\"hr\" data-language-to-translate-into=\"sl\" data-phrase-index=\"0\" data-number-of-phrases=\"2\"><span class=\"Q4iAWc\">Proizvodnja na\u0161eg Agaricus blazei je strogo kontrolirana, bez upotrebe kemikalija ili pesticida i 100% organski.<\/span><\/span> <span class=\"JLqJ4b ChMk0b\" data-language-for-alternatives=\"hr\" data-language-to-translate-into=\"sl\" data-phrase-index=\"1\" data-number-of-phrases=\"2\"><span class=\"Q4iAWc\">Kvalitetu gljiva redovito prate nezavisni laboratoriji u Sloveniji i SAD-u.<\/span><\/span><\/span><\/p>\n<h2><span style=\"color: #000000\">\u0160to sadr\u017ei i kome je namijenjena?<\/span><\/h2>\n<p><span style=\"color: #000000\"><span class=\"JLqJ4b ChMk0b\" data-language-for-alternatives=\"hr\" data-language-to-translate-into=\"sl\" data-phrase-index=\"0\" data-number-of-phrases=\"2\"><span class=\"Q4iAWc\">Agaricus blazei se sastoji od raznih polisaharida, vitamina, mineralnih soli i drugih antioksidansa.<\/span><\/span> <span class=\"JLqJ4b ChMk0b\" data-language-for-alternatives=\"hr\" data-language-to-translate-into=\"sl\" data-phrase-index=\"1\" data-number-of-phrases=\"2\"><span class=\"Q4iAWc\">Svi elementi u gljivi prisutni su u velikim koli\u010dinama i vrlo pozitivno djeluju na na\u0161 organizam.<\/span><\/span><\/span><\/p>\n<p><span style=\"color: #000000\">Odabrani pozitivni terapijski u\u010dinci koji se mogu posti\u0107i uzimanjem praha Agaricus blazei su sljede\u0107i:<\/span><\/p>\n<p><span style=\"color: #000000\">\ud83d\udc9a ima <strong>antitumorski<\/strong> i <strong>imunostimulacijski<\/strong> <strong>u\u010dinak<\/strong> te se stoga koristi u potpornoj terapiji u konvencionalnom <strong>lije\u010denju raka<\/strong>,<\/span><br \/>\n<span style=\"color: #000000\">\ud83d\udc9a ima <strong>antivirusna<\/strong> i <strong>protuupalna<\/strong> svojstva,<\/span><br \/>\n<span style=\"color: #000000\">\ud83d\udc9a blagotvorno djeluje na <strong>jetru<\/strong>,<\/span><br \/>\n<span style=\"color: #000000\">\ud83d\udc9a poma\u017ee u lije\u010denju <strong>ko\u017enih<\/strong> problema<\/span><br \/>\n<span style=\"color: #000000\">\ud83d\udc9a pobolj\u0161ava rad <strong>crijeva<\/strong>,<\/span><br \/>\n<span style=\"color: #000000\">\ud83d\udc9a djeluje <strong>protiv dijabetesa<\/strong>, <strong>arterioskleroze<\/strong>, <strong>visokog kolesterola<\/strong> i <strong>alergija<\/strong>,<\/span><br \/>\n<span style=\"color: #000000\">\ud83d\udc9a <strong>koristi se za smanjenje stresa<\/strong>,<\/span><br \/>\n<span style=\"color: #000000\">\ud83d\udc9a za <strong>lije\u010denje hepatitisa<\/strong>, <strong>dermatitisa<\/strong>, <strong>osteoporoze<\/strong>, <strong>kardiovaskularnih<\/strong> bolesti, <strong>gastrointestinalnih<\/strong> bolesti\u2026<\/span><\/p>\n<p><span style=\"color: #000000\"><span class=\"JLqJ4b ChMk0b\" data-language-for-alternatives=\"hr\" data-language-to-translate-into=\"sl\" data-phrase-index=\"0\" data-number-of-phrases=\"3\"><span class=\"Q4iAWc\">Agaricus blazei se \u010desto nalazi na popisu onih gljiva koje se preporu\u010da konzumirati tijekom konvencionalnog lije\u010denja raka jer ubla\u017eava nuspojave kemoterapije i radioterapije.<\/span><\/span> <span class=\"JLqJ4b ChMk0b\" data-language-for-alternatives=\"hr\" data-language-to-translate-into=\"sl\" data-phrase-index=\"1\" data-number-of-phrases=\"3\"><span class=\"Q4iAWc\">Osim toga, mo\u017ee imati i svojstva protiv raka i tumora.<\/span><\/span> <span class=\"JLqJ4b ChMk0b\" data-language-for-alternatives=\"hr\" data-language-to-translate-into=\"sl\" data-phrase-index=\"2\" data-number-of-phrases=\"3\"><span class=\"Q4iAWc\">Pobolj\u0161ava \u017eivot oboljelima od raka i ono \u0161to je iznimno va\u017eno je da je Agaricus blazei 100% prirodan proizvod koji nam mo\u017ee pomo\u0107i na prirodan na\u010din. <\/span><\/span>Pobolj\u0161ava simptome na\u0161ih problema i pozitivno utje\u010de na op\u0107u dobrobit.<\/span><\/p>\n<h2><span style=\"color: #000000\">Za\u0161to gljive?<\/span><\/h2>\n<p><span style=\"color: #000000\"><span class=\"JLqJ4b ChMk0b\" data-language-for-alternatives=\"hr\" data-language-to-translate-into=\"sl\" data-phrase-index=\"0\" data-number-of-phrases=\"9\"><span class=\"Q4iAWc\">Gljive su vrlo zanimljive.<\/span><\/span> <span class=\"JLqJ4b ChMk0b\" data-language-for-alternatives=\"hr\" data-language-to-translate-into=\"sl\" data-phrase-index=\"1\" data-number-of-phrases=\"9\"><span class=\"Q4iAWc\">Nisu ni biljke ni \u017eivotinje, ali ono \u0161to jesu svakako su nevjerojatni organizmi koji su uspjeli pre\u017eivjeti zapravo gotovo od postanka svijeta.<\/span><\/span> <span class=\"JLqJ4b ChMk0b\" data-language-for-alternatives=\"hr\" data-language-to-translate-into=\"sl\" data-phrase-index=\"2\" data-number-of-phrases=\"9\"><span class=\"Q4iAWc\">Razvili su posebnu strategiju pre\u017eivljavanja koju odr\u017eavaju do danas.<\/span><\/span> <span class=\"JLqJ4b ChMk0b\" data-language-for-alternatives=\"hr\" data-language-to-translate-into=\"sl\" data-phrase-index=\"3\" data-number-of-phrases=\"9\"><span class=\"Q4iAWc\">Me\u0111utim, ljudi tako\u0111er mogu iskoristiti te prednosti jedu\u0107i ljekovite gljive.<\/span><\/span> <span class=\"JLqJ4b ChMk0b\" data-language-for-alternatives=\"hr\" data-language-to-translate-into=\"sl\" data-phrase-index=\"4\" data-number-of-phrases=\"9\"><span class=\"Q4iAWc\">Oni nam donose ravnote\u017eu na fizi\u010dkoj razini i \u0161tite nas od mnogih bolesti.<\/span><\/span> <span class=\"JLqJ4b ChMk0b\" data-language-for-alternatives=\"hr\" data-language-to-translate-into=\"sl\" data-phrase-index=\"5\" data-number-of-phrases=\"9\"><span class=\"Q4iAWc\">Mogu biti preventivne, ali mogu biti i potporno kurativne u slu\u010daju konvencionalnog ili nekog drugog nekonvencionalnog lije\u010denja mnogih bolesti (moderno vrijeme).<\/span><\/span> <span class=\"JLqJ4b ChMk0b\" data-language-for-alternatives=\"hr\" data-language-to-translate-into=\"sl\" data-phrase-index=\"6\" data-number-of-phrases=\"9\"><span class=\"Q4iAWc\">Gljive se tradicionalno pripisuju za djelovanje u slu\u010dajevima raka, autoimunih bolesti i alergija.<\/span><\/span> <span class=\"JLqJ4b ChMk0b\" data-language-for-alternatives=\"hr\" data-language-to-translate-into=\"sl\" data-phrase-index=\"7\" data-number-of-phrases=\"9\"><span class=\"Q4iAWc\">Tako\u0111er imaju dobar u\u010dinak na zdrav i jak odgovor imunolo\u0161kog sustava.<\/span><\/span> <span class=\"JLqJ4b ChMk0b\" data-language-for-alternatives=\"hr\" data-language-to-translate-into=\"sl\" data-phrase-index=\"8\" data-number-of-phrases=\"9\"><span class=\"Q4iAWc\">No, medicinska istra\u017eivanja provedena posljednjih desetlje\u0107a, kada su gljive postale zanimljive i u zapadnom svijetu, potvrdila su mnoge terapeutske aktivne sastojke.<\/span><\/span><\/span><\/p>\n<p><span style=\"color: #000000\"><span class=\"JLqJ4b ChMk0b\" data-language-for-alternatives=\"hr\" data-language-to-translate-into=\"sl\" data-phrase-index=\"0\" data-number-of-phrases=\"5\"><span class=\"Q4iAWc\">Budu\u0107i da su pojedini prirodni aktivni sastojci neprobavljivi ili te\u0161ko probavljivi, <strong>vrlo je va\u017eno da jedemo samo najbolje gljive u prahu<\/strong>.<\/span><\/span> <span class=\"JLqJ4b ChMk0b\" data-language-for-alternatives=\"hr\" data-language-to-translate-into=\"sl\" data-phrase-index=\"1\" data-number-of-phrases=\"5\"><span class=\"Q4iAWc\"><strong>Gljive moraju biti pravilno uzgojene, osu\u0161ene i pripremljene<\/strong>.<\/span><\/span> <span class=\"JLqJ4b ChMk0b\" data-language-for-alternatives=\"hr\" data-language-to-translate-into=\"sl\" data-phrase-index=\"2\" data-number-of-phrases=\"5\"><span class=\"Q4iAWc\"><strong>Moraju se samljeti u fini prah bez komadi\u0107a<\/strong>.<\/span><\/span> <span class=\"JLqJ4b ChMk0b\" data-language-for-alternatives=\"hr\" data-language-to-translate-into=\"sl\" data-phrase-index=\"3\" data-number-of-phrases=\"5\"><span class=\"Q4iAWc\">Boja praha je svjetlija, ali ina\u010de ovisi i o vrsti gljive koju uzimamo.<\/span><\/span> <span class=\"JLqJ4b ChMk0b\" data-language-for-alternatives=\"hr\" data-language-to-translate-into=\"sl\" data-phrase-index=\"4\" data-number-of-phrases=\"5\"><span class=\"Q4iAWc\">Budu\u0107i da su gljive toliko u\u010dinkovite upravo zato \u0161to imaju sposobnost apsorbirati sve \u2013 dobro i lo\u0161e iz okoline, va\u017eno je posegnuti za organski uzgojenim.<\/span><\/span><\/span><\/p>\n<h2><span style=\"color: #000000\">Ambala\u017ea<\/span><\/h2>\n<p><span style=\"color: #000000\"><span class=\"JLqJ4b ChMk0b\" data-language-for-alternatives=\"hr\" data-language-to-translate-into=\"sl\" data-phrase-index=\"0\" data-number-of-phrases=\"2\"><span class=\"Q4iAWc\">Nepropusna vre\u0107ica s patentnim zatvara\u010dem u kojoj proizvod zadr\u017eava svu svje\u017einu i miris.<\/span><\/span> <span class=\"JLqJ4b ChMk0b\" data-language-for-alternatives=\"hr\" data-language-to-translate-into=\"sl\" data-phrase-index=\"1\" data-number-of-phrases=\"2\"><span class=\"Q4iAWc\">Ambala\u017ea \u0161titi od svjetlosti i zraka, jer se sastoji od nekoliko slojeva za\u0161tite koji \u010duvaju svojstva sadr\u017eaja.<\/span><\/span><\/span><\/p>\n<p><span style=\"color: #000000\">Ambala\u017ea je vrlo prakti\u010dna i mo\u017ee se reciklirati.<\/span><\/p>\n<h2><span style=\"color: #000000\">Spremanje i upozorenja<\/span><\/h2>\n<p><span style=\"color: #000000\"><span class=\"JLqJ4b ChMk0b\" data-language-for-alternatives=\"hr\" data-language-to-translate-into=\"sl\" data-phrase-index=\"0\" data-number-of-phrases=\"2\"><span class=\"Q4iAWc\">\u010cuvati na suhom i hladnom mjestu.<\/span><\/span> <span class=\"JLqJ4b ChMk0b\" data-language-for-alternatives=\"hr\" data-language-to-translate-into=\"sl\" data-phrase-index=\"1\" data-number-of-phrases=\"2\"><span class=\"Q4iAWc\">Dodatke prehrani \u010duvajte izvan dohvata djece!<\/span><\/span><\/span><\/p>\n<p><span style=\"color: #000000\"><span class=\"JLqJ4b ChMk0b\" data-language-for-alternatives=\"hr\" data-language-to-translate-into=\"sl\" data-phrase-index=\"0\" data-number-of-phrases=\"3\"><span class=\"Q4iAWc\">Zapamtite va\u017enost raznolike prehrane i zdravog na\u010dina \u017eivota, stoga dodatak prehrani nije zamjena za uravnote\u017eenu i raznoliku prehranu.<\/span><\/span> <span class=\"JLqJ4b ChMk0b\" data-language-for-alternatives=\"hr\" data-language-to-translate-into=\"sl\" data-phrase-index=\"1\" data-number-of-phrases=\"3\"><span class=\"Q4iAWc\">Preporu\u010dena dnevna koli\u010dina ili doza ne smije se prekora\u010diti.<\/span><\/span> <span class=\"JLqJ4b ChMk0b\" data-language-for-alternatives=\"hr\" data-language-to-translate-into=\"sl\" data-phrase-index=\"2\" data-number-of-phrases=\"3\"><span class=\"Q4iAWc\">Trudnicama i dojiljama uvijek se savjetuje da se prije uporabe posavjetuju s lije\u010dnikom.<\/span><\/span><\/span><\/p>\n<h2><span style=\"color: #000000\">Dobro je znati<\/span><\/h2>\n<p><span style=\"color: #000000\"><span class=\"JLqJ4b ChMk0b\" data-language-for-alternatives=\"hr\" data-language-to-translate-into=\"sl\" data-phrase-index=\"0\" data-number-of-phrases=\"3\"><span class=\"Q4iAWc\">Proizvod je tako\u0111er pogodan za \u017eivotinje.<\/span><\/span> <span class=\"JLqJ4b ChMk0b\" data-language-for-alternatives=\"hr\" data-language-to-translate-into=\"sl\" data-phrase-index=\"1\" data-number-of-phrases=\"3\"><span class=\"Q4iAWc\">U ve\u0107ini slu\u010dajeva, ljekovite gljive pokazuju se iznimno u\u010dinkovitima u ja\u010danju imunolo\u0161kog sustava, uklanjanju alergija i ko\u017enih bolesti te virusnih i bakterijskih infekcija.<\/span><\/span> <span class=\"JLqJ4b ChMk0b\" data-language-for-alternatives=\"hr\" data-language-to-translate-into=\"sl\" data-phrase-index=\"2\" data-number-of-phrases=\"3\"><span class=\"Q4iAWc\">Razgovarajte sa svojim veterinarom o prikladnosti uzimanja i preporu\u010denoj dnevnoj koli\u010dini.<\/span><\/span><\/span><\/p>\n<h2><span style=\"color: #000000\">Podrijetlo<\/span><\/h2>\n<p><span style=\"color: #000000\">Slovenija<\/span><\/p>\n","protected":false},"excerpt":{"rendered":"<p align=\"JUSTIFY\">Agaricus blazei (&#8220;<em>bademova gljiva<\/em>&#8220;) <strong>jedno je od najnovijih otkri\u0107a u podru\u010dju ljekovitih gljiva<\/strong> i <strong>sve vi\u0161e dobiva na va\u017enosti u svijetu<\/strong>. Gljiva potje\u010de iz Brazila. Tako\u0111er se koristi u Japanu i drugim azijskim zemljama, gdje se ljekovite gljive ve\u0107 tisu\u0107lje\u0107ima koriste za:<\/p>\n<p><span style=\"color: #000000\">\ud83d\udc9a ima antitumorsko i imunostimuliraju\u0107e djelovanje,<br \/>\n\ud83d\udc9a blagotvorno djeluje na jetru,<br \/>\n\ud83d\udc9a ima antivirusna i protuupalna svojstva,<br \/>\n\ud83d\udc9a regulira razinu \u0161e\u0107era u krvi.<\/span><\/p>\n<p>&nbsp;<\/p>\n<p>&nbsp;<\/p>\n","protected":false},"featured_media":5850,"comment_status":"open","ping_status":"closed","template":"","meta":{"_acf_changed":false},"product_brand":[],"product_cat":[15,198,216],"product_tag":[],"class_list":{"0":"post-5971","1":"product","2":"type-product","3":"status-publish","4":"has-post-thumbnail","6":"product_cat-uncategorized","7":"product_cat-ljekovite-gljive","8":"product_cat-svi-proizvodi-ponudba","10":"first","11":"instock","12":"taxable","13":"shipping-taxable","14":"purchasable","15":"product-type-simple"},"acf":[],"_links":{"self":[{"href":"https:\/\/fengchashop.com\/hr\/wp-json\/wp\/v2\/product\/5971","targetHints":{"allow":["GET"]}}],"collection":[{"href":"https:\/\/fengchashop.com\/hr\/wp-json\/wp\/v2\/product"}],"about":[{"href":"https:\/\/fengchashop.com\/hr\/wp-json\/wp\/v2\/types\/product"}],"replies":[{"embeddable":true,"href":"https:\/\/fengchashop.com\/hr\/wp-json\/wp\/v2\/comments?post=5971"}],"wp:featuredmedia":[{"embeddable":true,"href":"https:\/\/fengchashop.com\/hr\/wp-json\/wp\/v2\/media\/5850"}],"wp:attachment":[{"href":"https:\/\/fengchashop.com\/hr\/wp-json\/wp\/v2\/media?parent=5971"}],"wp:term":[{"taxonomy":"product_brand","embeddable":true,"href":"https:\/\/fengchashop.com\/hr\/wp-json\/wp\/v2\/product_brand?post=5971"},{"taxonomy":"product_cat","embeddable":true,"href":"https:\/\/fengchashop.com\/hr\/wp-json\/wp\/v2\/product_cat?post=5971"},{"taxonomy":"product_tag","embeddable":true,"href":"https:\/\/fengchashop.com\/hr\/wp-json\/wp\/v2\/product_tag?post=5971"}],"curies":[{"name":"wp","href":"https:\/\/api.w.org\/{rel}","templated":true}]}}