{"id":5969,"date":"2022-02-22T09:22:38","date_gmt":"2022-02-22T08:22:38","guid":{"rendered":"https:\/\/fengchashop.com\/hr\/product\/auricularia-auricula-bio-125-g\/"},"modified":"2026-05-09T17:36:41","modified_gmt":"2026-05-09T15:36:41","slug":"auricularia-auricula-bio","status":"publish","type":"product","link":"https:\/\/fengchashop.com\/hr\/product\/auricularia-auricula-bio\/","title":{"rendered":"Auricularia auricula BIO 125 g"},"content":{"rendered":"<h2><span style=\"color: #000000\">Auricularia auricula BIO u prahu<\/span><\/h2>\n<p><span style=\"color: #000000\"><span class=\"JLqJ4b ChMk0b\" data-language-for-alternatives=\"hr\" data-language-to-translate-into=\"sl\" data-phrase-index=\"0\" data-number-of-phrases=\"6\"><span class=\"Q4iAWc\">Auricularia auricula sve vi\u0161e dobiva na va\u017enosti kao dodatak prehrani, budu\u0107i <strong>da je po koli\u010dini proizvedene na \u010detvrtom mjestu u svijetu<\/strong>.<\/span><\/span> <span class=\"JLqJ4b ChMk0b\" data-language-for-alternatives=\"hr\" data-language-to-translate-into=\"sl\" data-phrase-index=\"1\" data-number-of-phrases=\"6\"><span class=\"Q4iAWc\">Poznata je i kao <strong>Judino uho<\/strong>.<\/span><\/span> <span class=\"JLqJ4b ChMk0b\" data-language-for-alternatives=\"hr\" data-language-to-translate-into=\"sl\" data-phrase-index=\"2\" data-number-of-phrases=\"6\"><span class=\"Q4iAWc\">Tako\u0111er se koristi u orijentalnoj kuhinji.<\/span><\/span> <span class=\"JLqJ4b ChMk0b\" data-language-for-alternatives=\"hr\" data-language-to-translate-into=\"sl\" data-phrase-index=\"3\" data-number-of-phrases=\"6\"><span class=\"Q4iAWc\">U medicinske svrhe preporu\u010duje se kod <strong>raznih upala<\/strong>.<\/span><\/span> <span class=\"JLqJ4b ChMk0b\" data-language-for-alternatives=\"hr\" data-language-to-translate-into=\"sl\" data-phrase-index=\"4\" data-number-of-phrases=\"6\"><span class=\"Q4iAWc\">Znanstvena istra\u017eivanja pokazala su i povoljan u\u010dinak na kardiovaskularni sustav, sni\u017eavaju\u0107i razinu lo\u0161eg LDL kolesterola i sprje\u010davaju\u0107i stvaranje krvnih ugru\u0161aka.<\/span><\/span> <span class=\"JLqJ4b ChMk0b\" data-language-for-alternatives=\"hr\" data-language-to-translate-into=\"sl\" data-phrase-index=\"5\" data-number-of-phrases=\"6\"><span class=\"Q4iAWc\">Nalazi tako\u0111er ukazuju na antivirusno, antibakterijsko i antiparazitsko djelovanje.<\/span><\/span><\/span><\/p>\n<p><span style=\"color: #000000\">Ako ste trudni, dojite ili planirate trudno\u0107u, upotreba Auricularia auricula se ne preporu\u010duje jer smanjuje plodnost.<\/span><\/p>\n<p><span style=\"color: #000000\"><span class=\"JLqJ4b ChMk0b\" data-language-for-alternatives=\"hr\" data-language-to-translate-into=\"sl\" data-phrase-index=\"0\" data-number-of-phrases=\"2\"><span class=\"Q4iAWc\">Proizvodnja na\u0161e gljive Auricularia auricula strogo je kontrolirana, bez upotrebe kemikalija i pesticida i <strong>10<\/strong><\/span><\/span><span class=\"JLqJ4b ChMk0b\" data-language-for-alternatives=\"hr\" data-language-to-translate-into=\"sl\" data-phrase-index=\"0\" data-number-of-phrases=\"2\"><span class=\"Q4iAWc\"><strong>0% organska<\/strong>.<\/span><\/span> <span class=\"JLqJ4b ChMk0b\" data-language-for-alternatives=\"hr\" data-language-to-translate-into=\"sl\" data-phrase-index=\"1\" data-number-of-phrases=\"2\"><span class=\"Q4iAWc\">Kvalitetu gljiva redovito prate nezavisni laboratoriji u Sloveniji i SAD-u.<\/span><\/span><\/span><\/p>\n<h2><span style=\"color: #000000\">\u0160to sadr\u017ei i kome je namijenjena?<\/span><\/h2>\n<p><span style=\"color: #000000\">Auricularia auricula se sastoji od raznih polisaharida, vitamina, mineralnih soli i drugih antioksidansa.<\/span><\/p>\n<p><span style=\"color: #000000\">Svi elementi u gljivi prisutni su u velikim koli\u010dinama i vrlo pozitivno djeluju na na\u0161 organizam.<\/span><\/p>\n<p><span style=\"color: #000000\">Uzimanje Auricularie auricule mo\u017ee pomo\u0107i kod:<\/span><\/p>\n<p><span style=\"color: #000000\">\ud83d\udc9a grlobolja i o\u010di,<\/span><\/p>\n<p><span style=\"color: #000000\">\ud83d\udc9a sprje\u010davanju stvaranja krvnih ugru\u0161aka,<\/span><\/p>\n<p><span style=\"color: #000000\">\ud83d\udc9a problema i stanja kardiovaskularnog sustava,<\/span><\/p>\n<p><span style=\"color: #000000\">\ud83d\udc9a sni\u017eavanja razine ukupnog i lo\u0161eg kolesterola u krvi<\/span><\/p>\n<p><span style=\"color: #000000\">\ud83d\udc9a drugih upala.<\/span><\/p>\n<p>&nbsp;<\/p>\n<p><span style=\"color: #000000\">Preporu\u010damo jesti gljive osobito osobama <strong>koje imaju \u010deste upale<\/strong>, osobito grla i o\u010diju.<\/span><\/p>\n<p><span style=\"color: #000000\"><span class=\"JLqJ4b ChMk0b\" data-language-for-alternatives=\"hr\" data-language-to-translate-into=\"sl\" data-phrase-index=\"0\" data-number-of-phrases=\"2\"><span class=\"Q4iAWc\">A ono \u0161to je u tome iznimno va\u017eno je da je Auricularia auricula 100% prirodan proizvod koji nam mo\u017ee pomo\u0107i na prirodan na\u010din.<\/span><\/span> <span class=\"JLqJ4b ChMk0b\" data-language-for-alternatives=\"hr\" data-language-to-translate-into=\"sl\" data-phrase-index=\"1\" data-number-of-phrases=\"2\"><span class=\"Q4iAWc\">Pobolj\u0161ava simptome na\u0161ih problema i pozitivno utje\u010de na op\u0107u dobrobit.<\/span><\/span><\/span><\/p>\n<h2><span style=\"color: #000000\">Za\u0161to gljive?<\/span><\/h2>\n<p><span style=\"color: #000000\"><span class=\"JLqJ4b ChMk0b\" data-language-for-alternatives=\"hr\" data-language-to-translate-into=\"sl\" data-phrase-index=\"0\" data-number-of-phrases=\"9\"><span class=\"Q4iAWc\">Gljive su vrlo zanimljive.<\/span><\/span> <span class=\"JLqJ4b ChMk0b\" data-language-for-alternatives=\"hr\" data-language-to-translate-into=\"sl\" data-phrase-index=\"1\" data-number-of-phrases=\"9\"><span class=\"Q4iAWc\">Nisu ni biljke ni \u017eivotinje, ali ono \u0161to jesu svakako su <strong>nevjerojatni organizmi<\/strong> koji su uspjeli pre\u017eivjeti zapravo gotovo od postanka svijeta.<\/span><\/span> <span class=\"JLqJ4b ChMk0b\" data-language-for-alternatives=\"hr\" data-language-to-translate-into=\"sl\" data-phrase-index=\"2\" data-number-of-phrases=\"9\"><span class=\"Q4iAWc\">Razvili su posebnu strategiju pre\u017eivljavanja koju odr\u017eavaju do danas.<\/span><\/span> <span class=\"JLqJ4b ChMk0b\" data-language-for-alternatives=\"hr\" data-language-to-translate-into=\"sl\" data-phrase-index=\"3\" data-number-of-phrases=\"9\"><span class=\"Q4iAWc\">Me\u0111utim, ljudi tako\u0111er mogu iskoristiti te prednosti jedu\u0107i ljekovite gljive.<\/span><\/span> <span class=\"JLqJ4b ChMk0b\" data-language-for-alternatives=\"hr\" data-language-to-translate-into=\"sl\" data-phrase-index=\"4\" data-number-of-phrases=\"9\"><span class=\"Q4iAWc\">Oni nam donose ravnote\u017eu na fizi\u010dkoj razini i \u0161tite nas od mnogih bolesti.<\/span><\/span> <span class=\"JLqJ4b ChMk0b\" data-language-for-alternatives=\"hr\" data-language-to-translate-into=\"sl\" data-phrase-index=\"5\" data-number-of-phrases=\"9\"><span class=\"Q4iAWc\">Mogu biti <strong>preventivne<\/strong>, ali mogu biti i <strong>potporno kurativne<\/strong> u slu\u010daju konvencionalnog ili nekog drugog nekonvencionalnog lije\u010denja mnogih bolesti (moderno vrijeme).<\/span><\/span> <span class=\"JLqJ4b ChMk0b\" data-language-for-alternatives=\"hr\" data-language-to-translate-into=\"sl\" data-phrase-index=\"6\" data-number-of-phrases=\"9\"><span class=\"Q4iAWc\">Gljive se tradicionalno pripisuju za djelovanje u slu\u010dajevima raka, autoimunih bolesti i alergija.<\/span><\/span> <span class=\"JLqJ4b ChMk0b\" data-language-for-alternatives=\"hr\" data-language-to-translate-into=\"sl\" data-phrase-index=\"7\" data-number-of-phrases=\"9\"><span class=\"Q4iAWc\">Tako\u0111er imaju dobar u\u010dinak na zdrav i jak odgovor imunolo\u0161kog sustava.<\/span><\/span> <span class=\"JLqJ4b ChMk0b\" data-language-for-alternatives=\"hr\" data-language-to-translate-into=\"sl\" data-phrase-index=\"8\" data-number-of-phrases=\"9\"><span class=\"Q4iAWc\">No, medicinska istra\u017eivanja provedena posljednjih desetlje\u0107a, kada su gljive postale zanimljive i u zapadnom svijetu, potvrdila su mnoge terapeutske aktivne sastojke.<\/span><\/span><\/span><\/p>\n<p><span style=\"color: #000000\"><span class=\"JLqJ4b ChMk0b\" data-language-for-alternatives=\"hr\" data-language-to-translate-into=\"sl\" data-phrase-index=\"0\" data-number-of-phrases=\"5\"><span class=\"Q4iAWc\">Budu\u0107i da su odre\u0111eni prirodni aktivni sastojci neprobavljivi ili te\u0161ko probavljivi, vrlo je va\u017eno da jedemo samo najbolje gljive u prahu.<\/span><\/span> <span class=\"JLqJ4b ChMk0b\" data-language-for-alternatives=\"hr\" data-language-to-translate-into=\"sl\" data-phrase-index=\"1\" data-number-of-phrases=\"5\"><span class=\"Q4iAWc\">Gljive moraju biti pravilno uzgojene, osu\u0161ene i pripremljene.<\/span><\/span> <span class=\"JLqJ4b ChMk0b\" data-language-for-alternatives=\"hr\" data-language-to-translate-into=\"sl\" data-phrase-index=\"2\" data-number-of-phrases=\"5\"><span class=\"Q4iAWc\">Moraju se samljeti u fini prah bez komadi\u0107a.<\/span><\/span> <span class=\"JLqJ4b ChMk0b\" data-language-for-alternatives=\"hr\" data-language-to-translate-into=\"sl\" data-phrase-index=\"3\" data-number-of-phrases=\"5\"><span class=\"Q4iAWc\">Boja praha je svjetlija, ali ina\u010de ovisi i o vrsti gljive koju uzimamo.<\/span><\/span> <span class=\"JLqJ4b ChMk0b\" data-language-for-alternatives=\"hr\" data-language-to-translate-into=\"sl\" data-phrase-index=\"4\" data-number-of-phrases=\"5\"><span class=\"Q4iAWc\">Budu\u0107i da su gljive toliko u\u010dinkovite upravo zato \u0161to imaju sposobnost apsorbirati sve \u2013 dobro i lo\u0161e iz okoline, va\u017eno je posegnuti za organski uzgojenim.<\/span><\/span><\/span><\/p>\n<h2><span style=\"color: #000000\">Ambala\u017ea<\/span><\/h2>\n<p><span style=\"color: #000000\"><span class=\"JLqJ4b ChMk0b\" data-language-for-alternatives=\"hr\" data-language-to-translate-into=\"sl\" data-phrase-index=\"0\" data-number-of-phrases=\"2\"><span class=\"Q4iAWc\">Nepropusna vre\u0107ica s patentnim zatvara\u010dem u kojoj proizvod zadr\u017eava svu svje\u017einu i miris.<\/span><\/span> <span class=\"JLqJ4b ChMk0b\" data-language-for-alternatives=\"hr\" data-language-to-translate-into=\"sl\" data-phrase-index=\"1\" data-number-of-phrases=\"2\"><span class=\"Q4iAWc\">Ambala\u017ea \u0161titi od svjetlosti i zraka, jer se sastoji od nekoliko slojeva za\u0161tite koji \u010duvaju svojstva sadr\u017eaja.<\/span><\/span><\/span><\/p>\n<p><span style=\"color: #000000\">Ambala\u017ea je vrlo prakti\u010dna i mo\u017ee se reciklirati.<\/span><\/p>\n<h2><span style=\"color: #000000\">Spremanje i upozorenja<\/span><\/h2>\n<p><span style=\"color: #000000\"><span class=\"JLqJ4b ChMk0b\" data-language-for-alternatives=\"hr\" data-language-to-translate-into=\"sl\" data-phrase-index=\"0\" data-number-of-phrases=\"2\"><span class=\"Q4iAWc\">\u010cuvati na suhom i hladnom mjestu.<\/span><\/span> <span class=\"JLqJ4b ChMk0b\" data-language-for-alternatives=\"hr\" data-language-to-translate-into=\"sl\" data-phrase-index=\"1\" data-number-of-phrases=\"2\"><span class=\"Q4iAWc\">Dodatke prehrani \u010duvajte izvan dohvata djece!<\/span><\/span><\/span><\/p>\n<p><span style=\"color: #000000\"><span class=\"JLqJ4b ChMk0b\" data-language-for-alternatives=\"hr\" data-language-to-translate-into=\"sl\" data-phrase-index=\"0\" data-number-of-phrases=\"3\"><span class=\"Q4iAWc\">Zapamtite va\u017enost raznolike prehrane i zdravog na\u010dina \u017eivota, stoga dodatak prehrani nije zamjena za uravnote\u017eenu i raznoliku prehranu.<\/span><\/span> <span class=\"JLqJ4b ChMk0b\" data-language-for-alternatives=\"hr\" data-language-to-translate-into=\"sl\" data-phrase-index=\"1\" data-number-of-phrases=\"3\"><span class=\"Q4iAWc\">Preporu\u010dena dnevna koli\u010dina ili doza ne smije se prekora\u010diti.<\/span><\/span> <span class=\"JLqJ4b ChMk0b\" data-language-for-alternatives=\"hr\" data-language-to-translate-into=\"sl\" data-phrase-index=\"2\" data-number-of-phrases=\"3\"><span class=\"Q4iAWc\">Trudnicama i dojiljama uvijek se savjetuje da se prije uporabe posavjetuju s lije\u010dnikom.<\/span><\/span><\/span><\/p>\n<h2><span style=\"color: #000000\">Dobro je znati<\/span><\/h2>\n<p><span style=\"color: #000000\"><span class=\"JLqJ4b ChMk0b\" data-language-for-alternatives=\"hr\" data-language-to-translate-into=\"sl\" data-phrase-index=\"0\" data-number-of-phrases=\"3\"><span class=\"Q4iAWc\">Proizvod je tako\u0111er pogodan za \u017eivotinje.<\/span><\/span> <span class=\"JLqJ4b ChMk0b\" data-language-for-alternatives=\"hr\" data-language-to-translate-into=\"sl\" data-phrase-index=\"1\" data-number-of-phrases=\"3\"><span class=\"Q4iAWc\">U ve\u0107ini slu\u010dajeva, ljekovite gljive pokazuju se iznimno u\u010dinkovitima u ja\u010danju imunolo\u0161kog sustava, uklanjanju alergija i ko\u017enih bolesti te virusnih i bakterijskih infekcija.<\/span><\/span> <span class=\"JLqJ4b ChMk0b\" data-language-for-alternatives=\"hr\" data-language-to-translate-into=\"sl\" data-phrase-index=\"2\" data-number-of-phrases=\"3\"><span class=\"Q4iAWc\">Razgovarajte sa svojim veterinarom o prikladnosti uzimanja i preporu\u010denoj dnevnoj koli\u010dini.<\/span><\/span><\/span><\/p>\n<h2><span style=\"color: #000000\">Podrijetlo<\/span><\/h2>\n<p><span style=\"color: #000000\">Slovenija<\/span><\/p>\n","protected":false},"excerpt":{"rendered":"<p>Auricularia auricula sve vi\u0161e dobiva na zna\u010daju kao dodatak prehrani, budu\u0107i da je po koli\u010dini ubrane na \u010detvrtom mjestu u svijetu. Poznata je i kao judino uho. Tako\u0111er se koristi u orijentalnoj kuhinji. U medicinske svrhe preporu\u010duje se kod raznih upala, kao \u0161to su:<\/p>\n<p>\ud83d\udc9a ima protuupalni u\u010dinak,<\/p>\n<p>\ud83d\udc9a blagotvorno djeluje na kardiovaskularni sustav,<\/p>\n<p>\ud83d\udc9a sni\u017eava razinu kolesterola u krvi<\/p>\n<p>\ud83d\udc9a djeluje kao antioksidans.<\/p>\n","protected":false},"featured_media":5857,"comment_status":"open","ping_status":"closed","template":"","meta":{"_acf_changed":false},"product_brand":[],"product_cat":[15,198,216],"product_tag":[],"class_list":{"0":"post-5969","1":"product","2":"type-product","3":"status-publish","4":"has-post-thumbnail","6":"product_cat-uncategorized","7":"product_cat-ljekovite-gljive","8":"product_cat-svi-proizvodi-ponudba","10":"first","11":"instock","12":"taxable","13":"shipping-taxable","14":"purchasable","15":"product-type-simple"},"acf":[],"_links":{"self":[{"href":"https:\/\/fengchashop.com\/hr\/wp-json\/wp\/v2\/product\/5969","targetHints":{"allow":["GET"]}}],"collection":[{"href":"https:\/\/fengchashop.com\/hr\/wp-json\/wp\/v2\/product"}],"about":[{"href":"https:\/\/fengchashop.com\/hr\/wp-json\/wp\/v2\/types\/product"}],"replies":[{"embeddable":true,"href":"https:\/\/fengchashop.com\/hr\/wp-json\/wp\/v2\/comments?post=5969"}],"wp:featuredmedia":[{"embeddable":true,"href":"https:\/\/fengchashop.com\/hr\/wp-json\/wp\/v2\/media\/5857"}],"wp:attachment":[{"href":"https:\/\/fengchashop.com\/hr\/wp-json\/wp\/v2\/media?parent=5969"}],"wp:term":[{"taxonomy":"product_brand","embeddable":true,"href":"https:\/\/fengchashop.com\/hr\/wp-json\/wp\/v2\/product_brand?post=5969"},{"taxonomy":"product_cat","embeddable":true,"href":"https:\/\/fengchashop.com\/hr\/wp-json\/wp\/v2\/product_cat?post=5969"},{"taxonomy":"product_tag","embeddable":true,"href":"https:\/\/fengchashop.com\/hr\/wp-json\/wp\/v2\/product_tag?post=5969"}],"curies":[{"name":"wp","href":"https:\/\/api.w.org\/{rel}","templated":true}]}}