{"id":5967,"date":"2022-02-22T08:17:03","date_gmt":"2022-02-22T07:17:03","guid":{"rendered":"https:\/\/fengchashop.com\/hr\/product\/pleurotus-ostreatus-oyster-mushroom-bio-125g\/"},"modified":"2026-05-07T10:18:02","modified_gmt":"2026-05-07T08:18:02","slug":"pleurotus-ostreatus-oyster-mushroom-bio","status":"publish","type":"product","link":"https:\/\/fengchashop.com\/hr\/product\/pleurotus-ostreatus-oyster-mushroom-bio\/","title":{"rendered":"Pleurotus ostreatus (Oyster Mushroom) BIO 125g"},"content":{"rendered":"<h2><span style=\"color: #000000\">Pleurotus ostreatus (Oyster Mushroom) BIO u prahu<\/span><\/h2>\n<p><span style=\"color: #000000\"><span class=\"JLqJ4b ChMk0b\" data-language-for-alternatives=\"hr\" data-language-to-translate-into=\"sl\" data-phrase-index=\"0\" data-number-of-phrases=\"3\"><span class=\"Q4iAWc\">Pleurotus ostreatus (Oyster Mushroom) je dobro istra\u017eena ljekovita gljiva.<\/span><\/span> <span class=\"JLqJ4b ChMk0b\" data-language-for-alternatives=\"hr\" data-language-to-translate-into=\"sl\" data-phrase-index=\"1\" data-number-of-phrases=\"3\"><span class=\"Q4iAWc\">Poznata je i kao <strong>bukova\u010da<\/strong> i kulinarski je jestiva gljiva koja raste i kod nas.<\/span><\/span> <span class=\"JLqJ4b ChMk0b\" data-language-for-alternatives=\"hr\" data-language-to-translate-into=\"sl\" data-phrase-index=\"2\" data-number-of-phrases=\"3\"><span class=\"Q4iAWc\">Naime, uz Ganodermu lucidum i Cordyceps, <strong>jedna je od 6 najpoznatijih ljekovitih gljiva<\/strong>.<\/span><\/span><\/span><\/p>\n<p><span style=\"color: #000000\"><span class=\"JLqJ4b ChMk0b\" data-language-for-alternatives=\"hr\" data-language-to-translate-into=\"sl\" data-phrase-index=\"0\" data-number-of-phrases=\"2\"><span class=\"Q4iAWc\">Mnoge hranjive tvari mogu se dobiti iz spora i micelija.<\/span><\/span> <span class=\"JLqJ4b ChMk0b\" data-language-for-alternatives=\"hr\" data-language-to-translate-into=\"sl\" data-phrase-index=\"1\" data-number-of-phrases=\"2\"><span class=\"Q4iAWc\">Me\u0111utim, istra\u017eivanja su pokazala i antimikrobno djelovanje protiv gram-pozitivnih i gram-negativnih bakterija te antifungalno djelovanje protiv nekoliko vrsta gljivica.<\/span><\/span><\/span><\/p>\n<p><span style=\"color: #000000\">Budu\u0107i da su bogat izvor antioksidansa i drugih aktivnih tvari, njihov potencijal antitumorskog, imunomodulatornog, gen-za\u0161titnog, protuupalnog, antivirusnog, antiplazmi\u010dkog, hipokolesterolemijskog, antihipertenzivnog i antihiperglikemijskog djelovanja vi\u0161e je nego zajam\u010den. Nedavno su istra\u017eivanja pokazala da bukova\u010da ima <strong>bifidogeni u\u010dinak<\/strong>, \u0161to zna\u010di da mo\u017ee potaknuti rast Bifidobacterium bifidum, B. breve, B. animalis i B. longum. Stoga je tako\u0111er <strong>prebiotik<\/strong> koji pobolj\u0161ava crijevnu mikrobiotu za dobrobit ljudskog zdravlja. Zdrav omjer mikroorganizama u crijevima, s druge strane, pridonosi boljem i lak\u0161em izvla\u010denju hranjivih tvari iz hrane koju jedemo i regulaciji energije. Imaju va\u017enu ulogu u zdravlju probavnog sustava, ali utje\u010du i na imunolo\u0161ki sustav \u2013 najslo\u017eeniji dio imunolo\u0161kog sustava nalazi se u crijevima, pa \u010desto mo\u017eemo \u010duti da je zdravlje crijeva toliko va\u017eno u osiguravanju dobrog imunolo\u0161kog odgovora. i cjelokupno zdravlje.<\/span><\/p>\n<p><span style=\"color: #000000\">Ljekovita gljiva se \u0161iroko koristi u tradicionalnoj kineskoj medicini za lije\u010denje mnogih bolesti.<\/span><\/p>\n<p><span style=\"color: #000000\"><span class=\"JLqJ4b ChMk0b\" data-language-for-alternatives=\"hr\" data-language-to-translate-into=\"sl\" data-phrase-index=\"0\" data-number-of-phrases=\"2\"><span class=\"Q4iAWc\">Proizvodnja na\u0161eg Pleurotus ostreatus je strogo kontrolirana, bez upotrebe kemikalija ili pesticida i <strong>100% organski<\/strong>.<\/span><\/span> <span class=\"JLqJ4b ChMk0b\" data-language-for-alternatives=\"hr\" data-language-to-translate-into=\"sl\" data-phrase-index=\"1\" data-number-of-phrases=\"2\"><span class=\"Q4iAWc\">Kvalitetu gljiva redovito prate nezavisni laboratoriji u Sloveniji i SAD-u.<\/span><\/span><\/span><\/p>\n<h2><span style=\"color: #000000\">\u0160to sadr\u017ei i kome je namijenjena?<\/span><\/h2>\n<p><span style=\"color: #000000\"><span class=\"JLqJ4b ChMk0b\" data-language-for-alternatives=\"hr\" data-language-to-translate-into=\"sl\" data-phrase-index=\"0\" data-number-of-phrases=\"3\"><span class=\"Q4iAWc\">Pleurotus ostreatus se sastoji od raznih nutrijenata kao \u0161to su <strong>polisaharidi, proteini, flavonoidi, fenoli, beta-glukani<\/strong> itd.<\/span><\/span> <span class=\"JLqJ4b ChMk0b\" data-language-for-alternatives=\"hr\" data-language-to-translate-into=\"sl\" data-phrase-index=\"1\" data-number-of-phrases=\"3\"><span class=\"Q4iAWc\">Aktivni polisaharidi i fenoli su biolo\u0161ki vrijedni organizmi.<\/span><\/span> <span class=\"JLqJ4b ChMk0b\" data-language-for-alternatives=\"hr\" data-language-to-translate-into=\"sl\" data-phrase-index=\"2\" data-number-of-phrases=\"3\"><span class=\"Q4iAWc\">Bukova\u010da, koja ina\u010de raste na bukovom drvu, tako\u0111er je bogat izvor vitamina B, C i D, mineralnih soli, antioksidansa i selena.<\/span><\/span><\/span><\/p>\n<p><span style=\"color: #000000\">Zbog lovastatina, koji je klju\u010dni aktivni sastojak u inhibiciji sinteze endogenog kolesterola, povoljno djeluje na regulaciju razine ukupnog kolesterola u krvi.<\/span><\/p>\n<p><span style=\"color: #000000\"><span class=\"JLqJ4b ChMk0b\" data-language-for-alternatives=\"hr\" data-language-to-translate-into=\"sl\" data-phrase-index=\"0\" data-number-of-phrases=\"2\"><span class=\"Q4iAWc\">Bukova\u010de imaju malo masti (nezasi\u0107ene masne kiseline su esencijalne) i vitamina D2, bogate su dijetalnim vlaknima i dobar su izvor proteina i esencijalnih aminokiselina.<\/span><\/span> <span class=\"JLqJ4b ChMk0b\" data-language-for-alternatives=\"hr\" data-language-to-translate-into=\"sl\" data-phrase-index=\"1\" data-number-of-phrases=\"2\"><span class=\"Q4iAWc\">Osim toga, sadr\u017ei farmakolo\u0161ki aktivne tvari koje mogu pomo\u0107i:<\/span><\/span><\/span><\/p>\n<p><span style=\"color: #000000\">\ud83d\udc9a regulirati razinu ukupnog kolesterola (pove\u0107avaju razinu dobrog HDL kolesterola i sni\u017eavaju razinu lo\u0161eg LDL-a holesterola), krvni tlak i \u0161e\u0107er,<\/span><br \/>\n<span style=\"color: #000000\">\ud83d\udc9a sprije\u010diti stvaranje krvnih ugru\u0161aka,<\/span><br \/>\n<span style=\"color: #000000\">\ud83d\udc9a \u0161titi od slobodnih radikala,<\/span><br \/>\n<span style=\"color: #000000\">\ud83d\udc9a lije\u010diti i inhibirati upalu,<\/span><br \/>\n<span style=\"color: #000000\">\ud83d\udc9a ja\u010danje imuniteta ja\u010danjem imunolo\u0161kog sustava,<\/span><br \/>\n<span style=\"color: #000000\">\ud83d\udc9a sprije\u010diti bolesti povezane sa starenjem,<\/span><br \/>\n<span style=\"color: #000000\">\ud83d\udc9a \u0161titi od upale di\u0161nih puteva,<\/span><br \/>\n<span style=\"color: #000000\">\ud83d\udc9a sprije\u010diti starenje,<\/span><br \/>\n<span style=\"color: #000000\">\ud83d\udc9a sprije\u010diti nastanak tumora.<\/span><\/p>\n<p><span style=\"color: #000000\">Svi elementi u gljivi prisutni su u velikim koli\u010dinama i vrlo pozitivno djeluju na na\u0161 organizam.<\/span><\/p>\n<p><span style=\"color: #000000\"><span class=\"JLqJ4b ChMk0b\" data-language-for-alternatives=\"hr\" data-language-to-translate-into=\"sl\" data-phrase-index=\"0\" data-number-of-phrases=\"2\"><span class=\"Q4iAWc\">A ono \u0161to je iznimno va\u017eno je da je Pleurotus ostreatus <strong>100% prirodan<\/strong> proizvod koji nam mo\u017ee pomo\u0107i na prirodan na\u010din.<\/span><\/span> <span class=\"JLqJ4b ChMk0b\" data-language-for-alternatives=\"hr\" data-language-to-translate-into=\"sl\" data-phrase-index=\"1\" data-number-of-phrases=\"2\"><span class=\"Q4iAWc\">Pobolj\u0161ava simptome na\u0161ih problema i pozitivno utje\u010de na op\u0107u dobrobit.<\/span><\/span><\/span><\/p>\n<h2><span style=\"color: #000000\">Za\u0161to gljive?<\/span><\/h2>\n<p><span style=\"color: #000000\"><span class=\"JLqJ4b ChMk0b\" data-language-for-alternatives=\"hr\" data-language-to-translate-into=\"sl\" data-phrase-index=\"0\" data-number-of-phrases=\"9\"><span class=\"Q4iAWc\">Gljive su vrlo zanimljive.<\/span><\/span> <span class=\"JLqJ4b ChMk0b\" data-language-for-alternatives=\"hr\" data-language-to-translate-into=\"sl\" data-phrase-index=\"1\" data-number-of-phrases=\"9\"><span class=\"Q4iAWc\">Nisu ni biljke ni \u017eivotinje, ali ono \u0161to jesu svakako su <strong>nevjerojatni organizmi<\/strong> koji su uspjeli pre\u017eivjeti zapravo gotovo od postanka svijeta.<\/span><\/span> <span class=\"JLqJ4b ChMk0b\" data-language-for-alternatives=\"hr\" data-language-to-translate-into=\"sl\" data-phrase-index=\"2\" data-number-of-phrases=\"9\"><span class=\"Q4iAWc\">Razvili su posebnu strategiju pre\u017eivljavanja koju odr\u017eavaju do danas.<\/span><\/span> <span class=\"JLqJ4b ChMk0b\" data-language-for-alternatives=\"hr\" data-language-to-translate-into=\"sl\" data-phrase-index=\"3\" data-number-of-phrases=\"9\"><span class=\"Q4iAWc\">Me\u0111utim, ljudi tako\u0111er mogu iskoristiti te prednosti jedu\u0107i ljekovite gljive.<\/span><\/span> <span class=\"JLqJ4b ChMk0b\" data-language-for-alternatives=\"hr\" data-language-to-translate-into=\"sl\" data-phrase-index=\"4\" data-number-of-phrases=\"9\"><span class=\"Q4iAWc\">Oni nam donose ravnote\u017eu na fizi\u010dkoj razini i \u0161tite nas od mnogih bolesti.<\/span><\/span> <span class=\"JLqJ4b ChMk0b\" data-language-for-alternatives=\"hr\" data-language-to-translate-into=\"sl\" data-phrase-index=\"5\" data-number-of-phrases=\"9\"><span class=\"Q4iAWc\">Mogu biti <strong>preventivne<\/strong>, ali mogu biti i <strong>potporno kurativne<\/strong> u slu\u010daju konvencionalnog ili nekog drugog nekonvencionalnog lije\u010denja mnogih bolesti (moderno vrijeme).<\/span><\/span> <span class=\"JLqJ4b ChMk0b\" data-language-for-alternatives=\"hr\" data-language-to-translate-into=\"sl\" data-phrase-index=\"6\" data-number-of-phrases=\"9\"><span class=\"Q4iAWc\">Gljive se tradicionalno pripisuju za djelovanje u slu\u010dajevima raka, autoimunih bolesti i alergija.<\/span><\/span> <span class=\"JLqJ4b ChMk0b\" data-language-for-alternatives=\"hr\" data-language-to-translate-into=\"sl\" data-phrase-index=\"7\" data-number-of-phrases=\"9\"><span class=\"Q4iAWc\">Tako\u0111er imaju dobar u\u010dinak na zdrav i jak odgovor imunolo\u0161kog sustava.<\/span><\/span> <span class=\"JLqJ4b ChMk0b\" data-language-for-alternatives=\"hr\" data-language-to-translate-into=\"sl\" data-phrase-index=\"8\" data-number-of-phrases=\"9\"><span class=\"Q4iAWc\">No, medicinska istra\u017eivanja provedena posljednjih desetlje\u0107a, kada su gljive postale zanimljive i u zapadnom svijetu, potvrdila su mnoge terapeutske aktivne sastojke.<\/span><\/span><\/span><\/p>\n<p><span style=\"color: #000000\"><span class=\"JLqJ4b ChMk0b\" data-language-for-alternatives=\"hr\" data-language-to-translate-into=\"sl\" data-phrase-index=\"0\" data-number-of-phrases=\"5\"><span class=\"Q4iAWc\">Budu\u0107i da su odre\u0111eni prirodni aktivni sastojci neprobavljivi ili te\u0161ko probavljivi, vrlo je va\u017eno da jedemo samo najbolje gljive u prahu.<\/span><\/span> <span class=\"JLqJ4b ChMk0b\" data-language-for-alternatives=\"hr\" data-language-to-translate-into=\"sl\" data-phrase-index=\"1\" data-number-of-phrases=\"5\"><span class=\"Q4iAWc\">Gljive moraju biti pravilno uzgojene, osu\u0161ene i pripremljene.<\/span><\/span> <span class=\"JLqJ4b ChMk0b\" data-language-for-alternatives=\"hr\" data-language-to-translate-into=\"sl\" data-phrase-index=\"2\" data-number-of-phrases=\"5\"><span class=\"Q4iAWc\">Moraju se samljeti u fini prah bez komadi\u0107a.<\/span><\/span> <span class=\"JLqJ4b ChMk0b\" data-language-for-alternatives=\"hr\" data-language-to-translate-into=\"sl\" data-phrase-index=\"3\" data-number-of-phrases=\"5\"><span class=\"Q4iAWc\">Boja praha je svjetlija, ali ina\u010de ovisi i o vrsti gljive koju uzimamo.<\/span><\/span> <span class=\"JLqJ4b ChMk0b\" data-language-for-alternatives=\"hr\" data-language-to-translate-into=\"sl\" data-phrase-index=\"4\" data-number-of-phrases=\"5\"><span class=\"Q4iAWc\">Budu\u0107i da su gljive toliko u\u010dinkovite upravo zato \u0161to imaju sposobnost apsorbirati sve \u2013 dobro i lo\u0161e iz okoline, va\u017eno je posegnuti za organski uzgojenim.<\/span><\/span><\/span><\/p>\n<h2><span style=\"color: #000000\">Ambala\u017ea<\/span><\/h2>\n<p><span style=\"color: #000000\"><span class=\"JLqJ4b ChMk0b\" data-language-for-alternatives=\"hr\" data-language-to-translate-into=\"sl\" data-phrase-index=\"0\" data-number-of-phrases=\"2\"><span class=\"Q4iAWc\">Nepropusna vre\u0107ica s patentnim zatvara\u010dem u kojoj proizvod zadr\u017eava svu svje\u017einu i miris.<\/span><\/span> <span class=\"JLqJ4b ChMk0b\" data-language-for-alternatives=\"hr\" data-language-to-translate-into=\"sl\" data-phrase-index=\"1\" data-number-of-phrases=\"2\"><span class=\"Q4iAWc\">Ambala\u017ea \u0161titi od svjetlosti i zraka, jer se sastoji od nekoliko slojeva za\u0161tite koji \u010duvaju svojstva sadr\u017eaja.<\/span><\/span><\/span><\/p>\n<p><span style=\"color: #000000\">Ambala\u017ea je vrlo prakti\u010dna i mo\u017ee se reciklirati.<\/span><\/p>\n<h2><span style=\"color: #000000\">Spremanje i upozorenja<\/span><\/h2>\n<p><span style=\"color: #000000\"><span class=\"JLqJ4b ChMk0b\" data-language-for-alternatives=\"hr\" data-language-to-translate-into=\"sl\" data-phrase-index=\"0\" data-number-of-phrases=\"2\"><span class=\"Q4iAWc\">\u010cuvati na suhom i hladnom mjestu.<\/span><\/span> <span class=\"JLqJ4b ChMk0b\" data-language-for-alternatives=\"hr\" data-language-to-translate-into=\"sl\" data-phrase-index=\"1\" data-number-of-phrases=\"2\"><span class=\"Q4iAWc\">Dodatke prehrani \u010duvajte izvan dohvata djece!<\/span><\/span><\/span><\/p>\n<p><span style=\"color: #000000\"><span class=\"JLqJ4b ChMk0b\" data-language-for-alternatives=\"hr\" data-language-to-translate-into=\"sl\" data-phrase-index=\"0\" data-number-of-phrases=\"3\"><span class=\"Q4iAWc\">Zapamtite va\u017enost raznolike prehrane i zdravog na\u010dina \u017eivota, stoga dodatak prehrani nije zamjena za uravnote\u017eenu i raznoliku prehranu.<\/span><\/span> <span class=\"JLqJ4b ChMk0b\" data-language-for-alternatives=\"hr\" data-language-to-translate-into=\"sl\" data-phrase-index=\"1\" data-number-of-phrases=\"3\"><span class=\"Q4iAWc\">Preporu\u010dena dnevna koli\u010dina ili doza ne smije se prekora\u010diti.<\/span><\/span> <span class=\"JLqJ4b ChMk0b\" data-language-for-alternatives=\"hr\" data-language-to-translate-into=\"sl\" data-phrase-index=\"2\" data-number-of-phrases=\"3\"><span class=\"Q4iAWc\">Trudnicama i dojiljama uvijek se savjetuje da se prije uporabe posavjetuju s lije\u010dnikom.<\/span><\/span><\/span><\/p>\n<h2><span style=\"color: #000000\">Dobro je znati<\/span><\/h2>\n<p><span style=\"color: #000000\"><span class=\"JLqJ4b ChMk0b\" data-language-for-alternatives=\"hr\" data-language-to-translate-into=\"sl\" data-phrase-index=\"0\" data-number-of-phrases=\"3\"><span class=\"Q4iAWc\">Proizvod je tako\u0111er pogodan za \u017eivotinje.<\/span><\/span> <span class=\"JLqJ4b ChMk0b\" data-language-for-alternatives=\"hr\" data-language-to-translate-into=\"sl\" data-phrase-index=\"1\" data-number-of-phrases=\"3\"><span class=\"Q4iAWc\">U ve\u0107ini slu\u010dajeva, ljekovite gljive pokazuju se iznimno u\u010dinkovitima u ja\u010danju imunolo\u0161kog sustava, uklanjanju alergija i ko\u017enih bolesti te virusnih i bakterijskih infekcija.<\/span><\/span> <span class=\"JLqJ4b ChMk0b\" data-language-for-alternatives=\"hr\" data-language-to-translate-into=\"sl\" data-phrase-index=\"2\" data-number-of-phrases=\"3\"><span class=\"Q4iAWc\">Razgovarajte sa svojim veterinarom o prikladnosti uzimanja i preporu\u010denoj dnevnoj koli\u010dini.<\/span><\/span><\/span><\/p>\n<h2><span style=\"color: #000000\">Podrijetlo<\/span><\/h2>\n<p><span style=\"color: #000000\">Slovenija<\/span><\/p>\n","protected":false},"excerpt":{"rendered":"<p>Pleurotus ostreatus (Oyster Mushroom) je dobro istra\u017eena ljekovita gljiva. Poznata je i kao bukova\u010da i kulinarski je jestiva gljiva koja raste i kod nas. Naime, pored Ganoderme lucidum i Cordycepsa, jedna je od 6 najpoznatijih ljekovitih gljiva, jer poma\u017ee:<\/p>\n<p>\ud83d\udc9a <strong>regulirati razinu ukupnog kolesterola<\/strong> (pove\u0107avati razinu dobrog HDL kolesterola i sni\u017eavati razinu lo\u0161eg LDL kolesterola),<strong> krvni tlak i \u0161e\u0107er u krvi<\/strong>,<\/p>\n<p>\ud83d\udc9a <strong>\u0161titi<\/strong> od <strong>slobodnih radikala<\/strong>,<\/p>\n<p>\ud83d\udc9a <strong>lije\u010diti<\/strong> i <strong>inhibirati upalu<\/strong>,<\/p>\n<p>\ud83d\udc9a <strong>pove\u0107ati imunitet<\/strong> ja\u010danjem imunolo\u0161kog sustava.<\/p>\n","protected":false},"featured_media":5920,"comment_status":"open","ping_status":"closed","template":"","meta":{"_acf_changed":false},"product_brand":[],"product_cat":[15,198,216],"product_tag":[],"class_list":{"0":"post-5967","1":"product","2":"type-product","3":"status-publish","4":"has-post-thumbnail","6":"product_cat-uncategorized","7":"product_cat-ljekovite-gljive","8":"product_cat-svi-proizvodi-ponudba","10":"first","11":"instock","12":"taxable","13":"shipping-taxable","14":"purchasable","15":"product-type-simple"},"acf":[],"_links":{"self":[{"href":"https:\/\/fengchashop.com\/hr\/wp-json\/wp\/v2\/product\/5967","targetHints":{"allow":["GET"]}}],"collection":[{"href":"https:\/\/fengchashop.com\/hr\/wp-json\/wp\/v2\/product"}],"about":[{"href":"https:\/\/fengchashop.com\/hr\/wp-json\/wp\/v2\/types\/product"}],"replies":[{"embeddable":true,"href":"https:\/\/fengchashop.com\/hr\/wp-json\/wp\/v2\/comments?post=5967"}],"wp:featuredmedia":[{"embeddable":true,"href":"https:\/\/fengchashop.com\/hr\/wp-json\/wp\/v2\/media\/5920"}],"wp:attachment":[{"href":"https:\/\/fengchashop.com\/hr\/wp-json\/wp\/v2\/media?parent=5967"}],"wp:term":[{"taxonomy":"product_brand","embeddable":true,"href":"https:\/\/fengchashop.com\/hr\/wp-json\/wp\/v2\/product_brand?post=5967"},{"taxonomy":"product_cat","embeddable":true,"href":"https:\/\/fengchashop.com\/hr\/wp-json\/wp\/v2\/product_cat?post=5967"},{"taxonomy":"product_tag","embeddable":true,"href":"https:\/\/fengchashop.com\/hr\/wp-json\/wp\/v2\/product_tag?post=5967"}],"curies":[{"name":"wp","href":"https:\/\/api.w.org\/{rel}","templated":true}]}}