{"id":5965,"date":"2022-02-22T06:44:59","date_gmt":"2022-02-22T05:44:59","guid":{"rendered":"https:\/\/fengchashop.com\/hr\/product\/sitake-lentinula-edodes-bio-125-g\/"},"modified":"2026-05-07T09:29:42","modified_gmt":"2026-05-07T07:29:42","slug":"sitake-lentinula-edodes-bio-eu-podrijetlo","status":"publish","type":"product","link":"https:\/\/fengchashop.com\/hr\/product\/sitake-lentinula-edodes-bio-eu-podrijetlo\/","title":{"rendered":"\u0160itake (Lentinula edodes) BIO EU podrijetlo 125g"},"content":{"rendered":"<h2><span style=\"color: #000000\">\u0160itake (Lentinula edodes) BIO u prahu<\/span><\/h2>\n<p><span style=\"color: #000000\"><span class=\"JLqJ4b ChMk0b\" data-language-for-alternatives=\"hr\" data-language-to-translate-into=\"sl\" data-phrase-index=\"0\" data-number-of-phrases=\"3\"><span class=\"Q4iAWc\">Lentinula edodes ili Shiitake-\u0160itake(Mirisna aniska) <strong>jedna je od najva\u017enijih ljekovitih gljiva u tradicionalnoj kineskoj medicini<\/strong>.<\/span><\/span> <span class=\"JLqJ4b ChMk0b\" data-language-for-alternatives=\"hr\" data-language-to-translate-into=\"sl\" data-phrase-index=\"1\" data-number-of-phrases=\"3\"><span class=\"Q4iAWc\">Tamo se koristi ve\u0107 najmanje 2000 godina, a \u010desto je nazivaju i &#8216;<strong>kraljicom gljiva<\/strong>&#8216;.<\/span><\/span> <span class=\"JLqJ4b ChMk0b\" data-language-for-alternatives=\"hr\" data-language-to-translate-into=\"sl\" data-phrase-index=\"2\" data-number-of-phrases=\"3\"><span class=\"Q4iAWc\">Osim toga, <strong>na\u0161iroko se koristi u cijeloj azijskoj kuhinji<\/strong>.<\/span><\/span><\/span><\/p>\n<p><span style=\"color: #000000\"><span class=\"JLqJ4b ChMk0b\" data-language-for-alternatives=\"hr\" data-language-to-translate-into=\"sl\" data-phrase-index=\"0\" data-number-of-phrases=\"3\"><span class=\"Q4iAWc\">U obliku praha, \u0160itake sadr\u017ei mnoge hranjive tvari, njegovi pozitivni u\u010dinci su i znanstveno dokazani.<\/span><\/span> <span class=\"JLqJ4b ChMk0b\" data-language-for-alternatives=\"hr\" data-language-to-translate-into=\"sl\" data-phrase-index=\"1\" data-number-of-phrases=\"3\"><span class=\"Q4iAWc\">Istra\u017eivanja iz razli\u010ditih zemalja diljem svijeta otkrila su niz korisnih u\u010dinaka povezanih s redovitom konzumacijom shiitake gljiva.<\/span><\/span> <span class=\"JLqJ4b ChMk0b\" data-language-for-alternatives=\"hr\" data-language-to-translate-into=\"sl\" data-phrase-index=\"2\" data-number-of-phrases=\"3\"><span class=\"Q4iAWc\">Prije svega ja\u010da imunolo\u0161ki sustav i preventivno <strong>djeluje na niz bolesti unutarnjih organa<\/strong>.<\/span><\/span><\/span><\/p>\n<p><span style=\"color: #000000\">\u0160itake \u010desto je predmet istra\u017eivanja <strong>zbog svog antivirusnog djelovanja, pozitivnog djelovanja na jetru<\/strong> i <strong>sni\u017eavanja \u0161e\u0107era u krvi<\/strong>.<\/span><\/p>\n<p><span style=\"color: #000000\"><span class=\"JLqJ4b ChMk0b\" data-language-for-alternatives=\"hr\" data-language-to-translate-into=\"sl\" data-phrase-index=\"0\" data-number-of-phrases=\"2\"><span class=\"Q4iAWc\">Proizvodnja na\u0161ih Lentinule edoda je strogo kontrolirana, bez upotrebe kemikalija ili pesticida i <strong>100% organska<\/strong>.<\/span><\/span> <span class=\"JLqJ4b ChMk0b\" data-language-for-alternatives=\"hr\" data-language-to-translate-into=\"sl\" data-phrase-index=\"1\" data-number-of-phrases=\"2\"><span class=\"Q4iAWc\">Kvalitetu gljiva redovito prate nezavisni laboratoriji u Sloveniji i SAD-u.<\/span><\/span><\/span><\/p>\n<h2><span style=\"color: #000000\">\u0160to sadr\u017ei i kome je namijenjena?<\/span><\/h2>\n<p><span style=\"color: #000000\">\u0160itake s<span class=\"JLqJ4b ChMk0b\" data-language-for-alternatives=\"hr\" data-language-to-translate-into=\"sl\" data-phrase-index=\"0\" data-number-of-phrases=\"2\"><span class=\"Q4iAWc\">astoji se od aminokiselina (izoleucin, leucin, lizin, metionin, fenilalanin, treonin i valin), vitamina (B1, B2, B12), mineralnih soli (kalij, kalcij, fosfor, \u017eeljezo i cink), polisaharida ( \u03b2-glukan lentinan) i drugi antioksidansi.<\/span><\/span> <span class=\"JLqJ4b ChMk0b\" data-language-for-alternatives=\"hr\" data-language-to-translate-into=\"sl\" data-phrase-index=\"1\" data-number-of-phrases=\"2\"><span class=\"Q4iAWc\">Iz tog razloga gljiva se preporu\u010duje i vegetarijancima i veganima, jer je bogat izvor proteina s esencijalnim aminokiselinama, vitaminima, mineralima itd.<\/span><\/span><\/span><\/p>\n<p><span style=\"color: #000000\">\u0160itake <span class=\"JLqJ4b ChMk0b\" data-language-for-alternatives=\"hr\" data-language-to-translate-into=\"sl\" data-phrase-index=\"0\" data-number-of-phrases=\"2\"><span class=\"Q4iAWc\">gljivu <strong>karakterizira spoj lentinin<\/strong>, za koji se smatra da ima antivirusno i antikancerogeno djelovanje.<\/span><\/span> <span class=\"JLqJ4b ChMk0b\" data-language-for-alternatives=\"hr\" data-language-to-translate-into=\"sl\" data-phrase-index=\"1\" data-number-of-phrases=\"2\"><span class=\"Q4iAWc\">Lentinin je slo\u017eeni polisaharid za koji <strong>se smatra da ja\u010da imunolo\u0161ki sustav<\/strong> i sastojak je nekoliko prirodnih dodataka za ja\u010danje imunolo\u0161ke otpornosti (beta-1,3-glukan).<\/span><\/span><\/span><\/p>\n<p><span style=\"color: #000000\">Svi elementi u gljivi prisutni su u velikim koli\u010dinama i vrlo pozitivno djeluju na na\u0161 organizam.<\/span><\/p>\n<p><span style=\"color: #000000\"><span class=\"JLqJ4b ChMk0b\" data-language-for-alternatives=\"hr\" data-language-to-translate-into=\"sl\" data-phrase-index=\"0\" data-number-of-phrases=\"3\"><span class=\"Q4iAWc\">Osim \u0161arene tvrdoko\u0161ke (Trametes versicolor), shiitake <strong>je jedna od najistra\u017eenijih gljiva<\/strong>, a zbog brojnih farmakolo\u0161ki aktivnih tvari <strong>iznimno je popularna<\/strong>.<\/span><\/span> <span class=\"JLqJ4b ChMk0b\" data-language-for-alternatives=\"hr\" data-language-to-translate-into=\"sl\" data-phrase-index=\"1\" data-number-of-phrases=\"3\"><span class=\"Q4iAWc\">Njezino ljekovito djelovanje tako je i znanstveno dokazano.<\/span><\/span> <span class=\"JLqJ4b ChMk0b\" data-language-for-alternatives=\"hr\" data-language-to-translate-into=\"sl\" data-phrase-index=\"2\" data-number-of-phrases=\"3\"><span class=\"Q4iAWc\">Koristi se uglavnom protiv raznih oblika raka i za regulaciju kolesterola.<\/span><\/span><\/span><\/p>\n<p><span style=\"color: #000000\">Njezina sastav daje mu nevjerojatno \u0161irok raspon u\u010dinaka, uklju\u010duju\u0107i:<\/span><\/p>\n<p><span style=\"color: #000000\">\ud83d\udc9a <strong>djeluje protiv raka i nastanka tumora<\/strong>,<\/span><br \/>\n<span style=\"color: #000000\">\ud83d\udc9a <strong>ja\u010da imunolo\u0161ki sustav<\/strong>,<\/span><br \/>\n<span style=\"color: #000000\">\ud83d\udc9a <strong>sni\u017eava<\/strong> <strong>krvni<\/strong> <strong>tlak<\/strong>, <strong>kolesterol<\/strong> i <strong>\u0161e\u0107er<\/strong><\/span><br \/>\n<span style=\"color: #000000\">\ud83d\udc9a djeluje <strong>antioksidativno<\/strong> i <strong>protuupalno<\/strong>,<\/span><br \/>\n<span style=\"color: #000000\">\ud83d\udc9a <strong>sprje\u010dava<\/strong> <strong>rast<\/strong> <strong>bakterijskih<\/strong> i <strong>virusnih<\/strong> infekcija,<\/span><br \/>\n<span style=\"color: #000000\">\ud83d\udc9a poma\u017ee kod <strong>bronhitisa<\/strong> i <strong>alergija<\/strong>,<\/span><br \/>\n<span style=\"color: #000000\">\ud83d\udc9a <strong>u kombinaciji s konvencionalnim kemoterapijskim tretmanom nudi du\u017ei i bolji \u017eivot za pacijente s rakom<\/strong>.<\/span><\/p>\n<p><span style=\"color: #000000\"><span class=\"JLqJ4b ChMk0b\" data-language-for-alternatives=\"hr\" data-language-to-translate-into=\"sl\" data-phrase-index=\"0\" data-number-of-phrases=\"2\"><span class=\"Q4iAWc\">A ono \u0161to je iznimno va\u017eno je da je shiitake gljiva <strong>100% prirodan proizvod<\/strong> koji nam mo\u017ee pomo\u0107i na prirodan na\u010din.<\/span><\/span> <span class=\"JLqJ4b ChMk0b\" data-language-for-alternatives=\"hr\" data-language-to-translate-into=\"sl\" data-phrase-index=\"1\" data-number-of-phrases=\"2\"><span class=\"Q4iAWc\">Pobolj\u0161ava simptome na\u0161ih problema i pozitivno utje\u010de na op\u0107u dobrobit.<\/span><\/span><\/span><\/p>\n<h2><span style=\"color: #000000\">Za\u0161to gljive?<\/span><\/h2>\n<p><span style=\"color: #000000\"><span class=\"JLqJ4b ChMk0b\" data-language-for-alternatives=\"hr\" data-language-to-translate-into=\"sl\" data-phrase-index=\"0\" data-number-of-phrases=\"9\"><span class=\"Q4iAWc\">Gljive su vrlo zanimljive.<\/span><\/span> <span class=\"JLqJ4b ChMk0b\" data-language-for-alternatives=\"hr\" data-language-to-translate-into=\"sl\" data-phrase-index=\"1\" data-number-of-phrases=\"9\"><span class=\"Q4iAWc\">Nisu ni biljke ni \u017eivotinje, ali ono \u0161to jesu svakako su <strong>nevjerojatni organizmi<\/strong> koji su uspjeli pre\u017eivjeti zapravo gotovo od postanka svijeta.<\/span><\/span> <span class=\"JLqJ4b ChMk0b\" data-language-for-alternatives=\"hr\" data-language-to-translate-into=\"sl\" data-phrase-index=\"2\" data-number-of-phrases=\"9\"><span class=\"Q4iAWc\">Razvili su posebnu strategiju pre\u017eivljavanja koju odr\u017eavaju do danas.<\/span><\/span> <span class=\"JLqJ4b ChMk0b\" data-language-for-alternatives=\"hr\" data-language-to-translate-into=\"sl\" data-phrase-index=\"3\" data-number-of-phrases=\"9\"><span class=\"Q4iAWc\">Me\u0111utim, ljudi tako\u0111er mogu iskoristiti te prednosti jedu\u0107i ljekovite gljive.<\/span><\/span> <span class=\"JLqJ4b ChMk0b\" data-language-for-alternatives=\"hr\" data-language-to-translate-into=\"sl\" data-phrase-index=\"4\" data-number-of-phrases=\"9\"><span class=\"Q4iAWc\">Oni nam donose ravnote\u017eu na fizi\u010dkoj razini i \u0161tite nas od mnogih bolesti.<\/span><\/span> <span class=\"JLqJ4b ChMk0b\" data-language-for-alternatives=\"hr\" data-language-to-translate-into=\"sl\" data-phrase-index=\"5\" data-number-of-phrases=\"9\"><span class=\"Q4iAWc\">Mogu biti <strong>preventivne<\/strong>, ali mogu biti i <strong>potporno kurativne<\/strong> u slu\u010daju konvencionalnog ili nekog drugog nekonvencionalnog lije\u010denja mnogih bolesti (moderno vrijeme).<\/span><\/span> <span class=\"JLqJ4b ChMk0b\" data-language-for-alternatives=\"hr\" data-language-to-translate-into=\"sl\" data-phrase-index=\"6\" data-number-of-phrases=\"9\"><span class=\"Q4iAWc\">Gljive se tradicionalno pripisuju za djelovanje u slu\u010dajevima raka, autoimunih bolesti i alergija.<\/span><\/span> <span class=\"JLqJ4b ChMk0b\" data-language-for-alternatives=\"hr\" data-language-to-translate-into=\"sl\" data-phrase-index=\"7\" data-number-of-phrases=\"9\"><span class=\"Q4iAWc\">Tako\u0111er imaju dobar u\u010dinak na zdrav i jak odgovor imunolo\u0161kog sustava.<\/span><\/span> <span class=\"JLqJ4b ChMk0b\" data-language-for-alternatives=\"hr\" data-language-to-translate-into=\"sl\" data-phrase-index=\"8\" data-number-of-phrases=\"9\"><span class=\"Q4iAWc\">No, medicinska istra\u017eivanja provedena posljednjih desetlje\u0107a, kada su gljive postale zanimljive i u zapadnom svijetu, potvrdila su mnoge terapeutske aktivne sastojke.<\/span><\/span><\/span><\/p>\n<p><span style=\"color: #000000\"><span class=\"JLqJ4b ChMk0b\" data-language-for-alternatives=\"hr\" data-language-to-translate-into=\"sl\" data-phrase-index=\"0\" data-number-of-phrases=\"5\"><span class=\"Q4iAWc\">Budu\u0107i da su odre\u0111eni prirodni aktivni sastojci neprobavljivi ili te\u0161ko probavljivi, vrlo je va\u017eno da jedemo samo najbolje gljive u prahu.<\/span><\/span> <span class=\"JLqJ4b ChMk0b\" data-language-for-alternatives=\"hr\" data-language-to-translate-into=\"sl\" data-phrase-index=\"1\" data-number-of-phrases=\"5\"><span class=\"Q4iAWc\">Gljive moraju biti pravilno uzgojene, osu\u0161ene i pripremljene.<\/span><\/span> <span class=\"JLqJ4b ChMk0b\" data-language-for-alternatives=\"hr\" data-language-to-translate-into=\"sl\" data-phrase-index=\"2\" data-number-of-phrases=\"5\"><span class=\"Q4iAWc\">Moraju se samljeti u fini prah bez komadi\u0107a.<\/span><\/span> <span class=\"JLqJ4b ChMk0b\" data-language-for-alternatives=\"hr\" data-language-to-translate-into=\"sl\" data-phrase-index=\"3\" data-number-of-phrases=\"5\"><span class=\"Q4iAWc\">Boja praha je svjetlija, ali ina\u010de ovisi i o vrsti gljive koju uzimamo.<\/span><\/span> <span class=\"JLqJ4b ChMk0b\" data-language-for-alternatives=\"hr\" data-language-to-translate-into=\"sl\" data-phrase-index=\"4\" data-number-of-phrases=\"5\"><span class=\"Q4iAWc\">Budu\u0107i da su gljive toliko u\u010dinkovite upravo zato \u0161to imaju sposobnost apsorbirati sve \u2013 dobro i lo\u0161e iz okoline, va\u017eno je posegnuti za organski uzgojenim.<\/span><\/span><\/span><\/p>\n<h2><span style=\"color: #000000\">Ambala\u017ea<\/span><\/h2>\n<p><span style=\"color: #000000\"><span class=\"JLqJ4b ChMk0b\" data-language-for-alternatives=\"hr\" data-language-to-translate-into=\"sl\" data-phrase-index=\"0\" data-number-of-phrases=\"2\"><span class=\"Q4iAWc\">Nepropusna vre\u0107ica s patentnim zatvara\u010dem u kojoj proizvod zadr\u017eava svu svje\u017einu i miris.<\/span><\/span> <span class=\"JLqJ4b ChMk0b\" data-language-for-alternatives=\"hr\" data-language-to-translate-into=\"sl\" data-phrase-index=\"1\" data-number-of-phrases=\"2\"><span class=\"Q4iAWc\">Ambala\u017ea \u0161titi od svjetlosti i zraka, jer se sastoji od nekoliko slojeva za\u0161tite koji \u010duvaju svojstva sadr\u017eaja.<\/span><\/span><\/span><\/p>\n<p><span style=\"color: #000000\">Ambala\u017ea je vrlo prakti\u010dna i mo\u017ee se reciklirati.<\/span><\/p>\n<h2><span style=\"color: #000000\">Spremanje i upozorenja<\/span><\/h2>\n<p><span style=\"color: #000000\"><span class=\"JLqJ4b ChMk0b\" data-language-for-alternatives=\"hr\" data-language-to-translate-into=\"sl\" data-phrase-index=\"0\" data-number-of-phrases=\"2\"><span class=\"Q4iAWc\">\u010cuvati na suhom i hladnom mjestu.<\/span><\/span> <span class=\"JLqJ4b ChMk0b\" data-language-for-alternatives=\"hr\" data-language-to-translate-into=\"sl\" data-phrase-index=\"1\" data-number-of-phrases=\"2\"><span class=\"Q4iAWc\">Dodatke prehrani \u010duvajte izvan dohvata djece!<\/span><\/span><\/span><\/p>\n<p><span style=\"color: #000000\"><span class=\"JLqJ4b ChMk0b\" data-language-for-alternatives=\"hr\" data-language-to-translate-into=\"sl\" data-phrase-index=\"0\" data-number-of-phrases=\"3\"><span class=\"Q4iAWc\">Zapamtite va\u017enost raznolike prehrane i zdravog na\u010dina \u017eivota, stoga dodatak prehrani nije zamjena za uravnote\u017eenu i raznoliku prehranu.<\/span><\/span> <span class=\"JLqJ4b ChMk0b\" data-language-for-alternatives=\"hr\" data-language-to-translate-into=\"sl\" data-phrase-index=\"1\" data-number-of-phrases=\"3\"><span class=\"Q4iAWc\">Preporu\u010dena dnevna koli\u010dina ili doza ne smije se prekora\u010diti.<\/span><\/span> <span class=\"JLqJ4b ChMk0b\" data-language-for-alternatives=\"hr\" data-language-to-translate-into=\"sl\" data-phrase-index=\"2\" data-number-of-phrases=\"3\"><span class=\"Q4iAWc\">Trudnicama i dojiljama uvijek se savjetuje da se prije uporabe posavjetuju s lije\u010dnikom.<\/span><\/span><\/span><\/p>\n<h2><span style=\"color: #000000\">Dobro je znati<\/span><\/h2>\n<p><span style=\"color: #000000\"><span class=\"JLqJ4b ChMk0b\" data-language-for-alternatives=\"hr\" data-language-to-translate-into=\"sl\" data-phrase-index=\"0\" data-number-of-phrases=\"3\"><span class=\"Q4iAWc\">Proizvod je tako\u0111er pogodan za \u017eivotinje.<\/span><\/span> <span class=\"JLqJ4b ChMk0b\" data-language-for-alternatives=\"hr\" data-language-to-translate-into=\"sl\" data-phrase-index=\"1\" data-number-of-phrases=\"3\"><span class=\"Q4iAWc\">U ve\u0107ini slu\u010dajeva, ljekovite gljive pokazuju se iznimno u\u010dinkovitima u ja\u010danju imunolo\u0161kog sustava, uklanjanju alergija i ko\u017enih bolesti te virusnih i bakterijskih infekcija.<\/span><\/span> <span class=\"JLqJ4b ChMk0b\" data-language-for-alternatives=\"hr\" data-language-to-translate-into=\"sl\" data-phrase-index=\"2\" data-number-of-phrases=\"3\"><span class=\"Q4iAWc\">Razgovarajte sa svojim veterinarom o prikladnosti uzimanja i preporu\u010denoj dnevnoj koli\u010dini.<\/span><\/span><\/span><\/p>\n<h2><span style=\"color: #000000\">Podrijetlo<\/span><\/h2>\n<p><span style=\"color: #000000\">EU<\/span><\/p>\n","protected":false},"excerpt":{"rendered":"<p align=\"JUSTIFY\"><span class=\"JLqJ4b ChMk0b\" data-language-for-alternatives=\"hr\" data-language-to-translate-into=\"sl\" data-phrase-index=\"0\" data-number-of-phrases=\"2\"><span class=\"Q4iAWc\">Lentinula edodes ili \u0161itake jedna je od najva\u017enijih ljekovitih gljiva u tradicionalnoj kineskoj medicini.<\/span><\/span> <span class=\"JLqJ4b ChMk0b\" data-language-for-alternatives=\"hr\" data-language-to-translate-into=\"sl\" data-phrase-index=\"1\" data-number-of-phrases=\"2\"><span class=\"Q4iAWc\">Tamo se koristi najmanje 2000 godina, a \u010desto je nazivaju &#8216;kraljicom gljiva&#8217;, \u0161to:<\/span><\/span><\/p>\n<p><span style=\"color: #000000\">\ud83d\udc9a djeluje <strong>protiv raka<\/strong> i <strong>tumora<\/strong>,<br \/>\n\ud83d\udc9a <strong>ja\u010da imunolo\u0161ki susta<\/strong>v,<br \/>\n\ud83d\udc9a <strong>sni\u017eava krvni tlak<\/strong>, <strong>kolesterol<\/strong> i <strong>\u0161e\u0107er<\/strong><br \/>\n\ud83d\udc9a <strong>djeluje antioksidativno<\/strong> i <strong>protuupalno<\/strong>,<br \/>\n\ud83d\udc9a <strong>sprje\u010dava<\/strong> rast <strong>bakterijskih<\/strong> i <strong>virusnih infekcija<\/strong>.<\/span><\/p>\n","protected":false},"featured_media":5926,"comment_status":"open","ping_status":"closed","template":"","meta":{"_acf_changed":false},"product_brand":[],"product_cat":[15,198,216],"product_tag":[],"class_list":{"0":"post-5965","1":"product","2":"type-product","3":"status-publish","4":"has-post-thumbnail","6":"product_cat-uncategorized","7":"product_cat-ljekovite-gljive","8":"product_cat-svi-proizvodi-ponudba","10":"first","11":"instock","12":"taxable","13":"shipping-taxable","14":"purchasable","15":"product-type-simple"},"acf":[],"_links":{"self":[{"href":"https:\/\/fengchashop.com\/hr\/wp-json\/wp\/v2\/product\/5965","targetHints":{"allow":["GET"]}}],"collection":[{"href":"https:\/\/fengchashop.com\/hr\/wp-json\/wp\/v2\/product"}],"about":[{"href":"https:\/\/fengchashop.com\/hr\/wp-json\/wp\/v2\/types\/product"}],"replies":[{"embeddable":true,"href":"https:\/\/fengchashop.com\/hr\/wp-json\/wp\/v2\/comments?post=5965"}],"wp:featuredmedia":[{"embeddable":true,"href":"https:\/\/fengchashop.com\/hr\/wp-json\/wp\/v2\/media\/5926"}],"wp:attachment":[{"href":"https:\/\/fengchashop.com\/hr\/wp-json\/wp\/v2\/media?parent=5965"}],"wp:term":[{"taxonomy":"product_brand","embeddable":true,"href":"https:\/\/fengchashop.com\/hr\/wp-json\/wp\/v2\/product_brand?post=5965"},{"taxonomy":"product_cat","embeddable":true,"href":"https:\/\/fengchashop.com\/hr\/wp-json\/wp\/v2\/product_cat?post=5965"},{"taxonomy":"product_tag","embeddable":true,"href":"https:\/\/fengchashop.com\/hr\/wp-json\/wp\/v2\/product_tag?post=5965"}],"curies":[{"name":"wp","href":"https:\/\/api.w.org\/{rel}","templated":true}]}}