{"id":5963,"date":"2022-02-11T22:07:41","date_gmt":"2022-02-11T21:07:41","guid":{"rendered":"https:\/\/fengchashop.com\/hr\/product\/psilium-u-prahu-bio-250-g\/"},"modified":"2026-04-18T03:00:07","modified_gmt":"2026-04-18T01:00:07","slug":"psilium-u-prahu-bio","status":"publish","type":"product","link":"https:\/\/fengchashop.com\/hr\/product\/psilium-u-prahu-bio\/","title":{"rendered":"Psilium u prahu BIO 250 g"},"content":{"rendered":"<h2><span style=\"color: #000000\">BIO Psilium ili prah indijskog trputca 99-postotne \u010disto\u0107e<\/span><\/h2>\n<p>&nbsp;<\/p>\n<p><span style=\"color: #000000\">Psyllium, ili Ispaghula, ljuska je sjemena biljke koja se zove plantago. Psyllium se upotrebljava kao dodatak prehrani kod gastrointestinalnih problema koji se uglavnom o\u010dituju u crijevima. Izuzetno visok sadr\u017eaj vlakana <strong>poma\u017ee kod zatvora, uklanja nadutost i pru\u017ea osje\u0107aj sitosti<\/strong>. \u010cisto\u0107a od 99 % zna\u010di da se radi o visoko pro\u010di\u0161\u0107enom proizvodu, ali i o voluminoznijem proizvodu. Ukratko, to je <strong>vrhunski psilium<\/strong>.<\/span><\/p>\n<p><span style=\"color: #000000\">Svatko mo\u017ee potvrditi da na\u0161e cjelokupno zdravlje i dobrobit u velikoj mjeri ovise o funkcioniranju i zdravlju na\u0161ih crijeva, ali va\u017enost zdravih crijeva kao klju\u010dnog organa u na\u0161em tijelu tek po\u010dinjemo shva\u0107ati kad imamo problema sa zatvorom, proljevom, naduto\u0161\u0107u ili drugim ozbiljnijim zdravstvenim problemima.<\/span><\/p>\n<p><span style=\"color: #000000\">Zbog toga je <strong>redoviti unos vlakana<\/strong> bitan za olak\u0161avanje pra\u017enjenja crijeva. Psyllium u tome ima va\u017enu ulogu jer ljuske sjemenki brzo nabubre i u dodiru s vodom tvore gel koji poti\u010de crijeva na kontrakciju, \u010dime se omogu\u0107uje redovito pra\u017enjenje crijeva. Time se prirodno \u010diste na\u0161a crijeva i \u010duva ih se od blokada koje ina\u010de mogu uzrokovati upalu ili rast lo\u0161ih bakterija koje mogu napasti na\u0161a tijela.<\/span><\/p>\n<p><span style=\"color: #000000\">Ova verzija psylliuma je:<\/span><\/p>\n<p><span style=\"color: #000000\">\ud83d\udc9a <strong>99 % <\/strong>\u010dista<\/span><br \/>\n<span style=\"color: #000000\">\ud83d\udc9a <strong>lak\u0161e<\/strong> <strong>se probavlja <\/strong><\/span><br \/>\n<span style=\"color: #000000\">\ud83d\udc9a vrhunske je <strong>kvalitete <\/strong><\/span><br \/>\n<span style=\"color: #000000\">\ud83d\udc9a <strong>certificirana je kao organska<\/strong><\/span><\/p>\n<h2><span style=\"color: #000000\">Kako psyllium djeluje i kod kojih problema poma\u017ee?<\/span><\/h2>\n<p><span style=\"color: #000000\">S obzirom na to da ima uistinu izvanredna svojstva, preporu\u010duje se svima onima koji vole brinuti o svom zdravlju i op\u0107oj dobrobiti, a osobito se preporu\u010duje osobama koje:<\/span><\/p>\n<p><span style=\"color: #000000\">\ud83d\udc9a imaju \u010deste i ponavljaju\u0107e <strong>zatvore i nadutost<\/strong>. <\/span><br \/>\n<span style=\"color: #000000\">\ud83d\udc9a \u017eele pobolj\u0161ati op\u0107u dobrobit i sprije\u010diti umor. <\/span><br \/>\n<span style=\"color: #000000\">\ud83d\udc9a Kao <strong>pomo\u0107 pri mr\u0161avljenju<\/strong> daje nam osje\u0107aj sitosti, a vrlo dobro djeluje i na na\u0161 metabolizam, poti\u010du\u0107i ga na prirodan na\u010din. <\/span><br \/>\n<span style=\"color: #000000\">\ud83d\udc9a Za sve one koji \u017eele prirodni laksativ bez op\u0107ih ne\u017eeljenih nuspojava poput nadutosti i nadutosti. <\/span><br \/>\n<span style=\"color: #000000\">\ud83d\udc9a Mo\u017ee se upotrebljavati uz lije\u010dni\u010dki nadzor kod <strong>problema s visokim kolesterolom<\/strong>, dijabetesa, hemoroida, nadra\u017eenih crijeva, Crohnove bolesti itd. <\/span><br \/>\n<span style=\"color: #000000\">\ud83d\udc9a Pogodan je za vegane i vegetarijance. <\/span><br \/>\n<span style=\"color: #000000\">\ud83d\udc9a Bez glutena. <\/span><br \/>\n<span style=\"color: #000000\">\ud83d\udc9a Univerzalno koristan u pe\u010denju i kuhanju.<\/span><\/p>\n<h2><span style=\"color: #000000\">Ambala\u017ea<\/span><\/h2>\n<p><span style=\"color: #000000\">Nepropusna vre\u0107ica ili kutija s patentnim zatvara\u010dem u kojoj proizvod zadr\u017eava svu svoju svje\u017einu i okus. Ambala\u017ea \u0161titi od svjetlosti i zraka. Sastoji se od nekoliko slojeva za\u0161tite koji \u010duvaju svojstva proizvoda.<\/span><\/p>\n<p><span style=\"color: #000000\">Ambala\u017ea je vrlo prakti\u010dna i mo\u017ee se reciklirati.<\/span><\/p>\n<h2><span style=\"color: #000000\">Podrijetlo<\/span><\/h2>\n<p><span style=\"color: #000000\">Indija<\/span><\/p>\n","protected":false},"excerpt":{"rendered":"<p>Psyllium (psyllium) ili indijski trputac je ljuska sjemena biljke koja se zove plantago. Psilium se koristi kao dodatak prehrani kod <strong>gastrointestinalnih problema<\/strong>, koji se uglavnom o\u010dituju u <strong>crijevima<\/strong>. Kako ima uistinu iznimna svojstva, preporu\u010damo ga uzeti svima koji vole brinuti o svom zdravlju i <strong>op\u0107em dobrom stanju<\/strong>.<\/p>\n<p>\ud83d\udc9a poma\u017ee kod zatvora,<\/p>\n<p>\ud83d\udc9a otklanja nadutost,<\/p>\n<p>\ud83d\udc9a daje osje\u0107aj sitosti,<\/p>\n<p>\ud83d\udc9a pomo\u0107 kod mr\u0161avljenja.<\/p>\n","protected":false},"featured_media":5923,"comment_status":"open","ping_status":"closed","template":"","meta":{"_acf_changed":false},"product_brand":[],"product_cat":[15,194,216],"product_tag":[],"class_list":{"0":"post-5963","1":"product","2":"type-product","3":"status-publish","4":"has-post-thumbnail","6":"product_cat-uncategorized","7":"product_cat-ayurveda","8":"product_cat-svi-proizvodi-ponudba","10":"first","11":"instock","12":"sale","13":"taxable","14":"shipping-taxable","15":"purchasable","16":"product-type-simple"},"acf":[],"_links":{"self":[{"href":"https:\/\/fengchashop.com\/hr\/wp-json\/wp\/v2\/product\/5963","targetHints":{"allow":["GET"]}}],"collection":[{"href":"https:\/\/fengchashop.com\/hr\/wp-json\/wp\/v2\/product"}],"about":[{"href":"https:\/\/fengchashop.com\/hr\/wp-json\/wp\/v2\/types\/product"}],"replies":[{"embeddable":true,"href":"https:\/\/fengchashop.com\/hr\/wp-json\/wp\/v2\/comments?post=5963"}],"wp:featuredmedia":[{"embeddable":true,"href":"https:\/\/fengchashop.com\/hr\/wp-json\/wp\/v2\/media\/5923"}],"wp:attachment":[{"href":"https:\/\/fengchashop.com\/hr\/wp-json\/wp\/v2\/media?parent=5963"}],"wp:term":[{"taxonomy":"product_brand","embeddable":true,"href":"https:\/\/fengchashop.com\/hr\/wp-json\/wp\/v2\/product_brand?post=5963"},{"taxonomy":"product_cat","embeddable":true,"href":"https:\/\/fengchashop.com\/hr\/wp-json\/wp\/v2\/product_cat?post=5963"},{"taxonomy":"product_tag","embeddable":true,"href":"https:\/\/fengchashop.com\/hr\/wp-json\/wp\/v2\/product_tag?post=5963"}],"curies":[{"name":"wp","href":"https:\/\/api.w.org\/{rel}","templated":true}]}}