{"id":5961,"date":"2022-02-11T21:47:17","date_gmt":"2022-02-11T20:47:17","guid":{"rendered":"https:\/\/fengchashop.com\/hr\/product\/ashwagandha-u-bio-tabletama-125-g\/"},"modified":"2026-05-07T14:28:37","modified_gmt":"2026-05-07T12:28:37","slug":"ashwagandha-u-bio-tabletama","status":"publish","type":"product","link":"https:\/\/fengchashop.com\/hr\/product\/ashwagandha-u-bio-tabletama\/","title":{"rendered":"Ashwagandha u BIO tabletama 125 g"},"content":{"rendered":"<h2><span style=\"color: #000000\">BIO Ashwagandha (ashwagandha) u tabletama<\/span><\/h2>\n<p><span style=\"color: #000000\">Ashwagandha je klju\u010dna biljka u ayurvedi i jedna od najcjenjenijih biljaka, poznata je i kao <strong>indijski ginseng<\/strong> jer se u ayurvedi upotrebljava na sli\u010dan na\u010din kao ginseng u tradicionalnoj kineskoj medicini. U ljekovite svrhe upotrebljava se ve\u0107 tisu\u0107lje\u0107ima, jer <strong>pozitivno utje\u010de na na\u0161e op\u0107enito stanje<\/strong> i daje nam energiju. Smatra se super hranom koja nam poma\u017ee vratiti hormonsku ravnote\u017eu. Utje\u010de i na hormone i reproduktivne organe. Obnavlja rad nadbubre\u017ene \u017elijezde i \u0161titnja\u010de. Budu\u0107i da je adaptogena, upotrebljava se u ayurvedi kod hiper- i hipoaktivne \u0161titnja\u010de.<\/span><\/p>\n<p><span style=\"color: #000000\">Ashwagandha tablete proizvode se organski. Tablete su iznimno prakti\u010dne za upotrebu i omogu\u0107uju stalan dnevni unos.<\/span><\/p>\n<h2><span style=\"color: #000000\">Koje mogu biti prednosti uzimanja ashwagandhe?<\/span><\/h2>\n<p><span style=\"color: #000000\">Smatra se da ashwagandha ima pozitivan u\u010dinak na:<\/span><\/p>\n<p><span style=\"color: #000000\">\ud83d\udc9a pove\u0107anje <strong>snage mozga<\/strong>,<\/span><br \/>\n<span style=\"color: #000000\"><strong>\ud83d\udc9apove\u0107anje energije<\/strong> i <strong>izdr\u017eljivosti<\/strong>,<\/span><br \/>\n<span style=\"color: #000000\">\ud83d\udc9a prevladavanje svakodnevnog <strong>stresa<\/strong> i ubla\u017eavanje simptoma tjeskobe i depresije,<\/span><br \/>\n<span style=\"color: #000000\">\ud83d\udc9a smanjenje nesanice,<\/span><br \/>\n<span style=\"color: #000000\">\ud83d\udc9a ubla\u017eavanje <strong>boli<\/strong> i <strong>upale<\/strong>,<\/span><br \/>\n<span style=\"color: #000000\">\ud83d\udc9a pove\u0107anje <strong>seksualnog nagona<\/strong> i plodnosti u oba spola,<\/span><br \/>\n<span style=\"color: #000000\">\ud83d\udc9a usporavanje procesa <strong>starenja tijela<\/strong>.<\/span><\/p>\n<p><span style=\"color: #000000\">Korijen biljke sadr\u017ei ve\u0107inu djelatnih tvari koje pozitivno djeluju na razne zdravstvene probleme. Mo\u017ee se progutati ili nanijeti na ko\u017eu ili zahva\u0107eno podru\u010dje. Vrlo je svestrana i stoga cijenjena u tri razli\u010dita tradicionalna lijeka.<\/span><\/p>\n<p><span style=\"color: #000000\">Poznata je i kao indijski ginseng jer je jako dobra u pove\u0107anju sposobnosti razmi\u0161ljanja ili funkcije mozga (sli\u010dno ginsengu). Izvrsno djeluje na cijeli \u017eiv\u010dani sustav, zbog \u010dega se \u010desto upotrebljava za prevladavanje stresa, tjeskobe i depresije. Nedavno je bila predmet mnogih istra\u017eivanja, uklju\u010duju\u0107i veze s lije\u010denjem Alzheimerove bolesti i demencije.<\/span><\/p>\n<h2><span style=\"color: #000000\">Kome se preporu\u010duje uzimanje ashwagandhe?<\/span><\/h2>\n<p><span style=\"color: #000000\">Iako se smatra da ashwagandha ima vrlo \u0161irok spektar djelovanja, konzumacija se preporu\u010duje uglavnom onima koji \u017eele prirodnim putem pomo\u0107i u ubla\u017eavanju problema kao \u0161to su <strong>stres<\/strong>, nedostatak seksualnog nagona i problemi povezani s <strong>menopauzom<\/strong>. Mo\u017ee se konzumirati i za <strong>pobolj\u0161anje pam\u0107enja, koncentracije i performansi<\/strong>, krvne slike, kao i za pomo\u0107 pri mr\u0161avljenju te za pove\u0107anje otpornosti na prehlade i druge infekcije. Upotrebljava se i za ubla\u017eavanje svih vrsta <strong>reumatskih tegoba<\/strong> i upaljenih zglobova zbog svojeg izvanrednog protuupalnog djelovanja. Poma\u017ee i u odr\u017eavanju tonusa mi\u0161i\u0107a i odr\u017eava zglobove fleksibilnima. Iako je ashwagandha sigurna hrana i mo\u017ee se upotrebljavati kao alternativa u slu\u010dajevima ozbiljnih zdravstvenih stanja, preporu\u010duje se konzultirati se s lije\u010dnikom prije upotrebe.<\/span><\/p>\n<h2><span style=\"color: #000000\">Spremanje i upozorenja<\/span><\/h2>\n<p><span style=\"color: #000000\">\u010cuvati na hladnom i suhom mjestu na temperaturi do 25 \u00b0C. Dodatak prehrani \u010duvajte izvan dohvata djece!<\/span><\/p>\n<p><span style=\"color: #000000\">Zapamtite va\u017enost raznovrsne prehrane i zdravog na\u010dina \u017eivota, dodatak prehrani nije zamjena za uravnote\u017eenu i raznoliku prehranu. Preporu\u010dena dnevna koli\u010dina ili doza ne smije se prekora\u010diti. Ne preporu\u010duje se trudnicama i dojiljama te osobama s prekomjerno aktivnom \u0161titnja\u010dom.<\/span><\/p>\n<h2><span style=\"color: #000000\">Ambala\u017ea<\/span><\/h2>\n<p><span style=\"color: #000000\">Nepropusna vre\u0107ica s patentnim zatvara\u010dem u kojoj proizvod zadr\u017eava svu svoju svje\u017einu i aromu. Ambala\u017ea \u0161titi od svjetlosti i zraka, jer je napravljena od nekoliko slojeva za\u0161tite koji \u010duvaju svojstva sadr\u017eaja.<\/span><\/p>\n<p><span style=\"color: #000000\">Ambala\u017ea je vrlo prakti\u010dna i mo\u017ee se reciklirati.<\/span><\/p>\n<h2><span style=\"color: #000000\">Podrijetlo<\/span><\/h2>\n<p><span style=\"color: #000000\">Indija<\/span><\/p>\n","protected":false},"excerpt":{"rendered":"<p align=\"JUSTIFY\">Ashwagandha je klju\u010dna biljka u ayurvedi i jedna od najcjenjenijih biljaka, poznata je i kao <strong>indijski ginseng<\/strong> jer se u ayurvedi upotrebljava na sli\u010dan na\u010din kao ginseng u tradicionalnoj kineskoj medicini. U ljekovite svrhe upotrebljava se ve\u0107 tisu\u0107lje\u0107ima, jer <strong>pozitivno utje\u010de na na\u0161e op\u0107enito stanje i daje nam energiju<\/strong>. <span class=\"VIiyi\" lang=\"hr\"><span class=\"JLqJ4b ChMk0b\" data-language-for-alternatives=\"hr\" data-language-to-translate-into=\"sl\" data-phrase-index=\"0\" data-number-of-phrases=\"1\">Smatra se da ashwagandha ima pozitivan u\u010dinak na:<\/span><\/span><\/p>\n<p align=\"JUSTIFY\">\ud83d\udc9a pove\u0107anje snage mozga,<br \/>\n\ud83d\udc9a <span class=\"VIiyi\" lang=\"hr\"><span class=\"JLqJ4b ChMk0b\" data-language-for-alternatives=\"hr\" data-language-to-translate-into=\"sl\" data-phrase-index=\"0\" data-number-of-phrases=\"1\">pove\u0107anje energije i izdr\u017eljivosti,<\/span><\/span><br \/>\n\ud83d\udc9a prevladavanje svakodnevnog stresa,<br \/>\n\ud83d\udc9a <span class=\"VIiyi\" lang=\"hr\"><span class=\"JLqJ4b ChMk0b\" data-language-for-alternatives=\"hr\" data-language-to-translate-into=\"sl\" data-phrase-index=\"0\" data-number-of-phrases=\"1\">smanjenje nesanice.<\/span><\/span><\/p>\n","protected":false},"featured_media":6263,"comment_status":"open","ping_status":"closed","template":"","meta":{"_acf_changed":false},"product_brand":[],"product_cat":[15,194,195,216],"product_tag":[],"class_list":{"0":"post-5961","1":"product","2":"type-product","3":"status-publish","4":"has-post-thumbnail","6":"product_cat-uncategorized","7":"product_cat-ayurveda","8":"product_cat-superhrana","9":"product_cat-svi-proizvodi-ponudba","11":"first","12":"instock","13":"sale","14":"taxable","15":"shipping-taxable","16":"purchasable","17":"product-type-simple"},"acf":[],"_links":{"self":[{"href":"https:\/\/fengchashop.com\/hr\/wp-json\/wp\/v2\/product\/5961","targetHints":{"allow":["GET"]}}],"collection":[{"href":"https:\/\/fengchashop.com\/hr\/wp-json\/wp\/v2\/product"}],"about":[{"href":"https:\/\/fengchashop.com\/hr\/wp-json\/wp\/v2\/types\/product"}],"replies":[{"embeddable":true,"href":"https:\/\/fengchashop.com\/hr\/wp-json\/wp\/v2\/comments?post=5961"}],"wp:featuredmedia":[{"embeddable":true,"href":"https:\/\/fengchashop.com\/hr\/wp-json\/wp\/v2\/media\/6263"}],"wp:attachment":[{"href":"https:\/\/fengchashop.com\/hr\/wp-json\/wp\/v2\/media?parent=5961"}],"wp:term":[{"taxonomy":"product_brand","embeddable":true,"href":"https:\/\/fengchashop.com\/hr\/wp-json\/wp\/v2\/product_brand?post=5961"},{"taxonomy":"product_cat","embeddable":true,"href":"https:\/\/fengchashop.com\/hr\/wp-json\/wp\/v2\/product_cat?post=5961"},{"taxonomy":"product_tag","embeddable":true,"href":"https:\/\/fengchashop.com\/hr\/wp-json\/wp\/v2\/product_tag?post=5961"}],"curies":[{"name":"wp","href":"https:\/\/api.w.org\/{rel}","templated":true}]}}