{"id":5959,"date":"2022-02-11T21:27:43","date_gmt":"2022-02-11T20:27:43","guid":{"rendered":"https:\/\/fengchashop.com\/hr\/product\/triphala-v-prahu-bio-250-g\/"},"modified":"2026-05-08T15:41:49","modified_gmt":"2026-05-08T13:41:49","slug":"triphala-u-prahu-bio","status":"publish","type":"product","link":"https:\/\/fengchashop.com\/hr\/product\/triphala-u-prahu-bio\/","title":{"rendered":"Triphala u prahu BIO 250 g"},"content":{"rendered":"<h2><span style=\"color: #000000\">Triphala u prahu<\/span><\/h2>\n<p><span style=\"color: #000000\">Triphala je drevna, vrlo cijenjena ajurvedska biljna mje\u0161avina tri vrste super vo\u0107a iz regije Indije: amalaki, bibhitaki i haritaki. Upotrebljava se vi\u0161e od 5000 godina, uglavnom za \u010di\u0161\u0107enje i detoksikaciju cijelog tijela.<\/span><\/p>\n<p><span style=\"color: #000000\"><strong>Triphala je kamen temeljac ajurvedske medicine jer ima mnoga u\u010dinkovita ljekovita svojstva:<\/strong><\/span><\/p>\n<p><span style=\"color: #000000\">\ud83d\udc9a blagotvorno djeluje na probavni sustav,<\/span><br \/>\n<span style=\"color: #000000\">\ud83d\udc9a uklanja vi\u0161ak masno\u0107e iz tijela,<\/span><br \/>\n<span style=\"color: #000000\">\ud83d\udc9a s visokim sadr\u017eajem vitamina C, u\u010dinkovito ja\u010da imunolo\u0161ki sustav,<\/span><br \/>\n<span style=\"color: #000000\">\ud83d\udc9a hrani i ja\u010da di\u0161ne puteve,<\/span><br \/>\n<span style=\"color: #000000\">\ud83d\udc9a pomla\u0111uje tijelo.<\/span><\/p>\n<p><span style=\"color: #000000\"><strong>Jeste li znali da Triphala brine o unutarnjim organima kao \u0161to majka brine o svojoj djeci?<\/strong><\/span><\/p>\n<p><span style=\"color: #000000\">Triphala je vrlo hranjiva, nje\u017ena mje\u0161avina, bogata vitaminom C, bioflavanoidima i omega-3 linolnim masnim kiselinama. Izniman je izvor proteina, ulja i antioksidansa koji uz svoja antimikrobna i antibakterijska svojstva pridonose pove\u0107anju imuniteta organizma. Ima dobar laksativni u\u010dinak pa je pogodan za \u010di\u0161\u0107enje crijeva i crijevnih stijenki te poma\u017ee u smanjenju vi\u0161ka kilograma. U\u010dinkovito detoksificira.<\/span><\/p>\n<p><span style=\"color: #000000\">Sve tri vrste vo\u0107a u formuli proizvoda triphala njeguju, ja\u010daju, \u010diste, dubinski obnavljaju i pomla\u0111uju cijelo tijelo. Redovita konzumacija triphale smanjuje umor i iscrpljenost te je izvrsna podr\u0161ka imunolo\u0161kom sustavu.<\/span><\/p>\n<h2><span style=\"color: #000000\">Ambala\u017ea<\/span><\/h2>\n<p><span style=\"color: #000000\">Nepropusna vre\u0107ica ili kutija s patentnim zatvara\u010dem u kojoj proizvod zadr\u017eava svu svoju svje\u017einu i okus. Ambala\u017ea \u0161titi od svjetlosti i zraka. Sastoji se od nekoliko slojeva za\u0161tite koji \u010duvaju svojstva proizvoda.<\/span><\/p>\n<p><span style=\"color: #000000\">Ambala\u017ea je vrlo prakti\u010dna i mo\u017ee se reciklirati.<\/span><\/p>\n<h2><span style=\"color: #000000\">Podrijetlo<\/span><\/h2>\n<p><span style=\"color: #000000\">Indija<\/span><\/p>\n","protected":false},"excerpt":{"rendered":"<p align=\"JUSTIFY\">Triphala je drevna, <strong>vrlo cijenjena ajurvedska biljna mje\u0161avina<\/strong> tri vrste super vo\u0107a iz regije Indije: amalaki, bibhitaki i haritaki. Upotrebljava se <strong>vi\u0161e od 5000 godina<\/strong>, uglavnom za \u010di\u0161\u0107enje i detoksikaciju cijelog tijela. Triphala je kamen temeljac ajurvedske medicine jer <strong>ima mnoga u\u010dinkovita ljekovita svojstva<\/strong>:<\/p>\n<p align=\"JUSTIFY\">\ud83d\udc9a blagotvorno djeluje na probavni sustav,<br \/>\n\ud83d\udc9a <span class=\"VIiyi\" lang=\"hr\"><span class=\"JLqJ4b ChMk0b\" data-language-for-alternatives=\"hr\" data-language-to-translate-into=\"sl\" data-phrase-index=\"0\" data-number-of-phrases=\"1\">uklanja vi\u0161ak masno\u0107e iz tijela,<\/span><\/span><br \/>\n\ud83d\udc9a <span class=\"VIiyi\" lang=\"hr\"><span class=\"JLqJ4b ChMk0b\" data-language-for-alternatives=\"hr\" data-language-to-translate-into=\"sl\" data-phrase-index=\"0\" data-number-of-phrases=\"1\">s visokim sadr\u017eajem vitamina C u\u010dinkovito ja\u010da imunolo\u0161ki sustav,<\/span><\/span><br \/>\n\ud83d\udc9a <span class=\"VIiyi\" lang=\"hr\"><span class=\"JLqJ4b ChMk0b\" data-language-for-alternatives=\"hr\" data-language-to-translate-into=\"sl\" data-phrase-index=\"0\" data-number-of-phrases=\"1\">hrani i ja\u010da di\u0161ne \u200b\u200bputeve,<\/span><\/span><br \/>\n\ud83d\udc9a <span class=\"VIiyi\" lang=\"hr\"><span class=\"JLqJ4b ChMk0b\" data-language-for-alternatives=\"hr\" data-language-to-translate-into=\"sl\" data-phrase-index=\"0\" data-number-of-phrases=\"1\">pomla\u0111uje tijelo.<\/span><\/span><\/p>\n","protected":false},"featured_media":6273,"comment_status":"open","ping_status":"closed","template":"","meta":{"_acf_changed":false},"product_brand":[],"product_cat":[15,194,195,216],"product_tag":[],"class_list":{"0":"post-5959","1":"product","2":"type-product","3":"status-publish","4":"has-post-thumbnail","6":"product_cat-uncategorized","7":"product_cat-ayurveda","8":"product_cat-superhrana","9":"product_cat-svi-proizvodi-ponudba","11":"first","12":"instock","13":"sale","14":"taxable","15":"shipping-taxable","16":"purchasable","17":"product-type-simple"},"acf":[],"_links":{"self":[{"href":"https:\/\/fengchashop.com\/hr\/wp-json\/wp\/v2\/product\/5959","targetHints":{"allow":["GET"]}}],"collection":[{"href":"https:\/\/fengchashop.com\/hr\/wp-json\/wp\/v2\/product"}],"about":[{"href":"https:\/\/fengchashop.com\/hr\/wp-json\/wp\/v2\/types\/product"}],"replies":[{"embeddable":true,"href":"https:\/\/fengchashop.com\/hr\/wp-json\/wp\/v2\/comments?post=5959"}],"wp:featuredmedia":[{"embeddable":true,"href":"https:\/\/fengchashop.com\/hr\/wp-json\/wp\/v2\/media\/6273"}],"wp:attachment":[{"href":"https:\/\/fengchashop.com\/hr\/wp-json\/wp\/v2\/media?parent=5959"}],"wp:term":[{"taxonomy":"product_brand","embeddable":true,"href":"https:\/\/fengchashop.com\/hr\/wp-json\/wp\/v2\/product_brand?post=5959"},{"taxonomy":"product_cat","embeddable":true,"href":"https:\/\/fengchashop.com\/hr\/wp-json\/wp\/v2\/product_cat?post=5959"},{"taxonomy":"product_tag","embeddable":true,"href":"https:\/\/fengchashop.com\/hr\/wp-json\/wp\/v2\/product_tag?post=5959"}],"curies":[{"name":"wp","href":"https:\/\/api.w.org\/{rel}","templated":true}]}}