{"id":5958,"date":"2022-02-11T21:16:38","date_gmt":"2022-02-11T20:16:38","guid":{"rendered":"https:\/\/fengchashop.com\/hr\/product\/astragalus-u-prahu-bio-250-g\/"},"modified":"2026-05-08T17:07:11","modified_gmt":"2026-05-08T15:07:11","slug":"astragalus-u-prahu-bio","status":"publish","type":"product","link":"https:\/\/fengchashop.com\/hr\/product\/astragalus-u-prahu-bio\/","title":{"rendered":"Astragalus u prahu BIO 250 g"},"content":{"rendered":"<h2><span style=\"color: #000000\">Astragalus u prahu BIO<\/span><\/h2>\n<p><span style=\"color: #000000\">Astragalus je grm koji zapravo pripada <strong>obitelji mahunarki<\/strong>. Naziva se i opnasti kozlinac. U Kini se <strong>upotrebljava<\/strong> kao ljekovita biljka u tradicionalnoj kineskoj medicini <strong>vi\u0161e od 2000 godina<\/strong>. Korisni dio biljke nisu plodovi ili listovi, nego korijenje osu\u0161eno na suncu. Najkvalitetniji su oni deblji, \u010dvr\u0161\u0107i i sla\u0111i.<\/span><\/p>\n<p><span style=\"color: #000000\">Tradicionalno se upotrebljavao u Kini kao <strong>osvje\u017eenje za cijelo tijelo<\/strong>, izuzetno je sna\u017ean antioksidans koji se uspje\u0161no bori protiv svih vrsta upala. Smatra se i adaptogenom biljkom, \u0161to zna\u010di da ja\u010da sve organske sustave tijela. Ne ometa njihovo prirodno funkcioniranje. Ne stimulira organe pretjerano i obnavlja tjelesnu ravnote\u017eu. Zato ga ponekad nazivaju \u201e<strong>velikim za\u0161titnikom<\/strong>\u201d.<\/span><\/p>\n<p><span style=\"color: #000000\">Astragalus je izuzetno bogat izvor specifi\u010dnih antioksidansa i selena. Zbog svoje adaptogenosti upotrebljava se za razna tjelesna stanja koja ukazuju na neravnote\u017eu. Astragalus se \u010desto upotrebljava i kao biljka protiv starenja. Smatra se i da regulira krvni tlak, \u0161e\u0107er u krvi i kolesterol. Ja\u010da imunolo\u0161ki sustav i djeluje preventivno protiv gripe i prehlade.<\/span><\/p>\n<p><span style=\"color: #000000\">Mo\u017ee se upotrebljavati i u slu\u010daju <strong>no\u0107nog znojenja i simptoma menopauze<\/strong>, daje energiju stanicama, ja\u010da mi\u0161i\u0107e i pobolj\u0161ava metabolizam, podr\u017eava rad nadbubre\u017ene \u017elijezde i razrje\u0111uje krv (sli\u010dno kao aspirin). U nekim slu\u010dajevima, mo\u017ee se upotrebljavati uz konzultacije s lije\u010dnikom za podr\u0161ku pacijentima s rakom koji su podvrgnuti terapiji zra\u010denjem i kemoterapijom te pacijentima s AIDS-om.<\/span><\/p>\n<p><span style=\"color: #000000\">Mo\u017eete ujedno napraviti i \u010daj od praha tako da jednu \u017elicu praha astragalusa prokuhate sa \u0161alicom vode. Ostavite 1 sat i zatim procijedite. Pijte u gutljajima tijekom dana.<\/span><\/p>\n<p><span style=\"color: #000000\">Astragalus se \u010desto upotrebljava <strong>u kombinaciji<\/strong> s drugim za\u010dinskim biljem i biljkama kao \u0161to su an\u0111elika, kurkuma, ginseng, ashwagandha i spirulina.<\/span><\/p>\n<h2><span style=\"color: #000000\">Astragalus se povezuje s produljenjem \u017eivota iz sljede\u0107ih razloga:<\/span><\/h2>\n<p><span style=\"color: #000000\">\ud83d\udc9a adaptogen je \u2013 poma\u017ee u prevladavanju svih vrsta stresa (fizi\u010dkog, emocionalnog i mentalnog), <\/span><br \/>\n<span style=\"color: #000000\">\ud83d\udc9a izvrstan je antioksidans i poma\u017ee u ubrzanju oporavka i ja\u010danja duha i tijela, <\/span><br \/>\n<span style=\"color: #000000\">\ud83d\udc9a \u0161titi tijelo od razvoja novih bolesti, <\/span><br \/>\n<span style=\"color: #000000\">\ud83d\udc9a poti\u010de apetit i poma\u017ee u borbi protiv umora, <\/span><br \/>\n<span style=\"color: #000000\">\ud83d\udc9a stimulira imunolo\u0161ki sustav, a time i bijele krvne stanice, <\/span><br \/>\n<span style=\"color: #000000\">\ud83d\udc9a ja\u010da funkcije vitalnih organa kao \u0161to su bubrezi i srce, <\/span><br \/>\n<span style=\"color: #000000\">\ud83d\udc9a ja\u010da mi\u0161i\u0107e i poti\u010de prirodni polo\u017eaj organa, dr\u017ee\u0107i nas uspravno, <\/span><br \/>\n<span style=\"color: #000000\">\ud83d\udc9a ubrzava eliminaciju toksina kroz ko\u017eu, djeluje kao blagi diuretik i kontrolira pretjerano znojenje.<\/span><\/p>\n<h2><span style=\"color: #000000\">Spremanje i upozorenja<\/span><\/h2>\n<p><span style=\"color: #000000\">\u010cuvajte na hladnom i suhom mjestu. Dodatak prehrani \u010duvajte izvan dohvata djece!<\/span><\/p>\n<p><span style=\"color: #000000\">Zapamtite va\u017enost raznovrsne prehrane i zdravog na\u010dina \u017eivota, dodatak prehrani nije zamjena za uravnote\u017eenu i raznoliku prehranu. Preporu\u010dena dnevna koli\u010dina ili doza ne smije se prekora\u010diti. Trudnicama i dojiljama uvijek se savjetuje da se prije upotrebe posavjetuju s lije\u010dnikom.<\/span><\/p>\n<h2><span style=\"color: #000000\">Ambala\u017ea<\/span><\/h2>\n<p><span style=\"color: #000000\">Nepropusna vre\u0107ica s patentnim zatvara\u010dem u kojoj proizvod zadr\u017eava svu svoju svje\u017einu i aromu. Ambala\u017ea \u0161titi od svjetlosti i zraka, jer je napravljena od nekoliko slojeva za\u0161tite koji \u010duvaju svojstva sadr\u017eaja.<\/span><\/p>\n<p><span style=\"color: #000000\">Ambala\u017ea je vrlo prakti\u010dna i mo\u017ee se reciklirati.<\/span><\/p>\n<h2><span style=\"color: #000000\">Podrijetlo<\/span><\/h2>\n<p><span style=\"color: #000000\">Kina. Imamo vrlo pouzdane dobavlja\u010de koji nam \u0161alju detaljnu kemijsku analizu proizvoda za svaku seriju. U vi\u0161e od 10 godina nikada nismo imali opoziv ili bilo kakav drugi problem s ovim proizvodom, niti s bilo kojim drugim proizvodom istog dobavlja\u010da. Proizvod je 100 % certificiran kao organski.<\/span><\/p>\n","protected":false},"excerpt":{"rendered":"<p>Tradicionalno se upotrebljavao u Kini kao <strong>osvje\u017eenje za cijelo tijelo<\/strong>, izuzetno je sna\u017ean antioksidans koji se uspje\u0161no bori protiv svih vrsta upala. Smatra se i adaptogenom biljkom, \u0161to zna\u010di da ja\u010da sve organske sustave tijela. Ne ometa njihovo prirodno funkcioniranje. Ne stimulira organe pretjerano i obnavlja tjelesnu ravnote\u017eu. Zato ga ponekad nazivaju <strong>\u201evelikim za\u0161titnikom\u201d<\/strong> jer:<\/p>\n<p align=\"JUSTIFY\">\ud83d\udc9a <span class=\"VIiyi\" lang=\"hr\"><span class=\"JLqJ4b ChMk0b\" data-language-for-alternatives=\"hr\" data-language-to-translate-into=\"sl\" data-phrase-index=\"0\" data-number-of-phrases=\"1\">je adaptogen \u2013 poma\u017ee u prevladavanju svih vrsta stresa (fizi\u010dkog, emocionalnog i mentalnog),<\/span><\/span><br \/>\n\ud83d\udc9a izvrstan je antioksidans i poma\u017ee u ubrzanju oporavka i ja\u010danja duha i tijela,<br \/>\n\ud83d\udc9a \u0161titi tijelo od razvoja novih bolesti,<br \/>\n\ud83d\udc9a <span class=\"VIiyi\" lang=\"hr\"><span class=\"JLqJ4b ChMk0b\" data-language-for-alternatives=\"hr\" data-language-to-translate-into=\"sl\" data-phrase-index=\"0\" data-number-of-phrases=\"1\">poti\u010de apetit i poma\u017ee u borbi protiv umora,<\/span><\/span><br \/>\n\ud83d\udc9a stimulira rad imunolo\u0161kog sustava, a time i rad bijelih krvnih stanica.<\/p>\n","protected":false},"featured_media":5856,"comment_status":"open","ping_status":"closed","template":"","meta":{"_acf_changed":false},"product_brand":[],"product_cat":[15,216],"product_tag":[],"class_list":{"0":"post-5958","1":"product","2":"type-product","3":"status-publish","4":"has-post-thumbnail","6":"product_cat-uncategorized","7":"product_cat-svi-proizvodi-ponudba","9":"first","10":"instock","11":"sale","12":"taxable","13":"shipping-taxable","14":"purchasable","15":"product-type-simple"},"acf":[],"_links":{"self":[{"href":"https:\/\/fengchashop.com\/hr\/wp-json\/wp\/v2\/product\/5958","targetHints":{"allow":["GET"]}}],"collection":[{"href":"https:\/\/fengchashop.com\/hr\/wp-json\/wp\/v2\/product"}],"about":[{"href":"https:\/\/fengchashop.com\/hr\/wp-json\/wp\/v2\/types\/product"}],"replies":[{"embeddable":true,"href":"https:\/\/fengchashop.com\/hr\/wp-json\/wp\/v2\/comments?post=5958"}],"wp:featuredmedia":[{"embeddable":true,"href":"https:\/\/fengchashop.com\/hr\/wp-json\/wp\/v2\/media\/5856"}],"wp:attachment":[{"href":"https:\/\/fengchashop.com\/hr\/wp-json\/wp\/v2\/media?parent=5958"}],"wp:term":[{"taxonomy":"product_brand","embeddable":true,"href":"https:\/\/fengchashop.com\/hr\/wp-json\/wp\/v2\/product_brand?post=5958"},{"taxonomy":"product_cat","embeddable":true,"href":"https:\/\/fengchashop.com\/hr\/wp-json\/wp\/v2\/product_cat?post=5958"},{"taxonomy":"product_tag","embeddable":true,"href":"https:\/\/fengchashop.com\/hr\/wp-json\/wp\/v2\/product_tag?post=5958"}],"curies":[{"name":"wp","href":"https:\/\/api.w.org\/{rel}","templated":true}]}}