{"id":5957,"date":"2022-02-11T20:48:52","date_gmt":"2022-02-11T19:48:52","guid":{"rendered":"https:\/\/fengchashop.com\/hr\/product\/dulse-bio-125-g\/"},"modified":"2026-05-08T12:44:48","modified_gmt":"2026-05-08T10:44:48","slug":"dulse-bio","status":"publish","type":"product","link":"https:\/\/fengchashop.com\/hr\/product\/dulse-bio\/","title":{"rendered":"Dulse BIO 125 g"},"content":{"rendered":"<h2><span style=\"color: #000000\">Crvena alga dulse<\/span><\/h2>\n<p><span style=\"color: #000000\">Dulse je crvena alga, poznata i pod nazivom <strong>crvena morska alga<\/strong> ili <strong>Palmaria palmata<\/strong>, i pripada skupini crvenih algi ili <em>Rodophycophyta<\/em>. Crvene morske alge uklju\u010duju <strong>nori<\/strong> alge i vjerojatno poznatiji agar agar, koji se tako\u0111er upotrebljava kao sredstvo za proizvodnju \u017eelea u vegetarijanskoj i veganskoj prehrani.<\/span><\/p>\n<p><span style=\"color: #000000\">Alge su <strong>va\u017ean izvor joda<\/strong> koji se ne skladi\u0161ti u tijelu i stoga se mora redovito konzumirati (zbog \u010dega je ve\u0107ina kuhinjske soli jodirana), jer je odgovorna za pravilan rad \u0161titnja\u010de, a nedostatak joda mo\u017ee dovesti do raznih stanja (od debljanja i umora do \u0107elavosti i hipotireoze). Za probleme sa \u0161titnja\u010dom i druge probleme, uvijek je dobro konzultirati se s lije\u010dnikom prije uzimanja.<\/span><\/p>\n<p><span style=\"color: #000000\">Tradicionalno, crvena morska alga dulse upotrebljava se i za ubla\u017eavanje problema <strong>visokog krvnog tlaka<\/strong>; podr\u017eava prevenciju <strong>o\u0161te\u0107enja vida<\/strong> jer sadr\u017ei vitamin A; za podr\u0161ku <strong>imunolo\u0161kom sustavu<\/strong> te za ubla\u017eavanje problema s lo\u0161om <strong>ko\u0161tanom masom<\/strong> i vezivnim tkivom zbog sadr\u017eaja minerala kao \u0161to su kalcij i magnezij. Ima protuupalna i antivirusna svojstva zbog sadr\u017eaja slo\u017eenog ugljikohidrata fukoidana.<\/span><\/p>\n<p><span style=\"color: #000000\">Alge se su\u0161e i samelju u pahuljice. Izvrsne su kvalitete, divlje su, certificirane kao organske i ru\u010dno ubrane u Atlantskom oceanu.<\/span><\/p>\n<h2><span style=\"color: #000000\">\u0160to sadr\u017ei dulse alge?<\/span><\/h2>\n<p><span style=\"color: #000000\">\ud83d\udc9a Vitamine: A, C i E \u2013 va\u017eni antioksidansi koji nas \u0161tite od slobodnih radikala; i vitamini B (B1, B2, B3, B6, B12), za koje se pokazalo da ubla\u017eavaju stres i odr\u017eavaju razinu energije.<\/span><br \/>\n<span style=\"color: #000000\">\ud83d\udc9a Minerale i elemente u tragovima: kalcij, \u017eeljezo, mangan, cink, magnezij, jod, kalij, fosfor.<\/span><br \/>\n<span style=\"color: #000000\">\ud83d\udc9a Bogate su i proteinima, aminokiselinama, vlaknima i omega-3 nezasi\u0107enim masnim kiselinama, koje igraju va\u017enu ulogu u na\u0161em kardiovaskularnom zdravlju i inhibiraju upalu.<\/span><br \/>\n<span style=\"color: #000000\">\ud83d\udc9a Zapravo, sadr\u017ee gotovo sve <strong>elemente u tragovima potrebne<\/strong> ljudskom tijelu.<\/span><\/p>\n<h2><span style=\"color: #000000\">Ambala\u017ea<\/span><\/h2>\n<p><span style=\"color: #000000\">Nepropusna vre\u0107ica s patentnim zatvara\u010dem u kojoj proizvod zadr\u017eava svu svoju svje\u017einu i aromu. Ambala\u017ea \u0161titi od svjetlosti i zraka, jer je napravljena od nekoliko slojeva za\u0161tite koji \u010duvaju svojstva sadr\u017eaja.<\/span><\/p>\n<p><span style=\"color: #000000\">Ambala\u017ea je vrlo prakti\u010dna i mo\u017ee se reciklirati.<\/span><\/p>\n<h2><span style=\"color: #000000\">Podrijetlo<\/span><\/h2>\n<p><span style=\"color: #000000\">Irska<\/span><\/p>\n","protected":false},"excerpt":{"rendered":"<p>Dulse je crvena morska alga, poznata i kao <strong>crvena palmarija<\/strong> ili <strong>Palmaria palmata<\/strong> i pripada skupini crvenih algi ili Rodophycophyta. Tradicionalno, crvene alge dulse se koristi za:<\/p>\n<p>\ud83d\udc9a ubla\u017eavanje problema visokog krvnog tlaka<\/p>\n<p>\ud83d\udc9a zbog sadr\u017eaja vitamina A i kao potpora u prevenciji problema s slabovidno\u0161\u0107u,<\/p>\n<p>\ud83d\udc9a podr\u017eava rad imunolo\u0161kog sustava,<\/p>\n<p>\ud83d\udc9a zbog sadr\u017eaja minerala poput kalcija i magnezija ubla\u017eava probleme s lo\u0161om ko\u0161tanom masom i slabim vezivnim tkivom.<\/p>\n","protected":false},"featured_media":6275,"comment_status":"open","ping_status":"closed","template":"","meta":{"_acf_changed":false},"product_brand":[],"product_cat":[15,222,218,195,216],"product_tag":[],"class_list":{"0":"post-5957","1":"product","2":"type-product","3":"status-publish","4":"has-post-thumbnail","6":"product_cat-uncategorized","7":"product_cat-alge-i-trave","8":"product_cat-najprodavaniji","9":"product_cat-superhrana","10":"product_cat-svi-proizvodi-ponudba","12":"first","13":"instock","14":"sale","15":"taxable","16":"shipping-taxable","17":"purchasable","18":"product-type-simple"},"acf":[],"_links":{"self":[{"href":"https:\/\/fengchashop.com\/hr\/wp-json\/wp\/v2\/product\/5957","targetHints":{"allow":["GET"]}}],"collection":[{"href":"https:\/\/fengchashop.com\/hr\/wp-json\/wp\/v2\/product"}],"about":[{"href":"https:\/\/fengchashop.com\/hr\/wp-json\/wp\/v2\/types\/product"}],"replies":[{"embeddable":true,"href":"https:\/\/fengchashop.com\/hr\/wp-json\/wp\/v2\/comments?post=5957"}],"wp:featuredmedia":[{"embeddable":true,"href":"https:\/\/fengchashop.com\/hr\/wp-json\/wp\/v2\/media\/6275"}],"wp:attachment":[{"href":"https:\/\/fengchashop.com\/hr\/wp-json\/wp\/v2\/media?parent=5957"}],"wp:term":[{"taxonomy":"product_brand","embeddable":true,"href":"https:\/\/fengchashop.com\/hr\/wp-json\/wp\/v2\/product_brand?post=5957"},{"taxonomy":"product_cat","embeddable":true,"href":"https:\/\/fengchashop.com\/hr\/wp-json\/wp\/v2\/product_cat?post=5957"},{"taxonomy":"product_tag","embeddable":true,"href":"https:\/\/fengchashop.com\/hr\/wp-json\/wp\/v2\/product_tag?post=5957"}],"curies":[{"name":"wp","href":"https:\/\/api.w.org\/{rel}","templated":true}]}}