{"id":5955,"date":"2022-02-11T20:17:52","date_gmt":"2022-02-11T19:17:52","guid":{"rendered":"https:\/\/fengchashop.com\/hr\/product\/kalcijev-karbonat-500-g\/"},"modified":"2026-04-29T10:23:14","modified_gmt":"2026-04-29T08:23:14","slug":"kalcijev-karbonat","status":"publish","type":"product","link":"https:\/\/fengchashop.com\/hr\/product\/kalcijev-karbonat\/","title":{"rendered":"Kalcijev karbonat 500 g"},"content":{"rendered":"<h2><span style=\"color: #000000\">Kalcijev karbonat\u00a0<\/span><\/h2>\n<p><span style=\"color: #000000\">Kalcij je jedan od <strong>najzastupljenijih minerala u na\u0161em tijelu<\/strong>. Iako je uglavnom povezan s kostima, kalcij ima mnoge druge va\u017ene funkcije u ljudskom tijelu. Kalcij je zapravo sastavni dio ko\u0161tanog tkiva i posljedi\u010dno utje\u010de na tvrdo\u0107u kostiju. Stoga je vrlo va\u017eno jesti hranu bogatu kalcijem vrlo va\u017eno tijekom djetinjstva, kada rastemo. Vrlo je va\u017ean i tijekom menopauze, kada poreme\u0107ena hormonska ravnote\u017ea \u010desto utje\u010de na apsorpciju kalcija \u010dime se smanjuje gusto\u0107a kostiju. Isto vrijedi i za ve\u0107inu starijih odraslih osoba. Kalcij ima va\u017enu ulogu i u trudno\u0107i.<\/span><\/p>\n<p><span style=\"color: #000000\"><strong>Kalcij pridonosi<\/strong> normalnoj funkciji stanica i mi\u0161i\u0107a, zdravlju kostiju i zuba, normalnom radu probavnih enzima, pravilnom zgru\u0161avanju krvi, prijenosu \u017eiv\u010danih impulsa i normalnom osloba\u0111anju energije tijekom metaboli\u010dkih procesa. <strong>Nedostatak kalcija<\/strong> \u010desto <strong>dovodi do osteoporoze<\/strong>, jo\u0161 jedne iznimno \u010deste bolesti modernog doba.<\/span><\/p>\n<p><span style=\"color: #000000\">Kalcij u obliku kalcijevog karbonata <strong>prirodan je i siguran oblik kalcija<\/strong> kao dodatak prehrani. Dobro se apsorbira i ima optimalan prinos.<\/span><\/p>\n<p><span style=\"color: #000000\">Kalcij je potrebno redovito unositi u organizam, osobito tijekom razdoblja ubrzanog rasta i trudno\u0107e. To se najbolje posti\u017ee raznolikom i uravnote\u017eenom prehranom koja je prirodno bogata kalcijem. Me\u0111utim, preporu\u010dujemo uzimanje dodataka prehrani posebno onima koji konzumiraju vrlo malo ili nimalo mlije\u010dnih proizvoda. Preporu\u010duje se i \u017eenama u menopauzi i svim starijim osobama.<\/span><\/p>\n<p><span style=\"color: #000000\">Dodatak prehrani visoke je kvalitete i posti\u017ee koncentraciju elementarnog kalcija do 40 %.<\/span><\/p>\n<h2><span style=\"color: #000000\">Za\u0161to odabrati kalcijev karbonat?<\/span><\/h2>\n<p><span style=\"color: #000000\">Postoji <strong>nekoliko vrsta<\/strong> ili oblika dodataka s kalcijem. Zovu se kalcijeve soli. One mogu biti kalcijev glukonat, kalcijev karbonat, kalcijev citrat itd. Primjerice, kalcijev citrat izvrstan je sve koji imaju problema s premalo \u017eelu\u010dane kiseline ili koji uzimaju inhibitore \u017eelu\u010dane kiseline jer ne treba kiselinu za dobru i pravilnu apsorpciju. Kalcijev karbonat naj\u010de\u0161\u0107i je oblik kalcija u dodacima prehrani i pokazao se sigurnim te se dobro apsorbira. Za starije se preporu\u010duje uzimanje odmah nakon jela, a za mla\u0111e jedan sat prije ili dva sata nakon jela.<\/span><\/p>\n<h2><span style=\"color: #000000\">Kakav u\u010dinak unos kalcija ima na na\u0161e tijelo?<\/span><\/h2>\n<p><span style=\"color: #000000\">Vitamin D tako\u0111er igra va\u017enu ulogu u pravilnoj apsorpciji i normalnoj razini kalcija u krvi. Dnevne preporu\u010dene vrijednosti mogu se posti\u0107i, osobito ljeti, izlaganjem na\u0161e ko\u017ee sun\u010devim zrakama. <\/span><\/p>\n<p><span style=\"color: #000000\">Kalcij tada poma\u017ee u:<\/span><\/p>\n<p><span style=\"color: #000000\">\ud83d\udc9a odr\u017eavanju <strong>zdravih zubi i kostiju<\/strong>, <\/span><br \/>\n<span style=\"color: #000000\">\ud83d\udc9a pravilnom <strong>zgru\u0161avanju krvi<\/strong>, <\/span><br \/>\n<span style=\"color: #000000\">\ud83d\udc9a osloba\u0111anju energije tijekom metaboli\u010dkih procesa, <\/span><br \/>\n<span style=\"color: #000000\">\ud83d\udc9a normalnom <strong>prijenosu<\/strong> <strong>\u017eiv\u010danih impulsa<\/strong> i <strong>funkcija mi\u0161i\u0107a<\/strong> i <strong>probavnih enzima<\/strong>, <\/span><br \/>\n<span style=\"color: #000000\">\ud83d\udc9a diobi i specijalizaciji <strong>stanica<\/strong>.<\/span><\/p>\n<h2><span style=\"color: #000000\">Koje su prednosti na\u0161eg kalcijevog karbonata?<\/span><\/h2>\n<p><span style=\"color: #000000\">Na\u0161 se kalcijev karbonat prirodno izvla\u010di. Sadr\u017ei vrlo \u010dist prah i visoku koncentraciju elementarnog kalcija. Istodobno, ne sadr\u017ei nikakve nepo\u017eeljne aditive kao \u0161to su \u0161e\u0107er, gluten, soja itd.<\/span><\/p>\n<h2><span style=\"color: #000000\">Ambala\u017ea<\/span><\/h2>\n<p><span style=\"color: #000000\">Nepropusna vre\u0107ica s patentnim zatvara\u010dem u kojoj proizvod zadr\u017eava svu svoju svje\u017einu i aromu. Ambala\u017ea \u0161titi od svjetlosti i zraka, jer je napravljena od nekoliko slojeva za\u0161tite koji \u010duvaju svojstva sadr\u017eaja.<\/span><\/p>\n<p><span style=\"color: #000000\">Ambala\u017ea je vrlo prakti\u010dna i mo\u017ee se reciklirati.<\/span><\/p>\n<h2><span style=\"color: #000000\">Spremanje i upozorenja<\/span><\/h2>\n<p><span style=\"color: #000000\">\u010cuvati na hladnom i suhom mjestu na temperaturi do 25 \u00b0C. Dodatak prehrani \u010duvajte izvan dohvata djece!<\/span><\/p>\n<p><span style=\"color: #000000\">Posavjetujte se sa svojim lije\u010dnikom ako istodobno uzimate antibiotike ili bilo koje druge lijekove.<\/span><\/p>\n<p><span style=\"color: #000000\">Zapamtite va\u017enost raznovrsne prehrane i zdravog na\u010dina \u017eivota, dodatak prehrani nije zamjena za uravnote\u017eenu i raznoliku prehranu. Preporu\u010dena dnevna koli\u010dina ili doza ne smije se prekora\u010diti. Trudnicama i dojiljama uvijek se savjetuje da se prije upotrebe posavjetuju s lije\u010dnikom. Nije prikladno za djecu.<\/span><\/p>\n","protected":false},"excerpt":{"rendered":"<p align=\"JUSTIFY\"><span class=\"VIiyi\" lang=\"hr\"><span class=\"JLqJ4b ChMk0b\" data-language-for-alternatives=\"hr\" data-language-to-translate-into=\"sl\" data-phrase-index=\"0\" data-number-of-phrases=\"4\">Kalcij je jedan od najzastupljenijih minerala u na\u0161em tijelu.<\/span> <span class=\"JLqJ4b ChMk0b\" data-language-for-alternatives=\"hr\" data-language-to-translate-into=\"sl\" data-phrase-index=\"1\" data-number-of-phrases=\"4\">Iako je uglavnom povezan s kostima, kalcij ima mnoge druge va\u017ene funkcije u ljudskom tijelu.<\/span> <span class=\"JLqJ4b ChMk0b\" data-language-for-alternatives=\"hr\" data-language-to-translate-into=\"sl\" data-phrase-index=\"2\" data-number-of-phrases=\"4\">Kalcij je zapravo sastavni dio ko\u0161tanog tkiva i posljedi\u010dno utje\u010de na tvrdo\u0107u kostiju. <\/span><\/span><span class=\"VIiyi\" lang=\"hr\"><span class=\"JLqJ4b ChMk0b\" data-language-for-alternatives=\"hr\" data-language-to-translate-into=\"sl\" data-phrase-index=\"3\" data-number-of-phrases=\"4\">Kalcij poma\u017ee kod:<\/span><\/span><\/p>\n<p>\ud83d\udc9a <span class=\"VIiyi\" lang=\"hr\"><span class=\"JLqJ4b ChMk0b\" data-language-for-alternatives=\"hr\" data-language-to-translate-into=\"sl\" data-phrase-index=\"0\" data-number-of-phrases=\"1\">odr\u017eavanju zdravih zuba i kostiju,<\/span><\/span><br \/>\n\ud83d\udc9a adekvatnom zgru\u0161avanje krvi,<br \/>\n\ud83d\udc9a <span class=\"VIiyi\" lang=\"hr\"><span class=\"JLqJ4b ChMk0b\" data-language-for-alternatives=\"hr\" data-language-to-translate-into=\"sl\" data-phrase-index=\"0\" data-number-of-phrases=\"1\">osloba\u0111anju energije tijekom metabolizma,<\/span><\/span><br \/>\n\ud83d\udc9a <span class=\"VIiyi\" lang=\"hr\"><span class=\"JLqJ4b ChMk0b\" data-language-for-alternatives=\"hr\" data-language-to-translate-into=\"sl\" data-phrase-index=\"0\" data-number-of-phrases=\"1\">normalnom prijenosu \u017eiv\u010danih impulsa i radu mi\u0161i\u0107a i probavnih enzima,<\/span><\/span><br \/>\n\ud83d\udc9a <span class=\"VIiyi\" lang=\"hr\"><span class=\"JLqJ4b ChMk0b\" data-language-for-alternatives=\"hr\" data-language-to-translate-into=\"sl\" data-phrase-index=\"0\" data-number-of-phrases=\"1\">diobi i specijalizaciji stanica.<\/span><\/span><\/p>\n","protected":false},"featured_media":5877,"comment_status":"open","ping_status":"closed","template":"","meta":{"_acf_changed":false},"product_brand":[],"product_cat":[15,203,216],"product_tag":[],"class_list":{"0":"post-5955","1":"product","2":"type-product","3":"status-publish","4":"has-post-thumbnail","6":"product_cat-uncategorized","7":"product_cat-minerali-vitamini","8":"product_cat-svi-proizvodi-ponudba","10":"first","11":"instock","12":"sale","13":"taxable","14":"shipping-taxable","15":"purchasable","16":"product-type-simple"},"acf":[],"_links":{"self":[{"href":"https:\/\/fengchashop.com\/hr\/wp-json\/wp\/v2\/product\/5955","targetHints":{"allow":["GET"]}}],"collection":[{"href":"https:\/\/fengchashop.com\/hr\/wp-json\/wp\/v2\/product"}],"about":[{"href":"https:\/\/fengchashop.com\/hr\/wp-json\/wp\/v2\/types\/product"}],"replies":[{"embeddable":true,"href":"https:\/\/fengchashop.com\/hr\/wp-json\/wp\/v2\/comments?post=5955"}],"wp:featuredmedia":[{"embeddable":true,"href":"https:\/\/fengchashop.com\/hr\/wp-json\/wp\/v2\/media\/5877"}],"wp:attachment":[{"href":"https:\/\/fengchashop.com\/hr\/wp-json\/wp\/v2\/media?parent=5955"}],"wp:term":[{"taxonomy":"product_brand","embeddable":true,"href":"https:\/\/fengchashop.com\/hr\/wp-json\/wp\/v2\/product_brand?post=5955"},{"taxonomy":"product_cat","embeddable":true,"href":"https:\/\/fengchashop.com\/hr\/wp-json\/wp\/v2\/product_cat?post=5955"},{"taxonomy":"product_tag","embeddable":true,"href":"https:\/\/fengchashop.com\/hr\/wp-json\/wp\/v2\/product_tag?post=5955"}],"curies":[{"name":"wp","href":"https:\/\/api.w.org\/{rel}","templated":true}]}}