{"id":5954,"date":"2022-02-11T19:51:31","date_gmt":"2022-02-11T18:51:31","guid":{"rendered":"https:\/\/fengchashop.com\/hr\/product\/elixir-mix-bio-125-g\/"},"modified":"2026-04-16T09:18:44","modified_gmt":"2026-04-16T07:18:44","slug":"elixir-mix-bio","status":"publish","type":"product","link":"https:\/\/fengchashop.com\/hr\/product\/elixir-mix-bio\/","title":{"rendered":"Elixir mix BIO 125 g"},"content":{"rendered":"<h2><span style=\"color: #000000\">Elixir mix BIO ljekovite gljive u prahu<\/span><\/h2>\n<p><span style=\"color: #000000\">Elixir mix mje\u0161avina je ljekovitih gljiva koja se upotrebljava kao potpora za <strong>stimulaciju imuniteta, zdravo srce i cirkulaciju, pove\u0107anje energije, djeluje protiv stresa, protiv raka i starenja. Zbog tako va\u017enih i sveobuhvatnih u\u010dinaka, preporu\u010dujemo uzimanje mje\u0161avine svima koji \u017eele ispuniti <\/strong>uvjete za<strong> dug i zdrav \u017eivot<\/strong>. Ova mje\u0161avina nudi naj\u0161iri spektar uravnote\u017eenog djelovanja zahvaljuju\u0107i stotinama razli\u010ditih aktivnih sastojaka koje sadr\u017ei. Sastoji se od tri vrste gljiva, <em>Ganoderma lucidum<\/em>, poznata kao Reishi, <em>Cordyceps<\/em> i <em>Inonotus obliquus<\/em>, poznate kao Chaga.<\/span><\/p>\n<p><span style=\"color: #000000\">Elixir mix nudi naj\u0161iri spektar uravnote\u017eenog djelovanja zahvaljuju\u0107i stotinama razli\u010ditih aktivnih sastojaka koje sadr\u017ei.<\/span><\/p>\n<p><span style=\"color: #000000\">Ovaj \u0161iroki spektar vrsta gljiva rezultira \u0161irokim spektrom djelovanja i ubrzanim preventivnim djelovanjem protiv op\u0107e slabosti.<\/span><\/p>\n<p><span style=\"color: #000000\">Upotreba proizvoda potpuno je jednostavna i ne zahtijeva nikakvu pripremu ili vje\u0161tine. Gljive se samelju u fini prah bez \u010destica. Proizvod je spreman za upotrebu. Jednostavno ga dozirajte izravno iz ambala\u017ee u svoje omiljeno pi\u0107e, promije\u0161ajte i konzumirajte.<\/span><\/p>\n<h2><span style=\"color: #000000\">Za\u0161to upotrebljavati na\u0161 Elixir Mix?<\/span><\/h2>\n<p><span style=\"color: #000000\">Kao \u0161to samo ime govori, ova je mje\u0161avina eliksir zdravlja, mladosti i blagostanja. Temelji se na zapa\u017eanjima i nalazima korisnika mje\u0161avine i ljekovitih gljiva op\u0107enito. U pripremi ove posebne mje\u0161avine uzeti su u obzir i rezultati brojnih doma\u0107ih i me\u0111unarodnih istra\u017eivanja. I premda ljekovite gljive imaju vrlo slo\u017eene mehanizme djelovanja koje znanost jo\u0161 nije uspjela objasniti, znamo da blagotvorno <strong>utje\u010du na na\u0161 imunolo\u0161ki sustav, na\u0161u dobrobit i na prirodne procese koji se odvijaju u na\u0161em tijelu svaki dan<\/strong>. Imunolo\u0161ki sustav odgovoran je za borbu protiv stranih tijela u na\u0161em tijelu. Bilo da se radi o jednostavnom virusu koji uzrokuje prehladu, ili o skupu stanica koje sa\u010dinjavaju rak. Zato je zdrav i jak imunolo\u0161ki sustav toliko va\u017ean. <strong>Antioksidansi<\/strong> su jednako va\u017eni kako bi nas za\u0161titili od oksidativnog stresa koji uzrokuje mnoge bolesti i prijevremeno starenje. Mje\u0161avina sadr\u017ei i gljivu Chaga koja se smatra <strong>adaptogenom<\/strong>. Adaptogene biljke prilago\u0111avaju svoje aktivne sastojke potrebama organizma. Daju nam energiju i smanjuju stres.<\/span><\/p>\n<p><span style=\"color: #000000\">Proizvodnja na\u0161ih ljekovitih gljiva strogo je kontrolirana, bez upotrebe kemikalija ili pesticida i <strong>100 % je organska<\/strong>. Sve gljive uzgajaju se u Sloveniji.<\/span><\/p>\n<h2><span style=\"color: #000000\">Kome je namijenjen Elixir mix i kakvi su njegovi u\u010dinci?<\/span><\/h2>\n<p><span style=\"color: #000000\">Elixir mix namijenjen je svakome tko <strong>\u017eeli<\/strong> <strong>pobolj\u0161ati svoju ukupnu dobrobit pove\u0107anjem otpornosti na bolesti, pove\u0107anjem fizi\u010dke energije, smanjenjem utjecaja stresa i sprje\u010davanjem preranog starenja tijela<\/strong>. Namijenjen je i onima koji \u017eele isprobati ljekovite gljive i oja\u010dati svoje tijelo prirodnim putem. Izvrstan je prirodni dodatak prehrani jer gljive imaju visoku nutritivnu vrijednost \u2013 vrijedne hranjive tvari, minerali u tragovima, vitamini, makro minerali, vlakna, proteini. Ljekovite gljive imaju bogatu povijest u kineskoj medicini i lije\u010denju, a ljudi se sve vi\u0161e vra\u0107aju prirodi radi zdravlja.<\/span><\/p>\n<p><span style=\"color: #000000\">Na\u0161 Elixir mix pravi je eliksir zdravlja, blagostanja i dobre energije. Njegovi pozitivni u\u010dinci na tijelo su sljede\u0107i:<\/span><\/p>\n<p><span style=\"color: #000000\">\ud83d\udc9a stimulira <strong>imunolo\u0161ki sustav<\/strong>, <\/span><br \/>\n<span style=\"color: #000000\">\ud83d\udc9a djeluje protiv stanica raka, <\/span><br \/>\n<span style=\"color: #000000\">\ud83d\udc9a djeluje u korist <strong>zdravog kardiovaskularnog sustava<\/strong>, <\/span><br \/>\n<span style=\"color: #000000\">\ud83d\udc9a regulira <strong>krvni tlak<\/strong>, <\/span><br \/>\n<span style=\"color: #000000\">\ud83d\udc9a pobolj\u0161ava <strong>tjelesnu izdr\u017eljivost<\/strong>, <\/span><br \/>\n<span style=\"color: #000000\">\ud83d\udc9a pove\u0107ava <strong>fizi\u010dku energiju<\/strong>, <\/span><br \/>\n<span style=\"color: #000000\">\ud83d\udc9a <strong>djeluje antistresno<\/strong>, <\/span><br \/>\n<span style=\"color: #000000\">\ud83d\udc9a pobolj\u0161ava <strong>mentalne vje\u0161tine<\/strong>, <\/span><br \/>\n<span style=\"color: #000000\">\ud83d\udc9a djeluje na tijelo u borbi protiv <strong>starenja<\/strong>, <\/span><br \/>\n<span style=\"color: #000000\">\ud83d\udc9a regulira rad <strong>mi\u0161i\u0107a i \u017eivaca<\/strong>, <\/span><br \/>\n<span style=\"color: #000000\">\ud83d\udc9a <strong>sna\u017ean je antioksidans<\/strong> koji uklanja slobodne radikale.<\/span><\/p>\n<h2><span style=\"color: #000000\">Ambala\u017ea<\/span><\/h2>\n<p><span style=\"color: #000000\">Nepropusna vre\u0107ica s patentnim zatvara\u010dem u kojoj proizvod zadr\u017eava svu svoju svje\u017einu i aromu. Ambala\u017ea \u0161titi od svjetlosti i zraka, jer je napravljena od nekoliko slojeva za\u0161tite koji \u010duvaju svojstva sadr\u017eaja.<\/span><\/p>\n<p><span style=\"color: #000000\">Ambala\u017ea je vrlo prakti\u010dna i mo\u017ee se reciklirati.<\/span><\/p>\n<h2><span style=\"color: #000000\">Spremanje i upozorenja<\/span><\/h2>\n<p><span style=\"color: #000000\">\u010cuvajte na hladnom i suhom mjestu. Dodatak prehrani \u010duvajte izvan dohvata djece!<\/span><\/p>\n<p><span style=\"color: #000000\">Zapamtite va\u017enost raznovrsne prehrane i zdravog na\u010dina \u017eivota, dodatak prehrani nije zamjena za uravnote\u017eenu i raznoliku prehranu. Preporu\u010dena dnevna koli\u010dina ili doza ne smije se prekora\u010diti. Trudnicama i dojiljama uvijek se savjetuje da se prije upotrebe posavjetuju s lije\u010dnikom.<\/span><\/p>\n<h2><span style=\"color: #000000\">Dobro je znati<\/span><\/h2>\n<p><span style=\"color: #000000\">Proizvod je pogodan i za \u017eivotinje. U ve\u0107ini slu\u010dajeva, ljekovite gljive pokazuju se iznimno u\u010dinkovitima u ja\u010danju imunolo\u0161kog sustava, lije\u010denju alergija i ko\u017enih stanja te virusnih i bakterijskih infekcija. Elixir mix utje\u010de i na cjelokupnu dobrobit \u017eivotinja. Prije upotrebe posavjetujte se sa svojim veterinarom kako biste utvrdili preporu\u010dljivost primjene i preporu\u010denu dnevnu koli\u010dinu.<\/span><\/p>\n<h2><span style=\"color: #000000\">Podrijetlo<\/span><\/h2>\n<p><span style=\"color: #000000\">Slovenija<\/span><\/p>\n","protected":false},"excerpt":{"rendered":"<p align=\"JUSTIFY\"><span class=\"VIiyi\" lang=\"hr\"><span class=\"JLqJ4b ChMk0b\" data-language-for-alternatives=\"hr\" data-language-to-translate-into=\"sl\" data-phrase-index=\"0\" data-number-of-phrases=\"3\">Elixir mix je zapravo <strong>namijenjen svima koji \u017eele pobolj\u0161ati svoje op\u0107e stanje otpornijim na bolesti, imati vi\u0161e tjelesne energije, smanjiti utjecaj stresa i sprije\u010diti prebrzo starenje organizma<\/strong>.<\/span> <span class=\"JLqJ4b ChMk0b\" data-language-for-alternatives=\"hr\" data-language-to-translate-into=\"sl\" data-phrase-index=\"1\" data-number-of-phrases=\"3\">Namijenjena je i onima koji \u017eele isprobati djelovanje ljekovitih gljiva i <strong>oja\u010dati svoj organizam na prirodan na\u010din<\/strong>.<\/span> <span class=\"JLqJ4b ChMk0b\" data-language-for-alternatives=\"hr\" data-language-to-translate-into=\"sl\" data-phrase-index=\"2\" data-number-of-phrases=\"3\">Tako\u0111er je izvrstan prirodni dodatak prehrani, jer gljive imaju visoku nutritivnu vrijednost \u2013 vrijedne nutritivne vrijednosti, minerale u tragovima, vitamine, makro minerale, vlakna, proteine.<\/span><\/span><\/p>\n<p>\ud83d\udc9a <span class=\"VIiyi\" lang=\"hr\"><span class=\"JLqJ4b ChMk0b\" data-language-for-alternatives=\"hr\" data-language-to-translate-into=\"sl\" data-phrase-index=\"0\" data-number-of-phrases=\"1\">Stimulira imunolo\u0161ki sistem.<\/span><\/span><br \/>\n\ud83d\udc9a Djeluje protiv stanica raka.<br \/>\n\ud83d\udc9a <span class=\"VIiyi\" lang=\"hr\"><span class=\"JLqJ4b ChMk0b\" data-language-for-alternatives=\"hr\" data-language-to-translate-into=\"sl\" data-phrase-index=\"0\" data-number-of-phrases=\"1\">Djeluje na dobrobit zdravog srca i krvnih \u017eila.<\/span><\/span><br \/>\n\ud83d\udc9a <span class=\"VIiyi\" lang=\"hr\"><span class=\"JLqJ4b ChMk0b\" data-language-for-alternatives=\"hr\" data-language-to-translate-into=\"sl\" data-phrase-index=\"0\" data-number-of-phrases=\"1\">Pobolj\u0161ava fizi\u010dku izdr\u017eljivost.<\/span><\/span><br \/>\n\ud83d\udc9a Pove\u0107ava energiju tijela.<br \/>\n\ud83d\udc9a <span class=\"VIiyi\" lang=\"hr\"><span class=\"JLqJ4b ChMk0b\" data-language-for-alternatives=\"hr\" data-language-to-translate-into=\"sl\" data-phrase-index=\"0\" data-number-of-phrases=\"1\">Djeluje protiv stresa.<\/span><\/span><\/p>\n","protected":false},"featured_media":5889,"comment_status":"open","ping_status":"closed","template":"","meta":{"_acf_changed":false},"product_brand":[],"product_cat":[15,198,216],"product_tag":[],"class_list":{"0":"post-5954","1":"product","2":"type-product","3":"status-publish","4":"has-post-thumbnail","6":"product_cat-uncategorized","7":"product_cat-ljekovite-gljive","8":"product_cat-svi-proizvodi-ponudba","10":"first","11":"instock","12":"sale","13":"taxable","14":"shipping-taxable","15":"purchasable","16":"product-type-simple"},"acf":[],"_links":{"self":[{"href":"https:\/\/fengchashop.com\/hr\/wp-json\/wp\/v2\/product\/5954","targetHints":{"allow":["GET"]}}],"collection":[{"href":"https:\/\/fengchashop.com\/hr\/wp-json\/wp\/v2\/product"}],"about":[{"href":"https:\/\/fengchashop.com\/hr\/wp-json\/wp\/v2\/types\/product"}],"replies":[{"embeddable":true,"href":"https:\/\/fengchashop.com\/hr\/wp-json\/wp\/v2\/comments?post=5954"}],"wp:featuredmedia":[{"embeddable":true,"href":"https:\/\/fengchashop.com\/hr\/wp-json\/wp\/v2\/media\/5889"}],"wp:attachment":[{"href":"https:\/\/fengchashop.com\/hr\/wp-json\/wp\/v2\/media?parent=5954"}],"wp:term":[{"taxonomy":"product_brand","embeddable":true,"href":"https:\/\/fengchashop.com\/hr\/wp-json\/wp\/v2\/product_brand?post=5954"},{"taxonomy":"product_cat","embeddable":true,"href":"https:\/\/fengchashop.com\/hr\/wp-json\/wp\/v2\/product_cat?post=5954"},{"taxonomy":"product_tag","embeddable":true,"href":"https:\/\/fengchashop.com\/hr\/wp-json\/wp\/v2\/product_tag?post=5954"}],"curies":[{"name":"wp","href":"https:\/\/api.w.org\/{rel}","templated":true}]}}