{"id":5953,"date":"2022-02-11T19:46:11","date_gmt":"2022-02-11T18:46:11","guid":{"rendered":"https:\/\/fengchashop.com\/hr\/product\/cardio-mix-bio-125-g\/"},"modified":"2026-05-10T22:33:12","modified_gmt":"2026-05-10T20:33:12","slug":"cardio-mix-bio","status":"publish","type":"product","link":"https:\/\/fengchashop.com\/hr\/product\/cardio-mix-bio\/","title":{"rendered":"Cardio mix BIO 125 g"},"content":{"rendered":"<h2><span style=\"color: #000000\">Cardio mix BIO ljekovite gljive u prahu<\/span><\/h2>\n<p><span style=\"color: #000000\"><em>Cardio<\/em> mix upotrebljava se kao podr\u0161ka za <strong>pobolj\u0161anje rada srca, cirkulacije i<\/strong> <strong>najva\u017enijih vrijednosti krvi<\/strong>.<\/span><\/p>\n<p><span style=\"color: #000000\">Zapravo, to je mje\u0161avina koja poma\u017ee ili osigurava sve uvjete koji su potrebni za idealno funkcioniranje <strong>sr\u010danog sustava<\/strong>.<\/span><\/p>\n<p><span style=\"color: #000000\">Mje\u0161avina se sastoji od pet vrsti gljiva, a to su <em>Lentinula edodes, Auricularia auricula, Ganoderma lucidum, Grifola frondosa <\/em>i<em> Cordyceps<\/em>. Te su gljive,prema ve\u0107ini studija provedenih u svijetu, me\u0111u naju\u010dinkovitijima u prevenciji razvoja kardiovaskularnih bolesti.<\/span><\/p>\n<p><span style=\"color: #000000\">Cardio Mix nudi naj\u0161iri spektar uravnote\u017eenog djelovanja zahvaljuju\u0107i stotinama razli\u010ditih farmakolo\u0161ki aktivnih sastojaka koje sadr\u017ei.<\/span><\/p>\n<p><span style=\"color: #000000\">Ovaj \u0161iroki spektar vrsta gljiva rezultira \u0161irokim spektrom djelovanja i ubrzanim preventivnim djelovanjem protiv op\u0107e slabosti.<\/span><\/p>\n<p><span style=\"color: #000000\">Upotreba proizvoda <strong>potpuno je jednostavna<\/strong> i ne zahtijeva nikakvu pripremu ili vje\u0161tine. Gljive se samelju u fini prah bez \u010destica. Proizvod je spreman za upotrebu. Jednostavno ga dozirajte izravno iz ambala\u017ee u svoje omiljeno pi\u0107e, promije\u0161ajte i konzumirajte.<\/span><\/p>\n<h2><span style=\"color: #000000\">Za\u0161to upotrebljavati na\u0161 Cardio Mix i koji su njegovi u\u010dinci?<\/span><\/h2>\n<p><span style=\"color: #000000\">Recept za mje\u0161avinu pa\u017eljivo je pripremljen na temelju zapa\u017eanja i nalaza redovitih korisnika mje\u0161avine i ljekovitih gljiva op\u0107enito. U pripremi ove posebne mje\u0161avine uzeti su u obzir rezultati brojnih doma\u0107ih i me\u0111unarodnih istra\u017eivanja. I premda ljekovite gljive imaju vrlo slo\u017eene mehanizme djelovanja koje znanost jo\u0161 nije uspjela objasniti, znamo da blagotvorno utje\u010du na na\u0161 imunolo\u0161ki sustav i na\u0161e tijelo.<\/span><\/p>\n<p><span style=\"color: #000000\">Pozitivni u\u010dinci mje\u0161avine <strong>Cardio Mix<\/strong> koji djeluju ljekovito na organizam su sljede\u0107i:<\/span><\/p>\n<p><span style=\"color: #000000\">\ud83d\udc9a regulira <strong>krvni tlak<\/strong>, <\/span><br \/>\n<span style=\"color: #000000\">\ud83d\udc9a sni\u017eava <strong>razinu kolesterola<\/strong>, <\/span><br \/>\n<span style=\"color: #000000\">\ud83d\udc9a sni\u017eava <strong>razinu triglicerida<\/strong>, <\/span><br \/>\n<span style=\"color: #000000\">\ud83d\udc9a sprje\u010dava <strong>koronarne bolesti srca<\/strong>, <\/span><br \/>\n<span style=\"color: #000000\">\ud83d\udc9a sni\u017eava <strong>\u0161e\u0107er<\/strong> u krvi i sprje\u010dava razvoj dijabetesa, <\/span><br \/>\n<span style=\"color: #000000\">\ud83d\udc9a sprje\u010dava <strong>stvaranje<\/strong> <strong>krvnih ugru\u0161aka<\/strong>, <\/span><br \/>\n<span style=\"color: #000000\">\ud83d\udc9a ubrzava <strong>protok krvi<\/strong>, <\/span><br \/>\n<span style=\"color: #000000\">\ud83d\udc9a stimulira imunolo\u0161ki sustav, <\/span><br \/>\n<span style=\"color: #000000\">\ud83d\udc9a djeluje protiv stanica raka, <\/span><br \/>\n<span style=\"color: #000000\">\ud83d\udc9a djeluje <strong>antistresno<\/strong>, <\/span><br \/>\n<span style=\"color: #000000\">\ud83d\udc9a pobolj\u0161ava <strong>mentalne vje\u0161tine<\/strong>, <\/span><br \/>\n<span style=\"color: #000000\">\ud83d\udc9a djeluje kao sna\u017ean antioksidans, eliminira slobodne radikale i sprje\u010dava oksidativni stres. <\/span><\/p>\n<p><span style=\"color: #000000\">Proizvodnja na\u0161ih ljekovitih gljiva strogo je kontrolirana, bez upotrebe kemikalija ili pesticida i 100 % je organska. Sve gljive uzgajaju se u Sloveniji.<\/span><\/p>\n<h2><span style=\"color: #000000\">Kome je namijenjen Cardio mix?<\/span><\/h2>\n<p><span style=\"color: #000000\">Cardio mix je zapravo za svakoga tko \u017eeli svome <strong>kardiovaskularnom<\/strong> sustavu pru\u017eiti najbolje mogu\u0107e uvjete <strong>za dugoro\u010dno zdravlje srca i krvnih \u017eila<\/strong>. Kao rezultat, djeluje i na na\u0161e op\u0107e zdravlje i dobrobit te na sna\u017ean imunolo\u0161ki sustav. Namijenjen je i onima koji \u017eele isprobati djelovanje ljekovitih gljiva i oja\u010dati svoj organizam na prirodan na\u010din. Izvrstan je prirodni dodatak prehrani jer gljive imaju visoku nutritivnu vrijednost \u2013 vrijedne hranjive tvari, minerali u tragovima, vitamini, makro minerali, vlakna, proteini. Ljekovite gljive imaju bogatu povijest u kineskoj medicini i lije\u010denju, a ljudi se sve vi\u0161e vra\u0107aju prirodi radi zdravlja.<\/span><\/p>\n<p><span style=\"color: #000000\">Zbog gljive <em>Auricularia auricula<\/em> sadr\u017eane u mje\u0161avini, ne preporu\u010duje se upotreba tijekom trudno\u0107e i dojenja.<\/span><\/p>\n<h2><span style=\"color: #000000\">Ambala\u017ea<\/span><\/h2>\n<p><span style=\"color: #000000\">Nepropusna vre\u0107ica s patentnim zatvara\u010dem u kojoj proizvod zadr\u017eava svu svoju svje\u017einu i aromu. Ambala\u017ea \u0161titi od svjetlosti i zraka, jer je napravljena od nekoliko slojeva za\u0161tite koji \u010duvaju svojstva sadr\u017eaja.<\/span><\/p>\n<p><span style=\"color: #000000\">Ambala\u017ea je vrlo prakti\u010dna i mo\u017ee se reciklirati.<\/span><\/p>\n<h2><span style=\"color: #000000\">Spremanje i upozorenja<\/span><\/h2>\n<p><span style=\"color: #000000\">\u010cuvajte na hladnom i suhom mjestu. Dodatak prehrani \u010duvajte izvan dohvata djece!<\/span><\/p>\n<p><span style=\"color: #000000\">Zapamtite va\u017enost raznovrsne prehrane i zdravog na\u010dina \u017eivota, dodatak prehrani nije zamjena za uravnote\u017eenu i raznoliku prehranu. Preporu\u010dena dnevna koli\u010dina ili doza ne smije se prekora\u010diti.<\/span><\/p>\n<h2><span style=\"color: #000000\">Dobro je znati<\/span><\/h2>\n<p><span style=\"color: #000000\">Proizvod je pogodan i za \u017eivotinje. U ve\u0107ini slu\u010dajeva, ljekovite gljive pokazuju se iznimno u\u010dinkovitima u ja\u010danju imunolo\u0161kog sustava, lije\u010denju alergija i ko\u017enih stanja te virusnih i bakterijskih infekcija. Cardio Mix utje\u010de i na pravilan rad sr\u010danog sustava. Prije upotrebe posavjetujte se sa svojim veterinarom kako biste utvrdili preporu\u010dljivost primjene i preporu\u010denu dnevnu koli\u010dinu.<\/span><\/p>\n<h2><span style=\"color: #000000\">Podrijetlo<\/span><\/h2>\n<p><span style=\"color: #000000\">Slovenija<\/span><\/p>\n","protected":false},"excerpt":{"rendered":"<p align=\"JUSTIFY\"><span class=\"VIiyi\" lang=\"hr\"><span class=\"JLqJ4b ChMk0b\" data-language-for-alternatives=\"hr\" data-language-to-translate-into=\"sl\" data-phrase-index=\"0\" data-number-of-phrases=\"2\"><em>Cardio mix<\/em> mje\u0161avina <strong>ljekovitih gljiva<\/strong> koristi se kao potpora za <strong>pobolj\u0161anje rada srca, cirkulacije<\/strong> i <strong>pobolj\u0161anje najva\u017enijih vrijednosti u krvi<\/strong>.<\/span> <span class=\"JLqJ4b ChMk0b\" data-language-for-alternatives=\"hr\" data-language-to-translate-into=\"sl\" data-phrase-index=\"1\" data-number-of-phrases=\"2\">Zapravo, radi se o mje\u0161avini koja <strong>poma\u017ee<\/strong> ili <strong>osigurava sve uvjete<\/strong> koji moraju biti ispunjeni za <strong>idealno funkcioniranje sr\u010danog sustava<\/strong>.<\/span><\/span><\/p>\n<p>\ud83d\udc9a <span class=\"VIiyi\" lang=\"hr\"><span class=\"JLqJ4b ChMk0b\" data-language-for-alternatives=\"hr\" data-language-to-translate-into=\"sl\" data-phrase-index=\"0\" data-number-of-phrases=\"1\">Ja\u010da imunolo\u0161ki sustav.<\/span><\/span><br \/>\n\ud83d\udc9a <span class=\"VIiyi\" lang=\"hr\"><span class=\"JLqJ4b ChMk0b\" data-language-for-alternatives=\"hr\" data-language-to-translate-into=\"sl\" data-phrase-index=\"0\" data-number-of-phrases=\"1\">Regulira krvni tlak.<\/span><\/span><br \/>\n\ud83d\udc9a <span class=\"VIiyi\" lang=\"hr\"><span class=\"JLqJ4b ChMk0b\" data-language-for-alternatives=\"hr\" data-language-to-translate-into=\"sl\" data-phrase-index=\"0\" data-number-of-phrases=\"1\">Sni\u017eava razinu kolesterola.<\/span><\/span><br \/>\n\ud83d\udc9a <span class=\"VIiyi\" lang=\"hr\"><span class=\"JLqJ4b ChMk0b\" data-language-for-alternatives=\"hr\" data-language-to-translate-into=\"sl\" data-phrase-index=\"0\" data-number-of-phrases=\"1\">Sni\u017eava razinu triglicerida.<\/span><\/span><\/p>\n","protected":false},"featured_media":5879,"comment_status":"open","ping_status":"closed","template":"","meta":{"_acf_changed":false},"product_brand":[],"product_cat":[15,198,216],"product_tag":[],"class_list":{"0":"post-5953","1":"product","2":"type-product","3":"status-publish","4":"has-post-thumbnail","6":"product_cat-uncategorized","7":"product_cat-ljekovite-gljive","8":"product_cat-svi-proizvodi-ponudba","10":"first","11":"instock","12":"sale","13":"taxable","14":"shipping-taxable","15":"purchasable","16":"product-type-simple"},"acf":[],"_links":{"self":[{"href":"https:\/\/fengchashop.com\/hr\/wp-json\/wp\/v2\/product\/5953","targetHints":{"allow":["GET"]}}],"collection":[{"href":"https:\/\/fengchashop.com\/hr\/wp-json\/wp\/v2\/product"}],"about":[{"href":"https:\/\/fengchashop.com\/hr\/wp-json\/wp\/v2\/types\/product"}],"replies":[{"embeddable":true,"href":"https:\/\/fengchashop.com\/hr\/wp-json\/wp\/v2\/comments?post=5953"}],"wp:featuredmedia":[{"embeddable":true,"href":"https:\/\/fengchashop.com\/hr\/wp-json\/wp\/v2\/media\/5879"}],"wp:attachment":[{"href":"https:\/\/fengchashop.com\/hr\/wp-json\/wp\/v2\/media?parent=5953"}],"wp:term":[{"taxonomy":"product_brand","embeddable":true,"href":"https:\/\/fengchashop.com\/hr\/wp-json\/wp\/v2\/product_brand?post=5953"},{"taxonomy":"product_cat","embeddable":true,"href":"https:\/\/fengchashop.com\/hr\/wp-json\/wp\/v2\/product_cat?post=5953"},{"taxonomy":"product_tag","embeddable":true,"href":"https:\/\/fengchashop.com\/hr\/wp-json\/wp\/v2\/product_tag?post=5953"}],"curies":[{"name":"wp","href":"https:\/\/api.w.org\/{rel}","templated":true}]}}