{"id":5951,"date":"2022-02-11T19:13:33","date_gmt":"2022-02-11T18:13:33","guid":{"rendered":"https:\/\/fengchashop.com\/hr\/product\/trametes-coriolus-versicolor-bio-eu-125-g\/"},"modified":"2026-05-10T22:48:04","modified_gmt":"2026-05-10T20:48:04","slug":"trametes-coriolus-versicolor-bio-eu","status":"publish","type":"product","link":"https:\/\/fengchashop.com\/hr\/product\/trametes-coriolus-versicolor-bio-eu\/","title":{"rendered":"Trametes versicolor (Coriolus) BIO EU 125 g"},"content":{"rendered":"<h2><span style=\"color: #000000\">Coriolus bio<\/span><\/h2>\n<p><span style=\"color: #000000\"><strong>Coriolus je <\/strong>poznata ljekovita gljiva koja se ve\u0107 stolje\u0107ima upotrebljava u tradicionalnoj kineskoj medicini. Uz gljive Ganoderma, Cordyceps i neke druge gljive, jedna je od <strong>najpoznatijih ljekovitih gljiva<\/strong> u na\u0161oj zemlji. Njezini farmakolo\u0161ki aktivni sastojci <strong>predmet su brojnih klini\u010dkih ispitivanja<\/strong>. Coriolus je \u0161iroko rasprostranjena i uobi\u010dajena drvena gljiva koja raste na raspadnutom drvu diljem svijeta.\u00a0<\/span><\/p>\n<p><span style=\"color: #000000\">Proizvodnja na\u0161e ljekovite gljive Coriolus strogo je kontrolirana, bez upotrebe kemikalija ili pesticida i <strong>100 % je organska<\/strong>. Kvalitetu gljiva redovito prate nezavisni laboratoriji u Sloveniji i SAD-u.<\/span><\/p>\n<p><span style=\"color: #000000\">Coriolus sastoji se od raznih polisaharida, vitamina, mineralnih soli i antioksidansa. Sadr\u017ei i \u0161irok niz fenolnih i flavonoidnih antioksidansa, za koje se smatra da imaju mnoge prednosti za na\u0161e tijelo. Dva va\u017ena <strong>polisaharidno-proteinska kompleksa \u2013 PKS<\/strong> (krestin ili polisaharid K) i <strong>PSP<\/strong> (polisaharidni peptid) od kojeg je sastavljen \u2013 jo\u0161 uvijek su predmet mnogih istra\u017eivanja usredoto\u010denih.<\/span><\/p>\n<h2><span style=\"color: #000000\">Ambala\u017ea<\/span><\/h2>\n<p><span style=\"color: #000000\">Nepropusna vre\u0107ica s patentnim zatvara\u010dem u kojoj proizvod zadr\u017eava svu svoju svje\u017einu i aromu. Ambala\u017ea \u0161titi od svjetlosti i zraka, jer je napravljena od nekoliko slojeva za\u0161tite koji \u010duvaju svojstva sadr\u017eaja.<\/span><br \/>\n<span style=\"color: #000000\">Ambala\u017ea je vrlo prakti\u010dna i mo\u017ee se reciklirati.<\/span><\/p>\n<h2><span style=\"color: #000000\">Podrijetlo<\/span><\/h2>\n<p><span style=\"color: #000000\">EU<\/span><\/p>\n","protected":false},"excerpt":{"rendered":"<p align=\"JUSTIFY\">Coriolus ili <strong>\u0161arena tvrdoku\u0161a<\/strong> priznata je <strong>ljekovita gljiva<\/strong> koja se stolje\u0107ima koristi u tradicionalnoj kineskoj medicini. Uz ganodermu, kordiceps i neke druge gljive, jedna je od <strong>najpoznatijih ljekovitih gljiva u na\u0161oj zemlji<\/strong>.<\/p>\n<p>\ud83d\udc9a Vrhunska kvaliteta.<br \/>\n\ud83d\udc9a Prirodni proizvod.<br \/>\n\ud83d\udc9a Izuzetno u\u010dinkovito<span class=\"VIiyi\" lang=\"hr\"><span class=\"JLqJ4b ChMk0b\" data-language-for-alternatives=\"hr\" data-language-to-translate-into=\"sl\" data-phrase-index=\"0\" data-number-of-phrases=\"1\">.<\/span><\/span><br \/>\n\ud83d\udc9a Super cijena.<\/p>\n","protected":false},"featured_media":5931,"comment_status":"open","ping_status":"closed","template":"","meta":{"_acf_changed":false},"product_brand":[],"product_cat":[15,198,218,216],"product_tag":[],"class_list":{"0":"post-5951","1":"product","2":"type-product","3":"status-publish","4":"has-post-thumbnail","6":"product_cat-uncategorized","7":"product_cat-ljekovite-gljive","8":"product_cat-najprodavaniji","9":"product_cat-svi-proizvodi-ponudba","11":"first","12":"instock","13":"taxable","14":"shipping-taxable","15":"purchasable","16":"product-type-simple"},"acf":[],"_links":{"self":[{"href":"https:\/\/fengchashop.com\/hr\/wp-json\/wp\/v2\/product\/5951","targetHints":{"allow":["GET"]}}],"collection":[{"href":"https:\/\/fengchashop.com\/hr\/wp-json\/wp\/v2\/product"}],"about":[{"href":"https:\/\/fengchashop.com\/hr\/wp-json\/wp\/v2\/types\/product"}],"replies":[{"embeddable":true,"href":"https:\/\/fengchashop.com\/hr\/wp-json\/wp\/v2\/comments?post=5951"}],"wp:featuredmedia":[{"embeddable":true,"href":"https:\/\/fengchashop.com\/hr\/wp-json\/wp\/v2\/media\/5931"}],"wp:attachment":[{"href":"https:\/\/fengchashop.com\/hr\/wp-json\/wp\/v2\/media?parent=5951"}],"wp:term":[{"taxonomy":"product_brand","embeddable":true,"href":"https:\/\/fengchashop.com\/hr\/wp-json\/wp\/v2\/product_brand?post=5951"},{"taxonomy":"product_cat","embeddable":true,"href":"https:\/\/fengchashop.com\/hr\/wp-json\/wp\/v2\/product_cat?post=5951"},{"taxonomy":"product_tag","embeddable":true,"href":"https:\/\/fengchashop.com\/hr\/wp-json\/wp\/v2\/product_tag?post=5951"}],"curies":[{"name":"wp","href":"https:\/\/api.w.org\/{rel}","templated":true}]}}