{"id":5950,"date":"2022-02-11T19:06:19","date_gmt":"2022-02-11T18:06:19","guid":{"rendered":"https:\/\/fengchashop.com\/hr\/product\/maitake-bio-125-g\/"},"modified":"2026-04-04T17:26:48","modified_gmt":"2026-04-04T15:26:48","slug":"maitake-bio","status":"publish","type":"product","link":"https:\/\/fengchashop.com\/hr\/product\/maitake-bio\/","title":{"rendered":"Maitake BIO 125 g"},"content":{"rendered":"<h2><span style=\"color: #000000\">Maitake gljiva (Grifola frondosa) BIO<\/span><\/h2>\n<p><span style=\"color: #000000\">Grifola frondosa, ili <strong>ze\u010darka<\/strong>, vrlo je velika jestiva gljiva koja se <strong>uglavnom upotrebljava u kulinarstvu<\/strong> u Japanu. Ugodne je teksture i okusa. Upotrebljava se i kao dodatak prehrani u tradicionalnoj kineskoj medicini. Maitake se upotrebljava <strong>za pobolj\u0161anje cjelokupnog zdravlja i fizi\u010dke vitalnosti<\/strong>. Djeluje tako \u0161to uravnote\u017euje tijelo, ja\u010da imunolo\u0161ki sustav i pobolj\u0161ava razine krvi. Njezina popularnost raste, osobito u posljednje vrijeme, zbog potencijala pomo\u0107i u lije\u010denju razli\u010ditih karcinoma i mnogih drugih njezinih blagotvornih u\u010dinaka.<\/span><\/p>\n<p><span style=\"color: #000000\">Proizvodnja na\u0161e gljive Maitake strogo je kontrolirana, bez upotrebe kemikalija ili pesticida i <strong>100 % je organska<\/strong>. Kvalitetu gljiva redovito prate nezavisni laboratoriji u Sloveniji i SAD-u.<\/span><\/p>\n<h2><span style=\"color: #000000\">\u0160to sadr\u017ei i kome je namijenjena?<\/span><\/h2>\n<p><span style=\"color: #000000\">Maitake je bogata mineralima (kalij, kalcij, magnezij, itd.), vitaminima (B2, D2, niacin), vlaknima, proteinima, aminokiselinama, polisaharidima (npr. \u03b2-glukanski protein) i drugim antioksidansima (npr. prebiotik trehaloza). Uz razne polisaharide, \u03b2-D-glukan i ergosterol (provitamin D2) izvori su ljekovitih u\u010dinaka ove gljive. Redovito uzimanje gljiva poma\u017ee u odr\u017eavanju fizi\u010dke vitalnosti, a poma\u017eu nam i kod kroni\u010dnog umora te imaju izvanredna antioksidativna svojstva. Sli\u010dno gljivi Ganodermi lucidum, i maitake se mo\u017ee klasificirati kao gljiva koja<strong> svojim aktivnim sastojcima mo\u017ee pozitivno utjecati na na\u0161u op\u0107u dobrobit i imunolo\u0161ki sustav<\/strong>. Maitake se zato upotrebljava za pobolj\u0161anje cjelokupnog zdravlja i fizi\u010dke vitalnosti te za sprje\u010davanje kroni\u010dnog umora.<\/span><br \/>\n<span style=\"color: #000000\">Ostali pozitivni ljekoviti u\u010dinci ove iznimno popularne gljive mogu se prona\u0107i i u sljede\u0107im stavkama:<\/span><\/p>\n<p><span style=\"color: #000000\">\ud83d\udc9a ja\u010da imunolo\u0161ki sustav i pobolj\u0161ava op\u0107u dobrobit, <\/span><br \/>\n<span style=\"color: #000000\">\ud83d\udc9a ona je antioksidans, <\/span><br \/>\n<span style=\"color: #000000\">\ud83d\udc9a poma\u017ee kod <strong>kroni\u010dnog umora<\/strong>, <\/span><br \/>\n<span style=\"color: #000000\">\ud83d\udc9a mo\u017ee nam pomo\u0107i da bolje <strong>podnosimo nuspojave kemoterapije i radioterapije<\/strong>, <\/span><br \/>\n<span style=\"color: #000000\">\ud83d\udc9a ima pozitivan u\u010dinak na kosti i mo\u017ee pomo\u0107i u lije\u010denju <strong>osteoporoze<\/strong>, <\/span><br \/>\n<span style=\"color: #000000\">\ud83d\udc9a regulira kolesterol i sni\u017eava krvni tlak te sprje\u010dava razvoj dijabetesa te je utvr\u0111eno da sni\u017eava razinu \u0161e\u0107era u krvi kod bolesnika s <strong>dijabetesom tipa 2<\/strong>, <\/span><br \/>\n<span style=\"color: #000000\">\ud83d\udc9a djeluje antivirusno i antimikrobno, <\/span><br \/>\n<span style=\"color: #000000\">\ud83d\udc9a sprje\u010dava rast i \u0161irenje tumora i metastaza, <\/span><br \/>\n<span style=\"color: #000000\">\ud83d\udc9a poma\u017ee u kontroli te\u017eine, <\/span><br \/>\n<span style=\"color: #000000\">\ud83d\udc9a u\u010dinkovita je i u lije\u010denju kroni\u010dnog hepatitisa B, HIV-a i <strong>Candide albicans<\/strong>. <\/span><\/p>\n<p><span style=\"color: #000000\">Svi elementi u gljivama prisutni su u velikim koli\u010dinama i vrlo pozitivno djeluju na na\u0161e tijelo.<\/span><\/p>\n<p><span style=\"color: #000000\">U obliku praha, sadr\u017ei niz hranjivih tvari, a njezino blagotvorno djelovanje znanstveno je dokazano. Studije u raznim zemljama diljem svijeta utvrdile su niz korisnih u\u010dinaka povezanih s redovitom konzumacijom maitake gljive.<\/span><\/p>\n<p><span style=\"color: #000000\">I ono \u0161to je ovdje iznimno va\u017eno jest to da je gljiva Maitake 100 % prirodni proizvod koji nam mo\u017ee pomo\u0107i na prirodan na\u010din. Pobolj\u0161ava simptome na\u0161ih tegoba i ima pozitivan u\u010dinak na na\u0161e cjelokupno stanje. Namijenjena je stoga svima onima koji \u017eele imati koristi od svih njezinih prednosti. Od pobolj\u0161anja imunolo\u0161ke funkcije, pomo\u0107i u rastu kandide, pomo\u0107i u lije\u010denju karcinoma, za op\u0107u dobrobit itd. Budu\u0107i da su gljive toliko u\u010dinkovite upravo zato \u0161to imaju sposobnost apsorbirati sve \u2013 i dobro i lo\u0161e \u2013 iz okoli\u0161a, va\u017eno je upotrebljavati one organske.<\/span><\/p>\n<h2><span style=\"color: #000000\">Za\u0161to gljive?<\/span><\/h2>\n<p><span style=\"color: #000000\">Gljive su vrlo zanimljive. Nisu ni biljke ni \u017eivotinje, ali ono \u0161to zaista jesu <strong>zanimljivi organizmi<\/strong> koji su uspjeli pre\u017eivjeti skoro pa od nastanka svijeta. Razvile su specifi\u010dnu strategiju pre\u017eivljavanja koja ih je odr\u017eala do danas. I ljudi mogu imati koristi od njihovih blagodati konzumacijom medicinskih gljiva. Donose nam ravnote\u017eu na fizi\u010dkoj razini i \u0161tite nas od mnogih bolesti. Mogu biti <strong>preventivne<\/strong>, ali i pru\u017eati <strong>potporu lije\u010denju<\/strong> uz konvencionalne ili druge nekonvencionalne tretmane za mnoge (moderne) bolesti. Gljivama se tradicionalno pripisuje djelovanje kod osoba s rakom, autoimunim bolestima i alergijama. Dobre su i za zdrav i jak imunolo\u0161ki odgovor. Me\u0111utim, medicinska istra\u017eivanja provedena posljednjih desetlje\u0107a, kada su gljive postale zanimljive zapadnom svijetu, potvrdila su mnoge njihove terapeutske u\u010dinke.<\/span><\/p>\n<p><span style=\"color: #000000\">S obzirom na to da su odre\u0111eni prirodni aktivni sastojci neprobavljivi ili te\u0161ko probavljivi, vrlo je va\u017eno konzumirati samo najbolje gljive u prahu. Gljive moraju biti pravilno uzgojene, osu\u0161ene i pripremljene. Moraju se samljeti u fini prah bez grudica. Boja praha je svjetlija, ali ona ovisi i o vrsti gljive koju upotrebljavate.<\/span><\/p>\n<h2><span style=\"color: #000000\">Ambala\u017ea<\/span><\/h2>\n<p><span style=\"color: #000000\">Nepropusna vre\u0107ica s patentnim zatvara\u010dem u kojoj proizvod zadr\u017eava svu svoju svje\u017einu i aromu. Ambala\u017ea \u0161titi od svjetlosti i zraka, jer je napravljena od nekoliko slojeva za\u0161tite koji \u010duvaju svojstva sadr\u017eaja.<\/span><br \/>\n<span style=\"color: #000000\">Ambala\u017ea je vrlo prakti\u010dna i mo\u017ee se reciklirati.<\/span><\/p>\n<h2><span style=\"color: #000000\">Spremanje i upozorenja<\/span><\/h2>\n<p><span style=\"color: #000000\">\u010cuvajte na hladnom i suhom mjestu. Dodatak prehrani \u010duvajte izvan dohvata djece!<\/span><br \/>\n<span style=\"color: #000000\">Zapamtite va\u017enost raznovrsne prehrane i zdravog na\u010dina \u017eivota, dodatak prehrani nije zamjena za uravnote\u017eenu i raznoliku prehranu. Preporu\u010dena dnevna koli\u010dina ili doza ne smije se prekora\u010diti. Trudnicama i dojiljama uvijek se savjetuje da se prije upotrebe posavjetuju s lije\u010dnikom.<\/span><\/p>\n<h2><span style=\"color: #000000\">Dobro je znati<\/span><\/h2>\n<p><span style=\"color: #000000\">Proizvod je pogodan i za \u017eivotinje. U ve\u0107ini slu\u010dajeva, ljekovite gljive pokazuju se iznimno u\u010dinkovitima u ja\u010danju imunolo\u0161kog sustava, lije\u010denju alergija i ko\u017enih poreme\u0107aja te virusnih i bakterijskih infekcija. Prije upotrebe posavjetujte se sa svojim veterinarom kako biste utvrdili preporu\u010dljivost primjene i preporu\u010denu dnevnu koli\u010dinu.<\/span><\/p>\n<h2><span style=\"color: #000000\">Podrijetlo<\/span><\/h2>\n<p><span style=\"color: #000000\">Slovenija<\/span><\/p>\n","protected":false},"excerpt":{"rendered":"<p align=\"JUSTIFY\"><span class=\"VIiyi\" lang=\"hr\"><span class=\"JLqJ4b ChMk0b\" data-language-for-alternatives=\"hr\" data-language-to-translate-into=\"sl\" data-phrase-index=\"0\" data-number-of-phrases=\"3\">Grifola frondosa ili zec gljiva je <strong>vrlo velika jestiva gljiva<\/strong>.<\/span> <span class=\"JLqJ4b ChMk0b\" data-language-for-alternatives=\"hr\" data-language-to-translate-into=\"sl\" data-phrase-index=\"1\" data-number-of-phrases=\"3\">Tako\u0111er se koristi kao dodatak prehrani u tradicionalnoj kineskoj medicini.<\/span> <span class=\"JLqJ4b ChMk0b\" data-language-for-alternatives=\"hr\" data-language-to-translate-into=\"sl\" data-phrase-index=\"2\" data-number-of-phrases=\"3\">Matiake se koristi za <strong>pobolj\u0161anje cjelokupnog zdravlja i tjelesne vitalnosti<\/strong>.<\/span><\/span><\/p>\n<p>\ud83d\udc9a Ja\u010da imunolo\u0161ki sustav.<br \/>\n\ud83d\udc9a <span class=\"VIiyi\" lang=\"hr\"><span class=\"JLqJ4b ChMk0b\" data-language-for-alternatives=\"hr\" data-language-to-translate-into=\"sl\" data-phrase-index=\"0\" data-number-of-phrases=\"1\">Pobolj\u0161ava op\u0107u dobrobit<\/span><\/span>.<br \/>\n\ud83d\udc9a <span class=\"VIiyi\" lang=\"hr\"><span class=\"JLqJ4b ChMk0b\" data-language-for-alternatives=\"hr\" data-language-to-translate-into=\"sl\" data-phrase-index=\"0\" data-number-of-phrases=\"1\">Ima antioksidativni u\u010dinak.<\/span><\/span><br \/>\n\ud83d\udc9a <span class=\"VIiyi\" lang=\"hr\"><span class=\"JLqJ4b ChMk0b\" data-language-for-alternatives=\"hr\" data-language-to-translate-into=\"sl\" data-phrase-index=\"0\" data-number-of-phrases=\"1\">Poma\u017ee kod kroni\u010dnog umora.<\/span><\/span><\/p>\n","protected":false},"featured_media":5911,"comment_status":"open","ping_status":"closed","template":"","meta":{"_acf_changed":false},"product_brand":[],"product_cat":[15,198,216],"product_tag":[],"class_list":{"0":"post-5950","1":"product","2":"type-product","3":"status-publish","4":"has-post-thumbnail","6":"product_cat-uncategorized","7":"product_cat-ljekovite-gljive","8":"product_cat-svi-proizvodi-ponudba","10":"first","11":"instock","12":"taxable","13":"shipping-taxable","14":"purchasable","15":"product-type-simple"},"acf":[],"_links":{"self":[{"href":"https:\/\/fengchashop.com\/hr\/wp-json\/wp\/v2\/product\/5950","targetHints":{"allow":["GET"]}}],"collection":[{"href":"https:\/\/fengchashop.com\/hr\/wp-json\/wp\/v2\/product"}],"about":[{"href":"https:\/\/fengchashop.com\/hr\/wp-json\/wp\/v2\/types\/product"}],"replies":[{"embeddable":true,"href":"https:\/\/fengchashop.com\/hr\/wp-json\/wp\/v2\/comments?post=5950"}],"wp:featuredmedia":[{"embeddable":true,"href":"https:\/\/fengchashop.com\/hr\/wp-json\/wp\/v2\/media\/5911"}],"wp:attachment":[{"href":"https:\/\/fengchashop.com\/hr\/wp-json\/wp\/v2\/media?parent=5950"}],"wp:term":[{"taxonomy":"product_brand","embeddable":true,"href":"https:\/\/fengchashop.com\/hr\/wp-json\/wp\/v2\/product_brand?post=5950"},{"taxonomy":"product_cat","embeddable":true,"href":"https:\/\/fengchashop.com\/hr\/wp-json\/wp\/v2\/product_cat?post=5950"},{"taxonomy":"product_tag","embeddable":true,"href":"https:\/\/fengchashop.com\/hr\/wp-json\/wp\/v2\/product_tag?post=5950"}],"curies":[{"name":"wp","href":"https:\/\/api.w.org\/{rel}","templated":true}]}}