{"id":5947,"date":"2022-02-11T18:26:27","date_gmt":"2022-02-11T17:26:27","guid":{"rendered":"https:\/\/fengchashop.com\/hr\/product\/cordyceps-bio-125-g\/"},"modified":"2026-04-14T19:29:24","modified_gmt":"2026-04-14T17:29:24","slug":"cordyceps-bio-eu","status":"publish","type":"product","link":"https:\/\/fengchashop.com\/hr\/product\/cordyceps-bio-eu\/","title":{"rendered":"Cordyceps BIO EU 125 g"},"content":{"rendered":"<h2><span style=\"color: #000000\">Cordyceps (gljiva gusjenica)<\/span><\/h2>\n<p><span style=\"color: #000000\">Gljiva Cordyceps <strong>poznata je u tradicionalnoj medicini ve\u0107 tisu\u0107ama godina<\/strong> i barem se toliko dugo upotrebljava u medicinske svrhe zahvaljuju\u0107i svojim pozitivnim svojstvima. Gljiva spontano raste u visokim planinama i dodatak je prehrani poznat po svojoj <strong>sposobnosti revitalizacije tijela i ja\u010danja imunolo\u0161kog sustava<\/strong>. Na Dalekom istoku bere se u svom prirodnom stani\u0161tu koje je vrlo te\u0161ko dostupno. Njezina mala veli\u010dina (jedna suha gljiva te\u017ei oko 0,3 g), \u010dinjenica da raste samo 14 dana u godini, aktivni sastojci koje sadr\u017ei i op\u0107a korisnost u tradicionalnoj medicini dovode do toga da je njezina cijena i do 376.044,51 kn\/kg. Donedavno je stoga bila rezervirana samo za kineske careve i vladare.<\/span><\/p>\n<p><span style=\"color: #000000\">Cordyceps gljiva <strong>smatra se najsavr\u0161enijim nutritivnim otkri\u0107em tisu\u0107lje\u0107a<\/strong>. Obnavlja energiju i imunolo\u0161ki sustav te sprje\u010dava (degenerativne) bolesti. Ponekad se naziva superoksidansom, pove\u0107ava kisik u krvi, obnavlja tijelo i sprje\u010dava kiselost.<\/span><\/p>\n<p><span style=\"color: #000000\">Vrlo je te\u0161ko proizvesti ovu gljivu, pogotovo u Europi. Ali ponosni smo \u0161to smo uspjeli. Na\u0161a gljiva Cordyceps uzgaja se u Sloveniji, u zatvorenim i kontroliranim prostorima, bez upotrebe kemikalija. <strong>Jedna je od najkvalitetnijih koje \u0107ete danas prona\u0107i na tr\u017ei\u0161tu<\/strong>.<\/span><\/p>\n<p><span style=\"color: #000000\">Cordyceps je parazitska gljiva koja raste u divljini kao parazit na kukcima, uglavnom gusjenicama, pa otuda i njezin engleski naziv Caterpillar Fungus (gljiva gusjenica). Na\u0161e uzgojene gljive ne uzgajaju se na \u017eivotinjama doma\u0107inima i stoga su prikladne i za vegetarijance ili vegane.<\/span><\/p>\n<p><span style=\"color: #000000\">Proizvodnja na\u0161e gljive Cordyceps strogo je kontrolirana, bez upotrebe kemikalija ili pesticida i <strong>100 % je organska<\/strong>. Kvalitetu gljiva redovito prate nezavisni laboratoriji u Sloveniji i SAD-u.<\/span><\/p>\n<h2><span style=\"color: #000000\">\u0160to sadr\u017ei i kome je namijenjena?<\/span><\/h2>\n<p><span style=\"color: #000000\">Gljiva Cordyceps sastoji se od slo\u017eenih lipida, proteina, oligoelemenata, polisaharida i vitamina. Svi elementi u gljivama prisutni su u velikim koli\u010dinama i vrlo pozitivno djeluju na na\u0161e tijelo. Sadr\u017ei beta-karoten, <strong>vitamine<\/strong> E i C. Sadr\u017ei i <strong>minerale<\/strong> kao \u0161to su cink i selen te 77 <strong>mikro- i makro-nutrijenata i jedinstvene tvari<\/strong> kao \u0161to su kordicepin (adenozin), kordicepinska kiselina (D-manitol) i imunomodulatorni polisaharid (beta-D-glukan).<\/span><\/p>\n<p><span style=\"color: #000000\">Cordyceps gljiva u prahu sadr\u017ei mnoge hranjive tvari \u010dije je blagotvorno djelovanje znanstveno dokazano. Istra\u017eivanja u raznim zemljama diljem svijeta otkrila su mnoge korisne u\u010dinke redovite konzumacije gljive Cordyceps. Dakle, ljekoviti u\u010dinci gljive Cordyceps, koji su zapravo blagotvorni u\u010dinci koje je priznala tradicionalna medicina, a dokazani su i u suvremenim istra\u017eivanjima, su sljede\u0107i:<\/span><\/p>\n<p><span style=\"color: #000000\">\ud83d\udc9a stimulira imunolo\u0161ki sustav, <\/span><br \/>\n<span style=\"color: #000000\">\ud83d\udc9a pobolj\u0161ava tjelesnu kondiciju, <\/span><br \/>\n<span style=\"color: #000000\">\ud83d\udc9a pove\u0107ava tjelesnu energiju, <\/span><br \/>\n<span style=\"color: #000000\">\ud83d\udc9a ima antistresno djelovanje, <\/span><br \/>\n<span style=\"color: #000000\">\ud83d\udc9a pove\u0107ava seksualnu aktivnost, <\/span><br \/>\n<span style=\"color: #000000\">\ud83d\udc9a poma\u017ee kod visokog HDL kolesterola, prekomjerne te\u017eine i dijabetesa, <\/span><br \/>\n<span style=\"color: #000000\">\ud83d\udc9a ima funkciju odr\u017eavanja zdravlja srca i krvo\u017eilnog sustava. <\/span><\/p>\n<p><span style=\"color: #000000\">Cordyceps gljiva osobito se preporu\u010duje <strong>sporta\u0161ima<\/strong> i drugim aktivnim osobama nakon duljeg tjelesnog napora te osobama koje \u017eele aktivniji tempo u svakodnevnoj rutini. Preporu\u010duje se i kod <strong>poja\u010danog umora, manjka energije i stresa<\/strong>. Tako\u0111er <strong>ja\u010da seksualnu mo\u0107<\/strong> te <strong>ja\u010da tijelo i um<\/strong>. Poma\u017ee nam da se uspje\u0161no nosimo sa <strong>stresom<\/strong> koji je naj\u010de\u0161\u0107e uzrokovan izazovima svakodnevnog \u017eivota. \u010cesto se preporu\u010duje <strong>dijabeti\u010darima, oboljelima od raka<\/strong> i bolesnicima s <strong>kardiovaskularnim bolestima<\/strong>, uklju\u010duju\u0107i zatajenje srca i aritmiju. Gljiva Cordyceps dobra je i za di\u0161ne puteve te lije\u010di respiratorne bolesti poput astme. Njezina antivirusna svojstva utje\u010du na virusne infekcije kao \u0161to je gripa.<\/span><\/p>\n<p><span style=\"color: #000000\">I ono \u0161to je ovdje iznimno va\u017eno jest to da je gljiva Cordyceps 100 % prirodni proizvod koji nam mo\u017ee pomo\u0107i na prirodan na\u010din. Pobolj\u0161ava simptome na\u0161ih tegoba i ima pozitivan u\u010dinak na na\u0161e cjelokupno stanje.<\/span><\/p>\n<h2><span style=\"color: #000000\">Za\u0161to gljive?<\/span><\/h2>\n<p><span style=\"color: #000000\">Gljive su vrlo zanimljive. Nisu ni biljke ni \u017eivotinje, ali ono \u0161to zaista jesu su zanimljivi organizmi koji su uspjeli pre\u017eivjeti skoro pa od nastanka svijeta. Razvile su specifi\u010dnu strategiju pre\u017eivljavanja koja ih je odr\u017eala do danas. I ljudi mogu imati koristi od njihovih blagodati konzumacijom medicinskih gljiva. Donose nam ravnote\u017eu na fizi\u010dkoj razini i \u0161tite nas od mnogih bolesti. Mogu biti preventivne, ali i pru\u017eati potporu lije\u010denju uz konvencionalne ili druge nekonvencionalne tretmane za mnoge (moderne) bolesti. Gljivama se tradicionalno pripisuje djelovanje kod osoba s rakom, autoimunim bolestima i alergijama. Dobre su i za zdrav i jak imunolo\u0161ki odgovor. Me\u0111utim, medicinska istra\u017eivanja provedena posljednjih desetlje\u0107a, kada su gljive postale zanimljive zapadnom svijetu, potvrdila su mnoge njihove terapeutske u\u010dinke.<\/span><\/p>\n<p><span style=\"color: #000000\">S obzirom na to da su odre\u0111eni prirodni aktivni sastojci neprobavljivi ili te\u0161ko probavljivi, vrlo je va\u017eno konzumirati samo najbolje gljive u prahu. Gljive moraju biti pravilno uzgojene, osu\u0161ene i pripremljene. Moraju se samljeti u fini prah bez grudica. Boja praha je svjetlija, ali ona ovisi i o vrsti gljive koju upotrebljavate. Budu\u0107i da su gljive toliko u\u010dinkovite upravo zato \u0161to imaju sposobnost apsorbirati sve \u2013 i dobro i lo\u0161e \u2013 iz okoli\u0161a, va\u017eno je upotrebljavati one organske.<\/span><\/p>\n<h2><span style=\"color: #000000\">Ambala\u017ea<\/span><\/h2>\n<p><span style=\"color: #000000\">Nepropusna vre\u0107ica s patentnim zatvara\u010dem u kojoj proizvod zadr\u017eava svu svoju svje\u017einu i aromu. Ambala\u017ea \u0161titi od svjetlosti i zraka, jer je napravljena od nekoliko slojeva za\u0161tite koji \u010duvaju svojstva sadr\u017eaja.<\/span><\/p>\n<p><span style=\"color: #000000\">Ambala\u017ea je vrlo prakti\u010dna i mo\u017ee se reciklirati.<\/span><\/p>\n<h2><span style=\"color: #000000\">Spremanje i upozorenja<\/span><\/h2>\n<p><span style=\"color: #000000\">\u010cuvajte na hladnom i suhom mjestu. Dodatak prehrani \u010duvajte izvan dohvata djece!<\/span><\/p>\n<p><span style=\"color: #000000\">Zapamtite va\u017enost raznovrsne prehrane i zdravog na\u010dina \u017eivota, dodatak prehrani nije zamjena za uravnote\u017eenu i raznoliku prehranu. Preporu\u010dena dnevna koli\u010dina ili doza ne smije se prekora\u010diti. Trudnicama i dojiljama uvijek se savjetuje da se prije upotrebe posavjetuju s lije\u010dnikom.<\/span><\/p>\n<p><span style=\"color: #000000\">Ne preporu\u010duje se upotreba kod djece i osoba koje se lije\u010de antikoagulansima te kod osoba koje uzimaju imunosupresivne lijekove.<\/span><\/p>\n<h2><span style=\"color: #000000\">Dobro je znati<\/span><\/h2>\n<p><span style=\"color: #000000\">Proizvod je pogodan i za \u017eivotinje. U ve\u0107ini slu\u010dajeva, ljekovite gljive pokazuju se iznimno u\u010dinkovitima u ja\u010danju imunolo\u0161kog sustava, lije\u010denju alergija i ko\u017enih poreme\u0107aja te virusnih i bakterijskih infekcija. Prije upotrebe posavjetujte se sa svojim veterinarom kako biste utvrdili preporu\u010dljivost primjene i preporu\u010denu dnevnu koli\u010dinu.<\/span><\/p>\n<h2><span style=\"color: #000000\">Podrijetlo<\/span><\/h2>\n<p><span style=\"color: #000000\">EU<\/span><\/p>\n","protected":false},"excerpt":{"rendered":"<p>Gljiva Cordyceps poznata je <strong>u tradicionalnoj medicini ve\u0107 tisu\u0107ama godin<\/strong>a, a zbog svojih pozitivnih svojstava barem se toliko dugo koristi u ljekovite svrhe. Gljiva spontano raste u visokim planinskim podru\u010djima i dodatak je prehrani poznat po svojoj sposobnosti <strong>revitalizacije organizma i ja\u010danja imunolo\u0161kog sustava<\/strong>.<\/p>\n<p>\ud83d\udc9a Stimulira imunolo\u0161ki sistem.<\/p>\n<p>\ud83d\udc9a Pobolj\u0161ava tjelesnu kondiciju.<\/p>\n<p>\ud83d\udc9a Pove\u0107ava energiju tijela.<\/p>\n<p>\ud83d\udc9a Ima antistresno djelovanje.<\/p>\n<p>\ud83d\udc9a Pozitivno djeluje na niz zdravstvenih problema.<\/p>\n","protected":false},"featured_media":5848,"comment_status":"open","ping_status":"closed","template":"","meta":{"_acf_changed":false},"product_brand":[],"product_cat":[15,198,218,216],"product_tag":[],"class_list":{"0":"post-5947","1":"product","2":"type-product","3":"status-publish","4":"has-post-thumbnail","6":"product_cat-uncategorized","7":"product_cat-ljekovite-gljive","8":"product_cat-najprodavaniji","9":"product_cat-svi-proizvodi-ponudba","11":"first","12":"instock","13":"sale","14":"taxable","15":"shipping-taxable","16":"purchasable","17":"product-type-simple"},"acf":[],"_links":{"self":[{"href":"https:\/\/fengchashop.com\/hr\/wp-json\/wp\/v2\/product\/5947","targetHints":{"allow":["GET"]}}],"collection":[{"href":"https:\/\/fengchashop.com\/hr\/wp-json\/wp\/v2\/product"}],"about":[{"href":"https:\/\/fengchashop.com\/hr\/wp-json\/wp\/v2\/types\/product"}],"replies":[{"embeddable":true,"href":"https:\/\/fengchashop.com\/hr\/wp-json\/wp\/v2\/comments?post=5947"}],"wp:featuredmedia":[{"embeddable":true,"href":"https:\/\/fengchashop.com\/hr\/wp-json\/wp\/v2\/media\/5848"}],"wp:attachment":[{"href":"https:\/\/fengchashop.com\/hr\/wp-json\/wp\/v2\/media?parent=5947"}],"wp:term":[{"taxonomy":"product_brand","embeddable":true,"href":"https:\/\/fengchashop.com\/hr\/wp-json\/wp\/v2\/product_brand?post=5947"},{"taxonomy":"product_cat","embeddable":true,"href":"https:\/\/fengchashop.com\/hr\/wp-json\/wp\/v2\/product_cat?post=5947"},{"taxonomy":"product_tag","embeddable":true,"href":"https:\/\/fengchashop.com\/hr\/wp-json\/wp\/v2\/product_tag?post=5947"}],"curies":[{"name":"wp","href":"https:\/\/api.w.org\/{rel}","templated":true}]}}