{"id":3991,"date":"2025-03-11T17:42:37","date_gmt":"2025-03-11T16:42:37","guid":{"rendered":"https:\/\/test-fengcha.dweb.si\/?page_id=3991"},"modified":"2026-01-21T18:43:09","modified_gmt":"2026-01-21T17:43:09","slug":"tko-smo-mi-i-cemu-tezimo","status":"publish","type":"page","link":"https:\/\/fengchashop.com\/hr\/tko-smo-mi-i-cemu-tezimo\/","title":{"rendered":"Tko smo mi i \u010demu te\u017eimo?"},"content":{"rendered":"<div class=\"wpb-content-wrapper\"><p>[vc_row][vc_column][vc_column_text css=&#8221;&#8221;]<\/p>\r\n<p>Po\u010deli smo s prodajom \u010dajeva. Pritom mislimo na neobi\u010dne (prave) \u010dajeve, koji su nama kao ljubiteljima oduvijek nedostajali u postoje\u0107oj ponudi na slovenskom tr\u017ei\u0161tu. Jo\u0161 uvijek prodajemo \u010dajeve i nudimo samo najkvalitetnije \u010dajeve <strong>punog mirisa, svje\u017eine i bogatog okusa<\/strong>. Tijekom godina, me\u0111utim, redovito smo \u0161irili asortiman proizvoda u skladu s potrebama tr\u017ei\u0161ta. Zapo\u010deli smo s <strong>mirisnim za\u010dinima, kakaom i kavom<\/strong> i, naravno, namirnicama poznatima kao <strong>super hrana<\/strong>. Kako se potrebe i preferencije kupaca mijenjaju, mi uvijek nastojimo ponuditi ne\u0161to novo. Istovremeno, u ponudi zadr\u017eavamo popularne proizvode. Nedavno smo se potrudili ponuditi \u0161to \u0161iri izbor proizvoda u kategorijama <strong>hrane <\/strong>i <strong>dodataka prehrani<\/strong>, koje smo promi\u0161ljeno dodali na\u0161em asortimanu.<\/p>\r\n<p><!-- \/wp:post-content -->\u00a0<\/p>\r\n<p><!-- wp:paragraph --><strong>Osim visokokvalitetnih proizvoda, prona\u0107i \u0107ete ideje i savjete za zdraviji \u017eivot.<\/strong><\/p>\r\n<p><!-- \/wp:paragraph -->\u00a0<\/p>\r\n<p><!-- wp:paragraph -->S obzirom na to da se \u010dajevima i ostalim prehrambenim proizvodima iz na\u0161eg \u0161irokog asortimana bavimo vi\u0161e od 10 godina (od 2010.), razvili smo poseban osje\u0107aj za kvalitetu na\u0161ih prehrambenih proizvoda, zbog \u010dega <strong>\u0107ete prona\u0107i samo najbolje okuse i proizvode za dugi zdrav \u017eivot<\/strong>. Zbog suvremenih trendova i svijesti o va\u017enosti zdrave prehrane, ako je mogu\u0107e, u na\u0161u ponudu <strong>dodajemo samo proizvode iz ekolo\u0161ke<\/strong> <strong>proizvodnje<\/strong>..<\/p>\r\n<p><!-- \/wp:paragraph -->\u00a0<\/p>\r\n<!-- wp:heading -->\r\n<h2><strong>Feng cha tim \u010dine<\/strong><\/h2>\r\n<p><!-- \/wp:heading -->\u00a0<\/p>\r\n<!-- wp:list -->\r\n<ul>\r\n<li><strong>Layla H\u00f6nn<\/strong>\u00a0\u2013 direktorica<\/li>\r\n<\/ul>\r\n<p><!-- \/wp:list -->\u00a0<\/p>\r\n<!-- wp:list -->\r\n<ul>\r\n<li><strong>Miha H\u00f6nn<\/strong>\u00a0\u2013 osniva\u010d<\/li>\r\n<\/ul>\r\n<p><!-- \/wp:list -->\u00a0<\/p>\r\n<!-- wp:list -->\r\n<ul>\r\n<li><strong>dr. Janez H\u00f6nn<\/strong>\u00a0\u2013 savjetuje o ljekovitosti na\u0161ih proizvoda<\/li>\r\n<\/ul>\r\n<p><!-- \/wp:list -->\u00a0<\/p>\r\n<!-- wp:list -->\r\n<ul>\r\n<li><strong>Selma Seyoun Simon\u010di\u010d <\/strong>&#8211; digitalni marketing<\/li>\r\n<\/ul>\r\n<p><!-- \/wp:list -->\u00a0<\/p>\r\n<p><!-- wp:paragraph -->\u00a0<\/p>\r\n<p><!-- \/wp:paragraph -->\u00a0<\/p>\r\n<p><!-- wp:paragraph -->FENG CHA d.o.o.<\/p>\r\n<p><!-- \/wp:paragraph -->\u00a0<\/p>\r\n<p><!-- wp:paragraph -->Rej\u010deva ulica 5<\/p>\r\n<p><!-- \/wp:paragraph -->\u00a0<\/p>\r\n<p><!-- wp:paragraph -->5000 Nova Gorica<\/p>\r\n<p><!-- \/wp:paragraph -->\u00a0<\/p>\r\n<p><!-- wp:paragraph -->Slovenija \u2013 EU<\/p>\r\n<p><!-- \/wp:paragraph -->\u00a0<\/p>\r\n<p><!-- wp:paragraph -->VAT: SI77642562<\/p>\r\n<p><!-- \/wp:paragraph -->\u00a0<\/p>\r\n<p><!-- wp:paragraph -->Email:\u00a0<a href=\"mailto:info@fengchashop.com\" target=\"_blank\" rel=\"noreferrer noopener\">info@fengchashop.com<\/a><\/p>\r\n<p><!-- \/wp:paragraph -->\u00a0<\/p>\r\n<p><!-- wp:paragraph -->Web shops:<\/p>\r\n<p><!-- \/wp:paragraph -->\u00a0<\/p>\r\n<p><!-- wp:paragraph --><a href=\"http:\/\/fengchashop.com\/hr\" target=\"_blank\" rel=\"noreferrer noopener\">hr.fengchashop.com<\/a><\/p>\r\n<p><!-- \/wp:paragraph -->\u00a0<\/p>\r\n<p><!-- wp:paragraph --><a href=\"http:\/\/fengchashop.com\/\" target=\"_blank\" rel=\"noreferrer noopener\">fengchashop.com<\/a><\/p>\r\n<p><!-- \/wp:paragraph -->\u00a0<\/p>\r\n<p><!-- \/wp:paragraph --><img decoding=\"async\" class=\"size-medium wp-image-3992\" src=\"https:\/\/fengchashop.com\/hr\/wp-content\/uploads\/2025\/03\/Prodaja-po-Evropi-333x300.jpg\" alt=\"\" width=\"333\" height=\"300\" srcset=\"https:\/\/fengchashop.com\/hr\/wp-content\/uploads\/2025\/03\/Prodaja-po-Evropi-333x300.jpg 333w, https:\/\/fengchashop.com\/hr\/wp-content\/uploads\/2025\/03\/Prodaja-po-Evropi-595x536.jpg 595w, https:\/\/fengchashop.com\/hr\/wp-content\/uploads\/2025\/03\/Prodaja-po-Evropi-150x135.jpg 150w, https:\/\/fengchashop.com\/hr\/wp-content\/uploads\/2025\/03\/Prodaja-po-Evropi-768x691.jpg 768w, https:\/\/fengchashop.com\/hr\/wp-content\/uploads\/2025\/03\/Prodaja-po-Evropi-1536x1382.jpg 1536w, https:\/\/fengchashop.com\/hr\/wp-content\/uploads\/2025\/03\/Prodaja-po-Evropi-2048x1843.jpg 2048w, https:\/\/fengchashop.com\/hr\/wp-content\/uploads\/2025\/03\/Prodaja-po-Evropi-450x405.jpg 450w, https:\/\/fengchashop.com\/hr\/wp-content\/uploads\/2025\/03\/Prodaja-po-Evropi-350x315.jpg 350w\" sizes=\"(max-width: 333px) 100vw, 333px\" \/><\/p>\r\n<!-- \/wp:paragraph -->\r\n<p>&nbsp;<\/p>\r\n<p>[\/vc_column_text][\/vc_column][\/vc_row]<\/p><\/div>","protected":false},"excerpt":{"rendered":"<p>[vc_row][vc_column][vc_column_text css=&#8221;&#8221;] Po\u010deli smo s prodajom \u010dajeva. Pritom mislimo na neobi\u010dne (prave) \u010dajeve, koji su nama kao ljubiteljima oduvijek nedostajali u postoje\u0107oj ponudi na slovenskom tr\u017ei\u0161tu. Jo\u0161 uvijek prodajemo \u010dajeve i nudimo samo najkvalitetnije \u010dajeve punog mirisa, svje\u017eine i bogatog okusa. Tijekom godina, me\u0111utim, redovito smo \u0161irili asortiman proizvoda u skladu s potrebama tr\u017ei\u0161ta. Zapo\u010deli [&hellip;]<\/p>\n","protected":false},"author":2,"featured_media":0,"parent":0,"menu_order":0,"comment_status":"closed","ping_status":"closed","template":"page-visual-composer.php","meta":{"_acf_changed":false,"footnotes":""},"class_list":["post-3991","page","type-page","status-publish","hentry"],"acf":[],"_links":{"self":[{"href":"https:\/\/fengchashop.com\/hr\/wp-json\/wp\/v2\/pages\/3991","targetHints":{"allow":["GET"]}}],"collection":[{"href":"https:\/\/fengchashop.com\/hr\/wp-json\/wp\/v2\/pages"}],"about":[{"href":"https:\/\/fengchashop.com\/hr\/wp-json\/wp\/v2\/types\/page"}],"author":[{"embeddable":true,"href":"https:\/\/fengchashop.com\/hr\/wp-json\/wp\/v2\/users\/2"}],"replies":[{"embeddable":true,"href":"https:\/\/fengchashop.com\/hr\/wp-json\/wp\/v2\/comments?post=3991"}],"version-history":[{"count":7,"href":"https:\/\/fengchashop.com\/hr\/wp-json\/wp\/v2\/pages\/3991\/revisions"}],"predecessor-version":[{"id":7810,"href":"https:\/\/fengchashop.com\/hr\/wp-json\/wp\/v2\/pages\/3991\/revisions\/7810"}],"wp:attachment":[{"href":"https:\/\/fengchashop.com\/hr\/wp-json\/wp\/v2\/media?parent=3991"}],"curies":[{"name":"wp","href":"https:\/\/api.w.org\/{rel}","templated":true}]}}