{"id":3987,"date":"2025-03-11T17:29:15","date_gmt":"2025-03-11T16:29:15","guid":{"rendered":"https:\/\/test-fengcha.dweb.si\/?page_id=3987"},"modified":"2026-02-10T06:05:10","modified_gmt":"2026-02-10T05:05:10","slug":"dostava-placanja","status":"publish","type":"page","link":"https:\/\/fengchashop.com\/hr\/dostava-placanja\/","title":{"rendered":"Dostava \u2013 Pla\u0107anja"},"content":{"rendered":"<div class=\"wpb-content-wrapper\"><p>[vc_row][vc_column][vc_row_inner][vc_column_inner][vc_column_text css=&#8221;&#8221;]<\/p>\r\n<h2>Kolika je cijena dostave?<\/h2>\r\n<!-- \/wp:post-content -->\r\n<p>&nbsp;<\/p>\r\n<!-- wp:list -->\r\n<ul>\r\n<li>Dostava GLS kurirske slu\u017ebe: za kupnje u iznosu <strong>do 44<strong>,99 \u20ac<\/strong>, dostava<\/strong> iznosi <strong><strong>3,50 \u20ac<\/strong><\/strong>.<\/li>\r\n<li>Dostava Overseas kurirske slu\u017ebe: za kupnje <strong>do 4<strong><strong>4,99 \u20ac<\/strong><\/strong>, dostava<\/strong> iznosi <strong><strong>4,50 \u20ac<\/strong><\/strong>.<\/li>\r\n<li>Za kupnje <strong>iznad 45,00 \u20ac<\/strong> nudimo <strong>besplatnu dostavu<\/strong>.<\/li>\r\n<\/ul>\r\n<!-- \/wp:list -->\r\n<p>&nbsp;<\/p>\r\n<!-- wp:heading -->\r\n<h2>Kako mogu platiti?<\/h2>\r\n<!-- \/wp:heading -->\r\n<p>&nbsp;<\/p>\r\n<!-- wp:heading {\"level\":4} -->\r\n<h4>Pla\u0107anje pouze\u0107em<\/h4>\r\n<!-- \/wp:heading -->\r\n<p><!-- wp:paragraph -->mogu\u0107e je pla\u0107anje pouze\u0107em ili kreditnom karticom.<\/p>\r\n<p><!-- \/wp:paragraph -->\u00a0<\/p>\r\n<p><!-- wp:heading {\"level\":4} -->\u00a0<\/p>\r\n<!-- wp:heading {\"level\":4} -->\r\n<h4>Paypal<\/h4>\r\n<!-- \/wp:heading -->\r\n<p>&nbsp;<\/p>\r\n<!-- wp:heading {\"level\":4} -->\r\n<h4>Kreditna kartica<\/h4>\r\n<!-- \/wp:heading -->\r\n<p>&nbsp;<\/p>\r\n<!-- wp:heading -->\r\n<h2>Kako mogu izvr\u0161iti kupnju?<\/h2>\r\n<!-- \/wp:heading -->\r\n<p>&nbsp;<\/p>\r\n<!-- wp:list -->\r\n<ul>\r\n<li>U <strong>tri jednostavna koraka:<\/strong> dodavanjem artikla u ko\u0161aricu, potvrdomkupnje i ispunjavanjem jednostavnih obrazaca.<\/li>\r\n<li>Po e-mailu:<strong> info@fengchashop.com<\/strong><\/li>\r\n<\/ul>\r\n<!-- \/wp:list -->\r\n<p>&nbsp;<\/p>\r\n<!-- wp:heading -->\r\n<h2>Kada \u0107u dobiti svoju po\u0161iljku?<\/h2>\r\n<!-- \/wp:heading -->\r\n<p>&nbsp;<\/p>\r\n<!-- wp:list -->\r\n<ul>\r\n<li>Sve narud\u017ebe do 10:00 sati, \u0161alju se isti radni dan. O\u010dekuje se da \u0107e paket sti\u010di na va\u0161u adresu u roku od nekoliko dana.<\/li>\r\n<li>Ako iznimno, nemamo naru\u010deni proizvod na zalihama, obavijestit \u0107emo vas e-po\u0161tom kada se o\u010dekuje isporuka.<\/li>\r\n<li>Sve po\u0161iljke pouzdano se dostavljaju GLS-om ili Overseas-om.<\/li>\r\n<\/ul>\r\n<!-- \/wp:list -->\r\n<p><!-- wp:paragraph --><strong> Pouzdana i brza dostava GLS ili Overseas <strong>kurirom<\/strong>.<\/strong><\/p>\r\n<p><!-- \/wp:paragraph -->\u00a0<\/p>\r\n<p>[\/vc_column_text][\/vc_column_inner][\/vc_row_inner][\/vc_column][\/vc_row]<\/p><\/div>","protected":false},"excerpt":{"rendered":"<p>[vc_row][vc_column][vc_row_inner][vc_column_inner][vc_column_text css=&#8221;&#8221;] Kolika je cijena dostave? &nbsp; Dostava GLS kurirske slu\u017ebe: za kupnje u iznosu do 44,99 \u20ac, dostava iznosi 3,50 \u20ac. Dostava Overseas kurirske slu\u017ebe: za kupnje do 44,99 \u20ac, dostava iznosi 4,50 \u20ac. Za kupnje iznad 45,00 \u20ac nudimo besplatnu dostavu. &nbsp; Kako mogu platiti? &nbsp; Pla\u0107anje pouze\u0107em mogu\u0107e je pla\u0107anje pouze\u0107em ili [&hellip;]<\/p>\n","protected":false},"author":2,"featured_media":0,"parent":0,"menu_order":0,"comment_status":"closed","ping_status":"closed","template":"","meta":{"_acf_changed":false,"footnotes":""},"class_list":["post-3987","page","type-page","status-publish","hentry"],"acf":[],"_links":{"self":[{"href":"https:\/\/fengchashop.com\/hr\/wp-json\/wp\/v2\/pages\/3987","targetHints":{"allow":["GET"]}}],"collection":[{"href":"https:\/\/fengchashop.com\/hr\/wp-json\/wp\/v2\/pages"}],"about":[{"href":"https:\/\/fengchashop.com\/hr\/wp-json\/wp\/v2\/types\/page"}],"author":[{"embeddable":true,"href":"https:\/\/fengchashop.com\/hr\/wp-json\/wp\/v2\/users\/2"}],"replies":[{"embeddable":true,"href":"https:\/\/fengchashop.com\/hr\/wp-json\/wp\/v2\/comments?post=3987"}],"version-history":[{"count":8,"href":"https:\/\/fengchashop.com\/hr\/wp-json\/wp\/v2\/pages\/3987\/revisions"}],"predecessor-version":[{"id":7910,"href":"https:\/\/fengchashop.com\/hr\/wp-json\/wp\/v2\/pages\/3987\/revisions\/7910"}],"wp:attachment":[{"href":"https:\/\/fengchashop.com\/hr\/wp-json\/wp\/v2\/media?parent=3987"}],"curies":[{"name":"wp","href":"https:\/\/api.w.org\/{rel}","templated":true}]}}