{"id":7704,"date":"2026-04-15T04:52:11","date_gmt":"2026-04-15T02:52:11","guid":{"rendered":"https:\/\/fengchashop.com\/fr\/product\/kurkumin-c3-kompleks-v-tekocini-150-ml\/"},"modified":"2026-04-17T00:08:54","modified_gmt":"2026-04-16T22:08:54","slug":"curcumine-c3-complexe-en-liquide","status":"publish","type":"product","link":"https:\/\/fengchashop.com\/fr\/product\/curcumine-c3-complexe-en-liquide\/","title":{"rendered":"Curcumine C3 Complexe en liquide 150 ml"},"content":{"rendered":"<h2><strong>Curcumine C3 Complexe en solution<\/strong><\/h2>\n<p><strong>Curcumine C3 Complexe en solution<\/strong> est un compl\u00e9ment alimentaire moderne, con\u00e7u pour soutenir l&rsquo;organisme, prot\u00e9ger les cellules et favoriser la vitalit\u00e9 g\u00e9n\u00e9rale. Il contient de la curcumine de haute qualit\u00e9 sous une forme avanc\u00e9e qui permet une bonne biodisponibilit\u00e9 et une action efficace dans l&rsquo;organisme.<\/p>\n<p>La curcumine agit comme un antioxydant et aide \u00e0 prot\u00e9ger les cellules contre le stress oxydatif, tout en soutenant le syst\u00e8me immunitaire et l&rsquo;\u00e9quilibre g\u00e9n\u00e9ral de l&rsquo;organisme. L&rsquo;ajout de vitamine C contribue \u00e9galement au bon fonctionnement du syst\u00e8me immunitaire et am\u00e9liore l&rsquo;absorption du fer.<\/p>\n<p>La forme liquide facilite l&rsquo;utilisation et assure une bonne absorption, tandis que l&rsquo;agr\u00e9able go\u00fbt de pomme rend la prise quotidienne agr\u00e9able.<\/p>\n<h2><strong>Comment \u00e7a marche ?<\/strong><\/h2>\n<p>La curcumine contribue \u00e0 la protection des cellules contre les radicaux libres et soutient les processus naturels de l&rsquo;organisme. Associ\u00e9e \u00e0 la vitamine C, elle contribue \u00e0 un meilleur bien-\u00eatre, soutient le syst\u00e8me immunitaire et prot\u00e8ge l&rsquo;organisme.<\/p>\n<h2><strong>Que contient-il ?<\/strong><\/h2>\n<p><strong><span class=\"ml-1\"><span style=\"color: #000000;\">\ud83d\udc9a <\/span><\/span>Curcumine C3 Complex\u00ae<\/strong><\/p>\n<p><strong><span class=\"ml-1\"><span style=\"color: #000000;\">\ud83d\udc9a <\/span><\/span>Vitamine C<\/strong><\/p>\n<ul>\n<li>contribue au fonctionnement normal du syst\u00e8me immunitaire<\/li>\n<li>contribue \u00e0 la protection des cellules contre le stress oxydatif<\/li>\n<li>contribue \u00e0 r\u00e9duire la fatigue et l&rsquo;\u00e9puisement<\/li>\n<li>contribue au m\u00e9tabolisme normal pour la production d&rsquo;\u00e9nergie<\/li>\n<li>contribue au fonctionnement normal du syst\u00e8me nerveux<\/li>\n<li>contribue au fonctionnement psychologique normal<\/li>\n<li>contribue au fonctionnement normal du syst\u00e8me immunitaire pendant et apr\u00e8s un effort physique intense<\/li>\n<li>contribue \u00e0 la formation normale de collag\u00e8ne pour<\/li>\n<li>contribue \u00e0 la r\u00e9g\u00e9n\u00e9ration de la forme r\u00e9duite de la vitamine E<\/li>\n<li>augmente l&rsquo;absorption du fer<\/li>\n<\/ul>\n<p><strong><span class=\"ml-1\"><span style=\"color: #000000;\">\ud83d\udc9a <\/span><\/span>Vitamine D3<\/strong><\/p>\n<ul>\n<li>contribue \u00e0 l&rsquo;absorption\/l&rsquo;utilisation normales du calcium et du phosphore<\/li>\n<li>contribue au maintien d&rsquo;un taux normal de calcium dans le sang<\/li>\n<li>contribue au maintien d&rsquo;une ossature saine<\/li>\n<li>contribue au maintien d&rsquo;une fonction musculaire normale<\/li>\n<li>contribue au maintien de dents saines<\/li>\n<li>contribue au fonctionnement normal du syst\u00e8me immunitaire<\/li>\n<li>joue un r\u00f4le dans la division cellulaire<\/li>\n<\/ul>\n<h2><strong>Pourquoi choisir le curcumine C3 Complexe liquide ?<\/strong><\/h2>\n<ul>\n<li>formule avanc\u00e9e pour une bonne biodisponibilit\u00e9<\/li>\n<li>contribue au fonctionnement normal du syst\u00e8me immunitaire<\/li>\n<li>soutient le syst\u00e8me immunitaire et la protection cellulaire<\/li>\n<li>contient de la vitamine C ajout\u00e9e<\/li>\n<li>forme liquide pour une utilisation facile<\/li>\n<li>go\u00fbt agr\u00e9able de pomme<\/li>\n<li>convient aux v\u00e9g\u00e9taliens<\/li>\n<li>sans gluten, sans lactose et sans OGM<\/li>\n<\/ul>\n<h2 style=\"text-align: justify;\"><span style=\"color: #000000;\">Conservation et avertissements<\/span><\/h2>\n<p>Conserver dans un endroit sec et \u00e0 l&rsquo;abri de la lumi\u00e8re, \u00e0 une temp\u00e9rature maximale de 25 \u00b0C. Une fois ouvert, conserver au r\u00e9frig\u00e9rateur.<\/p>\n<p>N&rsquo;oubliez pas l&rsquo;importance d&rsquo;une alimentation vari\u00e9e et d&rsquo;un mode de vie sain. Les compl\u00e9ments alimentaires ne remplacent pas une alimentation \u00e9quilibr\u00e9e et vari\u00e9e. Ne pas d\u00e9passer la dose journali\u00e8re recommand\u00e9e. Tenir hors de port\u00e9e des enfants !<\/p>\n<h2><span style=\"color: #000000;\">Conditionnement<\/span><\/h2>\n<p>Le flacon en plastique fonc\u00e9 de haute qualit\u00e9 est con\u00e7u pour offrir une protection maximale aux vitamines et min\u00e9raux liquides. Elle prot\u00e8ge le contenu de la lumi\u00e8re, de l&rsquo;air et des influences ext\u00e9rieures, et contribue \u00e0 pr\u00e9server la fra\u00eecheur, la stabilit\u00e9 et l&rsquo;efficacit\u00e9 du produit tout au long de son utilisation.<\/p>\n<p>L&#8217;emballage est tr\u00e8s pratique et recyclable.<\/p>\n<h2>Origine<\/h2>\n<p>UE<\/p>\n","protected":false},"excerpt":{"rendered":"<p><strong>Le Curcumin C3 Complex en solution<\/strong> est un compl\u00e9ment alimentaire de pointe contenant une forme hautement biodisponible de curcumine, con\u00e7u pour favoriser la protection cellulaire, le syst\u00e8me immunitaire et le bien-\u00eatre g\u00e9n\u00e9ral.<\/p>\n<p><span class=\"ml-1\"><span style=\"color: #000000;\">\ud83d\udc9a <\/span><\/span>haute biodisponibilit\u00e9 pour une action efficace<\/p>\n<p><span class=\"ml-1\"><span style=\"color: #000000;\">\ud83d\udc9a <\/span><\/span>contribue au fonctionnement normal du syst\u00e8me immunitaire<\/p>\n<p><span class=\"ml-1\"><span style=\"color: #000000;\">\ud83d\udc9a <\/span><\/span>contribue \u00e0 la protection des cellules contre le stress oxydatif<\/p>\n<p><span class=\"ml-1\"><span style=\"color: #000000;\">\ud83d\udc9a <\/span><\/span>forme liquide pour une utilisation facile et une bonne absorption<\/p>\n<p><span class=\"ml-1\"><span style=\"color: #000000;\">\ud83d\udc9a <\/span><\/span>convient aux v\u00e9g\u00e9taliens<\/p>\n<p><span class=\"ml-1\"><span style=\"color: #000000;\">\ud83d\udc9a <\/span><\/span>sans gluten, sans lactose et sans OGM<\/p>\n","protected":false},"featured_media":7703,"comment_status":"open","ping_status":"closed","template":"","meta":{"_acf_changed":false},"product_brand":[],"product_cat":[15,230,238,224,225],"product_tag":[],"class_list":{"0":"post-7704","1":"product","2":"type-product","3":"status-publish","4":"has-post-thumbnail","6":"product_cat-uncategorized","7":"product_cat-mineraux-vitamines","8":"product_cat-nouveaute","9":"product_cat-offre","10":"product_cat-tous-les-produits","12":"first","13":"instock","14":"sale","15":"taxable","16":"shipping-taxable","17":"purchasable","18":"product-type-simple"},"acf":[],"_links":{"self":[{"href":"https:\/\/fengchashop.com\/fr\/wp-json\/wp\/v2\/product\/7704","targetHints":{"allow":["GET"]}}],"collection":[{"href":"https:\/\/fengchashop.com\/fr\/wp-json\/wp\/v2\/product"}],"about":[{"href":"https:\/\/fengchashop.com\/fr\/wp-json\/wp\/v2\/types\/product"}],"replies":[{"embeddable":true,"href":"https:\/\/fengchashop.com\/fr\/wp-json\/wp\/v2\/comments?post=7704"}],"wp:featuredmedia":[{"embeddable":true,"href":"https:\/\/fengchashop.com\/fr\/wp-json\/wp\/v2\/media\/7703"}],"wp:attachment":[{"href":"https:\/\/fengchashop.com\/fr\/wp-json\/wp\/v2\/media?parent=7704"}],"wp:term":[{"taxonomy":"product_brand","embeddable":true,"href":"https:\/\/fengchashop.com\/fr\/wp-json\/wp\/v2\/product_brand?post=7704"},{"taxonomy":"product_cat","embeddable":true,"href":"https:\/\/fengchashop.com\/fr\/wp-json\/wp\/v2\/product_cat?post=7704"},{"taxonomy":"product_tag","embeddable":true,"href":"https:\/\/fengchashop.com\/fr\/wp-json\/wp\/v2\/product_tag?post=7704"}],"curies":[{"name":"wp","href":"https:\/\/api.w.org\/{rel}","templated":true}]}}