{"id":7702,"date":"2026-04-15T04:37:10","date_gmt":"2026-04-15T02:37:10","guid":{"rendered":"https:\/\/fengchashop.com\/fr\/product\/selen-v-tekocini-150-ml\/"},"modified":"2026-04-17T00:08:54","modified_gmt":"2026-04-16T22:08:54","slug":"selenium-en-solution","status":"publish","type":"product","link":"https:\/\/fengchashop.com\/fr\/product\/selenium-en-solution\/","title":{"rendered":"S\u00e9l\u00e9nium en solution 150 ml"},"content":{"rendered":"<h2><strong>S\u00e9l\u00e9nium en solution<\/strong><\/h2>\n<p><strong>Le s\u00e9l\u00e9nium en solution <\/strong>est un compl\u00e9ment alimentaire moderne destin\u00e9 \u00e0 soutenir le syst\u00e8me immunitaire, la thyro\u00efde et la protection cellulaire. Il contient du s\u00e9l\u00e9nium, un oligo-\u00e9l\u00e9ment essentiel qui participe \u00e0 des processus importants dans l&rsquo;organisme, du fonctionnement du syst\u00e8me immunitaire \u00e0 la protection contre le stress oxydatif.<\/p>\n<p>Le s\u00e9l\u00e9nium contribue au fonctionnement normal de la thyro\u00efde, au maintien de cheveux et d&rsquo;ongles sains, ainsi qu&rsquo;\u00e0 la protection des cellules contre les radicaux libres.<\/p>\n<p>Sa forme liquide facilite son utilisation et assure une bonne absorption, tandis que son agr\u00e9able go\u00fbt de mangue rend sa prise quotidienne tr\u00e8s agr\u00e9able.<\/p>\n<h2><strong>Comment \u00e7a marche ?<\/strong><\/h2>\n<p>Le s\u00e9l\u00e9nium joue un r\u00f4le important dans la d\u00e9fense de l&rsquo;organisme contre le stress oxydatif et soutient le fonctionnement normal du syst\u00e8me immunitaire. Il participe \u00e9galement au fonctionnement de la thyro\u00efde, qui r\u00e9gule de nombreux processus dans l&rsquo;organisme.<\/p>\n<h2><strong>Que contient-il ?<\/strong><\/h2>\n<p><strong><span class=\"ml-1\"><span style=\"color: #000000;\">\ud83d\udc9a <\/span><\/span>S\u00e9l\u00e9nium<\/strong><\/p>\n<ul>\n<li>contribue \u00e0 la <strong>spermatogen\u00e8se normale<\/strong><\/li>\n<li>contribue au <strong>maintien de cheveux sains<\/strong><\/li>\n<li>contribue au <strong>maintien d&rsquo;ongles sains<\/strong><\/li>\n<li>contribue au <strong>fonctionnement normal du syst\u00e8me immunitaire<\/strong><\/li>\n<li>contribue au <strong>fonctionnement normal de la thyro\u00efde<\/strong><\/li>\n<li>contribue \u00e0 la <strong>protection des cellules contre le stress oxydatif<\/strong><\/li>\n<\/ul>\n<h2><strong>Pourquoi choisir le s\u00e9l\u00e9nium liquide ?<\/strong><\/h2>\n<ul>\n<li>contribue au fonctionnement normal du syst\u00e8me immunitaire et de la thyro\u00efde<\/li>\n<li>contribue \u00e0 la protection des cellules contre le stress oxydatif<\/li>\n<li>contribue au maintien de cheveux et d&rsquo;ongles sains<\/li>\n<li>forme liquide pour une utilisation facile<\/li>\n<li>go\u00fbt agr\u00e9able de mangue<\/li>\n<li>convient aux v\u00e9g\u00e9taliens<\/li>\n<li>sans gluten, sans lactose et sans OGM<\/li>\n<\/ul>\n<h2 style=\"text-align: justify;\"><span style=\"color: #000000;\">Conservation et avertissements<\/span><\/h2>\n<p>Conserver dans un endroit sec et \u00e0 l&rsquo;abri de la lumi\u00e8re, \u00e0 une temp\u00e9rature maximale de 25 \u00b0C. Une fois ouvert, conserver au r\u00e9frig\u00e9rateur.<\/p>\n<p>N&rsquo;oubliez pas l&rsquo;importance d&rsquo;une alimentation vari\u00e9e et d&rsquo;un mode de vie sain. Les compl\u00e9ments alimentaires ne remplacent pas une alimentation \u00e9quilibr\u00e9e et vari\u00e9e. Ne pas d\u00e9passer la dose journali\u00e8re recommand\u00e9e. Tenir hors de port\u00e9e des enfants !<\/p>\n<h2><span style=\"color: #000000;\">Conditionnement<\/span><\/h2>\n<p>Le flacon en plastique fonc\u00e9 de haute qualit\u00e9 est con\u00e7u pour offrir une protection maximale aux vitamines et min\u00e9raux liquides. Elle prot\u00e8ge le contenu de la lumi\u00e8re, de l&rsquo;air et des influences ext\u00e9rieures, et aide \u00e0 pr\u00e9server la fra\u00eecheur, la stabilit\u00e9 et l&rsquo;efficacit\u00e9 tout au long de l&rsquo;utilisation.<\/p>\n<p>L&#8217;emballage est tr\u00e8s pratique et recyclable.<\/p>\n<h2>Origine<\/h2>\n<p>UE<\/p>\n","protected":false},"excerpt":{"rendered":"<p>S\u00e9l\u00e9nium en solution Le s\u00e9l\u00e9nium en solution est un compl\u00e9ment alimentaire moderne destin\u00e9 \u00e0 soutenir le syst\u00e8me immunitaire, la thyro\u00efde et la protection cellulaire. Il contient du s\u00e9l\u00e9nium, un oligo-\u00e9l\u00e9ment essentiel qui participe \u00e0 des processus importants dans l&rsquo;organisme, du fonctionnement du syst\u00e8me immunitaire \u00e0 la protection contre le stress oxydatif. Le s\u00e9l\u00e9nium contribue au [&hellip;]<\/p>\n","protected":false},"featured_media":7701,"comment_status":"open","ping_status":"closed","template":"","meta":{"_acf_changed":false},"product_brand":[],"product_cat":[15,226,230,238,224],"product_tag":[],"class_list":{"0":"post-7702","1":"product","2":"type-product","3":"status-publish","4":"has-post-thumbnail","6":"product_cat-uncategorized","7":"product_cat-meilleures-ventes","8":"product_cat-mineraux-vitamines","9":"product_cat-nouveaute","10":"product_cat-offre","12":"first","13":"instock","14":"sale","15":"taxable","16":"shipping-taxable","17":"purchasable","18":"product-type-simple"},"acf":[],"_links":{"self":[{"href":"https:\/\/fengchashop.com\/fr\/wp-json\/wp\/v2\/product\/7702","targetHints":{"allow":["GET"]}}],"collection":[{"href":"https:\/\/fengchashop.com\/fr\/wp-json\/wp\/v2\/product"}],"about":[{"href":"https:\/\/fengchashop.com\/fr\/wp-json\/wp\/v2\/types\/product"}],"replies":[{"embeddable":true,"href":"https:\/\/fengchashop.com\/fr\/wp-json\/wp\/v2\/comments?post=7702"}],"wp:featuredmedia":[{"embeddable":true,"href":"https:\/\/fengchashop.com\/fr\/wp-json\/wp\/v2\/media\/7701"}],"wp:attachment":[{"href":"https:\/\/fengchashop.com\/fr\/wp-json\/wp\/v2\/media?parent=7702"}],"wp:term":[{"taxonomy":"product_brand","embeddable":true,"href":"https:\/\/fengchashop.com\/fr\/wp-json\/wp\/v2\/product_brand?post=7702"},{"taxonomy":"product_cat","embeddable":true,"href":"https:\/\/fengchashop.com\/fr\/wp-json\/wp\/v2\/product_cat?post=7702"},{"taxonomy":"product_tag","embeddable":true,"href":"https:\/\/fengchashop.com\/fr\/wp-json\/wp\/v2\/product_tag?post=7702"}],"curies":[{"name":"wp","href":"https:\/\/api.w.org\/{rel}","templated":true}]}}