{"id":7700,"date":"2026-04-15T04:27:17","date_gmt":"2026-04-15T02:27:17","guid":{"rendered":"https:\/\/fengchashop.com\/fr\/product\/zelezo-v-tekocini-250-ml\/"},"modified":"2026-04-17T00:08:54","modified_gmt":"2026-04-16T22:08:54","slug":"fer-liquide","status":"publish","type":"product","link":"https:\/\/fengchashop.com\/fr\/product\/fer-liquide\/","title":{"rendered":"Fer liquide 250 ml"},"content":{"rendered":"<h2><strong>Fer en solution<\/strong><\/h2>\n<p><strong>Le fer en solution <\/strong>est un compl\u00e9ment alimentaire moderne, con\u00e7u pour soutenir l&rsquo;\u00e9nergie, la circulation sanguine et le bien-\u00eatre g\u00e9n\u00e9ral. Il contient du fer et une combinaison soigneusement s\u00e9lectionn\u00e9e de vitamines qui participent \u00e0 des processus importants dans l&rsquo;organisme \u2013 de la formation des globules rouges \u00e0 la lib\u00e9ration d&rsquo;\u00e9nergie lors du m\u00e9tabolisme.<\/p>\n<p>Sa formule avanc\u00e9e associe le fer \u00e0 la vitamine C et aux vitamines du groupe B (B1, B2, B6 et B12), qui contribuent \u00e0 une meilleure absorption du fer, \u00e0 la r\u00e9duction de la fatigue et au soutien du syst\u00e8me immunitaire.<\/p>\n<p>Sa forme liquide facilite son utilisation et assure une bonne absorption, ce qui convient particuli\u00e8rement aux personnes ayant des difficult\u00e9s \u00e0 avaler des g\u00e9lules ou des comprim\u00e9s.<\/p>\n<h2><strong>Comment \u00e7a marche ?<\/strong><\/h2>\n<p>Le fer joue un r\u00f4le essentiel dans la formation des globules rouges et de l&rsquo;h\u00e9moglobine, qui permettent le transport de l&rsquo;oxyg\u00e8ne dans l&rsquo;organisme. Associ\u00e9 aux vitamines, il contribue \u00e0 la lib\u00e9ration d&rsquo;\u00e9nergie, \u00e0 la r\u00e9duction de la fatigue et au fonctionnement normal du syst\u00e8me immunitaire.<\/p>\n<h2><strong>Que contient-il ?<\/strong><\/h2>\n<p><span class=\"ml-1\"><span style=\"color: #000000;\">\ud83d\udc9a <\/span><\/span><strong>Fer<\/strong><\/p>\n<ul>\n<li>contribue \u00e0 la formation des globules rouges et de l&rsquo;h\u00e9moglobine ainsi qu&rsquo;\u00e0 la r\u00e9duction de la fatigue<\/li>\n<li>joue un r\u00f4le dans les fonctions cognitives.<\/li>\n<li>contribue \u00e0 la lib\u00e9ration d&rsquo;\u00e9nergie lors du m\u00e9tabolisme<\/li>\n<li>joue un r\u00f4le dans la formation des globules rouges et de l&rsquo;h\u00e9moglobine.<\/li>\n<li>joue un r\u00f4le dans le transport de l&rsquo;oxyg\u00e8ne dans l&rsquo;organisme.<\/li>\n<li>joue un r\u00f4le dans le fonctionnement du syst\u00e8me immunitaire<\/li>\n<li>contribue \u00e0 r\u00e9duire la fatigue et l&rsquo;\u00e9puisement et joue un r\u00f4le dans la division cellulaire<\/li>\n<\/ul>\n<p><span class=\"ml-1\"><span style=\"color: #000000;\">\ud83d\udc9a <\/span><\/span><strong>Vitamine C<\/strong> \u2013 augmente l&rsquo;absorption du fer<\/p>\n<p><span class=\"ml-1\"><span style=\"color: #000000;\">\ud83d\udc9a <\/span><\/span><strong>Vitamine B1 (thiamine)<\/strong> \u2013 contribue au m\u00e9tabolisme normal pour la production d&rsquo;\u00e9nergie<\/p>\n<p><span class=\"ml-1\"><span style=\"color: #000000;\">\ud83d\udc9a <\/span><\/span><strong>Vitamine B2 (riboflavine)<\/strong> \u2013 contribue \u00e0 la protection des cellules contre le stress oxydatif<\/p>\n<p><span class=\"ml-1\"><span style=\"color: #000000;\">\ud83d\udc9a <\/span><\/span><strong>Vitamine B6<\/strong> \u2013 contribue \u00e0 la formation des globules rouges<\/p>\n<p><span class=\"ml-1\"><span style=\"color: #000000;\">\ud83d\udc9a <\/span><\/span><strong>Vitamine B12<\/strong> \u2013 contribue \u00e0 la r\u00e9duction de la fatigue et au bon fonctionnement du syst\u00e8me nerveux<\/p>\n<h2><strong>Pourquoi choisir le fer liquide ?<\/strong><\/h2>\n<ul>\n<li>contribue au fonctionnement normal du syst\u00e8me immunitaire<\/li>\n<li>combinaison de fer et de vitamines pour une meilleure assimilation<\/li>\n<li>forme liquide pour une consommation plus facile<\/li>\n<li>go\u00fbt agr\u00e9able de pomme<\/li>\n<li>convient aux v\u00e9g\u00e9taliens<\/li>\n<li>sans gluten, sans lactose et sans OGM<\/li>\n<\/ul>\n<h2 style=\"text-align: justify;\"><span style=\"color: #000000;\">Conservation et avertissements<\/span><\/h2>\n<p>Conserver dans un endroit sec et \u00e0 l&rsquo;abri de la lumi\u00e8re, \u00e0 une temp\u00e9rature maximale de 25 \u00b0C. Une fois ouvert, conserver au r\u00e9frig\u00e9rateur.<\/p>\n<p>N&rsquo;oubliez pas l&rsquo;importance d&rsquo;une alimentation vari\u00e9e et d&rsquo;un mode de vie sain. Les compl\u00e9ments alimentaires ne remplacent pas une alimentation \u00e9quilibr\u00e9e et vari\u00e9e. Ne pas d\u00e9passer la dose journali\u00e8re recommand\u00e9e. Tenir hors de port\u00e9e des enfants !<\/p>\n<h2><span style=\"color: #000000;\">Conditionnement<\/span><\/h2>\n<p>Le flacon en plastique fonc\u00e9 de haute qualit\u00e9 est con\u00e7u pour offrir une protection maximale aux vitamines et min\u00e9raux liquides. Elle prot\u00e8ge le contenu de la lumi\u00e8re, de l&rsquo;air et des influences ext\u00e9rieures, et aide \u00e0 pr\u00e9server la fra\u00eecheur, la stabilit\u00e9 et l&rsquo;efficacit\u00e9 tout au long de l&rsquo;utilisation.<\/p>\n<p>L&#8217;emballage est tr\u00e8s pratique et recyclable.<\/p>\n<h2>Origine<\/h2>\n<p>UE<\/p>\n","protected":false},"excerpt":{"rendered":"<p><strong>Le fer liquide <\/strong>enrichi en vitamines est con\u00e7u pour favoriser la formation des globules rouges, le transport de l&rsquo;oxyg\u00e8ne dans l&rsquo;organisme et la r\u00e9duction de la fatigue et de l&rsquo;\u00e9puisement.<\/p>\n<p><span class=\"ml-1\"><span style=\"color: #000000;\">\ud83d\udc9a <\/span><\/span>forme liquide pour une prise facile<\/p>\n<p><span class=\"ml-1\"><span style=\"color: #000000;\">\ud83d\udc9a <\/span><\/span>bonne absorption et utilisation des nutriments<\/p>\n<p><span class=\"ml-1\"><span style=\"color: #000000;\">\ud83d\udc9a <\/span><\/span>aide \u00e0 r\u00e9duire la fatigue et l&rsquo;\u00e9puisement<\/p>\n<p><span class=\"ml-1\"><span style=\"color: #000000;\">\ud83d\udc9a<\/span><\/span>contribue au fonctionnement normal du syst\u00e8me immunitaire<\/p>\n<p><span class=\"ml-1\"><span style=\"color: #000000;\">\ud83d\udc9a<\/span><\/span>combinaison de fer et de vitamines pour une meilleure assimilation<\/p>\n<p><span class=\"ml-1\"><span style=\"color: #000000;\">\ud83d\udc9a <\/span><\/span>convient aux v\u00e9g\u00e9taliens<\/p>\n<p><span class=\"ml-1\"><span style=\"color: #000000;\">\ud83d\udc9a <\/span><\/span>sans gluten, sans lactose et sans OGM<\/p>\n","protected":false},"featured_media":7699,"comment_status":"open","ping_status":"closed","template":"","meta":{"_acf_changed":false},"product_brand":[],"product_cat":[15,230,238,224,225],"product_tag":[],"class_list":{"0":"post-7700","1":"product","2":"type-product","3":"status-publish","4":"has-post-thumbnail","6":"product_cat-uncategorized","7":"product_cat-mineraux-vitamines","8":"product_cat-nouveaute","9":"product_cat-offre","10":"product_cat-tous-les-produits","12":"first","13":"instock","14":"sale","15":"taxable","16":"shipping-taxable","17":"purchasable","18":"product-type-simple"},"acf":[],"_links":{"self":[{"href":"https:\/\/fengchashop.com\/fr\/wp-json\/wp\/v2\/product\/7700","targetHints":{"allow":["GET"]}}],"collection":[{"href":"https:\/\/fengchashop.com\/fr\/wp-json\/wp\/v2\/product"}],"about":[{"href":"https:\/\/fengchashop.com\/fr\/wp-json\/wp\/v2\/types\/product"}],"replies":[{"embeddable":true,"href":"https:\/\/fengchashop.com\/fr\/wp-json\/wp\/v2\/comments?post=7700"}],"wp:featuredmedia":[{"embeddable":true,"href":"https:\/\/fengchashop.com\/fr\/wp-json\/wp\/v2\/media\/7699"}],"wp:attachment":[{"href":"https:\/\/fengchashop.com\/fr\/wp-json\/wp\/v2\/media?parent=7700"}],"wp:term":[{"taxonomy":"product_brand","embeddable":true,"href":"https:\/\/fengchashop.com\/fr\/wp-json\/wp\/v2\/product_brand?post=7700"},{"taxonomy":"product_cat","embeddable":true,"href":"https:\/\/fengchashop.com\/fr\/wp-json\/wp\/v2\/product_cat?post=7700"},{"taxonomy":"product_tag","embeddable":true,"href":"https:\/\/fengchashop.com\/fr\/wp-json\/wp\/v2\/product_tag?post=7700"}],"curies":[{"name":"wp","href":"https:\/\/api.w.org\/{rel}","templated":true}]}}