{"id":7698,"date":"2026-04-15T04:21:19","date_gmt":"2026-04-15T02:21:19","guid":{"rendered":"https:\/\/fengchashop.com\/fr\/product\/vitamin-b12-v-tekocini-150-ml\/"},"modified":"2026-04-17T00:08:54","modified_gmt":"2026-04-16T22:08:54","slug":"vitamine-b12-en-solution","status":"publish","type":"product","link":"https:\/\/fengchashop.com\/fr\/product\/vitamine-b12-en-solution\/","title":{"rendered":"Vitamine B12 en solution 150 ml"},"content":{"rendered":"<h2><strong>Vitamine B12 en solution<\/strong><\/h2>\n<p><strong>La vitamine B12 en solution <\/strong>est un compl\u00e9ment alimentaire moderne, con\u00e7u pour soutenir l&rsquo;\u00e9nergie, le syst\u00e8me nerveux et le bien-\u00eatre g\u00e9n\u00e9ral. Elle contient une forte concentration en vitamine B12, qui participe \u00e0 des processus importants dans l&rsquo;organisme \u2013 de la formation des globules rouges au fonctionnement du syst\u00e8me nerveux.<\/p>\n<p>La vitamine B12 contribue \u00e0 r\u00e9duire la fatigue et l&rsquo;\u00e9puisement et soutient le fonctionnement normal du syst\u00e8me immunitaire.<\/p>\n<p>Sa forme liquide permet une utilisation facile et une bonne absorption des nutriments, ce qui est particuli\u00e8rement adapt\u00e9 aux personnes ayant des difficult\u00e9s \u00e0 avaler des g\u00e9lules ou des comprim\u00e9s.<\/p>\n<h2><strong>Comment \u00e7a marche ?<\/strong><\/h2>\n<p>La vitamine B12 joue un r\u00f4le essentiel dans la lib\u00e9ration d&rsquo;\u00e9nergie lors du m\u00e9tabolisme et contribue au fonctionnement normal du syst\u00e8me nerveux. Elle aide \u00e9galement \u00e0 la formation des globules rouges et peut contribuer \u00e0 une plus grande vitalit\u00e9 et \u00e0 la r\u00e9duction de la fatigue.<\/p>\n<h2><strong>Que contient-il ?<\/strong><\/h2>\n<p><strong><span class=\"ml-1\"><span style=\"color: #000000;\">\ud83d\udc9a <\/span><\/span>Vitamine B12 (cyanocobalamine)<\/strong><\/p>\n<ul>\n<li>contribue \u00e0 un m\u00e9tabolisme \u00e9nerg\u00e9tique normal<\/li>\n<li>contribue au bon fonctionnement du syst\u00e8me nerveux<\/li>\n<li>contribue au bon fonctionnement psychologique<\/li>\n<li>contribue \u00e0 la formation normale des globules rouges<\/li>\n<li>contribue au fonctionnement normal du syst\u00e8me immunitaire<\/li>\n<li>contribue \u00e0 la r\u00e9duction de la fatigue et de l&rsquo;\u00e9puisement<\/li>\n<li>joue un r\u00f4le dans la division cellulaire<\/li>\n<\/ul>\n<h2><strong>Pourquoi choisir le complexe B liquide ?<\/strong><\/h2>\n<ul>\n<li>forme liquide pour une consommation facile<\/li>\n<li>bonne absorption et utilisation des nutriments<\/li>\n<li>convient aux v\u00e9g\u00e9taliens<\/li>\n<li>sans gluten, sans lactose et sans OGM<\/li>\n<li>pratique pour une utilisation quotidienne<\/li>\n<\/ul>\n<h2 style=\"text-align: justify;\"><span style=\"color: #000000;\">Conservation et mises en garde<\/span><\/h2>\n<p>Conserver dans un endroit sec et \u00e0 l&rsquo;abri de la lumi\u00e8re, \u00e0 une temp\u00e9rature maximale de 25 \u00b0C. Une fois ouvert, conserver au r\u00e9frig\u00e9rateur.<\/p>\n<p>N&rsquo;oubliez pas l&rsquo;importance d&rsquo;une alimentation vari\u00e9e et d&rsquo;un mode de vie sain. Les compl\u00e9ments alimentaires ne remplacent pas une alimentation \u00e9quilibr\u00e9e et vari\u00e9e. Ne pas d\u00e9passer la dose journali\u00e8re recommand\u00e9e. Tenir hors de port\u00e9e des enfants !<\/p>\n<h2><span style=\"color: #000000;\">Conditionnement<\/span><\/h2>\n<p>Le flacon en plastique fonc\u00e9 de haute qualit\u00e9 est con\u00e7u pour offrir une protection maximale aux vitamines et min\u00e9raux liquides. Elle prot\u00e8ge le contenu de la lumi\u00e8re, de l&rsquo;air et des influences ext\u00e9rieures, et aide \u00e0 pr\u00e9server la fra\u00eecheur, la stabilit\u00e9 et l&rsquo;efficacit\u00e9 tout au long de l&rsquo;utilisation.<\/p>\n<p>L&#8217;emballage est tr\u00e8s pratique et recyclable.<\/p>\n<h2>Origine<\/h2>\n<p>UE<\/p>\n","protected":false},"excerpt":{"rendered":"<p><strong>La vitamine B12 liquide <\/strong>est un compl\u00e9ment alimentaire destin\u00e9 \u00e0 r\u00e9duire la fatigue, \u00e0 soutenir le syst\u00e8me immunitaire ainsi que le fonctionnement normal du syst\u00e8me nerveux et des fonctions psychologiques. Un flacon contient 150 ml de liquide, ce qui suffit pour environ 60 jours d&rsquo;utilisation r\u00e9guli\u00e8re.<\/p>\n<p><span class=\"ml-1\"><span style=\"color: #000000;\">\ud83d\udc9a <\/span><\/span>forme liquide pour une prise facile<br \/>\n<span class=\"ml-1\"><span style=\"color: #000000;\">\ud83d\udc9a <\/span><\/span>bonne absorption et utilisation des nutriments<br \/>\n<span class=\"ml-1\"><span style=\"color: #000000;\">\ud83d\udc9a <\/span><\/span>contribue au m\u00e9tabolisme normal pour la production d&rsquo;\u00e9nergie et la r\u00e9duction de la fatigue<br \/>\n<span class=\"ml-1\"><span style=\"color: #000000;\">\ud83d\udc9a <\/span><\/span>convient aux v\u00e9g\u00e9taliens<br \/>\n<span class=\"ml-1\"><span style=\"color: #000000;\">\ud83d\udc9a <\/span><\/span>sans gluten, sans lactose et sans OGM<br \/>\n<span class=\"ml-1\"><span style=\"color: #000000;\">\ud83d\udc9a <\/span><\/span>pratique pour une utilisation quotidienne<\/p>\n","protected":false},"featured_media":7697,"comment_status":"open","ping_status":"closed","template":"","meta":{"_acf_changed":false},"product_brand":[],"product_cat":[15,230,238,224,225],"product_tag":[],"class_list":{"0":"post-7698","1":"product","2":"type-product","3":"status-publish","4":"has-post-thumbnail","6":"product_cat-uncategorized","7":"product_cat-mineraux-vitamines","8":"product_cat-nouveaute","9":"product_cat-offre","10":"product_cat-tous-les-produits","12":"first","13":"instock","14":"sale","15":"taxable","16":"shipping-taxable","17":"purchasable","18":"product-type-simple"},"acf":[],"_links":{"self":[{"href":"https:\/\/fengchashop.com\/fr\/wp-json\/wp\/v2\/product\/7698","targetHints":{"allow":["GET"]}}],"collection":[{"href":"https:\/\/fengchashop.com\/fr\/wp-json\/wp\/v2\/product"}],"about":[{"href":"https:\/\/fengchashop.com\/fr\/wp-json\/wp\/v2\/types\/product"}],"replies":[{"embeddable":true,"href":"https:\/\/fengchashop.com\/fr\/wp-json\/wp\/v2\/comments?post=7698"}],"wp:featuredmedia":[{"embeddable":true,"href":"https:\/\/fengchashop.com\/fr\/wp-json\/wp\/v2\/media\/7697"}],"wp:attachment":[{"href":"https:\/\/fengchashop.com\/fr\/wp-json\/wp\/v2\/media?parent=7698"}],"wp:term":[{"taxonomy":"product_brand","embeddable":true,"href":"https:\/\/fengchashop.com\/fr\/wp-json\/wp\/v2\/product_brand?post=7698"},{"taxonomy":"product_cat","embeddable":true,"href":"https:\/\/fengchashop.com\/fr\/wp-json\/wp\/v2\/product_cat?post=7698"},{"taxonomy":"product_tag","embeddable":true,"href":"https:\/\/fengchashop.com\/fr\/wp-json\/wp\/v2\/product_tag?post=7698"}],"curies":[{"name":"wp","href":"https:\/\/api.w.org\/{rel}","templated":true}]}}