{"id":7662,"date":"2026-04-08T09:47:10","date_gmt":"2026-04-08T07:47:10","guid":{"rendered":"https:\/\/fengchashop.com\/fr\/?post_type=product&#038;p=7662"},"modified":"2026-04-17T15:53:28","modified_gmt":"2026-04-17T13:53:28","slug":"sel-marin-fin-celtique-1-kg","status":"publish","type":"product","link":"https:\/\/fengchashop.com\/fr\/product\/sel-marin-fin-celtique-1-kg\/","title":{"rendered":"Sel marin fin celtique 1 kg"},"content":{"rendered":"<h2><strong>Sel marin fin celtique<\/strong><\/h2>\n<p><strong>Le sel fin celtique<\/strong> est une version finement moulue du sel marin celtique, qui conserve tous les min\u00e9raux naturels, mais gr\u00e2ce \u00e0 sa texture, il est plus adapt\u00e9 \u00e0 une utilisation quotidienne.<\/p>\n<p>Il est obtenu selon le m\u00eame proc\u00e9d\u00e9 traditionnel que le sel gros, puis d\u00e9licatement moulu.<\/p>\n<h2><strong>Comment \u00e7a fonctionne ?<\/strong><\/h2>\n<p>Gr\u00e2ce \u00e0 sa structure fine, il se dissout plus rapidement et se r\u00e9partit uniform\u00e9ment dans les plats. Il fournit des \u00e9lectrolytes essentiels.<\/p>\n<h2><strong>Caract\u00e9ristiques<\/strong><\/h2>\n<ol>\n<li><strong>R\u00e9partition uniforme du go\u00fbt<\/strong><br \/>\nId\u00e9al pour un usage quotidien.<\/li>\n<li><strong>Apport en \u00e9lectrolytes<\/strong><br \/>\nContribue \u00e0 l\u2019\u00e9quilibre des min\u00e9raux.<\/li>\n<li><strong>Facilit\u00e9 d\u2019utilisation<\/strong><br \/>\nAdapt\u00e9 aux sali\u00e8res et \u00e0 la cuisine.<\/li>\n<li><strong>Composition naturelle<\/strong><br \/>\nSans additifs ni traitement chimique.<\/li>\n<\/ol>\n<h2><strong>Stockage et avertissements<\/strong><\/h2>\n<p>Conserver dans un endroit frais et sec. Bien refermer. Utiliser avec mod\u00e9ration.<\/p>\n<h2><strong>Emballage<\/strong><\/h2>\n<p>Sachet herm\u00e9tique prot\u00e9geant fra\u00eecheur et ar\u00f4me.<\/p>\n<p>Recyclable.<\/p>\n<h2><strong>Origine<\/strong><\/h2>\n<p>UE<\/p>\n","protected":false},"excerpt":{"rendered":"<p><strong>Sel fin celtique<\/strong> est un sel marin naturel finement moulu qui conserve tous les min\u00e9raux essentiels et est id\u00e9al pour un usage quotidien. Gr\u00e2ce \u00e0 sa texture fine, il se dissout rapidement et assaisonne uniform\u00e9ment les plats.<\/p>\n<p>\ud83d\udc9a naturel et non raffin\u00e9<br \/>\n\ud83d\udc9a finement moulu pour une utilisation facile<br \/>\n\ud83d\udc9a riche en min\u00e9raux naturels<br \/>\n\ud83d\udc9a sans additifs ni traitement chimique<br \/>\n\ud83d\udc9a id\u00e9al pour une utilisation quotidienne<\/p>\n<p>&nbsp;<\/p>\n","protected":false},"featured_media":7663,"comment_status":"open","ping_status":"closed","template":"","meta":{"_acf_changed":false},"product_brand":[],"product_cat":[15,238,224,236,225],"product_tag":[],"class_list":{"0":"post-7662","1":"product","2":"type-product","3":"status-publish","4":"has-post-thumbnail","6":"product_cat-uncategorized","7":"product_cat-nouveaute","8":"product_cat-offre","9":"product_cat-the-nourriture-et-epices","10":"product_cat-tous-les-produits","12":"first","13":"instock","14":"taxable","15":"shipping-taxable","16":"purchasable","17":"product-type-simple"},"acf":[],"_links":{"self":[{"href":"https:\/\/fengchashop.com\/fr\/wp-json\/wp\/v2\/product\/7662","targetHints":{"allow":["GET"]}}],"collection":[{"href":"https:\/\/fengchashop.com\/fr\/wp-json\/wp\/v2\/product"}],"about":[{"href":"https:\/\/fengchashop.com\/fr\/wp-json\/wp\/v2\/types\/product"}],"replies":[{"embeddable":true,"href":"https:\/\/fengchashop.com\/fr\/wp-json\/wp\/v2\/comments?post=7662"}],"wp:featuredmedia":[{"embeddable":true,"href":"https:\/\/fengchashop.com\/fr\/wp-json\/wp\/v2\/media\/7663"}],"wp:attachment":[{"href":"https:\/\/fengchashop.com\/fr\/wp-json\/wp\/v2\/media?parent=7662"}],"wp:term":[{"taxonomy":"product_brand","embeddable":true,"href":"https:\/\/fengchashop.com\/fr\/wp-json\/wp\/v2\/product_brand?post=7662"},{"taxonomy":"product_cat","embeddable":true,"href":"https:\/\/fengchashop.com\/fr\/wp-json\/wp\/v2\/product_cat?post=7662"},{"taxonomy":"product_tag","embeddable":true,"href":"https:\/\/fengchashop.com\/fr\/wp-json\/wp\/v2\/product_tag?post=7662"}],"curies":[{"name":"wp","href":"https:\/\/api.w.org\/{rel}","templated":true}]}}