{"id":7364,"date":"2026-02-02T22:59:32","date_gmt":"2026-02-02T21:59:32","guid":{"rendered":"https:\/\/fengchashop.com\/fr\/?post_type=product&#038;p=7364"},"modified":"2026-04-26T08:39:10","modified_gmt":"2026-04-26T06:39:10","slug":"zapper-appareil-portatif-multifrequence","status":"publish","type":"product","link":"https:\/\/fengchashop.com\/fr\/product\/zapper-appareil-portatif-multifrequence\/","title":{"rendered":"ZAPPER \u2013 appareil portatif multifr\u00e9quence"},"content":{"rendered":"<h2><span style=\"color: #000000;\">Nom<\/span><\/h2>\n<p style=\"text-align: justify;\"><span style=\"color: #000000;\">ZAPPER \u2013 appareil portatif multifr\u00e9quence selon le concept de la Dre Hulda Clark<\/span><\/p>\n<h2><span style=\"color: #000000;\">Description du produit<\/span><\/h2>\n<p><span style=\"color: #000000;\">Le Zapper est un appareil \u00e9lectronique portatif multifr\u00e9quence, con\u00e7u selon le concept de la Dre Hulda Clark, destin\u00e9 \u00e0 une utilisation domestique simple et fiable. Il fonctionne en \u00e9mettant un signal \u00e9lectrique puls\u00e9 et utilise automatiquement <strong>26 fr\u00e9quences dans une plage d\u2019environ 10 \u00e0 41 kHz<\/strong>, qui alternent pendant le fonctionnement.<\/span><\/p>\n<p><span style=\"color: #000000;\">Il est command\u00e9 par un seul bouton et fonctionne dans un <strong>cycle automatique de 7 minutes<\/strong> avec arr\u00eat automatique. Des signaux lumineux et sonores permettent de contr\u00f4ler le bon fonctionnement. Il est \u00e9quip\u00e9 de <strong>deux \u00e9lectrodes manuelles amovibles en laiton poli<\/strong> et permet le r\u00e9glage de la tension de sortie.<\/span><\/p>\n<p><span style=\"color: #000000;\">L\u2019appareil fonctionne avec une pile standard de 9 V (incluse), est compact, portable et adapt\u00e9 \u00e0 une utilisation \u00e0 domicile ou en d\u00e9placement. Il est fabriqu\u00e9 conform\u00e9ment aux <strong>normes GMP et ISO<\/strong> et b\u00e9n\u00e9ficie d\u2019une <strong>garantie de 5 ans<\/strong>.<\/span><\/p>\n<p data-start=\"902\" data-end=\"1161\"><strong>Le zapper \u00e9met de l\u00e9g\u00e8res impulsions \u00e9lectriques qui :<\/strong><br data-start=\"956\" data-end=\"959\" \/>\ud83d\udc9a aident \u00e0 r\u00e9duire la pr\u00e9sence de parasites, bact\u00e9ries et virus<br data-start=\"1023\" data-end=\"1026\" \/>\ud83d\udc9a soutiennent les processus naturels de d\u00e9toxification du corps<br data-start=\"1090\" data-end=\"1093\" \/>\ud83d\udc9a contribuent \u00e0 un meilleur bien-\u00eatre g\u00e9n\u00e9ral et \u00e0 plus d\u2019\u00e9nergie<\/p>\n<p data-start=\"1163\" data-end=\"1272\">Il repose sur l\u2019utilisation de fr\u00e9quences \u00e9lectriques sp\u00e9cifiques agissant sur les micro-organismes du corps.<\/p>\n<h2><span style=\"color: #000000;\">Avantages principaux<\/span><\/h2>\n<ul>\n<li><span style=\"color: #000000;\">Fonctionnement multifr\u00e9quence avec <strong>26 fr\u00e9quences automatiques<\/strong><\/span><\/li>\n<li><span style=\"color: #000000;\">Programme automatique de <strong>7 minutes<\/strong> pour une utilisation simple et s\u00fbre<\/span><\/li>\n<li><span style=\"color: #000000;\">Tension de sortie r\u00e9glable (d\u2019environ 2 % \u00e0 100 %)<\/span><\/li>\n<li><span style=\"color: #000000;\">Contr\u00f4le visuel et sonore du fonctionnement<\/span><\/li>\n<li><span style=\"color: #000000;\">Arr\u00eat automatique et protection contre les courts-circuits<\/span><\/li>\n<li><span style=\"color: #000000;\">\u00c9lectrodes manuelles amovibles en laiton poli<\/span><\/li>\n<li><span style=\"color: #000000;\">Compact, portable et facile \u00e0 utiliser<\/span><\/li>\n<li><span style=\"color: #000000;\">Fonctionnement avec une pile standard de 9 V<\/span><\/li>\n<li><span style=\"color: #000000;\">Haute qualit\u00e9 de fabrication, fonctionnement test\u00e9<\/span><\/li>\n<li><span style=\"color: #000000;\">Garantie de 5 ans<\/span><\/li>\n<\/ul>\n<h2><span style=\"color: #000000;\">Design et fonctionnalit\u00e9<\/span><\/h2>\n<p><span style=\"color: #000000;\">Le Zapper pr\u00e9sente un design minimaliste et fonctionnel. Le bo\u00eetier est fabriqu\u00e9 en plastique synth\u00e9tique r\u00e9sistant, prot\u00e9geant l\u2019\u00e9lectronique et assurant une longue dur\u00e9e de vie. Sa taille compacte permet un rangement et un transport faciles.<\/span><\/p>\n<p><span style=\"color: #000000;\">Les \u00e9lectrodes manuelles en laiton poli sont ergonomiques et agr\u00e9ables au toucher. Gr\u00e2ce aux propri\u00e9t\u00e9s naturelles du mat\u00e9riau, elles pr\u00e9sentent \u00e9galement des caract\u00e9ristiques antibact\u00e9riennes. Les \u00e9lectrodes sont amovibles et peuvent \u00eatre nettoy\u00e9es ou remplac\u00e9es si n\u00e9cessaire.<\/span><\/p>\n<p><span style=\"color: #000000;\">L\u2019appareil ne s\u2019active automatiquement que lorsque l\u2019utilisateur tient correctement les deux \u00e9lectrodes, ce qui renforce la s\u00e9curit\u00e9 d\u2019utilisation. En cas de mauvais contact, de peau s\u00e8che ou de c\u00e2ble endommag\u00e9, l\u2019appareil ne d\u00e9marre pas et avertit l\u2019utilisateur par un signal.<\/span><\/p>\n<h2><span style=\"color: #000000;\">Avertissement important<\/span><\/h2>\n<p><span style=\"color: #000000;\">Le Zapper n\u2019est pas un dispositif m\u00e9dical et n\u2019est pas destin\u00e9 au diagnostic, au traitement ou \u00e0 la pr\u00e9vention des maladies. L\u2019utilisation se fait sous la seule responsabilit\u00e9 de l\u2019utilisateur. Les femmes enceintes et les personnes portant un stimulateur cardiaque ou des dispositifs similaires ne doivent pas utiliser le zapper.<\/span><\/p>\n","protected":false},"excerpt":{"rendered":"<p>Le Zapper est destin\u00e9 \u00e0 <strong>une utilisation domestique simple et r\u00e9guli\u00e8re d\u2019un appareil \u00e9lectronique multifr\u00e9quence selon le concept de la Dre Hulda Clark<\/strong>.<\/p>\n<p>\ud83d\udc9a Fonctionnement multifr\u00e9quence avec <strong>26 fr\u00e9quences automatiques<\/strong><br \/>\n\ud83d\udc9a <strong>Programme automatique de 7 minutes<\/strong> pour une utilisation simple et s\u00fbre<br \/>\n\ud83d\udc9a Tension de sortie r\u00e9glable (d\u2019environ 2 % \u00e0 100 %)<br \/>\n\ud83d\udc9a Contr\u00f4le visuel et sonore du fonctionnement<br \/>\n\ud83d\udc9a Arr\u00eat automatique et protection contre les courts-circuits<br \/>\n\ud83d\udc9a \u00c9lectrodes manuelles amovibles en laiton poli<br \/>\n\ud83d\udc9a Compact, portable et facile \u00e0 utiliser<br \/>\n\ud83d\udc9a Fonctionnement avec une pile standard de 9 V<br \/>\n\ud83d\udc9a Haute qualit\u00e9 de fabrication, fonctionnement test\u00e9<\/p>\n","protected":false},"featured_media":7367,"comment_status":"open","ping_status":"closed","template":"","meta":{"_acf_changed":false},"product_brand":[],"product_cat":[240,238,224,225],"product_tag":[],"class_list":{"0":"post-7364","1":"product","2":"type-product","3":"status-publish","4":"has-post-thumbnail","6":"product_cat-autre","7":"product_cat-nouveaute","8":"product_cat-offre","9":"product_cat-tous-les-produits","11":"first","12":"instock","13":"taxable","14":"shipping-taxable","15":"purchasable","16":"product-type-simple"},"acf":[],"_links":{"self":[{"href":"https:\/\/fengchashop.com\/fr\/wp-json\/wp\/v2\/product\/7364","targetHints":{"allow":["GET"]}}],"collection":[{"href":"https:\/\/fengchashop.com\/fr\/wp-json\/wp\/v2\/product"}],"about":[{"href":"https:\/\/fengchashop.com\/fr\/wp-json\/wp\/v2\/types\/product"}],"replies":[{"embeddable":true,"href":"https:\/\/fengchashop.com\/fr\/wp-json\/wp\/v2\/comments?post=7364"}],"wp:featuredmedia":[{"embeddable":true,"href":"https:\/\/fengchashop.com\/fr\/wp-json\/wp\/v2\/media\/7367"}],"wp:attachment":[{"href":"https:\/\/fengchashop.com\/fr\/wp-json\/wp\/v2\/media?parent=7364"}],"wp:term":[{"taxonomy":"product_brand","embeddable":true,"href":"https:\/\/fengchashop.com\/fr\/wp-json\/wp\/v2\/product_brand?post=7364"},{"taxonomy":"product_cat","embeddable":true,"href":"https:\/\/fengchashop.com\/fr\/wp-json\/wp\/v2\/product_cat?post=7364"},{"taxonomy":"product_tag","embeddable":true,"href":"https:\/\/fengchashop.com\/fr\/wp-json\/wp\/v2\/product_tag?post=7364"}],"curies":[{"name":"wp","href":"https:\/\/api.w.org\/{rel}","templated":true}]}}