{"id":7277,"date":"2026-01-13T17:09:26","date_gmt":"2026-01-13T16:09:26","guid":{"rendered":"https:\/\/fengchashop.com\/fr\/?post_type=product&#038;p=7277"},"modified":"2026-04-18T12:13:32","modified_gmt":"2026-04-18T10:13:32","slug":"ganoderma-lucidum-reishi-bio-2","status":"publish","type":"product","link":"https:\/\/fengchashop.com\/fr\/product\/ganoderma-lucidum-reishi-bio-2\/","title":{"rendered":"Ganoderma lucidum (Reishi) BIO 125 g"},"content":{"rendered":"<h2><span style=\"color: #000000\">Ganoderma lucidum (Reishi) BIO<\/span><\/h2>\n<p><span style=\"color: #000000\">Le ganoderme luisant, \u00e9galement connu sous le nom de <strong>champignon de l&rsquo;immortalit\u00e9<\/strong>, est utilis\u00e9 dans la m\u00e9decine traditionnelle chinoise depuis des mill\u00e9naires. Il est r\u00e9put\u00e9 pour sa capacit\u00e9 \u00e0 <strong>am\u00e9liorer le bien-\u00eatre g\u00e9n\u00e9ral et le syst\u00e8me immunitaire<\/strong>. En outre, il a de nombreux autres effets positifs sur notre sant\u00e9. Il peut, entre autres, transformer un corps peu \u00e9quilibr\u00e9 en un corps sain en nous aidant \u00e0 rester en bonne condition physique tout en pr\u00e9servant l&rsquo;\u00e9quilibre vital de notre corps.<\/span><\/p>\n<p><span style=\"color: #000000\">Il est <strong>utilis\u00e9<\/strong> dans la m\u00e9decine traditionnelle chinoise <strong>depuis au moins 4000 ans<\/strong>. Cependant, ce n&rsquo;est que r\u00e9cemment qu&rsquo;il a suscit\u00e9 un int\u00e9r\u00eat particulier dans le monde occidental. En Asie, le ganoderme est consid\u00e9r\u00e9 comme un champignon qui <strong>favorise la long\u00e9vit\u00e9 et la sant\u00e9<\/strong>. On pense \u00e9galement qu&rsquo;il influe sur notre sant\u00e9 mentale et psychologique. Beaucoup consid\u00e8rent qu&rsquo;il soulage les tensions, d\u00e9tend, am\u00e9liore la m\u00e9moire et la concentration, et renforce la d\u00e9termination.<\/span><\/p>\n<p><span style=\"color: #000000\">La production de notre ganoderme luisant est soumise \u00e0 un contr\u00f4le rigoureux, sans utiliser de produits chimiques ou de pesticides, et elle est <strong>100 % biologique<\/strong>. La qualit\u00e9 des champignons est r\u00e9guli\u00e8rement contr\u00f4l\u00e9e par des laboratoires ind\u00e9pendants en Slov\u00e9nie et aux \u00c9tats-Unis.<\/span><\/p>\n<h2><span style=\"color: #000000\">Que contient ce champignon et \u00e0 qui s&rsquo;adresse-t-il ?<\/span><\/h2>\n<p><span style=\"color: #000000\">Le ganoderme luisant est compos\u00e9 de <strong>polysaccharides complexes<\/strong>, de <strong>triterp\u00e9no\u00efdes<\/strong>, de <strong>vitamines<\/strong> (A, B2, B3, B6, acide folique, etc.) et de <strong>min\u00e9raux<\/strong> bioactifs (germanium, fer, magn\u00e9sium, zinc, cuivre, mangan\u00e8se, etc.). C&rsquo;est \u00e9galement une source naturelle de b\u00eata-glucane, qui joue un r\u00f4le important dans la construction d&rsquo;un syst\u00e8me immunitaire sain. Tous ces \u00e9l\u00e9ments sont pr\u00e9sents en grande quantit\u00e9 dans le champignon et ont donc un effet extr\u00eamement positif sur notre organisme.<\/span><\/p>\n<p><span style=\"color: #000000\">Le reishi est l&rsquo;un des champignons m\u00e9dicinaux ayant le plus fait leurs preuves. Et ses effets ont \u00e9t\u00e9 <strong>d\u00e9montr\u00e9s scientifiquement<\/strong>. Nos champignons m\u00e9dicinaux font \u00e9galement l&rsquo;objet de recherches r\u00e9guli\u00e8res en coop\u00e9ration avec des institutions de recherche slov\u00e8nes et \u00e9trang\u00e8res.<\/span><\/p>\n<p><span style=\"color: #000000\">Sous forme de poudre, le ganoderme luisant contient de nombreux nutriments. Des \u00e9tudes men\u00e9es dans diff\u00e9rents pays du monde ont identifi\u00e9 un certain nombre de bienfaits associ\u00e9s \u00e0 la consommation r\u00e9guli\u00e8re de ganoderme luisant. Nous recommandons donc le ganoderme \u00e0 tous. Surtout aux personnes qui pourraient tirer b\u00e9n\u00e9fice des effets ci-dessous :<\/span><\/p>\n<p><span style=\"color: #000000\"> \ud83d\udc9a il stimule le syst\u00e8me immunitaire,<\/span><\/p>\n<p><span style=\"color: #000000\">\ud83d\udc9a il a un effet anticanc\u00e9reux,<\/span><\/p>\n<p><span style=\"color: #000000\"> \ud83d\udc9a il am\u00e9liore la circulation sanguine,<\/span><\/p>\n<p><span style=\"color: #000000\"> \ud83d\udc9a il r\u00e9gule la pression sanguine, le taux de cholest\u00e9rol et la glyc\u00e9mie en cas de diab\u00e8te,<\/span><\/p>\n<p><span style=\"color: #000000\"> \ud83d\udc9a il a un effet anti-allerg\u00e9nique,<\/span><\/p>\n<p><span style=\"color: #000000\"> \ud83d\udc9a il pr\u00e9vient l&rsquo;h\u00e9patite,<\/span><\/p>\n<p><span style=\"color: #000000\"> \ud83d\udc9a il a pour fonction de faire en sorte que le c\u0153ur et le syst\u00e8me vasculaire restent sains,<\/span><\/p>\n<p><span style=\"color: #000000\"> \ud83d\udc9a c\u2019est un puissant antioxydant qui \u00e9limine les radicaux libres,<\/span><\/p>\n<p><span style=\"color: #000000\"> \ud83d\udc9a il r\u00e9duit les effets secondaires de la chimioth\u00e9rapie,<\/span><\/p>\n<p><span style=\"color: #000000\"> \ud83d\udc9a il aide \u00e0 lutter contre l&rsquo;art\u00e9rioscl\u00e9rose et la scl\u00e9rose en plaques,<\/span><\/p>\n<p><span style=\"color: #000000\"> \ud83d\udc9a il aide \u00e0 lutter contre l&rsquo;asthme et la bronchite,<\/span><\/p>\n<p><span style=\"color: #000000\"> \ud83d\udc9a il a un effet anti-inflammatoire,<\/span><\/p>\n<p><span style=\"color: #000000\"> \ud83d\udc9a il aide \u00e0 lutter contre la d\u00e9pression, le stress, la f\u00e9brilit\u00e9, la peur, l&rsquo;anxi\u00e9t\u00e9, la fatigue et les troubles du sommeil,<\/span><\/p>\n<p><span style=\"color: #000000\"> \ud83d\udc9a il aide \u00e0 lutter contre les ulc\u00e8res de l\u2019estomac, les ulc\u00e8res intestinaux, la gastrite, les troubles du m\u00e9tabolisme des graisses, acc\u00e9l\u00e8re la digestion et pr\u00e9vient l&rsquo;inflammation des intestins et les br\u00fblures d&rsquo;estomac,<\/span><\/p>\n<p><span style=\"color: #000000\"> \ud83d\udc9a il att\u00e9nue les sympt\u00f4mes de la m\u00e9nopause et stimule la libido,<\/span><\/p>\n<p><span style=\"color: #000000\"> \ud83d\udc9a il pr\u00e9vient la thrombose, les troubles du rythme cardiaque et les crises cardiaques,<\/span><\/p>\n<p><span style=\"color: #000000\"> \ud83d\udc9a il apaise et pr\u00e9vient les r\u00e9actions allergiques telles que le choc anaphylactique, l&rsquo;urticaire ou encore l&rsquo;asthme bronchique,<\/span><\/p>\n<p><span style=\"color: #000000\"> \ud83d\udc9a il aide \u00e0 lutter contre l&rsquo;inflammation du syst\u00e8me nerveux, l&rsquo;herp\u00e8s zoster, la neurodermatite et la dermatite atopique,<\/span><\/p>\n<p><span style=\"color: #000000\"> \ud83d\udc9a il aide \u00e9galement \u00e0 lutter contre les migraines, les rhumes, les \u0153d\u00e8mes, la goutte, \u00e0 r\u00e9duire le surpoids, etc.<\/span><\/p>\n<p><span style=\"color: #000000\">Et ce qui est extr\u00eamement important ici, c&rsquo;est que le ganoderme luisant est un produit 100 % naturel qui peut nous aider de mani\u00e8re naturelle. Il am\u00e9liore les sympt\u00f4mes de nos maladies et a un effet positif sur notre bien-\u00eatre g\u00e9n\u00e9ral. <\/span><\/p>\n<h2><span style=\"color: #000000\">Pourquoi des champignons ?<\/span><\/h2>\n<p><span style=\"color: #000000\">Les champignons sont tr\u00e8s int\u00e9ressants. Ce ne sont ni des plantes ni des animaux, mais ce sont des organismes assur\u00e9ment extraordinaires qui ont r\u00e9ussi \u00e0 survivre depuis la nuit des temps. Ils ont d\u00e9velopp\u00e9 une strat\u00e9gie de survie sp\u00e9cifique qui leur a permis de survivre jusqu&rsquo;\u00e0 nos jours. Mais nous pouvons \u00e9galement tirer partie de ces bienfaits en consommant des champignons m\u00e9dicinaux. Ils nous apportent un \u00e9quilibre au niveau physique et nous prot\u00e8gent de nombreuses maladies. Ils peuvent \u00eatre pr\u00e9ventifs, mais aussi curatifs, en compl\u00e9ment des traitements conventionnels ou non conventionnels pour de nombreuses maladies (modernes). Traditionnellement, on attribue aux champignons des effets pour lutter contre le cancer, les maladies auto-immunes et les allergies. Ils sont \u00e9galement b\u00e9n\u00e9fiques pour une r\u00e9ponse immunitaire saine et forte. Le fait est que les recherches m\u00e9dicales men\u00e9es au cours des derni\u00e8res d\u00e9cennies, lorsque les champignons ont commenc\u00e9 \u00e0 susciter l&rsquo;int\u00e9r\u00eat du monde occidental, ont confirm\u00e9 nombre de leurs effets th\u00e9rapeutiques. <\/span><\/p>\n<p><span style=\"color: #000000\">Comme certains principes actifs naturels sont impossibles ou difficiles \u00e0 dig\u00e9rer pour nous, il est tr\u00e8s important de ne consommer que les meilleures poudres de champignons. Les champignons doivent \u00eatre cultiv\u00e9s, s\u00e9ch\u00e9s et pr\u00e9par\u00e9s correctement. Ils doivent \u00eatre moulus jusqu&rsquo;\u00e0 obtenir une poudre fine sans grumeaux. La couleur de la poudre est plus claire, mais cela d\u00e9pend aussi du type de champignon que vous consommez. Les champignons sont aussi efficaces pr\u00e9cis\u00e9ment parce qu&rsquo;ils ont la capacit\u00e9 d&rsquo;absorber tout ce qui se trouve dans l&rsquo;environnement, que ce soit bon ou mauvais ; c\u2019est pourquoi il est important d&rsquo;utiliser des champignons biologiques.<\/span><\/p>\n<h2><span style=\"color: #000000\">Emballage<\/span><\/h2>\n<p><span style=\"color: #000000\">Un sac zipp\u00e9 herm\u00e9tique dans lequel le produit conserve toute sa fra\u00eecheur et son ar\u00f4me. L&#8217;emballage prot\u00e8ge le produit de la lumi\u00e8re et de l&rsquo;air, car il est compos\u00e9 de plusieurs couches de protection qui pr\u00e9servent les propri\u00e9t\u00e9s du contenu.<\/span><\/p>\n<p><span style=\"color: #000000\">L&#8217;emballage est tr\u00e8s pratique et recyclable.<\/span><\/p>\n<h2><span style=\"color: #000000\">Stockage et avertissements<\/span><\/h2>\n<p><span style=\"color: #000000\">Conservez-le dans un endroit frais et sec. Conservez le compl\u00e9ment alimentaire hors de port\u00e9e des enfants!<\/span><\/p>\n<p><span style=\"color: #000000\">N&rsquo;oubliez pas l&rsquo;importance d&rsquo;une alimentation vari\u00e9e et d&rsquo;un mode de vie sain ; un compl\u00e9ment alimentaire ne remplace pas une alimentation \u00e9quilibr\u00e9e et vari\u00e9e. Ne d\u00e9passez pas la quantit\u00e9 ou la dose quotidienne recommand\u00e9e. Il est toujours conseill\u00e9 aux femmes enceintes et qui allaitent de consulter un m\u00e9decin avant utilisation.<\/span><\/p>\n<h2><span style=\"color: #000000\">Bon \u00e0 savoir<\/span><\/h2>\n<p><span style=\"color: #000000\">Le produit convient \u00e9galement aux animaux. Dans la plupart des cas, les champignons m\u00e9dicinaux s&rsquo;av\u00e8rent extr\u00eamement efficaces pour renforcer le syst\u00e8me immunitaire, traiter les allergies et les troubles cutan\u00e9s, ainsi que les infections virales et bact\u00e9riennes. Veuillez consulter votre v\u00e9t\u00e9rinaire avant utilisation afin de d\u00e9terminer les conditions d&rsquo;administration et la quantit\u00e9 quotidienne recommand\u00e9e.<\/span><\/p>\n<h2><span style=\"color: #000000\">Origine<\/span><\/h2>\n<p>Chine<\/p>\n<p>Nous avons des fournisseurs tr\u00e8s fiables qui nous envoient une analyse chimique d\u00e9taill\u00e9e de la denr\u00e9e alimentaire pour chaque lot. En plus de dix ans, nous n\u2019avons jamais eu de rappel ou d\u2019autre probl\u00e8me avec cet article, ni avec d\u2019autres articles du m\u00eame fournisseur.<\/p>\n<p>L\u2019article est certifi\u00e9 biologique \u00e0 100 %.<\/p>\n","protected":false},"excerpt":{"rendered":"<p align=\"JUSTIFY\">Le ganoderme luisant, \u00e9galement connu sous le nom de <strong>champignon de l&rsquo;immortalit\u00e9<\/strong>, est utilis\u00e9 dans la m\u00e9decine traditionnelle chinoise depuis des mill\u00e9naires. Il est r\u00e9put\u00e9 pour sa capacit\u00e9 \u00e0 <strong>am\u00e9liorer le bien-\u00eatre g\u00e9n\u00e9ral et le syst\u00e8me immunitaire<\/strong>. Il est utilis\u00e9 dans la m\u00e9decine traditionnelle chinoise <strong>depuis au moins 4000 ans<\/strong>.<\/p>\n<p>\ud83d\udc9a Il stimule le syst\u00e8me immunitaire.<br \/>\n\ud83d\udc9a Il am\u00e9liore la circulation sanguine.<br \/>\n\ud83d\udc9a Il a pour fonction de faire en sorte que le c\u0153ur et le syst\u00e8me vasculaire restent sains.<br \/>\n\ud83d\udc9a Il s&rsquo;agit d&rsquo;un puissant antioxydant qui \u00e9limine les radicaux libres.<br \/>\n\ud83d\udc9a Il a un effet positif sur une s\u00e9rie de probl\u00e8mes de sant\u00e9.<\/p>\n","protected":false},"featured_media":5850,"comment_status":"open","ping_status":"closed","template":"","meta":{"_acf_changed":false},"product_brand":[],"product_cat":[15,228,226,224,225],"product_tag":[],"class_list":{"0":"post-7277","1":"product","2":"type-product","3":"status-publish","4":"has-post-thumbnail","6":"product_cat-uncategorized","7":"product_cat-champignons-medicinaux","8":"product_cat-meilleures-ventes","9":"product_cat-offre","10":"product_cat-tous-les-produits","12":"first","13":"instock","14":"taxable","15":"shipping-taxable","16":"purchasable","17":"product-type-simple"},"acf":[],"_links":{"self":[{"href":"https:\/\/fengchashop.com\/fr\/wp-json\/wp\/v2\/product\/7277","targetHints":{"allow":["GET"]}}],"collection":[{"href":"https:\/\/fengchashop.com\/fr\/wp-json\/wp\/v2\/product"}],"about":[{"href":"https:\/\/fengchashop.com\/fr\/wp-json\/wp\/v2\/types\/product"}],"replies":[{"embeddable":true,"href":"https:\/\/fengchashop.com\/fr\/wp-json\/wp\/v2\/comments?post=7277"}],"wp:featuredmedia":[{"embeddable":true,"href":"https:\/\/fengchashop.com\/fr\/wp-json\/wp\/v2\/media\/5850"}],"wp:attachment":[{"href":"https:\/\/fengchashop.com\/fr\/wp-json\/wp\/v2\/media?parent=7277"}],"wp:term":[{"taxonomy":"product_brand","embeddable":true,"href":"https:\/\/fengchashop.com\/fr\/wp-json\/wp\/v2\/product_brand?post=7277"},{"taxonomy":"product_cat","embeddable":true,"href":"https:\/\/fengchashop.com\/fr\/wp-json\/wp\/v2\/product_cat?post=7277"},{"taxonomy":"product_tag","embeddable":true,"href":"https:\/\/fengchashop.com\/fr\/wp-json\/wp\/v2\/product_tag?post=7277"}],"curies":[{"name":"wp","href":"https:\/\/api.w.org\/{rel}","templated":true}]}}