{"id":7151,"date":"2025-12-09T11:57:45","date_gmt":"2025-12-09T10:57:45","guid":{"rendered":"https:\/\/fengchashop.com\/fr\/?post_type=product&#038;p=7151"},"modified":"2026-04-18T06:38:23","modified_gmt":"2026-04-18T04:38:23","slug":"fleur-de-bach-premiers-secours","status":"publish","type":"product","link":"https:\/\/fengchashop.com\/fr\/product\/fleur-de-bach-premiers-secours\/","title":{"rendered":"Fleur de Bach Premiers secours"},"content":{"rendered":"<h2 style=\"text-align: justify;\"><span style=\"color: #000000;\">Fleurs de Bach \u2013 premiers secours<\/span><\/h2>\n<p>Dans la vie quotidienne, nous sommes confront\u00e9s \u00e0 <strong>du stress, de la tension ou des \u00e9motions d\u00e9sagr\u00e9ables<\/strong>, que nous ne savons pas toujours g\u00e9rer. Il peut s\u2019agir de changements de vie soudains, de probl\u00e8mes au travail, de d\u00e9fis dans les relations ou simplement de sentiments d\u2019anxi\u00e9t\u00e9 et de tension. Si ces situations se r\u00e9p\u00e8tent ou durent longtemps, elles peuvent devenir accablantes.<\/p>\n<p>Dans ces moments, les <strong>fleurs de Bach<\/strong> constituent un v\u00e9ritable premier secours. <strong>Elles aident \u00e0 calmer les pens\u00e9es, r\u00e9duire le stress et la tension et \u00e0 mieux contr\u00f4ler les r\u00e9actions \u00e9motionnelles<\/strong>.<\/p>\n<h2>M\u00e9lange personnalis\u00e9<\/h2>\n<p>Le th\u00e9rapeute Bach, apr\u00e8s une consultation avec vous, pr\u00e9pare un <strong>m\u00e9lange frais et personnalis\u00e9 d\u2019essences florales<\/strong> (y compris <em>Rescue Remedy<\/em>). Chaque m\u00e9lange suffit pour environ un mois d\u2019utilisation et ne contient pas de conservateurs. Les gouttes se prennent directement sous la langue ou dans une boisson, assurant un effet rapide et efficace.<\/p>\n<h2>Comment fonctionnent les fleurs de Bach ?<\/h2>\n<p>Les fleurs de Bach agissent sur l\u2019\u00e9tat \u00e9motionnel et aident \u00e0 harmoniser les situations stressantes. Elles sont utiles en cas de :<\/p>\n<ul>\n<li>sentiments de panique ou d\u2019anxi\u00e9t\u00e9,<\/li>\n<li>inqui\u00e9tude soudaine ou choc,<\/li>\n<li>gestion d\u2019\u00e9v\u00e9nements stressants (changement inattendu, journ\u00e9es difficiles, conflits \u2026),<\/li>\n<li>exp\u00e9riences traumatisantes (maladie, perte, changements, situations de vie impr\u00e9vues \u2026).<\/li>\n<\/ul>\n<p>Les m\u00e9langes sont pr\u00e9par\u00e9s selon la <strong>m\u00e9thode originale du Dr Bach<\/strong>, en utilisant exclusivement des <strong>essences florales Bach originales<\/strong>. Les gouttes <strong>n\u2019ont pas d\u2019effets secondaires<\/strong> et ne peuvent pas \u00eatre surdos\u00e9es.<\/p>\n<p style=\"text-align: justify;\"><span style=\"color: #000000;\">N\u2019affectent pas les autres m\u00e9dicaments.<\/span><\/p>\n<h2 style=\"text-align: justify;\"><span style=\"color: #000000;\">Conservation<\/span><\/h2>\n<p style=\"text-align: justify;\"><span style=\"color: #000000;\">Conserver dans un endroit sec et sombre, \u00e0 une temp\u00e9rature maximale de +25 \u00b0C.<\/span><\/p>\n<h2 style=\"text-align: justify;\"><span style=\"color: #000000;\">Quantit\u00e9<\/span><\/h2>\n<p style=\"text-align: justify;\"><span style=\"color: #000000;\">30 ml (suffisant pour 30 jours d\u2019utilisation r\u00e9guli\u00e8re)<\/span><\/p>\n<p>&nbsp;<\/p>\n","protected":false},"excerpt":{"rendered":"<p>Les gouttes de Bach sont efficaces contre divers troubles \u00e9motionnels. Elles aident \u00e0 surmonter les crises et les situations difficiles de la vie. Elles aident \u00e0 se calmer et \u00e0 garder la t\u00eate froide. Elles agissent sur notre \u00e9tat \u00e9motionnel et aident \u00e0 l&rsquo;harmoniser.<\/p>\n<p>\ud83d\udc9a Les gouttes sont emball\u00e9es \u00e0 la main, le jour de l&rsquo;exp\u00e9dition.<br \/>\n\ud83d\udc9a Elles conviennent \u00e0 toutes les personnes (femmes enceintes, personnes \u00e2g\u00e9es, enfants,&#8230;) et aux animaux.<br \/>\n\ud83d\udc9a Ils n&rsquo;ont pas d&rsquo;effets secondaires, ne cr\u00e9ent pas de d\u00e9pendance et ne peuvent pas \u00eatre surdos\u00e9s.<br \/>\n\ud83d\udc9a Les premiers r\u00e9sultats peuvent se faire sentir apr\u00e8s quelques jours ou semaines, cela d\u00e9pend de chaque individu.<br \/>\n\ud83d\udc9a Ils n&rsquo;interagissent pas avec d&rsquo;autres m\u00e9dicaments.<\/p>\n","protected":false},"featured_media":6889,"comment_status":"open","ping_status":"closed","template":"","meta":{"_acf_changed":false},"product_brand":[],"product_cat":[15,243,224,225],"product_tag":[],"class_list":{"0":"post-7151","1":"product","2":"type-product","3":"status-publish","4":"has-post-thumbnail","6":"product_cat-uncategorized","7":"product_cat-fleurs-de-bach","8":"product_cat-offre","9":"product_cat-tous-les-produits","11":"first","12":"instock","13":"sale","14":"taxable","15":"shipping-taxable","16":"purchasable","17":"product-type-simple"},"acf":[],"_links":{"self":[{"href":"https:\/\/fengchashop.com\/fr\/wp-json\/wp\/v2\/product\/7151","targetHints":{"allow":["GET"]}}],"collection":[{"href":"https:\/\/fengchashop.com\/fr\/wp-json\/wp\/v2\/product"}],"about":[{"href":"https:\/\/fengchashop.com\/fr\/wp-json\/wp\/v2\/types\/product"}],"replies":[{"embeddable":true,"href":"https:\/\/fengchashop.com\/fr\/wp-json\/wp\/v2\/comments?post=7151"}],"wp:featuredmedia":[{"embeddable":true,"href":"https:\/\/fengchashop.com\/fr\/wp-json\/wp\/v2\/media\/6889"}],"wp:attachment":[{"href":"https:\/\/fengchashop.com\/fr\/wp-json\/wp\/v2\/media?parent=7151"}],"wp:term":[{"taxonomy":"product_brand","embeddable":true,"href":"https:\/\/fengchashop.com\/fr\/wp-json\/wp\/v2\/product_brand?post=7151"},{"taxonomy":"product_cat","embeddable":true,"href":"https:\/\/fengchashop.com\/fr\/wp-json\/wp\/v2\/product_cat?post=7151"},{"taxonomy":"product_tag","embeddable":true,"href":"https:\/\/fengchashop.com\/fr\/wp-json\/wp\/v2\/product_tag?post=7151"}],"curies":[{"name":"wp","href":"https:\/\/api.w.org\/{rel}","templated":true}]}}