{"id":7115,"date":"2025-10-07T18:18:30","date_gmt":"2025-10-07T16:18:30","guid":{"rendered":"https:\/\/fengchashop.com\/fr\/?post_type=product&#038;p=7115"},"modified":"2026-04-18T11:59:27","modified_gmt":"2026-04-18T09:59:27","slug":"fleur-de-bach-peur","status":"publish","type":"product","link":"https:\/\/fengchashop.com\/fr\/product\/fleur-de-bach-peur\/","title":{"rendered":"Fleur de Bach Peur"},"content":{"rendered":"<div class=\"wpb-content-wrapper\"><p>[vc_row][vc_column][vc_column_text css=\u00a0\u00bb\u00a0\u00bb]<\/p>\n<h2 style=\"text-align: justify;\"><span style=\"color: #000000;\">Gouttes de Bach contre la peur<\/span><\/h2>\n<p><span style=\"color: #000000;\"><strong>La peur<\/strong> est une \u00e9motion naturelle qui nous avertit d&rsquo;un danger et nous pr\u00e9pare \u00e0 la r\u00e9action de \u00ab\u00a0combat ou de fuite\u00a0\u00bb. Cependant, elle peut parfois \u00eatre excessive ou prolong\u00e9e, ce qui affecte n\u00e9gativement notre bien-\u00eatre, notre concentration et notre quotidien. Elle se manifeste souvent par de la tension, de l&rsquo;agitation, de l&rsquo;anxi\u00e9t\u00e9 ou un sentiment de menace, m\u00eame en l&rsquo;absence de danger r\u00e9el. Il est donc important d&rsquo;apprendre \u00e0 g\u00e9rer la peur et \u00e0 maintenir son \u00e9quilibre int\u00e9rieur. Les gouttes de Bach offrent un soutien doux, aident \u00e0 apaiser les tensions \u00e9motionnelles et \u00e0 restaurer un sentiment de s\u00e9curit\u00e9 et de force int\u00e9rieure.<\/span><\/p>\n<p><span style=\"color: #000000;\">Les premiers r\u00e9sultats sont visibles apr\u00e8s quelques jours ou semaines, selon les individus. Le m\u00e9lange pr\u00e9par\u00e9 suffit pour 30 jours et les gouttes peuvent \u00eatre facilement appliqu\u00e9es directement dans la bouche ou ajout\u00e9es \u00e0 un verre d&rsquo;eau.<\/span><\/p>\n<p><span style=\"color: #000000;\"><strong>Les causes les plus fr\u00e9quentes de peur sont\u00a0:<\/strong><\/span><\/p>\n<ul>\n<li><span style=\"color: #000000;\">l&rsquo;inconnu ou l&rsquo;incertitude,<\/span><\/li>\n<li><span style=\"color: #000000;\">le stress et la surcharge,<\/span><\/li>\n<li><span style=\"color: #000000;\">les changements importants dans la vie (par exemple, un d\u00e9m\u00e9nagement, un nouvel emploi),<\/span><\/li>\n<li><span style=\"color: #000000;\">le sentiment de perte de contr\u00f4le ou d&rsquo;impuissance,<\/span><\/li>\n<li><span style=\"color: #000000;\">les traumatismes pass\u00e9s ou les exp\u00e9riences d\u00e9sagr\u00e9ables.<\/span><\/li>\n<\/ul>\n<p><span style=\"color: #000000;\"><strong>Une th\u00e9rapie avec les gouttes de Bach contre la peur vous aidera \u00e0\u00a0:<\/strong><\/span><\/p>\n<ul>\n<li><span style=\"color: #000000;\">r\u00e9duire l&rsquo;anxi\u00e9t\u00e9 et l&rsquo;inqui\u00e9tude,<\/span><\/li>\n<li><span style=\"color: #000000;\">mieux g\u00e9rer les situations stressantes,<\/span><\/li>\n<li><span style=\"color: #000000;\">retrouver un sentiment de force int\u00e9rieure et de s\u00e9curit\u00e9,<\/span><\/li>\n<li><span style=\"color: #000000;\">soulager les tensions et apaiser vos pens\u00e9es,<\/span><\/li>\n<li><span style=\"color: #000000;\">retrouver l&rsquo;\u00e9quilibre int\u00e9rieur et l&rsquo;\u00e9nergie vitale.<\/span><\/li>\n<\/ul>\n<h2 style=\"text-align: justify;\"><span style=\"color: #000000;\">L&rsquo;effet de Bach Gouttes<\/span><\/h2>\n<p>Les gouttes de Bach favorisent <strong>l&rsquo;\u00e9quilibre \u00e9motionnel et peuvent aider \u00e0 g\u00e9rer la peur, qui affecte souvent la concentration, l&rsquo;\u00e9nergie et le fonctionnement quotidien<\/strong>. Elles nous aident \u00e9galement \u00e0 surmonter diverses crises, situations difficiles et \u00e9preuves. Gr\u00e2ce \u00e0 elles, nous retrouvons le calme et la s\u00e9r\u00e9nit\u00e9, car elles influencent notre \u00e9tat \u00e9motionnel et contribuent \u00e0 l&rsquo;harmoniser. Gr\u00e2ce aux gouttes de Bach, <strong>nous prenons le contr\u00f4le de nos \u00e9motions<\/strong>, cr\u00e9ant ainsi l&rsquo;harmonie et trouvant ainsi la paix int\u00e9rieure.<\/p>\n<p style=\"text-align: justify;\"><span style=\"color: #000000;\">La th\u00e9rapie Bach favorise l&rsquo;auto-gu\u00e9rison et la relaxation spirituelle. Selon la th\u00e9orie du Dr Bach, la maladie est due \u00e0 un \u00e9tat dysharmonieux ou \u00e0 un manque d&rsquo;harmonie entre le corps et l&rsquo;esprit. \u00c0 l\u2019aide des \u00e9lixirs floraux, nous essayons de gu\u00e9rir la maladie en profitant des <b>propri\u00e9t\u00e9s positives des fleurs<\/b>, notamment en nous aidant \u00e0 r\u00e9tablir l\u2019\u00e9quilibre en nous-m\u00eames.<\/span><\/p>\n<p style=\"text-align: justify;\"><span style=\"color: #000000;\">La th\u00e9rapie de Bach favorise l&rsquo;autogu\u00e9rison et la d\u00e9tente spirituelle. Selon la th\u00e9orie du Dr Bach, la cause de la maladie r\u00e9side dans un \u00e9tat inharmonieux ou dans un manque d&rsquo;harmonie entre le corps et l&rsquo;\u00e2me. Avec l&rsquo;aide des essences de fleurs, nous essayons de gu\u00e9rir la maladie en exploitant les <b>propri\u00e9t\u00e9s positives des fleurs<\/b> pour nous aider \u00e0 r\u00e9tablir l&rsquo;\u00e9quilibre en nous-m\u00eames.<\/span><\/p>\n<p style=\"text-align: justify;\"><span style=\"color: #000000;\">Les gouttes de Bach sont pr\u00e9par\u00e9es selon la m\u00e9thode du Dr Bach, en utilisant<strong> uniquement les essences originales de Bach<\/strong>.<\/span><\/p>\n<p style=\"text-align: justify;\"><span style=\"color: #000000;\">Les gouttes de Bach se pr\u00e9sentent sous la forme d&rsquo;un flacon muni d&rsquo;une pipette, ce qui facilite grandement le dosage. Prenez 4 gouttes 4 fois par jour, r\u00e9parties tout au long de la journ\u00e9e. Le flacon que vous recevez est suffisant pour 1 mois de th\u00e9rapie. <\/span><\/p>\n<p style=\"text-align: justify;\"><span style=\"color: #000000;\">Chaque flacon<b> <\/b>du m\u00e9lange choisi <b>est pr\u00e9par\u00e9 manuellement et sur place<\/b>. Pour conserver la fra\u00eecheur du m\u00e9lange plus longtemps, nous utilisons un peu d&rsquo;alcool (cognac). Le m\u00e9lange se conserve 1 mois \u00e0 partir de la date d&rsquo;achat.<\/span><\/p>\n<p style=\"text-align: justify;\"><span style=\"color: #000000;\">Les gouttes de Bach <strong>n&rsquo;ayant pas<\/strong> d&rsquo;<b>effets secondaires<\/b>, elles ne peuvent pas \u00eatre surdos\u00e9es et ne cr\u00e9ent pas de d\u00e9pendance. Elles conviennent \u00e0 tout le monde &#8211; femmes enceintes, m\u00e8res allaitantes, personnes \u00e2g\u00e9es, enfants et animaux.<\/span><\/p>\n<p style=\"text-align: justify;\"><span style=\"color: #000000;\">Elles n&rsquo;interagissent pas avec d&rsquo;autres m\u00e9dicaments.<\/span><\/p>\n<h2 style=\"text-align: justify;\"><span style=\"color: #000000;\">Conservation<\/span><\/h2>\n<p style=\"text-align: justify;\"><span style=\"color: #000000;\">Conserver dans un endroit sec et sombre \u00e0 une temp\u00e9rature allant jusqu&rsquo;\u00e0 +25 \u00b0C.<\/span><\/p>\n<h2 style=\"text-align: justify;\"><span style=\"color: #000000;\">Quantit\u00e9<\/span><\/h2>\n<p style=\"text-align: justify;\"><span style=\"color: #000000;\">30 ml (suffisant pour 30 jours d&rsquo;utilisation r\u00e9guli\u00e8re)<\/span><\/p>\n<p>[\/vc_column_text][\/vc_column][\/vc_row]<\/p>\n<\/div>","protected":false},"excerpt":{"rendered":"<p>Les gouttes de Bach sont efficaces contre divers troubles \u00e9motionnels. Elles aident \u00e0 surmonter les crises et les situations difficiles de la vie. Elles aident \u00e0 se calmer et \u00e0 garder la t\u00eate froide. Elles agissent sur notre \u00e9tat \u00e9motionnel et aident \u00e0 l&rsquo;harmoniser.<\/p>\n<p>\ud83d\udc9a Les gouttes sont emball\u00e9es \u00e0 la main, le jour de l&rsquo;exp\u00e9dition.<br \/>\n\ud83d\udc9a Elles conviennent \u00e0 toutes les personnes (femmes enceintes, personnes \u00e2g\u00e9es, enfants,&#8230;) et aux animaux.<br \/>\n\ud83d\udc9a Ils n&rsquo;ont pas d&rsquo;effets secondaires, ne cr\u00e9ent pas de d\u00e9pendance et ne peuvent pas \u00eatre surdos\u00e9s.<br \/>\n\ud83d\udc9a Les premiers r\u00e9sultats peuvent se faire sentir apr\u00e8s quelques jours ou semaines, cela d\u00e9pend de chaque individu.<br \/>\n\ud83d\udc9a Ils n&rsquo;interagissent pas avec d&rsquo;autres m\u00e9dicaments.<\/p>\n","protected":false},"featured_media":6889,"comment_status":"open","ping_status":"closed","template":"","meta":{"_acf_changed":false},"product_brand":[],"product_cat":[15,243,224,225],"product_tag":[],"class_list":{"0":"post-7115","1":"product","2":"type-product","3":"status-publish","4":"has-post-thumbnail","6":"product_cat-uncategorized","7":"product_cat-fleurs-de-bach","8":"product_cat-offre","9":"product_cat-tous-les-produits","11":"first","12":"instock","13":"sale","14":"taxable","15":"shipping-taxable","16":"purchasable","17":"product-type-simple"},"acf":[],"_links":{"self":[{"href":"https:\/\/fengchashop.com\/fr\/wp-json\/wp\/v2\/product\/7115","targetHints":{"allow":["GET"]}}],"collection":[{"href":"https:\/\/fengchashop.com\/fr\/wp-json\/wp\/v2\/product"}],"about":[{"href":"https:\/\/fengchashop.com\/fr\/wp-json\/wp\/v2\/types\/product"}],"replies":[{"embeddable":true,"href":"https:\/\/fengchashop.com\/fr\/wp-json\/wp\/v2\/comments?post=7115"}],"wp:featuredmedia":[{"embeddable":true,"href":"https:\/\/fengchashop.com\/fr\/wp-json\/wp\/v2\/media\/6889"}],"wp:attachment":[{"href":"https:\/\/fengchashop.com\/fr\/wp-json\/wp\/v2\/media?parent=7115"}],"wp:term":[{"taxonomy":"product_brand","embeddable":true,"href":"https:\/\/fengchashop.com\/fr\/wp-json\/wp\/v2\/product_brand?post=7115"},{"taxonomy":"product_cat","embeddable":true,"href":"https:\/\/fengchashop.com\/fr\/wp-json\/wp\/v2\/product_cat?post=7115"},{"taxonomy":"product_tag","embeddable":true,"href":"https:\/\/fengchashop.com\/fr\/wp-json\/wp\/v2\/product_tag?post=7115"}],"curies":[{"name":"wp","href":"https:\/\/api.w.org\/{rel}","templated":true}]}}