{"id":7112,"date":"2025-10-06T14:03:30","date_gmt":"2025-10-06T12:03:30","guid":{"rendered":"https:\/\/fengchashop.com\/fr\/?post_type=product&#038;p=7112"},"modified":"2026-04-18T12:24:54","modified_gmt":"2026-04-18T10:24:54","slug":"chaga-bio","status":"publish","type":"product","link":"https:\/\/fengchashop.com\/fr\/product\/chaga-bio\/","title":{"rendered":"Chaga BIO 125 g"},"content":{"rendered":"<div class=\"wpb-content-wrapper\"><p>[vc_row][vc_column][vc_column_text css=\u00a0\u00bb\u00a0\u00bb]<\/p>\n<h2><span style=\"color: #000000\">Chaga &#8211; Chaga (Inonotus obliquus) BIO poudre<\/span><\/h2>\n<p style=\"text-align: justify\"><span style=\"color: #000000\">Le chaga ou Inonotus obliquus est un compl\u00e9ment alimentaire. Le chaga est un champignon parasite qui pousse sur les arbres vivants (principalement le bouleau) et se nourrit de leur s\u00e8ve. Le chaga est un champignon adaptog\u00e8ne. Les scientifiques russes et japonais le pr\u00e9f\u00e8rent m\u00eame au c\u00e9l\u00e8bre Ganoderma lucidum (reishi).<\/span><\/p>\n<p style=\"text-align: justify\"><span style=\"color: #000000\">La production de notre chaga est strictement contr\u00f4l\u00e9e, sans utilisation de produits chimiques ou de pesticides et 100 % biologique. La qualit\u00e9 des champignons est r\u00e9guli\u00e8rement contr\u00f4l\u00e9e par des laboratoires ind\u00e9pendants en Slov\u00e9nie et aux \u00c9tats-Unis.<\/span><\/p>\n<h2><span style=\"color: #000000\">Conditionnement<\/span><\/h2>\n<p><span style=\"color: #000000\">Sachet zip-lock non perm\u00e9able o\u00f9 le produit conserve toute sa fra\u00eecheur et son ar\u00f4me. L&#8217;emballage prot\u00e8ge le produit de la lumi\u00e8re et de l&rsquo;air, car il est compos\u00e9 de plusieurs couches de protection qui pr\u00e9servent les propri\u00e9t\u00e9s du contenu.<\/span><\/p>\n<p><span style=\"color: #000000\">L&#8217;emballage est tr\u00e8s pratique et recyclable.<\/span><\/p>\n<h2><span style=\"color: #000000\">Stockage et avertissements<\/span><\/h2>\n<p><span style=\"color: #000000\">Conserver dans un endroit frais et sec. Tenir le compl\u00e9ment alimentaire hors de port\u00e9e des enfants !<\/span><\/p>\n<p><span style=\"color: #000000\">N&rsquo;oubliez pas l&rsquo;importance d&rsquo;une alimentation vari\u00e9e et d&rsquo;un mode de vie sain, un compl\u00e9ment alimentaire ne peut donc pas se substituer \u00e0 une alimentation \u00e9quilibr\u00e9e et vari\u00e9e. La quantit\u00e9 ou la dose journali\u00e8re recommand\u00e9e ne doit pas \u00eatre d\u00e9pass\u00e9e. Il est toujours conseill\u00e9 aux femmes enceintes et \u00e0 celles qui allaitent de consulter un m\u00e9decin avant d&rsquo;utiliser ce produit.<\/span><\/p>\n<h2><span style=\"color: #000000\">Autres utilisations<\/span><\/h2>\n<p style=\"text-align: justify\"><span style=\"color: #000000\">Le produit convient \u00e9galement aux animaux.<\/span><\/p>\n<h2><span style=\"color: #000000\">Origine du produit<\/span><\/h2>\n<p>Chine<\/p>\n<p>Nous avons des fournisseurs tr\u00e8s fiables qui nous fournissent des analyses chimiques d\u00e9taill\u00e9es pour chaque lot. Depuis plus de dix ans, nous n&rsquo;avons connu aucun rappel ni aucun autre probl\u00e8me avec ce produit, ni avec d&rsquo;autres produits du m\u00eame fournisseur.<\/p>\n<p>Ce produit est 100 % certifi\u00e9 biologique.[\/vc_column_text][\/vc_column][\/vc_row]<\/p>\n<\/div>","protected":false},"excerpt":{"rendered":"<p align=\"JUSTIFY\">Le chaga, ou Inonotus obliquus, est originaire de Sib\u00e9rie, o\u00f9 il prosp\u00e8re \u00e0 des temp\u00e9ratures allant jusqu&rsquo;\u00e0 -40 \u00b0C.<\/p>\n<p>\ud83d\udc9a C&rsquo;est un <span style=\"color: #000000\">champignon adaptog\u00e8ne.<\/span><br \/>\n\ud83d\udc9a 100% biologique.<\/p>\n","protected":false},"featured_media":6059,"comment_status":"open","ping_status":"closed","template":"","meta":{"_acf_changed":false},"product_brand":[],"product_cat":[15,228,224,225],"product_tag":[],"class_list":{"0":"post-7112","1":"product","2":"type-product","3":"status-publish","4":"has-post-thumbnail","6":"product_cat-uncategorized","7":"product_cat-champignons-medicinaux","8":"product_cat-offre","9":"product_cat-tous-les-produits","11":"first","12":"instock","13":"sale","14":"taxable","15":"shipping-taxable","16":"purchasable","17":"product-type-simple"},"acf":[],"_links":{"self":[{"href":"https:\/\/fengchashop.com\/fr\/wp-json\/wp\/v2\/product\/7112","targetHints":{"allow":["GET"]}}],"collection":[{"href":"https:\/\/fengchashop.com\/fr\/wp-json\/wp\/v2\/product"}],"about":[{"href":"https:\/\/fengchashop.com\/fr\/wp-json\/wp\/v2\/types\/product"}],"replies":[{"embeddable":true,"href":"https:\/\/fengchashop.com\/fr\/wp-json\/wp\/v2\/comments?post=7112"}],"wp:featuredmedia":[{"embeddable":true,"href":"https:\/\/fengchashop.com\/fr\/wp-json\/wp\/v2\/media\/6059"}],"wp:attachment":[{"href":"https:\/\/fengchashop.com\/fr\/wp-json\/wp\/v2\/media?parent=7112"}],"wp:term":[{"taxonomy":"product_brand","embeddable":true,"href":"https:\/\/fengchashop.com\/fr\/wp-json\/wp\/v2\/product_brand?post=7112"},{"taxonomy":"product_cat","embeddable":true,"href":"https:\/\/fengchashop.com\/fr\/wp-json\/wp\/v2\/product_cat?post=7112"},{"taxonomy":"product_tag","embeddable":true,"href":"https:\/\/fengchashop.com\/fr\/wp-json\/wp\/v2\/product_tag?post=7112"}],"curies":[{"name":"wp","href":"https:\/\/api.w.org\/{rel}","templated":true}]}}