{"id":7022,"date":"2025-07-25T06:18:04","date_gmt":"2025-07-25T04:18:04","guid":{"rendered":"https:\/\/fengchashop.com\/fr\/product\/fleur-de-bach-acouphene\/"},"modified":"2026-01-28T17:45:33","modified_gmt":"2026-01-28T16:45:33","slug":"fleur-de-bach-acouphene","status":"publish","type":"product","link":"https:\/\/fengchashop.com\/fr\/product\/fleur-de-bach-acouphene\/","title":{"rendered":"Fleur de Bach Acouph\u00e8ne"},"content":{"rendered":"<h2><span style=\"color: #000000;\">Gouttes de Bach pour les acouph\u00e8nes<\/span><\/h2>\n<p><span style=\"color: #000000;\"><strong>Les acouph\u00e8nes<\/strong> (\u00e9galement appel\u00e9s \u00ab bourdonnements d\u2019oreilles \u00bb) sont la perception d\u2019un son dans les oreilles ou la t\u00eate qui n\u2019a pas de source externe. Les personnes qui en sont atteintes entendent souvent des bourdonnements, des bourdonnements, des sifflements, des bourdonnements ou des pulsations, m\u00eame s\u2019il n\u2019y a aucun bruit r\u00e9el dans la zone environnante. Mais cela peut \u00e9galement affecter notre sant\u00e9 mentale. Il est donc de la plus haute importance que nous nous aidions mutuellement \u00e0 g\u00e9rer les aspects \u00e9motionnels. Ce n\u2019est qu\u2019alors que vous pourrez garantir une sensation de calme et am\u00e9liorer votre \u00e9nergie vitale. Les gouttes de Bach peuvent nous aider dans ce sens. Nous avons la solution id\u00e9ale pour vous.<\/span><\/p>\n<p><span style=\"color: #000000;\">Vous pourrez constater les premiers r\u00e9sultats apr\u00e8s quelques jours ou semaines, selon chaque individu. Le m\u00e9lange pr\u00e9par\u00e9 durera 30 jours, vous pouvez simplement l&rsquo;appliquer directement sur votre bouche ou le d\u00e9poser dans un verre d&rsquo;eau.<\/span><\/p>\n<p><span style=\"color: #000000;\"><strong>Causes des acouph\u00e8nes :<\/strong><\/span><\/p>\n<ul>\n<li><span style=\"color: #000000;\">Exposition \u00e0 des sons forts (concerts, casques).<\/span><\/li>\n<li><span style=\"color: #000000;\">Perte auditive li\u00e9e \u00e0 l&rsquo;\u00e2ge.<\/span><\/li>\n<li><span style=\"color: #000000;\">Perte auditive ou l\u00e9sion de l\u2019oreille interne.<\/span><\/li>\n<li><span style=\"color: #000000;\">Stress, anxi\u00e9t\u00e9 ou d\u00e9pression.<\/span><\/li>\n<li><span style=\"color: #000000;\">Obstruction du conduit auditif (par exemple \u00e0 cause du c\u00e9rumen).<\/span><\/li>\n<li><span style=\"color: #000000;\">Utilisation de certains m\u00e9dicaments (par exemple certains antibiotiques ou l\u2019aspirine \u00e0 fortes doses).<\/span><\/li>\n<\/ul>\n<p>&nbsp;<\/p>\n<p><span style=\"color: #000000;\"><strong>La th\u00e9rapie par les gouttes de fleurs de Bach nous aidera \u00e0 faire face \u00e9motionnellement aux acouph\u00e8nes, qui nous affecteront de telle mani\u00e8re que nous :<\/strong><\/span><\/p>\n<ul>\n<li><span style=\"color: #000000;\">moins encombr\u00e9 par les sons intrusifs<\/span><\/li>\n<li><span style=\"color: #000000;\">et il est plus facile de maintenir l\u2019\u00e9quilibre interne.<\/span><\/li>\n<li><span style=\"color: #000000;\">Comment fonctionnent les gouttes de Bach<\/span><\/li>\n<\/ul>\n<p style=\"text-align: justify;\"><span style=\"color: #000000;\">Les premiers r\u00e9sultats se font sentir au bout de quelques jours ou de quelques semaines, cela d\u00e9pend de chaque individu. Le m\u00e9lange pr\u00e9par\u00e9 durera 30 jours. Il suffit de l&rsquo;appliquer directement dans la bouche ou de le verser dans un verre d&rsquo;eau. <\/span><\/p>\n<h2 style=\"text-align: justify;\"><span style=\"color: #000000;\">Comment les gouttes de Bach agissent-elles ?<\/span><\/h2>\n<p style=\"text-align: justify;\"><span style=\"color: #000000;\">Les gouttes de Bach sont efficaces contre diverses d\u00e9tresses \u00e9motionnelles d&rsquo;un individu, qui peuvent \u00e9galement conduire \u00e0 des acouph\u00e8nes. Les gouttes de Bach nous aident \u00e9galement dans diverses crises et situations de vie difficiles et \u00e9preuves. Ils nous aident \u00e0 nous calmer et \u00e0 garder la t\u00eate froide, car ils affectent notre \u00e9tat \u00e9motionnel et aident \u00e0 l&rsquo;harmoniser. Avec l&rsquo;aide des gouttes de Bach, nous prenons le contr\u00f4le de nos \u00e9motions, cr\u00e9ant ainsi l&rsquo;harmonie et retrouvant notre paix int\u00e9rieure.<\/span><\/p>\n<p style=\"text-align: justify;\"><span style=\"color: #000000;\">La th\u00e9rapie de Bach favorise l&rsquo;autogu\u00e9rison et la d\u00e9tente spirituelle. Selon la th\u00e9orie du Dr Bach, la cause de la maladie r\u00e9side dans un \u00e9tat inharmonieux ou dans un manque d&rsquo;harmonie entre le corps et l&rsquo;\u00e2me. Avec l&rsquo;aide des essences de fleurs, nous essayons de gu\u00e9rir la maladie en exploitant les <b>propri\u00e9t\u00e9s positives des fleurs<\/b> pour nous aider \u00e0 r\u00e9tablir l&rsquo;\u00e9quilibre en nous-m\u00eames.<\/span><\/p>\n<p style=\"text-align: justify;\"><span style=\"color: #000000;\">Les gouttes de Bach sont pr\u00e9par\u00e9es selon la m\u00e9thode du Dr Bach, en utilisant<strong> uniquement les essences originales de Bach<\/strong>.<\/span><\/p>\n<p style=\"text-align: justify;\"><span style=\"color: #000000;\">Les gouttes de Bach se pr\u00e9sentent sous la forme d&rsquo;un flacon muni d&rsquo;une pipette, ce qui facilite grandement le dosage. Prenez 4 gouttes 4 fois par jour, r\u00e9parties tout au long de la journ\u00e9e. Le flacon que vous recevez est suffisant pour 1 mois de th\u00e9rapie. <\/span><\/p>\n<p style=\"text-align: justify;\"><span style=\"color: #000000;\">Chaque flacon<b> <\/b>du m\u00e9lange choisi <b>est pr\u00e9par\u00e9 manuellement et sur place<\/b>. Pour conserver la fra\u00eecheur du m\u00e9lange plus longtemps, nous utilisons un peu d&rsquo;alcool (cognac). Le m\u00e9lange se conserve 1 mois \u00e0 partir de la date d&rsquo;achat.<\/span><\/p>\n<p style=\"text-align: justify;\"><span style=\"color: #000000;\">Les gouttes de Bach <strong>n&rsquo;ayant pas<\/strong> d&rsquo;<b>effets secondaires<\/b>, elles ne peuvent pas \u00eatre surdos\u00e9es et ne cr\u00e9ent pas de d\u00e9pendance. Elles conviennent \u00e0 tout le monde &#8211; femmes enceintes, m\u00e8res allaitantes, personnes \u00e2g\u00e9es, enfants et animaux.<\/span><\/p>\n<p style=\"text-align: justify;\"><span style=\"color: #000000;\">Elles n&rsquo;interagissent pas avec d&rsquo;autres m\u00e9dicaments.<\/span><\/p>\n<h2 style=\"text-align: justify;\"><span style=\"color: #000000;\">Conservation<\/span><\/h2>\n<p style=\"text-align: justify;\"><span style=\"color: #000000;\">Conserver dans un endroit sec et sombre \u00e0 une temp\u00e9rature allant jusqu&rsquo;\u00e0 +25 \u00b0C.<\/span><\/p>\n<h2 style=\"text-align: justify;\"><span style=\"color: #000000;\">Quantit\u00e9<\/span><\/h2>\n<p style=\"text-align: justify;\"><span style=\"color: #000000;\">30 ml (suffisant pour 30 jours d&rsquo;utilisation r\u00e9guli\u00e8re)<\/span><\/p>\n","protected":false},"excerpt":{"rendered":"<p>Les gouttes de Bach sont efficaces contre divers troubles \u00e9motionnels. Elles aident \u00e0 surmonter les crises et les situations difficiles de la vie. Elles aident \u00e0 se calmer et \u00e0 garder la t\u00eate froide. Elles agissent sur notre \u00e9tat \u00e9motionnel et aident \u00e0 l&rsquo;harmoniser.<\/p>\n<p>\ud83d\udc9a Les gouttes sont emball\u00e9es \u00e0 la main, le jour de l&rsquo;exp\u00e9dition.<br \/>\n\ud83d\udc9a Elles conviennent \u00e0 toutes les personnes (femmes enceintes, personnes \u00e2g\u00e9es, enfants,&#8230;) et aux animaux.<br \/>\n\ud83d\udc9a Ils n&rsquo;ont pas d&rsquo;effets secondaires, ne cr\u00e9ent pas de d\u00e9pendance et ne peuvent pas \u00eatre surdos\u00e9s.<br \/>\n\ud83d\udc9a Les premiers r\u00e9sultats peuvent se faire sentir apr\u00e8s quelques jours ou semaines, cela d\u00e9pend de chaque individu.<br \/>\n\ud83d\udc9a Ils n&rsquo;interagissent pas avec d&rsquo;autres m\u00e9dicaments.<\/p>\n","protected":false},"featured_media":6889,"comment_status":"open","ping_status":"closed","template":"","meta":{"_acf_changed":false},"product_brand":[],"product_cat":[15,243,224,225],"product_tag":[],"class_list":{"0":"post-7022","1":"product","2":"type-product","3":"status-publish","4":"has-post-thumbnail","6":"product_cat-uncategorized","7":"product_cat-fleurs-de-bach","8":"product_cat-offre","9":"product_cat-tous-les-produits","11":"first","12":"instock","13":"sale","14":"taxable","15":"shipping-taxable","16":"purchasable","17":"product-type-simple"},"acf":[],"_links":{"self":[{"href":"https:\/\/fengchashop.com\/fr\/wp-json\/wp\/v2\/product\/7022","targetHints":{"allow":["GET"]}}],"collection":[{"href":"https:\/\/fengchashop.com\/fr\/wp-json\/wp\/v2\/product"}],"about":[{"href":"https:\/\/fengchashop.com\/fr\/wp-json\/wp\/v2\/types\/product"}],"replies":[{"embeddable":true,"href":"https:\/\/fengchashop.com\/fr\/wp-json\/wp\/v2\/comments?post=7022"}],"wp:featuredmedia":[{"embeddable":true,"href":"https:\/\/fengchashop.com\/fr\/wp-json\/wp\/v2\/media\/6889"}],"wp:attachment":[{"href":"https:\/\/fengchashop.com\/fr\/wp-json\/wp\/v2\/media?parent=7022"}],"wp:term":[{"taxonomy":"product_brand","embeddable":true,"href":"https:\/\/fengchashop.com\/fr\/wp-json\/wp\/v2\/product_brand?post=7022"},{"taxonomy":"product_cat","embeddable":true,"href":"https:\/\/fengchashop.com\/fr\/wp-json\/wp\/v2\/product_cat?post=7022"},{"taxonomy":"product_tag","embeddable":true,"href":"https:\/\/fengchashop.com\/fr\/wp-json\/wp\/v2\/product_tag?post=7022"}],"curies":[{"name":"wp","href":"https:\/\/api.w.org\/{rel}","templated":true}]}}