{"id":7020,"date":"2026-02-27T15:57:06","date_gmt":"2026-02-27T14:57:06","guid":{"rendered":"https:\/\/fengchashop.com\/fr\/product\/ia-gouttes\/"},"modified":"2026-04-16T23:13:21","modified_gmt":"2026-04-16T21:13:21","slug":"ia-gouttes","status":"publish","type":"product","link":"https:\/\/fengchashop.com\/fr\/product\/ia-gouttes\/","title":{"rendered":"A.I. gouttes"},"content":{"rendered":"<h2><span style=\"color: #000000\"><strong>A.I. (<\/strong><\/span><span style=\"color: #000000\"><strong>Awakening Infusion)<\/strong><\/span><span style=\"color: #000000\"><strong>: Une transformation naturelle de votre \u00e9nergie vitale<\/strong><\/span><\/h2>\n<p><span style=\"color: #000000\">D\u00e9couvrez <strong>Awakening Infusion<\/strong> \u2013 une formule innovante bas\u00e9e sur la puissance des herbes indig\u00e8nes europ\u00e9ennes. Cette combinaison unique fonctionne en synergie, car les ingr\u00e9dients individuels cr\u00e9ent ensemble un tout qui soutient votre syst\u00e8me interne et vous conduit \u00e0 l&rsquo;\u00e9quilibre et \u00e0 une vitalit\u00e9 durable.<\/span><\/p>\n<h2><span style=\"color: #000000\"><strong>Pourquoi choisir l&rsquo;A.I.?<\/strong><\/span><\/h2>\n<p><span style=\"color: #000000\">En consommant <strong>l&rsquo;A.I. <\/strong>gouttes, votre niveau d&rsquo;\u00e9nergie vitale se stabilise et reste \u00e9lev\u00e9. Votre champ biologique, votre source naturelle d\u2019\u00e9nergie, est renforc\u00e9, permettant \u00e0 votre corps de fonctionner \u00e0 son plus haut niveau. Fini les fluctuations d\u2019\u00e9nergie \u2013 suivez simplement calmement la barre naturellement \u00e9lev\u00e9e de la vitalit\u00e9.<\/span><\/p>\n<p><span style=\"color: #000000\">Ce processus n\u2019est pas seulement une am\u00e9lioration, mais une \u00e9volution. \u00c9tape par \u00e9tape, vous deviendrez <strong>A.I. <\/strong>les gouttes conduisent \u00e0 la r\u00e9v\u00e9lation de votre plein potentiel. Une transformation qui vous permet de laisser l&rsquo;\u00e9nergie travailler pour vous et de vivre enfin en harmonie avec votre corps et votre esprit.<\/span><\/p>\n<h2><strong>\u00c0 qui s&rsquo;adressent les gouttes A.I. ?<\/strong><\/h2>\n<p><span style=\"color: #000000\">Les gouttes sont id\u00e9ales pour :<\/span><\/p>\n<ul>\n<li><span style=\"color: #000000\">ceux qui recherchent un soutien naturel du syst\u00e8me immunitaire,<\/span><\/li>\n<li><span style=\"color: #000000\">les personnes ayant des probl\u00e8mes de sant\u00e9, m\u00eame aux premiers stades de probl\u00e8mes graves,<\/span><\/li>\n<li><span style=\"color: #000000\">toute personne souhaitant trouver une connexion plus profonde avec son essence et \u00e9veiller son pouvoir int\u00e9rieur.<\/span><\/li>\n<\/ul>\n<p>&nbsp;<\/p>\n<h2><span style=\"color: #000000\"><strong>La nature pure.<br \/>\n<\/strong><\/span><\/h2>\n<p><span style=\"color: #000000\">IA Les gouttes sont fabriqu\u00e9es \u00e0 partir d&rsquo;herbes europ\u00e9ennes indig\u00e8nes 100 % naturelles. Ils sont s\u00fbrs, efficaces et cr\u00e9\u00e9s avec amour et respect de la nature.<\/span><\/p>\n<h2><span style=\"color: #000000\"><strong>Commencez votre transformation avec Awakening Infusion.<\/strong><\/span><\/h2>\n<p><span style=\"color: #000000\">D\u00e9couvrez un niveau sup\u00e9rieur d\u2019\u00e9nergie vitale qui vous permet de vivre votre vie au maximum. Faites d\u00e8s aujourd\u2019hui le premier pas sur le chemin de l\u2019harmonie et de la vitalit\u00e9.<\/span><\/p>\n<h2><span style=\"color: #000000\"><strong>Stockage<\/strong><\/span><\/h2>\n<p><span style=\"color: #000000\">Conserver dans un endroit sec et sombre, \u00e0 une temp\u00e9rature allant jusqu&rsquo;\u00e0 +25 \u00b0C.<\/span><\/p>\n<h2><span style=\"color: #000000\"><strong>Quantit\u00e9<\/strong><\/span><\/h2>\n<p><span style=\"color: #000000\">30 ml<\/span><\/p>\n","protected":false},"excerpt":{"rendered":"<p><span style=\"color: #000000\"><strong>Awakening Infusion<\/strong><\/span><span style=\"color: #000000\">\u00a0\u2013 avec une formule innovante bas\u00e9e sur la puissance des herbes indig\u00e8nes europ\u00e9ennes. Cette combinaison unique fonctionne en synergie, car les ingr\u00e9dients individuels cr\u00e9ent ensemble un tout qui soutient votre syst\u00e8me interne et vous conduit \u00e0 l&rsquo;\u00e9quilibre et \u00e0 une vitalit\u00e9 durable.<\/span><\/p>\n<p><span style=\"color: #000000\">Les gouttes sont id\u00e9ales pour :<\/span><\/p>\n<p><span style=\"color: #000000\">\ud83d\udc9a ceux qui recherchent un soutien naturel du syst\u00e8me immunitaire,<\/span><\/p>\n<p><span style=\"color: #000000\">\ud83d\udc9a les personnes ayant des probl\u00e8mes de sant\u00e9, m\u00eame aux premiers stades de probl\u00e8mes graves,<\/span><\/p>\n<p><span style=\"color: #000000\">\ud83d\udc9a toute personne souhaitant trouver une connexion plus profonde avec son essence et \u00e9veiller sa force int\u00e9rieure.<\/span><\/p>\n","protected":false},"featured_media":7021,"comment_status":"open","ping_status":"closed","template":"","meta":{"_acf_changed":false},"product_brand":[],"product_cat":[15,221,240,229,224,225],"product_tag":[],"class_list":{"0":"post-7020","1":"product","2":"type-product","3":"status-publish","4":"has-post-thumbnail","6":"product_cat-uncategorized","7":"product_cat-a-i","8":"product_cat-autre","9":"product_cat-de-retour-en-stock","10":"product_cat-offre","11":"product_cat-tous-les-produits","13":"first","14":"instock","15":"sale","16":"taxable","17":"shipping-taxable","18":"purchasable","19":"product-type-simple"},"acf":[],"_links":{"self":[{"href":"https:\/\/fengchashop.com\/fr\/wp-json\/wp\/v2\/product\/7020","targetHints":{"allow":["GET"]}}],"collection":[{"href":"https:\/\/fengchashop.com\/fr\/wp-json\/wp\/v2\/product"}],"about":[{"href":"https:\/\/fengchashop.com\/fr\/wp-json\/wp\/v2\/types\/product"}],"replies":[{"embeddable":true,"href":"https:\/\/fengchashop.com\/fr\/wp-json\/wp\/v2\/comments?post=7020"}],"wp:featuredmedia":[{"embeddable":true,"href":"https:\/\/fengchashop.com\/fr\/wp-json\/wp\/v2\/media\/7021"}],"wp:attachment":[{"href":"https:\/\/fengchashop.com\/fr\/wp-json\/wp\/v2\/media?parent=7020"}],"wp:term":[{"taxonomy":"product_brand","embeddable":true,"href":"https:\/\/fengchashop.com\/fr\/wp-json\/wp\/v2\/product_brand?post=7020"},{"taxonomy":"product_cat","embeddable":true,"href":"https:\/\/fengchashop.com\/fr\/wp-json\/wp\/v2\/product_cat?post=7020"},{"taxonomy":"product_tag","embeddable":true,"href":"https:\/\/fengchashop.com\/fr\/wp-json\/wp\/v2\/product_tag?post=7020"}],"curies":[{"name":"wp","href":"https:\/\/api.w.org\/{rel}","templated":true}]}}