{"id":6987,"date":"2023-12-14T18:38:09","date_gmt":"2023-12-14T17:38:09","guid":{"rendered":"https:\/\/fengchashop.com\/fr\/product\/corail-sango-250g\/"},"modified":"2026-04-09T16:11:40","modified_gmt":"2026-04-09T14:11:40","slug":"corail-sango","status":"publish","type":"product","link":"https:\/\/fengchashop.com\/fr\/product\/corail-sango\/","title":{"rendered":"Corail Sango 250g"},"content":{"rendered":"<h2 style=\"text-align: justify\">Poudre de corail Sango<\/h2>\n<div style=\"text-align: justify\">\n<p>Le corail Sango provient d&rsquo;un r\u00e9cif corallien vieux de plusieurs millions d&rsquo;ann\u00e9es situ\u00e9 au large de la c\u00f4te d&rsquo;Okinawa, au Japon. L&rsquo;\u00eele d&rsquo;Okinawa elle-m\u00eame s&rsquo;est form\u00e9e sur des roches coralliennes &#8211; c&rsquo;est pourquoi l&rsquo;eau de pluie s&rsquo;infiltre dans les pr\u00e9cipitations et les enrichit d&rsquo;innombrables min\u00e9raux et oligo-\u00e9l\u00e9ments pr\u00e9sents dans les coraux fossiles. Les habitants d&rsquo;Okinawa, \u00e0 qui l&rsquo;on attribue souvent un \u00e2ge sup\u00e9rieur \u00e0 cent ans, re\u00e7oivent ainsi une eau extr\u00eamement riche et unique, pleine de min\u00e9raux.<\/p>\n<h2>Pourquoi la poudre de corail Sango est-elle si sp\u00e9ciale et si diff\u00e9rente ?<\/h2>\n<p>La poudre de corail Sango est une source naturelle de calcium et d&rsquo;autres min\u00e9raux b\u00e9n\u00e9fiques pour la sant\u00e9. La poudre de corail contient principalement du calcium et du magn\u00e9sium, dans un rapport de 2:1, ce qui est consid\u00e9r\u00e9 comme id\u00e9al pour l&rsquo;organisme humain, avec une biodisponibilit\u00e9 \u00e9lev\u00e9e. En outre, elle peut contenir d&rsquo;autres oligo-\u00e9l\u00e9ments.<\/p>\n<h2>Effets positifs sur la sant\u00e9 et l&rsquo;organisme<\/h2>\n<p>La poudre de corail Sango pr\u00e9sente de nombreux avantages et effets potentiels sur la sant\u00e9. Certains des principaux avantages et effets sont les suivants<\/p>\n<p>\ud83d\udc9aSoutient le syst\u00e8me immunitaire,<br \/>\n\ud83d\udc9afavorise la sant\u00e9 des os, des dents et des muscles,<br \/>\n\ud83d\udc9aaide \u00e0 pr\u00e9venir les maladies osseuses telles que l&rsquo;ost\u00e9oporose,<br \/>\n\ud83d\udc9aaide \u00e0 r\u00e9guler le pH de l&rsquo;organisme et \u00e0 r\u00e9duire l&rsquo;acidit\u00e9,<br \/>\n\ud83d\udc9aest b\u00e9n\u00e9fique pour la sant\u00e9 cardiaque et la fonction musculaire,<br \/>\n\ud83d\udc9afacilite la digestion et l&rsquo;absorption des nutriments.<\/p>\n<div style=\"text-align: justify\">\n<div style=\"text-align: justify\">\n<div style=\"text-align: justify\">\n<h2 style=\"text-align: justify\"><span style=\"color: #000000\">Stockage et mises en garde<\/span><\/h2>\n<p style=\"text-align: justify\"><span style=\"color: #000000\">Conserver dans un endroit frais et sec \u00e0 une temp\u00e9rature maximale de 25 \u00b0C. Tenir le compl\u00e9ment alimentaire hors de port\u00e9e des enfants !<\/span><\/p>\n<p style=\"text-align: justify\"><span style=\"color: #000000\">N&rsquo;oubliez pas l&rsquo;importance d&rsquo;une alimentation vari\u00e9e et d&rsquo;un mode de vie sain. Un compl\u00e9ment alimentaire ne remplace pas une alimentation \u00e9quilibr\u00e9e et vari\u00e9e. La quantit\u00e9 ou la dose journali\u00e8re recommand\u00e9e ne doit pas \u00eatre d\u00e9pass\u00e9e.<\/span><\/p>\n<p>L&rsquo;utilisation de ce produit est d\u00e9conseill\u00e9e aux femmes enceintes et allaitantes ainsi qu&rsquo;aux enfants. Il est recommand\u00e9 de consulter votre m\u00e9decin pour plus d&rsquo;informations en cas de probl\u00e8mes de sant\u00e9.<\/p>\n<h2 style=\"text-align: justify\"><span style=\"color: #000000\">Emballage<\/span><\/h2>\n<p style=\"text-align: justify\"><span style=\"color: #000000\">Sachet zip-lock imperm\u00e9able o\u00f9 le produit conserve toute sa fra\u00eecheur et son ar\u00f4me. L&#8217;emballage prot\u00e8ge de la lumi\u00e8re et de l&rsquo;air, car il est compos\u00e9 de plusieurs couches de protection qui pr\u00e9servent les propri\u00e9t\u00e9s du contenu.<\/span><\/p>\n<p style=\"text-align: justify\"><span style=\"color: #000000\">L&#8217;emballage est tr\u00e8s pratique et recyclable.<\/span><\/p>\n<h2 style=\"text-align: justify\"><span style=\"color: #000000\">L&rsquo;origine<\/span><\/h2>\n<p style=\"text-align: justify\"><span style=\"color: #000000\">Japon<\/span><\/p>\n<\/div>\n<\/div>\n<\/div>\n<\/div>\n","protected":false},"excerpt":{"rendered":"<p>La poudre de corail Sango pr\u00e9sente de nombreux avantages et effets potentiels pour la sant\u00e9. Parmi les principaux avantages et effets, on peut citer<\/p>\n<p>\ud83d\udc9aSoutient le syst\u00e8me immunitaire,<br \/>\n\ud83d\udc9afavorise la sant\u00e9 des os, des dents et des muscles,<br \/>\n\ud83d\udc9aaide \u00e0 pr\u00e9venir les maladies osseuses telles que l&rsquo;ost\u00e9oporose,<br \/>\n\ud83d\udc9aaide \u00e0 r\u00e9guler le pH de l&rsquo;organisme et \u00e0 r\u00e9duire l&rsquo;acidit\u00e9.<\/p>\n","protected":false},"featured_media":6988,"comment_status":"open","ping_status":"closed","template":"","meta":{"_acf_changed":false},"product_brand":[],"product_cat":[15,224,231,225],"product_tag":[],"class_list":{"0":"post-6987","1":"product","2":"type-product","3":"status-publish","4":"has-post-thumbnail","6":"product_cat-uncategorized","7":"product_cat-offre","8":"product_cat-superaliments","9":"product_cat-tous-les-produits","11":"first","12":"instock","13":"sale","14":"taxable","15":"shipping-taxable","16":"purchasable","17":"product-type-simple"},"acf":[],"_links":{"self":[{"href":"https:\/\/fengchashop.com\/fr\/wp-json\/wp\/v2\/product\/6987","targetHints":{"allow":["GET"]}}],"collection":[{"href":"https:\/\/fengchashop.com\/fr\/wp-json\/wp\/v2\/product"}],"about":[{"href":"https:\/\/fengchashop.com\/fr\/wp-json\/wp\/v2\/types\/product"}],"replies":[{"embeddable":true,"href":"https:\/\/fengchashop.com\/fr\/wp-json\/wp\/v2\/comments?post=6987"}],"wp:featuredmedia":[{"embeddable":true,"href":"https:\/\/fengchashop.com\/fr\/wp-json\/wp\/v2\/media\/6988"}],"wp:attachment":[{"href":"https:\/\/fengchashop.com\/fr\/wp-json\/wp\/v2\/media?parent=6987"}],"wp:term":[{"taxonomy":"product_brand","embeddable":true,"href":"https:\/\/fengchashop.com\/fr\/wp-json\/wp\/v2\/product_brand?post=6987"},{"taxonomy":"product_cat","embeddable":true,"href":"https:\/\/fengchashop.com\/fr\/wp-json\/wp\/v2\/product_cat?post=6987"},{"taxonomy":"product_tag","embeddable":true,"href":"https:\/\/fengchashop.com\/fr\/wp-json\/wp\/v2\/product_tag?post=6987"}],"curies":[{"name":"wp","href":"https:\/\/api.w.org\/{rel}","templated":true}]}}