{"id":6976,"date":"2023-06-13T08:47:12","date_gmt":"2023-06-13T06:47:12","guid":{"rendered":"https:\/\/fengchashop.com\/fr\/product\/jiaogulan-gynostemma-en-poudre-250g\/"},"modified":"2026-04-10T19:31:38","modified_gmt":"2026-04-10T17:31:38","slug":"jiaogulan-gynostemma-en-poudre","status":"publish","type":"product","link":"https:\/\/fengchashop.com\/fr\/product\/jiaogulan-gynostemma-en-poudre\/","title":{"rendered":"Jiaogulan Gynostemma en poudre 250g"},"content":{"rendered":"<h2 style=\"text-align: justify\"><span style=\"color: #000000\">Jiaogulan (Gynostemma)<\/span><\/h2>\n<div style=\"text-align: justify\">\n<p><span style=\"color: #000000\">Le Jiaogulan, \u00e9galement connu sous le nom de <strong>Gynostemma ou Jiao Gu Lan<\/strong>, est une plante originaire de Chine, de Birmanie, du nord de la Tha\u00eflande, de Cor\u00e9e et du Japon. Elle est utilis\u00e9e dans la m\u00e9decine traditionnelle chinoise depuis des si\u00e8cles pour ses <strong>propri\u00e9t\u00e9s m\u00e9dicinales<\/strong>. Elle est \u00e9galement appel\u00e9e<strong>\u00ab\u00a0plante de l&rsquo;immortalit\u00e9<\/strong>\u00a0\u00bb car elle <strong>contient de nombreux principes actifs importants pour la long\u00e9vit\u00e9<\/strong>.<\/span><\/p>\n<p><span style=\"color: #000000\">Le gynost\u00e8me jiaogulan est une plante qui a fait l&rsquo;objet d&rsquo;\u00e9tudes scientifiques approfondies et \u00e0 laquelle de nombreux effets positifs ont \u00e9t\u00e9 attribu\u00e9s. Elle <strong>est notamment anti-inflammatoire, d\u00e9toxifiante et a un effet anti-\u00e2ge<\/strong>. En outre, le jiaogulan est un puissant<strong> antioxydant<\/strong>. Comme le ginseng, il <strong>renforce l&rsquo;\u00e9nergie<\/strong>, r\u00e9\u00e9quilibre l&rsquo;organisme <strong>et am\u00e9liore le bien-\u00eatre g\u00e9n\u00e9ral<\/strong>. Selon la m\u00e9decine traditionnelle chinoise, il a un effet b\u00e9n\u00e9fique sur le syndrome de fatigue chronique et les palpitations cardiaques (sensation de battement dans la poitrine). Il est \u00e9galement souvent utilis\u00e9 pour des probl\u00e8mes de sant\u00e9 tels que la pr\u00e9vention et le soulagement du<strong> diab\u00e8te et de l&rsquo;hypercholest\u00e9rol\u00e9mie<\/strong>, ainsi que la <strong>pr\u00e9vention des effets du stress qui<\/strong> conduisent \u00e0 l&rsquo;<strong> anxi\u00e9t\u00e9<\/strong>. Ainsi, avec une utilisation r\u00e9guli\u00e8re, ses effets peuvent \u00eatre pleinement exploit\u00e9s, et la mod\u00e9ration permet \u00e9galement une consommation s\u00fbre, sans effets secondaires ou ind\u00e9sirables.<\/span><\/p>\n<p style=\"text-align: justify\"><span style=\"color: #000000\">Il aide notre corps \u00e0 se r\u00e9\u00e9quilibrer.<\/span><\/p>\n<div style=\"text-align: justify\">\n<p><span style=\"color: #000000\">Le Jiaogulan est \u00e9galement un <strong>adaptog\u00e8ne<\/strong>. Les plantes adaptog\u00e8nes aident l&rsquo;organisme \u00e0 s&rsquo;adapter \u00e0 divers facteurs environnementaux n\u00e9gatifs. Elles ont la capacit\u00e9 de r\u00e9guler et de contr\u00f4ler les syst\u00e8mes glandulaires et hormonaux, les syst\u00e8mes nerveux et cardiovasculaire et les muscles.<\/span><\/p>\n<p><span style=\"color: #000000\">Les adaptog\u00e8nes soutiennent la sant\u00e9 des organes vitaux et aident \u00e0 r\u00e9guler la glyc\u00e9mie, \u00e0 am\u00e9liorer les fonctions h\u00e9patiques, gastro-intestinales et cutan\u00e9es. Ils renforcent et revigorent l&rsquo;organisme. Ils stimulent \u00e9galement les glandes surr\u00e9nales, aidant l&rsquo;organisme \u00e0 faire face efficacement au stress caus\u00e9 par des facteurs physiques (infections, blessures, manque de sommeil) ou psychologiques (anxi\u00e9t\u00e9).<\/span><\/p>\n<h2 style=\"text-align: justify\"><span style=\"color: #000000\">Propri\u00e9t\u00e9s cl\u00e9s du gynost\u00e8me jiaogulan<\/span><\/h2>\n<div style=\"text-align: justify\">\n<p><span style=\"color: #000000\"><em><strong>En m\u00e9decine traditionnelle chinoise, le jiaogulan est utilis\u00e9 \u00e0 diverses fins, \u00e0 savoir :<\/strong><\/em><\/span><\/p>\n<p><span style=\"color: #000000\"> \ud83d\udc9a Renforcer le <strong>syst\u00e8me immunitaire<\/strong>,<\/span><br \/>\n<span style=\"color: #000000\"> \ud83d\udc9a r\u00e9guler la <strong>tension art\u00e9rielle et la glyc\u00e9mie<\/strong>,<\/span><br \/>\n<span style=\"color: #000000\"> \ud83d\udc9a r\u00e9guler les <strong>niveaux de cholest\u00e9rol<\/strong>,<\/span><br \/>\n<span style=\"color: #000000\">\ud83d\udc9a r\u00e9duire l&rsquo;<strong>inflammation<\/strong>,<\/span><br \/>\n<span style=\"color: #000000\">\ud83d\udc9a pr\u00e9venir l&rsquo;<strong> anxi\u00e9t\u00e9<\/strong>,<\/span><br \/>\n<span style=\"color: #000000\"> \ud83d\udc9a am\u00e9liorer la <strong>digestion<\/strong> et<\/span><br \/>\n<span style=\"color: #000000\">\ud83d\udc9a am\u00e9liorer la digestion et soutenir la <strong>sant\u00e9 cardiaque<\/strong>.<\/span><\/p>\n<p><span style=\"color: #000000\">Le jiaogulan contient de nombreux <strong>compos\u00e9s bioactifs<\/strong> tels que des glycosides, des flavono\u00efdes, des polysaccharides, des vitamines et des min\u00e9raux qui <strong>contribuent \u00e0 ses effets curatifs<\/strong>.<\/span><\/p>\n<h2><span style=\"color: #000000\">Go\u00fbt et ar\u00f4me<\/span><\/h2>\n<p><span style=\"color: #000000\">Notre jiaogulan est r\u00e9colt\u00e9 dans une nature sauvage et intacte. Il a un go\u00fbt sucr\u00e9 int\u00e9ressant, tr\u00e8s proche de celui du ginseng. Le jiaogulan est sans aucun doute un choix savoureux, mais surtout sain, pour les amateurs de tisanes.<\/span><\/p>\n<div style=\"text-align: justify\">\n<h2 style=\"text-align: justify\"><span style=\"color: #000000\">Stockage et avertissements<\/span><\/h2>\n<p style=\"text-align: justify\"><span style=\"color: #000000\">Conserver dans un endroit frais et sec \u00e0 une temp\u00e9rature maximale de 25 \u00b0C. Tenir le compl\u00e9ment alimentaire hors de port\u00e9e des enfants !<\/span><\/p>\n<p style=\"text-align: justify\"><span style=\"color: #000000\">N&rsquo;oubliez pas l&rsquo;importance d&rsquo;une alimentation vari\u00e9e et d&rsquo;un mode de vie sain, un compl\u00e9ment alimentaire ne peut donc pas se substituer \u00e0 une alimentation \u00e9quilibr\u00e9e et vari\u00e9e. La quantit\u00e9 ou la dose journali\u00e8re recommand\u00e9e ne doit pas \u00eatre d\u00e9pass\u00e9e.<\/span><\/p>\n<h2 style=\"text-align: justify\"><span style=\"color: #000000\">Emballage<\/span><\/h2>\n<p style=\"text-align: justify\"><span style=\"color: #000000\">Sachet zipp\u00e9 non perm\u00e9able, o\u00f9 le produit conserve toute sa fra\u00eecheur et son ar\u00f4me. L&#8217;emballage prot\u00e8ge le produit de la lumi\u00e8re et de l&rsquo;air, car il est compos\u00e9 de plusieurs couches de protection qui pr\u00e9servent les propri\u00e9t\u00e9s du contenu.<\/span><\/p>\n<p style=\"text-align: justify\"><span style=\"color: #000000\">L&#8217;emballage est tr\u00e8s pratique et recyclable.<\/span><\/p>\n<h2 style=\"text-align: justify\"><span style=\"color: #000000\">L&rsquo;origine<\/span><\/h2>\n<p style=\"text-align: justify\"><span style=\"color: #000000\">Chine. Nous avons des fournisseurs tr\u00e8s fiables qui nous envoient une analyse chimique d\u00e9taill\u00e9e de la denr\u00e9e alimentaire pour chaque lot. En plus de dix ans, nous n\u2019avons eu aucun rappel ou autre probl\u00e8me avec cet article, ni avec d\u2019autres articles du m\u00eame fournisseur.<\/span><\/p>\n<\/div>\n<\/div>\n<\/div>\n<\/div>\n","protected":false},"excerpt":{"rendered":"<p><span style=\"color: #000000\">Le Jiaogulan, \u00e9galement connu sous le nom de <strong>Gynostemma ou Jiao Gu Lan<\/strong>, est une plante originaire de Chine, de Birmanie, du nord de la Tha\u00eflande, de Cor\u00e9e et du Japon. Elle est utilis\u00e9e dans la m\u00e9decine traditionnelle chinoise depuis des si\u00e8cles pour ses <strong>propri\u00e9t\u00e9s m\u00e9dicinales<\/strong>. Elle est \u00e9galement appel\u00e9e \u00ab\u00a0<strong>plante de l&rsquo;immortalit\u00e9<\/strong>\u00a0\u00bb car elle <strong>contient de nombreux principes actifs importants pour la long\u00e9vit\u00e9<\/strong>.<\/span><\/p>\n<p><span style=\"color: #000000\">\ud83d\udc9a Elle r\u00e9gule le <strong>taux de cholest\u00e9rol<\/strong>.<\/span><br \/>\n<span style=\"color: #000000\">\ud83d\udc9a Elle pr\u00e9vient l&rsquo;apparition de l&rsquo;<strong> anxi\u00e9t\u00e9.<\/strong><\/span><br \/>\n<span style=\"color: #000000\">\ud83d\udc9a R\u00e9duit l&rsquo;<strong>inflammation.<\/strong><\/span><br \/>\n<span style=\"color: #000000\">\ud83d\udc9a Renforce le <strong>syst\u00e8me immunitaire<\/strong>.<\/span><br \/>\n\ud83d\udc9a R\u00e9\u00e9quilibre l&rsquo;<span style=\"color: #000000\">organisme<\/span>et <strong>am\u00e9liore le bien-\u00eatre g\u00e9n\u00e9ral<\/strong>.<\/p>\n","protected":false},"featured_media":6977,"comment_status":"open","ping_status":"closed","template":"","meta":{"_acf_changed":false},"product_brand":[],"product_cat":[15,224,231,225],"product_tag":[],"class_list":{"0":"post-6976","1":"product","2":"type-product","3":"status-publish","4":"has-post-thumbnail","6":"product_cat-uncategorized","7":"product_cat-offre","8":"product_cat-superaliments","9":"product_cat-tous-les-produits","11":"first","12":"instock","13":"sale","14":"taxable","15":"shipping-taxable","16":"purchasable","17":"product-type-simple"},"acf":[],"_links":{"self":[{"href":"https:\/\/fengchashop.com\/fr\/wp-json\/wp\/v2\/product\/6976","targetHints":{"allow":["GET"]}}],"collection":[{"href":"https:\/\/fengchashop.com\/fr\/wp-json\/wp\/v2\/product"}],"about":[{"href":"https:\/\/fengchashop.com\/fr\/wp-json\/wp\/v2\/types\/product"}],"replies":[{"embeddable":true,"href":"https:\/\/fengchashop.com\/fr\/wp-json\/wp\/v2\/comments?post=6976"}],"wp:featuredmedia":[{"embeddable":true,"href":"https:\/\/fengchashop.com\/fr\/wp-json\/wp\/v2\/media\/6977"}],"wp:attachment":[{"href":"https:\/\/fengchashop.com\/fr\/wp-json\/wp\/v2\/media?parent=6976"}],"wp:term":[{"taxonomy":"product_brand","embeddable":true,"href":"https:\/\/fengchashop.com\/fr\/wp-json\/wp\/v2\/product_brand?post=6976"},{"taxonomy":"product_cat","embeddable":true,"href":"https:\/\/fengchashop.com\/fr\/wp-json\/wp\/v2\/product_cat?post=6976"},{"taxonomy":"product_tag","embeddable":true,"href":"https:\/\/fengchashop.com\/fr\/wp-json\/wp\/v2\/product_tag?post=6976"}],"curies":[{"name":"wp","href":"https:\/\/api.w.org\/{rel}","templated":true}]}}