{"id":6972,"date":"2023-05-26T08:42:08","date_gmt":"2023-05-26T06:42:08","guid":{"rendered":"https:\/\/fengchashop.com\/fr\/product\/racine-de-suma-suma-root-250-g\/"},"modified":"2026-04-04T10:15:54","modified_gmt":"2026-04-04T08:15:54","slug":"racine-de-suma-suma-root","status":"publish","type":"product","link":"https:\/\/fengchashop.com\/fr\/product\/racine-de-suma-suma-root\/","title":{"rendered":"Racine de suma (Suma root) 250 g"},"content":{"rendered":"<h2>Racine de suma (Suma root)<\/h2>\n<div>\n<p><span style=\"color: #000000\">La racine de suma est une plante, scientifiquement connue sous le nom de Pfaffia paniculata, originaire d&rsquo;Am\u00e9rique du Sud, principalement de la for\u00eat amazonienne. Elle est \u00e9galement connue sous les noms de \u00ab\u00a0ginseng br\u00e9silien\u00a0\u00bb ou \u00ab\u00a0Para Todo\u00a0\u00bb, ce qui signifie \u00ab\u00a0pour tout\u00a0\u00bb. La racine de Suma est une plante vivace qui a de grandes racines et qui est traditionnellement utilis\u00e9e en phytoth\u00e9rapie.<\/span><\/p>\n<p><span style=\"color: #000000\">La racine de Suma contient de nombreux compos\u00e9s biologiquement actifs tels que des ecdyst\u00e9ro\u00efdes, des polysaccharides, des phytost\u00e9rols, des glycosides et de nombreux autres compos\u00e9s phytochimiques. En raison de sa composition, elle est consid\u00e9r\u00e9e comme une plante adaptog\u00e8ne, ce qui signifie qu&rsquo;elle aide l&rsquo;organisme \u00e0 faire face au stress et \u00e0 r\u00e9tablir l&rsquo;\u00e9quilibre.<\/span><\/p>\n<h2><span style=\"color: #000000\">Quels sont les principaux principes actifs de la racine de Suma ?<\/span><\/h2>\n<\/div>\n<div>\n<div>\n<p><span style=\"color: #000000\">La racine de Suma contient un certain nombre de nutriments importants et de compos\u00e9s bioactifs qui peuvent \u00eatre b\u00e9n\u00e9fiques pour la sant\u00e9.<\/span><\/p>\n<p><span style=\"color: #000000\">Les<strong>ecdyst\u00e9ro\u00efdes<\/strong> sont des compos\u00e9s dont la structure est similaire \u00e0 celle de l&rsquo;hormone naturelle ecdyst\u00e9ro\u00efde, que l&rsquo;on trouve chez certains insectes. On attribue aux ecdyst\u00e9ro\u00efdes de la racine de Suma un certain nombre d&rsquo;effets b\u00e9n\u00e9fiques sur l&rsquo;organisme, notamment l&rsquo;augmentation de l&rsquo;endurance, l&rsquo;am\u00e9lioration du tonus musculaire et la promotion de la r\u00e9cup\u00e9ration apr\u00e8s l&rsquo;exercice.<\/span><\/p>\n<p><span style=\"color: #000000\">La racine de Suma <strong>contient des polysaccharides<\/strong>, qui sont des hydrates de carbone complexes. Les polysaccharides peuvent soutenir le syst\u00e8me immunitaire, favoriser la sant\u00e9 digestive et contribuer \u00e0 la sant\u00e9 g\u00e9n\u00e9rale de l&rsquo;organisme.<\/span><\/p>\n<p><span style=\"color: #000000\">La racine de suma contient des <strong>phytost\u00e9rols<\/strong>, qui peuvent aider \u00e0 r\u00e9guler le <strong>taux de cholest\u00e9rol<\/strong> dans l&rsquo;organisme et contribuer \u00e0 la <strong>sant\u00e9 cardiaque<\/strong>.<\/span><\/p>\n<p><span style=\"color: #000000\">La racine de Suma contient \u00e9galement des glycosides, qui sont des compos\u00e9s constitu\u00e9s d&rsquo;un sucre et d&rsquo;une autre partie mol\u00e9culaire. Certains des glycosides contenus dans la racine de Suma peuvent avoir des effets b\u00e9n\u00e9fiques sur la sant\u00e9, notamment en favorisant une bonne circulation sanguine.<\/span><\/p>\n<p><span style=\"color: #000000\">Outre ces nutriments et compos\u00e9s, la racine de Suma <strong>contient \u00e9galement des min\u00e9raux, des vitamines et des antioxydants<\/strong> qui peuvent contribuer \u00e0 la sant\u00e9 et au bien-\u00eatre g\u00e9n\u00e9ral.<\/span><\/p>\n<h2><span style=\"color: #000000\">Des effets qui ont un effet positif sur notre sant\u00e9 et notre corps<\/span><\/h2>\n<\/div>\n<\/div>\n<div>\n<p><span style=\"color: #000000\">La racine de Suma est largement utilis\u00e9e comme compl\u00e9ment alimentaire en raison de ses effets b\u00e9n\u00e9fiques potentiels sur la sant\u00e9, tels que l&rsquo;augmentation de l&rsquo;\u00e9nergie, l&rsquo;am\u00e9lioration de l&rsquo;endurance, le renforcement du syst\u00e8me immunitaire, la r\u00e9gulation des hormones, le soutien de la sant\u00e9 sexuelle et l&rsquo;am\u00e9lioration g\u00e9n\u00e9rale du bien-\u00eatre.<\/span><\/p>\n<p><span style=\"color: #000000\"><em><strong>Parmi les effets de la racine de Suma, on peut citer :<\/strong><\/em><\/span><\/p>\n<\/div>\n<div>\n<p><span style=\"color: #000000\"> \ud83d\udc9a Augmenter l&rsquo;\u00e9nergie, r\u00e9duire la fatigue et am\u00e9liorer l&rsquo;endurance,<\/span><br \/>\n<span style=\"color: #000000\"> \ud83d\udc9a aider l&rsquo;organisme \u00e0 faire face au stress et \u00e0 r\u00e9tablir l&rsquo;\u00e9quilibre,<\/span><br \/>\n<span style=\"color: #000000\"> \ud83d\udc9a a des propri\u00e9t\u00e9s calmantes,<\/span><br \/>\n<span style=\"color: #000000\">\ud83d\udc9a soutient le syst\u00e8me immunitaire,<\/span><br \/>\n<span style=\"color: #000000\">\ud83d\udc9a aide \u00e0 am\u00e9liorer le syst\u00e8me de d\u00e9fense de l&rsquo;organisme,<\/span><br \/>\n<span style=\"color: #000000\"> \ud83d\udc9a pour soutenir la sant\u00e9 sexuelle et la libido,<\/span><br \/>\n<span style=\"color: #000000\"> \ud83d\udc9a pour am\u00e9liorer le bien-\u00eatre g\u00e9n\u00e9ral, la concentration et la vitalit\u00e9.<\/span><\/p>\n<\/div>\n<div>\n<p>&nbsp;<\/p>\n<\/div>\n<h2 style=\"text-align: justify\"><span style=\"color: #000000\">Stockage et avertissements<\/span><\/h2>\n<p><span style=\"color: #000000\">Conserver dans un endroit frais et sec, \u00e0 une temp\u00e9rature maximale de 25 \u00b0C. Tenir hors de port\u00e9e des enfants !<\/span><\/p>\n<p><span style=\"color: #000000\">N&rsquo;oubliez pas l&rsquo;importance d&rsquo;une alimentation vari\u00e9e et d&rsquo;un mode de vie sain. Un compl\u00e9ment alimentaire ne peut donc pas se substituer \u00e0 une alimentation \u00e9quilibr\u00e9e et vari\u00e9e. La quantit\u00e9 ou la dose journali\u00e8re recommand\u00e9e ne doit pas \u00eatre d\u00e9pass\u00e9e.<\/span><\/p>\n<p><span style=\"color: #000000\">Il est d\u00e9conseill\u00e9 aux femmes enceintes et \u00e0 celles qui allaitent d&rsquo;utiliser ce produit. La consommation de racine de Suma est d\u00e9conseill\u00e9e aux personnes souffrant de troubles m\u00e9dicaux sp\u00e9cifiques tels que le cancer hormono-d\u00e9pendant, les maladies auto-immunes, l&rsquo;\u00e9pilepsie, les h\u00e9morragies ou tout autre trouble m\u00e9dical grave. De m\u00eame, si vous \u00eates allergique \u00e0 d&rsquo;autres plantes ou si vous pr\u00e9sentez une hypersensibilit\u00e9 connue, \u00e9vitez d&rsquo;utiliser la racine de Suma. Il est conseill\u00e9 de consulter votre m\u00e9decin pour plus d&rsquo;informations en cas de probl\u00e8mes de sant\u00e9.<\/span><\/p>\n<h2><span style=\"color: #000000\">Conditionnement<\/span><\/h2>\n<p style=\"text-align: justify\"><span style=\"color: #000000\">Sachet zip-lock non perm\u00e9able o\u00f9 le produit conserve toute sa fra\u00eecheur et son ar\u00f4me. L&#8217;emballage prot\u00e8ge le produit de la lumi\u00e8re et de l&rsquo;air, car il est compos\u00e9 de plusieurs couches de protection pour pr\u00e9server les propri\u00e9t\u00e9s du contenu.<\/span><\/p>\n<p style=\"text-align: justify\"><span style=\"color: #000000\">L&#8217;emballage est tr\u00e8s pratique et recyclable.<\/span><\/p>\n<h2 style=\"text-align: justify\"><span style=\"color: #000000\">Origine du produit<\/span><\/h2>\n<p style=\"text-align: justify\"><span style=\"color: #000000\">Br\u00e9sil<\/span><\/p>\n","protected":false},"excerpt":{"rendered":"<p>La racine de Suma est une plante scientifiquement connue sous le nom de Pfaffia paniculata, originaire d&rsquo;Am\u00e9rique du Sud, principalement de la for\u00eat amazonienne. Elle est \u00e9galement connue sous les noms de \u00ab\u00a0ginseng br\u00e9silien\u00a0\u00bb ou \u00ab\u00a0Para Todo\u00a0\u00bb, ce qui signifie \u00ab\u00a0pour tout\u00a0\u00bb. Il s&rsquo;agit d&rsquo;une plante vivace \u00e0 grandes racines, traditionnellement utilis\u00e9e en phytoth\u00e9rapie. Il est souvent utilis\u00e9 comme compl\u00e9ment alimentaire pour ses bienfaits potentiels sur la sant\u00e9, tels que l&rsquo;augmentation de l&rsquo;\u00e9nergie, l&rsquo;am\u00e9lioration de l&rsquo;endurance, le renforcement du syst\u00e8me immunitaire, la r\u00e9gulation des hormones, le soutien de la sant\u00e9 sexuelle et l&rsquo;am\u00e9lioration g\u00e9n\u00e9rale du bien-\u00eatre.<\/p>\n<p><span style=\"color: #000000\">\ud83d\udc9a Pour am\u00e9liorer le bien-\u00eatre g\u00e9n\u00e9ral, la concentration et la vitalit\u00e9.<\/span><br \/>\n<span style=\"color: #000000\"> \ud83d\udc9a Aide l&rsquo;organisme \u00e0 faire face au stress et \u00e0 r\u00e9tablir l&rsquo;\u00e9quilibre.<\/span><br \/>\n<span style=\"color: #000000\"> \ud83d\udc9a Favorise la sant\u00e9 sexuelle et la libido.<\/span><br \/>\n<span style=\"color: #000000\"> \ud83d\udc9a Augmente l&rsquo;\u00e9nergie, r\u00e9duit la fatigue et am\u00e9liore l&rsquo;endurance.<\/span><\/p>\n","protected":false},"featured_media":6973,"comment_status":"open","ping_status":"closed","template":"","meta":{"_acf_changed":false},"product_brand":[],"product_cat":[15,224,231,225],"product_tag":[],"class_list":{"0":"post-6972","1":"product","2":"type-product","3":"status-publish","4":"has-post-thumbnail","6":"product_cat-uncategorized","7":"product_cat-offre","8":"product_cat-superaliments","9":"product_cat-tous-les-produits","11":"first","12":"instock","13":"sale","14":"taxable","15":"shipping-taxable","16":"purchasable","17":"product-type-simple"},"acf":[],"_links":{"self":[{"href":"https:\/\/fengchashop.com\/fr\/wp-json\/wp\/v2\/product\/6972","targetHints":{"allow":["GET"]}}],"collection":[{"href":"https:\/\/fengchashop.com\/fr\/wp-json\/wp\/v2\/product"}],"about":[{"href":"https:\/\/fengchashop.com\/fr\/wp-json\/wp\/v2\/types\/product"}],"replies":[{"embeddable":true,"href":"https:\/\/fengchashop.com\/fr\/wp-json\/wp\/v2\/comments?post=6972"}],"wp:featuredmedia":[{"embeddable":true,"href":"https:\/\/fengchashop.com\/fr\/wp-json\/wp\/v2\/media\/6973"}],"wp:attachment":[{"href":"https:\/\/fengchashop.com\/fr\/wp-json\/wp\/v2\/media?parent=6972"}],"wp:term":[{"taxonomy":"product_brand","embeddable":true,"href":"https:\/\/fengchashop.com\/fr\/wp-json\/wp\/v2\/product_brand?post=6972"},{"taxonomy":"product_cat","embeddable":true,"href":"https:\/\/fengchashop.com\/fr\/wp-json\/wp\/v2\/product_cat?post=6972"},{"taxonomy":"product_tag","embeddable":true,"href":"https:\/\/fengchashop.com\/fr\/wp-json\/wp\/v2\/product_tag?post=6972"}],"curies":[{"name":"wp","href":"https:\/\/api.w.org\/{rel}","templated":true}]}}