{"id":6958,"date":"2023-02-01T18:28:33","date_gmt":"2023-02-01T17:28:33","guid":{"rendered":"https:\/\/fengchashop.com\/fr\/product\/eglantier-bio-250-g\/"},"modified":"2026-04-13T21:42:04","modified_gmt":"2026-04-13T19:42:04","slug":"eglantier-bio","status":"publish","type":"product","link":"https:\/\/fengchashop.com\/fr\/product\/eglantier-bio\/","title":{"rendered":"\u00c9glantier BIO 250 g"},"content":{"rendered":"<h2 style=\"text-align: justify\"><span style=\"color: #000000\">L&rsquo;\u00e9glantier (Rosa canina)<\/span><\/h2>\n<p style=\"text-align: justify\"><span style=\"color: #000000\">Les Sum\u00e9riens mentionnaient d\u00e9j\u00e0 l&rsquo;<strong> \u00e9glantier<\/strong> (nom scientifique <strong>Rosa canina<\/strong>) dans leurs \u00e9crits, et nous le connaissons \u00e9galement sous le nom de <strong>ch\u00e8vrefeuille, de dent de chien, d&rsquo;\u00e9glantier ou de rose sauvage<\/strong>. Il a \u00e9t\u00e9 utilis\u00e9 pour la premi\u00e8re fois vers <strong>3000 avant J.-C.<\/strong> L&rsquo;\u00e9glantier est un arbuste luxuriant pouvant atteindre 3 m\u00e8tres de haut, avec des fleurs roses en forme d&rsquo;\u00e9toile. Les <strong>fruits<\/strong>, utilis\u00e9s \u00e0 des fins <strong>m\u00e9dicinales<\/strong>, sont de couleur rouge, avec une peau plus dure, et sont appel\u00e9s <strong>cynorrhodons<\/strong>.<\/span><\/p>\n<p style=\"text-align: justify\"><span style=\"color: #000000\">La poudre de cynorrhodon est obtenue <strong>\u00e0 partir des fruits s\u00e9ch\u00e9s<\/strong> (cynorrhodons), qui sont r\u00e9colt\u00e9s en octobre et novembre. Les ingr\u00e9dients les plus importants du cynorrhodon sont conserv\u00e9s en s\u00e9chant les fruits lentement et \u00e0 une temp\u00e9rature maximale de 40\u02daC. Une fois le processus de s\u00e9chage termin\u00e9, l&rsquo; \u00e9glantier <\/span><span style=\"color: #000000\">s\u00e9ch\u00e9es sont finement r\u00e9duites en poudre.<\/span><\/p>\n<h2 style=\"text-align: justify\"><span style=\"color: #000000\">Principales propri\u00e9t\u00e9s de l&rsquo;\u00e9glantier<\/span><\/h2>\n<p style=\"text-align: justify\"><span style=\"color: #000000\">L<em>&lsquo;<\/em> \u00e9glantier existent depuis tr\u00e8s longtemps et leur utilisation <strong>dans la m\u00e9decine naturelle ne<\/strong> date pas d&rsquo;hier. L&rsquo;\u00e9glantier contient <strong>60 fois plus de vitamine C que les agrumes<\/strong>, car elle est l&rsquo;un des fruits les plus <strong>riches en vitamine C<\/strong> (acide ascorbique).<\/span><\/p>\n<p style=\"text-align: justify\"><span style=\"color: #000000\">Outre la vitamine C, l&rsquo;\u00e9glantier est \u00e9galement riche en <strong>fibres alimentaires<\/strong> (substance de lest). Elle est enrichie en <strong>bioflavono\u00efdes<\/strong>, dont la fonction est de faciliter l&rsquo;absorption de l&rsquo;acide ascorbique. Les bioflavono\u00efdes aident \u00e0 <strong>soigner les peaux ab\u00eem\u00e9es<\/strong>.<\/span><\/p>\n<h2 style=\"text-align: justify\"><span style=\"color: #000000\">Effets du cynorrhodon<\/span><\/h2>\n<p><span style=\"color: #000000\"><strong>Des effets qui ont un effet positif sur notre sant\u00e9 et notre corps :<\/strong><\/span><\/p>\n<p><span style=\"color: #000000\"> \ud83d\udc9a Un puissant antioxydant,<\/span><br \/>\n<span style=\"color: #000000\"> \ud83d\udc9a renforce le syst\u00e8me immunitaire,<\/span><br \/>\n<span style=\"color: #000000\"> \ud83d\udc9a am\u00e9liore l&rsquo;immunit\u00e9,<\/span><br \/>\n<span style=\"color: #000000\">\ud83d\udc9a aide \u00e0 combattre le rhume et la grippe,<\/span><br \/>\n<span style=\"color: #000000\">\ud83d\udc9a aide \u00e0 renforcer les d\u00e9fenses naturelles de l&rsquo;organisme contre les dommages oxydatifs,<\/span><br \/>\n<span style=\"color: #000000\">\ud83d\udc9a agit comme un laxatif doux,<\/span><br \/>\n<span style=\"color: #000000\">\ud83d\udc9a am\u00e9liore la digestion,<\/span><br \/>\n<span style=\"color: #000000\"> \ud83d\udc9a anti-inflammatoire,<\/span><br \/>\n<span style=\"color: #000000\">\ud83d\udc9a a un effet b\u00e9n\u00e9fique sur les douleurs articulaires,<\/span><br \/>\n<span style=\"color: #000000\">\ud83d\udc9a aide \u00e0 soigner les peaux ab\u00eem\u00e9es,<\/span><br \/>\n<span style=\"color: #000000\">\ud83d\udc9a nettoie et hydrate la peau,<\/span><br \/>\n<span style=\"color: #000000\">\ud83d\udc9a soulage les probl\u00e8mes de peau dus \u00e0 l&rsquo;acn\u00e9.<\/span><\/p>\n<h2><span style=\"color: #000000\">Stockage et mises en garde<\/span><\/h2>\n<p><span style=\"color: #000000\">Conserver dans un endroit frais et sec, \u00e0 une temp\u00e9rature inf\u00e9rieure ou \u00e9gale \u00e0 25 \u00b0C. \u00c9viter la lumi\u00e8re et la chaleur intenses. Tenir le compl\u00e9ment alimentaire hors de port\u00e9e des enfants !<\/span><br \/>\n<span style=\"color: #000000\">N&rsquo;oubliez pas l&rsquo;importance d&rsquo;une alimentation vari\u00e9e et d&rsquo;un mode de vie sain. Un compl\u00e9ment alimentaire ne peut donc pas se substituer \u00e0 une alimentation \u00e9quilibr\u00e9e et vari\u00e9e. La quantit\u00e9 ou la dose journali\u00e8re recommand\u00e9e ne doit pas \u00eatre d\u00e9pass\u00e9e.<\/span><\/p>\n<h2><span style=\"color: #000000\">Conditionnement<\/span><\/h2>\n<p><span style=\"color: #000000\">Dans un sachet zip non perm\u00e9able, o\u00f9 le produit conserve toute sa fra\u00eecheur et son ar\u00f4me. L&#8217;emballage prot\u00e8ge de la lumi\u00e8re et de l&rsquo;air, car il est compos\u00e9 de plusieurs couches de protection qui pr\u00e9servent les propri\u00e9t\u00e9s du contenu.<\/span><\/p>\n<p><span style=\"color: #000000\">L&#8217;emballage est tr\u00e8s pratique et recyclable.<\/span><\/p>\n<h2><span style=\"color: #000000\">L&rsquo;origine<\/span><\/h2>\n<p><span style=\"color: #000000\">Bulgarie<\/span><\/p>\n","protected":false},"excerpt":{"rendered":"<p>Le cynorrhodon existe depuis tr\u00e8s longtemps, tout comme son utilisation dans la m\u00e9decine naturelle. L&rsquo;\u00e9glantier contient 60 fois plus de vitamine C que les agrumes, car elle est l&rsquo;un des fruits les plus riches en vitamine C (acide ascorbique). Outre la vitamine C, l\u00a0\u00bb\u00e9glantier contient \u00e9galement beaucoup de fibres alimentaires (dietary fiber). Elle est enrichie en bioflavono\u00efdes, dont la fonction est de faciliter l&rsquo;absorption de l&rsquo;acide ascorbique. Les bioflavono\u00efdes aident \u00e0 soigner les peaux ab\u00eem\u00e9es.<\/p>\n<p><span style=\"color: #000000\"> \ud83d\udc9a B\u00e9n\u00e9fique pour les douleurs articulaires.<\/span><br \/>\n<span style=\"color: #000000\"> \ud83d\udc9a Aide en cas de rhume et de grippe.<\/span><br \/>\n<span style=\"color: #000000\">\ud83d\udc9a Soulage les probl\u00e8mes de peau en cas d&rsquo;acn\u00e9.<\/span><br \/>\n<span style=\"color: #000000\"> \ud83d\udc9a Puissant antioxydant.<\/span><\/p>\n","protected":false},"featured_media":6959,"comment_status":"open","ping_status":"closed","template":"","meta":{"_acf_changed":false},"product_brand":[],"product_cat":[15,224,231,225],"product_tag":[],"class_list":{"0":"post-6958","1":"product","2":"type-product","3":"status-publish","4":"has-post-thumbnail","6":"product_cat-uncategorized","7":"product_cat-offre","8":"product_cat-superaliments","9":"product_cat-tous-les-produits","11":"first","12":"instock","13":"taxable","14":"shipping-taxable","15":"purchasable","16":"product-type-simple"},"acf":[],"_links":{"self":[{"href":"https:\/\/fengchashop.com\/fr\/wp-json\/wp\/v2\/product\/6958","targetHints":{"allow":["GET"]}}],"collection":[{"href":"https:\/\/fengchashop.com\/fr\/wp-json\/wp\/v2\/product"}],"about":[{"href":"https:\/\/fengchashop.com\/fr\/wp-json\/wp\/v2\/types\/product"}],"replies":[{"embeddable":true,"href":"https:\/\/fengchashop.com\/fr\/wp-json\/wp\/v2\/comments?post=6958"}],"wp:featuredmedia":[{"embeddable":true,"href":"https:\/\/fengchashop.com\/fr\/wp-json\/wp\/v2\/media\/6959"}],"wp:attachment":[{"href":"https:\/\/fengchashop.com\/fr\/wp-json\/wp\/v2\/media?parent=6958"}],"wp:term":[{"taxonomy":"product_brand","embeddable":true,"href":"https:\/\/fengchashop.com\/fr\/wp-json\/wp\/v2\/product_brand?post=6958"},{"taxonomy":"product_cat","embeddable":true,"href":"https:\/\/fengchashop.com\/fr\/wp-json\/wp\/v2\/product_cat?post=6958"},{"taxonomy":"product_tag","embeddable":true,"href":"https:\/\/fengchashop.com\/fr\/wp-json\/wp\/v2\/product_tag?post=6958"}],"curies":[{"name":"wp","href":"https:\/\/api.w.org\/{rel}","templated":true}]}}