{"id":6950,"date":"2022-11-25T07:45:21","date_gmt":"2022-11-25T06:45:21","guid":{"rendered":"https:\/\/fengchashop.com\/fr\/product\/dong-quai-bio-250-g\/"},"modified":"2026-05-12T17:38:10","modified_gmt":"2026-05-12T15:38:10","slug":"dong-quai-bio","status":"publish","type":"product","link":"https:\/\/fengchashop.com\/fr\/product\/dong-quai-bio\/","title":{"rendered":"Dong Quai BIO 250 g"},"content":{"rendered":"<h2 style=\"text-align: justify\">Dong Quai (ang\u00e9lique) Poudre biologique<\/h2>\n<p style=\"text-align: justify\"><span style=\"color: #000000\">Le Dong Quai est une ancienne herbe chinoise, \u00e9galement connue sous le nom d&rsquo;<strong>Angelica sinensis<\/strong> (ang\u00e9lique chinoise) et \u00e9galement appel\u00e9e <strong>Dang Gui<\/strong> (prononc\u00e9 tang Kuei), et est l&rsquo;une des herbes les plus importantes dans le monde occidental.<\/span><\/p>\n<p style=\"text-align: justify\"><span style=\"color: #000000\">Le Dong Quia pousse dans les hautes montagnes, dans les r\u00e9gions froides et humides du <strong>Japon, de la Cor\u00e9e et de la Chine<\/strong>. C&rsquo;est une plante vivace qui peut atteindre une hauteur de deux m\u00e8tres. Elle poss\u00e8de des tiges lisses et violettes, des feuilles plumeuses et de petites fleurs blanches ou vertes regroup\u00e9es en grappes. La partie m\u00e9dicinale du Dong Quia est constitu\u00e9e par les racines ramifi\u00e9es de couleur jaune-brun, qui sont s\u00e9ch\u00e9es, coup\u00e9es et utilis\u00e9es \u00e0 des <strong>fins m\u00e9dicinales<\/strong>. Certaines parties de la racine sont diff\u00e9rentes et ont donc des <strong>effets diff\u00e9rents<\/strong>.<\/span><\/p>\n<p style=\"text-align: justify\"><span style=\"color: #000000\">Les racines d&rsquo;ang\u00e9lique s\u00e9ch\u00e9es sont principalement utilis\u00e9es dans la m\u00e9decine traditionnelle chinoise pour traiter les <strong>probl\u00e8mes gyn\u00e9cologiques<\/strong>, l&rsquo;<strong> an\u00e9mie mod\u00e9r\u00e9e<\/strong>, l&rsquo;<strong> hypertension ar<\/strong> t\u00e9rielle et la <strong>fatigue<\/strong>.<\/span><\/p>\n<p style=\"text-align: justify\"><span style=\"color: #000000\">La plante Dong Quai est \u00e9galement largement connue sous le nom de <strong>\u00ab\u00a0ginseng f\u00e9minin\u00a0\u00bb<\/strong> et \u00e9tait tr\u00e8s appr\u00e9ci\u00e9e par les anciens gu\u00e9risseurs pour sa remarquable capacit\u00e9 \u00e0 traiter les femmes souffrant de probl\u00e8mes de reproduction. En Asie, le Dong Quai est la deuxi\u00e8me plante la plus utilis\u00e9e, apr\u00e8s le ginseng, et il est traditionnellement utilis\u00e9 pour <strong>traiter les affections et les maladies f\u00e9minines<\/strong>.<\/span><\/p>\n<p style=\"text-align: justify\"><span style=\"color: #000000\">Le Dong Quai a m\u00eame \u00e9t\u00e9 pr\u00e9sent\u00e9 comme un rem\u00e8de pour les personnes infertiles. En plus d&rsquo;aider \u00e0 r\u00e9soudre les probl\u00e8mes de st\u00e9rilit\u00e9 f\u00e9minine, le Dong Quai aide \u00e9galement \u00e0 r\u00e9soudre les probl\u00e8mes de m\u00e9nopause et les probl\u00e8mes menstruels. Il est \u00e9galement efficace pour la<strong> fertilit\u00e9 masculine<\/strong>.<\/span><\/p>\n<h2 style=\"text-align: justify\"><span style=\"color: #000000\">Quels sont les principaux principes actifs du Dong Quai ?<\/span><\/h2>\n<p style=\"text-align: justify\"><span style=\"color: #000000\">Le Dong Quai est riche en <strong>acide folique, folinique et nicotinique<\/strong>, enrichi en <strong>vitamine B12<\/strong>, et contient \u00e9galement des niveaux \u00e9lev\u00e9s de<strong>vitamines A et E, de carot\u00e8ne, de biotine<\/strong> et d&rsquo;<strong>acide pantoth\u00e9nique<\/strong>. Elle est utilis\u00e9e pour traiter les sympt\u00f4mes pr\u00e9menstruels et m\u00e9nopausiques car elle contient des substances qui peuvent soulager l&rsquo;inconfort, dilater les vaisseaux sanguins et d\u00e9tendre les muscles ut\u00e9rins. Le <strong>cobalt<\/strong>, \u00e9galement pr\u00e9sent dans la racine d&rsquo;ang\u00e9lique, associ\u00e9 \u00e0 la vitamine B12, contribue \u00e0 renforcer le sang.<\/span><\/p>\n<p style=\"text-align: justify\"><span style=\"color: #000000\">L&rsquo;\u00e9l\u00e9ment le plus important pour l&rsquo;\u00e9quilibre des hormones f\u00e9minines est l&rsquo;hormone \u0153strog\u00e8ne, qui peut \u00eatre remplac\u00e9e par un groupe de substances chimiques appel\u00e9es<strong> phyto-\u0153strog\u00e8nes<\/strong>. Or, l&rsquo;ang\u00e9lique contient une grande quantit\u00e9 de phyto-\u0153strog\u00e8nes. En outre, des \u00e9tudes montrent que le Dong Quai agit comme un r\u00e9gulateur \u00e0 double sens, en inhibant la s\u00e9cr\u00e9tion excessive d&rsquo;\u0153strog\u00e8nes ou en stimulant la s\u00e9cr\u00e9tion insuffisante d&rsquo;\u0153strog\u00e8nes.<\/span><\/p>\n<p style=\"text-align: justify\"><span style=\"color: #000000\">Le Dong Quai est \u00e9galement un <strong>\u00ab\u00a0tonique de beaut\u00e9\u00a0\u00bb<\/strong> pour la peau, car il favorise la circulation sanguine dans la peau et est utilis\u00e9 pour un teint beau et \u00e9clatant. Il aide \u00e0 traiter la neurodermite, l&rsquo;alop\u00e9cie, l&rsquo;urticaire, l&rsquo;ecz\u00e9ma, les d\u00e9mangeaisons, \u00e0 \u00e9liminer les imperfections de la peau, etc.<\/span><\/p>\n<p style=\"text-align: justify\"><span style=\"color: #000000\">Des \u00e9tudes ont montr\u00e9 que la combinaison du Dong Quai et de l&rsquo;Astragale a un effet positif, r\u00e9duisant \u00e0 la fois le taux de mauvais cholest\u00e9rol et le taux global de cholest\u00e9rol \u00e9lev\u00e9.<\/span><\/p>\n<h2 style=\"text-align: justify\"><span style=\"color: #000000\">Quelles sont les principales propri\u00e9t\u00e9s du Dong Quai ?<\/span><\/h2>\n<p><span style=\"color: #000000\"> \ud83d\udc9a Un puissant <strong>antioxydant<\/strong>,<\/span><\/p>\n<p><span style=\"color: #000000\"> \ud83d\udc9a a <strong>nti-inflammatoire<\/strong>,<\/span><\/p>\n<p><span style=\"color: #000000\"> \ud83d\udc9a r\u00e9gule les <strong>hormones f\u00e9minines<\/strong>,<\/span><\/p>\n<p><span style=\"color: #000000\"> \ud83d\udc9a soulage les <strong>sympt\u00f4mes pr\u00e9menstruels<\/strong>,<\/span><\/p>\n<p><span style=\"color: #000000\"> \ud83d\udc9a am\u00e9liore la <strong>circulation sangu<\/strong>ine,<\/span><\/p>\n<p><span style=\"color: #000000\"> \ud83d\udc9a agit comme un agent pr\u00e9ventif contre les<strong>crises cardiaques<\/strong> et l&rsquo;<strong>hypertension<\/strong>,<\/span><\/p>\n<p><span style=\"color: #000000\"> \ud83d\udc9a r\u00e9duit le risque de <strong>maladie cardiaque<\/strong>,<\/span><\/p>\n<p><span style=\"color: #000000\"> \ud83d\udc9a r\u00e9gule le <strong>cholest\u00e9rol<\/strong> et la <strong>tension art\u00e9rielle<\/strong>,<\/span><\/p>\n<p><span style=\"color: #000000\"> \ud83d\udc9a aide \u00e0 lutter contre l <strong>&lsquo;an\u00e9mie<\/strong>,<\/span><\/p>\n<p><span style=\"color: #000000\"> \ud83d\udc9a aide \u00e0 soulager les <strong>maux de t\u00eate<\/strong>,<\/span><\/p>\n<p><span style=\"color: #000000\"> \ud83d\udc9a aide \u00e0 la <strong>d\u00e9sintoxication<\/strong>,<\/span><\/p>\n<p><span style=\"color: #000000\"> \ud83d\udc9a est un <strong>aphrodisiaque<\/strong>,<\/span><\/p>\n<p><span style=\"color: #000000\"> \ud83d\udc9a favorise la <strong>fertilit\u00e9 masculine<\/strong>,<\/span><\/p>\n<p><span style=\"color: #000000\"> \ud83d\udc9a augmente l&rsquo;<strong>\u00e9nergie<\/strong>,<\/span><\/p>\n<p><span style=\"color: #000000\"> \ud83d\udc9a pr\u00e9vient l&rsquo;<strong>ost\u00e9oporose<\/strong> en renfor\u00e7ant les os,<\/span><\/p>\n<p><span style=\"color: #000000\"> \ud83d\udc9a r\u00e9duit les <strong>douleurs articulaires<\/strong>,<\/span><\/p>\n<p><span style=\"color: #000000\"> \ud83d\udc9a pr\u00e9vient l&rsquo;<strong>inflammation chronique du tractus gastro-intestinal<\/strong>,<\/span><\/p>\n<p><span style=\"color: #000000\"> \ud83d\udc9a aide \u00e0 am\u00e9liorer les conditions d&rsquo;inflammation du<strong>syst\u00e8me nerveux<\/strong> (par exemple, la neurodermite),<\/span><\/p>\n<p><span style=\"color: #000000\"> \ud83d\udc9a am\u00e9liore l&rsquo;<strong>\u00e9tat de la peau<\/strong>.<\/span><\/p>\n<h2 style=\"text-align: justify\"><span style=\"color: #000000\">Stockage et avertissements<\/span><\/h2>\n<p style=\"text-align: justify\"><span style=\"color: #000000\">Conserver dans un endroit frais et sec, \u00e0 une temp\u00e9rature maximale de 25 \u00b0C. Tenir hors de port\u00e9e des enfants !<\/span><\/p>\n<p style=\"text-align: justify\"><span style=\"color: #000000\">N&rsquo;oubliez pas l&rsquo;importance d&rsquo;une alimentation vari\u00e9e et d&rsquo;un mode de vie sain, un compl\u00e9ment alimentaire ne peut donc pas se substituer \u00e0 une alimentation \u00e9quilibr\u00e9e et vari\u00e9e. La peau peut devenir trop sensible aux rayons du soleil si le compl\u00e9ment est pris en grande quantit\u00e9.<\/span><\/p>\n<p style=\"text-align: justify\"><span style=\"color: #000000\">Il est d\u00e9conseill\u00e9 aux femmes enceintes et \u00e0 celles qui allaitent d&rsquo;utiliser ce produit. L&rsquo;utilisation de ce produit est \u00e9galement d\u00e9conseill\u00e9e aux personnes qui prennent des m\u00e9dicaments anticoagulants. Il est recommand\u00e9 de consulter son m\u00e9decin pour plus d&rsquo;informations en cas de probl\u00e8mes de sant\u00e9.<\/span><\/p>\n<h2 style=\"text-align: justify\"><span style=\"color: #000000\">Conditionnement<\/span><\/h2>\n<p style=\"text-align: justify\"><span style=\"color: #000000\">Sachet zip-lock imperm\u00e9able o\u00f9 le produit conserve toute sa fra\u00eecheur et son ar\u00f4me. L&#8217;emballage prot\u00e8ge de la lumi\u00e8re et de l&rsquo;air, car il est compos\u00e9 de plusieurs couches de protection qui pr\u00e9servent les propri\u00e9t\u00e9s du contenu.<\/span><\/p>\n<p style=\"text-align: justify\"><span style=\"color: #000000\">L&#8217;emballage est tr\u00e8s pratique et recyclable.<\/span><\/p>\n<h2 style=\"text-align: justify\"><span style=\"color: #000000\">Origine du produit<\/span><\/h2>\n<p style=\"text-align: justify\"><span style=\"color: #000000\">Chine<\/span><\/p>\n<p><span style=\"color: #000000\">Nous avons des fournisseurs tr\u00e8s fiables qui nous envoient une analyse chimique d\u00e9taill\u00e9e de la denr\u00e9e alimentaire pour chaque lot. En plus de dix ans, nous n&rsquo;avons jamais eu de rappel ou d&rsquo;autre probl\u00e8me avec cet article, ni avec d&rsquo;autres articles du m\u00eame fournisseur.<\/span><\/p>\n<p><span style=\"color: #000000\">L&rsquo;article est certifi\u00e9 biologique \u00e0 100 %.<\/span><\/p>\n","protected":false},"excerpt":{"rendered":"<p>Le Dong Quai est une ancienne plante chinoise, \u00e9galement connue sous le nom d&rsquo;Angelica sinensis (ang\u00e9lique chinoise) et \u00e9galement appel\u00e9e Dang Gui (prononc\u00e9 tang Kuei), et est l&rsquo;une des plantes les plus importantes dans le monde occidental. Les racines s\u00e9ch\u00e9es d&rsquo;ang\u00e9lique sont principalement utilis\u00e9es dans la m\u00e9decine traditionnelle chinoise pour traiter les probl\u00e8mes gyn\u00e9cologiques, l&rsquo;an\u00e9mie mod\u00e9r\u00e9e, l&rsquo;hypertension art\u00e9rielle et la fatigue.<\/p>\n<p>\ud83d\udc9a Anti-inflammatoire<br \/>\n\ud83d\udc9a R\u00e9duit le risque de maladie cardiaque<br \/>\n\ud83d\udc9a Am\u00e9liore l&rsquo;\u00e9tat de la peau<br \/>\n\ud83d\udc9a Pr\u00e9vient l&rsquo;inflammation chronique du tractus gastro-intestinal<br \/>\n\ud83d\udc9a Soulage les sympt\u00f4mes pr\u00e9menstruels<\/p>\n","protected":false},"featured_media":6951,"comment_status":"open","ping_status":"closed","template":"","meta":{"_acf_changed":false},"product_brand":[],"product_cat":[224,231,225],"product_tag":[],"class_list":{"0":"post-6950","1":"product","2":"type-product","3":"status-publish","4":"has-post-thumbnail","6":"product_cat-offre","7":"product_cat-superaliments","8":"product_cat-tous-les-produits","10":"first","11":"instock","12":"sale","13":"taxable","14":"shipping-taxable","15":"purchasable","16":"product-type-simple"},"acf":[],"_links":{"self":[{"href":"https:\/\/fengchashop.com\/fr\/wp-json\/wp\/v2\/product\/6950","targetHints":{"allow":["GET"]}}],"collection":[{"href":"https:\/\/fengchashop.com\/fr\/wp-json\/wp\/v2\/product"}],"about":[{"href":"https:\/\/fengchashop.com\/fr\/wp-json\/wp\/v2\/types\/product"}],"replies":[{"embeddable":true,"href":"https:\/\/fengchashop.com\/fr\/wp-json\/wp\/v2\/comments?post=6950"}],"wp:featuredmedia":[{"embeddable":true,"href":"https:\/\/fengchashop.com\/fr\/wp-json\/wp\/v2\/media\/6951"}],"wp:attachment":[{"href":"https:\/\/fengchashop.com\/fr\/wp-json\/wp\/v2\/media?parent=6950"}],"wp:term":[{"taxonomy":"product_brand","embeddable":true,"href":"https:\/\/fengchashop.com\/fr\/wp-json\/wp\/v2\/product_brand?post=6950"},{"taxonomy":"product_cat","embeddable":true,"href":"https:\/\/fengchashop.com\/fr\/wp-json\/wp\/v2\/product_cat?post=6950"},{"taxonomy":"product_tag","embeddable":true,"href":"https:\/\/fengchashop.com\/fr\/wp-json\/wp\/v2\/product_tag?post=6950"}],"curies":[{"name":"wp","href":"https:\/\/api.w.org\/{rel}","templated":true}]}}