{"id":6946,"date":"2022-10-01T10:40:23","date_gmt":"2022-10-01T08:40:23","guid":{"rendered":"https:\/\/fengchashop.com\/fr\/product\/argousier-bio-250-g\/"},"modified":"2026-04-15T14:42:47","modified_gmt":"2026-04-15T12:42:47","slug":"argousier-bio","status":"publish","type":"product","link":"https:\/\/fengchashop.com\/fr\/product\/argousier-bio\/","title":{"rendered":"Argousier BIO 250 g"},"content":{"rendered":"<h2 style=\"text-align: justify\"><span style=\"color: #000000\">Poudre d&rsquo;argousier BIO<\/span><\/h2>\n<p style=\"text-align: justify\"><span style=\"color: #000000\">L&rsquo;<strong>argousier<\/strong> est un arbuste \u00e0 feuilles caduques et \u00e0 \u00e9pines qui pousse dans le monde entier, mais surtout en Asie centrale et occidentale (Chine, Sib\u00e9rie, Inde, etc.) et en Europe septentrionale et centrale (Finlande, Angleterre, Allemagne, Pologne, etc.). Il s&rsquo;agit d&rsquo;une plante qui <strong>ne n\u00e9cessite pas de conditions de croissance particuli\u00e8res<\/strong> et qui prosp\u00e8re aussi bien dans les zones de haute montagne qu&rsquo;en bord de mer.<\/span><\/p>\n<p style=\"text-align: justify\"><span style=\"color: #000000\">La forme des feuilles de l&rsquo;argousier ressemble \u00e0 celle de l&rsquo;olivier. Les <strong>fruits<\/strong> m\u00fbrissent sur le buisson et <strong>sont de couleur jaune-orange<\/strong>. Le meilleur moment pour cueillir les fruits ou les baies se situe au d\u00e9but de l&rsquo;automne. Les <strong>fruits<\/strong> doivent \u00eatre soigneusement retir\u00e9s de la branche, car les <strong>fruits de l&rsquo;argousier sont tr\u00e8s importants car ils contiennent un jus m\u00e9dicinal riche en vitamine C<\/strong>. Son go\u00fbt est juteux et l\u00e9g\u00e8rement acide. La plante enti\u00e8re a des propri\u00e9t\u00e9s positives pour la sant\u00e9 et l&rsquo;usage g\u00e9n\u00e9ral, y compris les cosm\u00e9tiques, et les feuilles, les fruits, les branches et la racine sont utiles.<\/span><\/p>\n<p style=\"text-align: justify\"><span style=\"color: #000000\">L&rsquo;histoire de ses effets m\u00e9dicinaux remonte \u00e0 la <strong>Gr\u00e8ce antique<\/strong>, o\u00f9 les branches de l&rsquo;argousier \u00e9taient donn\u00e9es aux chevaux pour les maintenir en forme. En outre, l&rsquo;argousier \u00e9tait utilis\u00e9 par les soldats pour am\u00e9liorer leur endurance au combat. Le <strong>\u00ab\u00a0rGyud Bzi\u00a0\u00bb<\/strong> est un livre m\u00e9dical tib\u00e9tain \u00e9crit au 8e si\u00e8cle, qui contient les <strong>premi\u00e8res informations sur les effets m\u00e9dicinaux de l&rsquo;arg<\/strong>ousier. Des recherches ult\u00e9rieures men\u00e9es en Russie ont confirm\u00e9 ses effets curatifs.<\/span><\/p>\n<h2 style=\"text-align: justify\"><span style=\"color: #000000\">Quelles sont les principales propri\u00e9t\u00e9s de l&rsquo;argousier ?<\/span><\/h2>\n<p style=\"text-align: justify\"><span style=\"color: #000000\">L&rsquo;argousier emmagasine toute l&rsquo;\u00e9nergie solaire dans ses fruits, qui contiennent une myriade de substances bioactives telles que des <strong>acides gras essentiels, des vitamines, des carot\u00e9no\u00efdes, des phytost\u00e9rols, des flavono\u00efdes et des tocotri\u00e9nols<\/strong>.<\/span><\/p>\n<p style=\"text-align: justify\"><span style=\"color: #000000\">Parmi les acides gras essentiels, la meilleure source se trouve dans les v\u00e9g\u00e9taux, \u00e0 savoir les<strong> acides gras om\u00e9ga-7 (acide palmitique)<\/strong>. Cependant, d&rsquo;autres acides gras tr\u00e8s importants pour nous sont extraits du fruit de l&rsquo;argousier par des m\u00e9thodes sp\u00e9ciales, \u00e0 savoir les acides gras om\u00e9ga-3 (acide \u03b1-linol\u00e9nique), om\u00e9ga-6 (acide linol\u00e9nique) et om\u00e9ga-9 (acide ol\u00e9ique).<\/span><\/p>\n<p style=\"text-align: justify\"><span style=\"color: #000000\">L&rsquo;argousier est enrichi en vitamines, notamment en <strong>vitamine C<\/strong>, 10 fois plus abondante que dans les citrons. La peau du fruit est riche en vitamine B-12, mais aussi en vitamines B, B1, B2, B3 et B9. Les <strong>vitamines A et E<\/strong> sont \u00e9galement importantes, car elles <strong>prot\u00e8gent la peau contre les dangereux radicaux libres<\/strong>. L&rsquo;<strong>huile<\/strong> contenue dans le <strong>fruit<\/strong> a \u00e9galement des effets positifs sur notre sant\u00e9, car elle <strong>est riche en acides amin\u00e9s, en min\u00e9raux, en acides gras essentiels et en photost\u00e9rols<\/strong>.<\/span><\/p>\n<p style=\"text-align: justify\"><span style=\"color: #000000\">Le composant le plus important de l&rsquo;argousier est la <strong>querc\u00e9tine<\/strong>, un flavono\u00efde, un compos\u00e9 polyph\u00e9nolique naturel que l&rsquo;on trouve dans les fruits et les l\u00e9gumes. C&rsquo;est un <strong>antioxydant puissant qui a des effets anti-inflammatoires et anti-tumoraux<\/strong>, <strong>augmentant la force du muscle cardiaque tout en am\u00e9liorant le flux sanguin<\/strong>.<\/span><\/p>\n<p style=\"text-align: justify\"><span style=\"color: #000000\">D&rsquo;autres composants tout aussi importants de l&rsquo;argousier sont les min\u00e9raux phosphore, potassium et fer, en particulier le magn\u00e9sium et le calcium, qui sont essentiels.<\/span><\/p>\n<p style=\"text-align: justify\"><span style=\"color: #000000\">Notre poudre d&rsquo;argousier est issue de l&rsquo;agriculture biologique et constitue un <strong>antioxydant naturel<\/strong>. C&rsquo;est une v\u00e9ritable source de force car elle <strong>renforce l&rsquo;organisme<\/strong>, notamment le <strong>syst\u00e8me nerveux<\/strong>.<\/span><\/p>\n<h2 style=\"text-align: justify\"><span style=\"color: #000000\">Quels sont les bienfaits de l&rsquo;argousier pour la sant\u00e9 ?<\/span><\/h2>\n<p style=\"text-align: justify\"><span style=\"color: #000000\">Gr\u00e2ce \u00e0 leur teneur \u00e9lev\u00e9e en antioxydants, les extraits de fruits d&rsquo;argousier contribuent \u00e0 renforcer le syst\u00e8me immunitaire, \u00e0 gu\u00e9rir les saignements des gencives, \u00e0 r\u00e9parer les cellules endommag\u00e9es, \u00e0 soigner les maladies de la peau, \u00e0 prot\u00e9ger la peau contre les br\u00fblures et l&rsquo;ecz\u00e9ma et contre les rayons UV, et \u00e0 soigner les blessures,&#8230;<\/span><\/p>\n<p style=\"text-align: justify\"><span style=\"color: #000000\">Les <strong>acides gras om\u00e9ga-7 sont extr\u00eamement importants<\/strong><strong>pour la r\u00e9paration des tissus<\/strong> tels que les muqueuses et la peau, car ils hydratent la peau et ralentissent le vieillissement. Les om\u00e9ga-7 prot\u00e8gent \u00e9galement l&rsquo;intestin et l&rsquo;estomac des l\u00e9sions des muqueuses telles que la gastrite, la colite et le chol\u00e9ra, et contribuent \u00e0 l&rsquo;hydratation de la muqueuse dess\u00e9ch\u00e9e du vagin.<\/span><\/p>\n<p style=\"text-align: justify\"><span style=\"color: #000000\"><em><strong>Des effets b\u00e9n\u00e9fiques sur notre sant\u00e9 et notre corps :<\/strong><\/em><\/span><\/p>\n<p><span style=\"color: #000000\"> \ud83d\udc9a C&rsquo;est un <strong>puissant antioxydant<\/strong>,<\/span><\/p>\n<p><span style=\"color: #000000\"> \ud83d\udc9a renforce le <strong>syst\u00e8me immunitaire<\/strong>,<\/span><\/p>\n<p><span style=\"color: #000000\"> \ud83d\udc9a a un <strong>effet anti-inflammatoire<\/strong>,<\/span><\/p>\n<p><span style=\"color: #000000\">\ud83d\udc9a r\u00e9gule la <strong>tension art\u00e9rielle, le cholest\u00e9rol et la glyc\u00e9mie<\/strong>,<\/span><\/p>\n<p><span style=\"color: #000000\"> \ud83d\udc9a traite les <strong>maladies de la peau<\/strong> (inflammations, br\u00fblures, ecz\u00e9ma, psoriasis, dermatite&#8230;),<\/span><\/p>\n<p><span style=\"color: #000000\"> \ud83d\udc9a soigner les <strong>blessures de la peau<\/strong> (cicatriser les plaies et r\u00e9duire la douleur),<\/span><\/p>\n<p><span style=\"color: #000000\"> \ud83d\udc9a a un effet <strong>rajeunissant<\/strong>,<\/span><\/p>\n<p><span style=\"color: #000000\">\ud83d\udc9a r\u00e9g\u00e9n\u00e8re les <strong>cellules endommag\u00e9es<\/strong>,<\/span><\/p>\n<p><span style=\"color: #000000\">\ud83d\udc9a aide \u00e0 soulager <strong>les pieds enfl\u00e9s<\/strong>,<\/span><\/p>\n<p><span style=\"color: #000000\">\ud83d\udc9a prot\u00e8ge le <strong>foie et l&rsquo;appareil digestif<\/strong>,<\/span><\/p>\n<p><span style=\"color: #000000\"> \ud83d\udc9a a pour fonction de maintenir le <strong>c\u0153ur et le syst\u00e8me vasculaire en bonne sant\u00e9<\/strong>,<\/span><\/p>\n<p><span style=\"color: #000000\">\ud83d\udc9a prot\u00e8ge contre le <strong>saignement des gencives<\/strong>,<\/span><\/p>\n<p><span style=\"color: #000000\">\ud83d\udc9a aide \u00e0 lutter contre la<strong> grippe, la pneumonie, la dipht\u00e9rie<\/strong>, etc.<\/span><\/p>\n<p><span style=\"color: #000000\"> \ud83d\udc9a prot\u00e8ge les <strong>yeux secs et irrit\u00e9s<\/strong>,<\/span><\/p>\n<p><span style=\"color: #000000\">\ud83d\udc9a soulage les <strong>sympt\u00f4mes de la fatigue chronique<\/strong>,<\/span><\/p>\n<p><span style=\"color: #000000\">\ud83d\udc9a am\u00e9liore la <strong>libido<\/strong>,<\/span><\/p>\n<p><span style=\"color: #000000\">\ud83d\udc9a att\u00e9nue les <strong>sympt\u00f4mes de la m\u00e9nopause<\/strong>,<\/span><\/p>\n<p><span style=\"color: #000000\">\ud83d\udc9a soulage le <strong>stress et l&rsquo;anxi\u00e9t\u00e9<\/strong>,<\/span><\/p>\n<p><span style=\"color: #000000\"> \ud83d\udc9a a <strong>nti-tumorale<\/strong>.<\/span><\/p>\n<h2 style=\"text-align: justify\"><span style=\"color: #000000\">Stockage et mises en garde<\/span><\/h2>\n<p style=\"text-align: justify\"><span style=\"color: #000000\">Conserver dans un endroit frais et sec \u00e0 une temp\u00e9rature maximale de 25 \u00b0C. Tenir hors de port\u00e9e des enfants !<\/span><br \/>\n<span style=\"color: #000000\">N&rsquo;oubliez pas l&rsquo;importance d&rsquo;une alimentation vari\u00e9e et d&rsquo;un mode de vie sain. Un compl\u00e9ment alimentaire ne peut donc pas se substituer \u00e0 une alimentation \u00e9quilibr\u00e9e et vari\u00e9e. La quantit\u00e9 ou la dose journali\u00e8re recommand\u00e9e ne doit pas \u00eatre d\u00e9pass\u00e9e.<\/span><\/p>\n<p style=\"text-align: justify\"><span style=\"color: #000000\">Le sirop et le jus d&rsquo;argousier peuvent agir comme des stimulants, c&rsquo;est pourquoi leur utilisation est d\u00e9conseill\u00e9e le soir.<\/span><\/p>\n<p style=\"text-align: justify\"><span style=\"color: #000000\">Il est recommand\u00e9 de prendre de petites quantit\u00e9s pendant les premiers mois de la grossesse.<\/span><\/p>\n<p style=\"text-align: justify\"><span style=\"color: #000000\">Il est important de ne pas prendre l&rsquo;argousier en m\u00eame temps qu&rsquo;un m\u00e9dicament anticoagulant.<\/span><\/p>\n<h2 style=\"text-align: justify\"><span style=\"color: #000000\">Conditionnement<\/span><\/h2>\n<p style=\"text-align: justify\"><span style=\"color: #000000\">Sachet zip-lock non perm\u00e9able, dans lequel le produit conserve toute sa fra\u00eecheur et son ar\u00f4me. L&#8217;emballage prot\u00e8ge de la lumi\u00e8re et de l&rsquo;air, car il est compos\u00e9 de plusieurs couches de protection qui pr\u00e9servent les propri\u00e9t\u00e9s du contenu.<\/span><\/p>\n<p style=\"text-align: justify\"><span style=\"color: #000000\">L&#8217;emballage est tr\u00e8s pratique et recyclable.<\/span><\/p>\n<h2 style=\"text-align: justify\"><span style=\"color: #000000\">L&rsquo;origine<\/span><\/h2>\n<p style=\"text-align: justify\"><span style=\"color: #000000\">Chine. <\/span>Nous avons des fournisseurs tr\u00e8s fiables qui nous envoient une analyse chimique d\u00e9taill\u00e9e de la denr\u00e9e alimentaire pour chaque lot. En plus de dix ans, nous n\u2019avons jamais eu de rappel ou d\u2019autre probl\u00e8me avec cet article, ni avec d\u2019autres articles du m\u00eame fournisseur.<\/p>\n<p>L\u2019article est certifi\u00e9 biologique \u00e0 100 %.<\/p>\n<p style=\"text-align: justify\"><span style=\"color: #000000\">\u00a0<\/span><\/p>\n","protected":false},"excerpt":{"rendered":"<p><span style=\"color: #000000\">Le cornouiller, ou \u00e9pine de mer, est un arbuste \u00e0 feuilles caduques et \u00e0 \u00e9pines. Les fruits de l&rsquo;argousier sont tr\u00e8s importants car ils contiennent un jus m\u00e9dicinal, riche en vitamine C. Son go\u00fbt est juteux et l\u00e9g\u00e8rement acide. L&rsquo;argousier stocke toute l&rsquo;\u00e9nergie solaire dans ses fruits, qui contiennent une myriade de substances bioactives telles que des acides gras essentiels, des vitamines, des carot\u00e9no\u00efdes, des phytost\u00e9rols, des flavono\u00efdes et des tocotri\u00e9nols. Les acides gras om\u00e9ga-7 sont extr\u00eamement importants pour la r\u00e9paration des tissus tels que les muqueuses et la peau, car ils hydratent la peau et ralentissent le vieillissement. L&rsquo;huile contenue dans le fruit a \u00e9galement des effets positifs sur notre sant\u00e9, car elle est riche en acides amin\u00e9s, en min\u00e9raux, en acides gras essentiels et en photost\u00e9rols.<\/span><\/p>\n<p><span style=\"color: #000000\">\ud83d\udc9a Elle poss\u00e8de de grandes propri\u00e9t\u00e9s anti-inflammatoires, anti-tumorales et antioxydantes.<\/span><br \/>\n<span style=\"color: #000000\"> \ud83d\udc9a Il abaisse le taux de sucre et de cholest\u00e9rol dans le sang et r\u00e9gule la tension art\u00e9rielle.<\/span><br \/>\n<span style=\"color: #000000\">\ud83d\udc9a Il augmente la force du muscle cardiaque et am\u00e9liore en m\u00eame temps la circulation sanguine.<\/span><br \/>\n<span style=\"color: #000000\"> \ud83d\udc9a Prot\u00e8ge la peau contre les dangereux radicaux libres (gu\u00e9rit les maladies de la peau et les dommages cutan\u00e9s).<\/span><br \/>\n<span style=\"color: #000000\"> \ud83d\udc9a Prot\u00e8ge contre les saignements des gencives.<\/span><\/p>\n","protected":false},"featured_media":6947,"comment_status":"open","ping_status":"closed","template":"","meta":{"_acf_changed":false},"product_brand":[],"product_cat":[15,224,231,225],"product_tag":[],"class_list":{"0":"post-6946","1":"product","2":"type-product","3":"status-publish","4":"has-post-thumbnail","6":"product_cat-uncategorized","7":"product_cat-offre","8":"product_cat-superaliments","9":"product_cat-tous-les-produits","11":"first","12":"instock","13":"sale","14":"taxable","15":"shipping-taxable","16":"purchasable","17":"product-type-simple"},"acf":[],"_links":{"self":[{"href":"https:\/\/fengchashop.com\/fr\/wp-json\/wp\/v2\/product\/6946","targetHints":{"allow":["GET"]}}],"collection":[{"href":"https:\/\/fengchashop.com\/fr\/wp-json\/wp\/v2\/product"}],"about":[{"href":"https:\/\/fengchashop.com\/fr\/wp-json\/wp\/v2\/types\/product"}],"replies":[{"embeddable":true,"href":"https:\/\/fengchashop.com\/fr\/wp-json\/wp\/v2\/comments?post=6946"}],"wp:featuredmedia":[{"embeddable":true,"href":"https:\/\/fengchashop.com\/fr\/wp-json\/wp\/v2\/media\/6947"}],"wp:attachment":[{"href":"https:\/\/fengchashop.com\/fr\/wp-json\/wp\/v2\/media?parent=6946"}],"wp:term":[{"taxonomy":"product_brand","embeddable":true,"href":"https:\/\/fengchashop.com\/fr\/wp-json\/wp\/v2\/product_brand?post=6946"},{"taxonomy":"product_cat","embeddable":true,"href":"https:\/\/fengchashop.com\/fr\/wp-json\/wp\/v2\/product_cat?post=6946"},{"taxonomy":"product_tag","embeddable":true,"href":"https:\/\/fengchashop.com\/fr\/wp-json\/wp\/v2\/product_tag?post=6946"}],"curies":[{"name":"wp","href":"https:\/\/api.w.org\/{rel}","templated":true}]}}