{"id":6930,"date":"2022-08-19T05:47:44","date_gmt":"2022-08-19T03:47:44","guid":{"rendered":"https:\/\/fengchashop.com\/fr\/product\/guayusa-bio-100-g\/"},"modified":"2026-04-17T23:55:14","modified_gmt":"2026-04-17T21:55:14","slug":"guayusa-bio","status":"publish","type":"product","link":"https:\/\/fengchashop.com\/fr\/product\/guayusa-bio\/","title":{"rendered":"Guayusa BIO 100 g"},"content":{"rendered":"<h2><span style=\"color: #000000\">Guayusa BIO<\/span><\/h2>\n<p><span style=\"color: #000000\">Guayusa, prononc\u00e9 ghwy-you-sa, signifie \u00ab\u00a0veilleur de nuit\u00a0\u00bb, car il est parfois utilis\u00e9 pour emp\u00eacher les gens de dormir. C&rsquo;est le nom donn\u00e9 par le peuple Kichwa \u00e0 l&rsquo;arbre \u00e0 feuilles persistantes dont les <strong>feuilles sont utilis\u00e9es pour faire du th\u00e9<\/strong>. Les arbres guayusa, \u00e9galement appel\u00e9s guayusa (Ilex guayusa), mesurent de 6 \u00e0 30 m\u00e8tres de haut et ont des feuilles allong\u00e9es d&rsquo;un vert brillant.<\/span><\/p>\n<p><span style=\"color: #000000\">Les premi\u00e8res d\u00e9couvertes prouvent que le peuple indig\u00e8ne Kichwa a commenc\u00e9 \u00e0 cultiver le guayusa il y a 1 000 ans. Le Guayusa est probablement la <strong>feuille de th\u00e9 la plus caf\u00e9in\u00e9e au<\/strong> monde, puisqu&rsquo;elle contient jusqu&rsquo;\u00e0 7,6 % de caf\u00e9ine !<\/span><\/p>\n<p><span style=\"color: #000000\">Le Guayusa est tr\u00e8s r\u00e9pandu dans la jungle amazonienne, mais c&rsquo;est en \u00c9quateur qu&rsquo;il est le plus cultiv\u00e9. Ses feuilles sont <strong>traditionnellement r\u00e9colt\u00e9es, s\u00e9ch\u00e9es et utilis\u00e9es pour pr\u00e9parer une tisane<\/strong>, appr\u00e9ci\u00e9e pour sa <strong>teneur \u00e9lev\u00e9e en caf\u00e9ine et en antioxydants<\/strong>.<\/span><\/p>\n<p><span style=\"color: #000000\">Certains consid\u00e8rent que le guayusa pr\u00e9sente d&rsquo;autres avantages. Il est riche <strong>en vitamines, en acides amin\u00e9s et en antioxydants<\/strong>. En outre, il contient des compos\u00e9s tels que la <strong>th\u00e9obromine<\/strong>, \u00e9galement pr\u00e9sente dans le cacao et connue pour ses propri\u00e9t\u00e9s <strong>stimulantes<\/strong>.<\/span><\/p>\n<h2><span style=\"color: #000000\">Qu&rsquo;est-ce que le th\u00e9 guayusa ?<\/span><\/h2>\n<p><span style=\"color: #000000\">Le guayusa est une boisson \u00e0 base de plantes, souvent pr\u00e9sent\u00e9e comme une <strong>source d&rsquo;\u00e9nergie plus saine que le caf\u00e9 et les boissons \u00e9nergisantes<\/strong>.<\/span><\/p>\n<p><span style=\"color: #000000\">Le peuple indig\u00e8ne Kichwa, qui parle une langue indig\u00e8ne de la for\u00eat amazonienne, boit du th\u00e9 guayusa depuis des centaines d&rsquo;ann\u00e9es dans le cadre de c\u00e9r\u00e9monies rituelles de chasse afin d&rsquo;acqu\u00e9rir une clart\u00e9 spirituelle et de se pr\u00e9parer physiquement \u00e0 la vie exigeante de la for\u00eat amazonienne. Les indig\u00e8nes \u00e9quatoriens l&rsquo;utilisent surtout au moment du coucher pour se connecter \u00e0 des \u00e9tats de conscience sup\u00e9rieurs.<\/span><\/p>\n<p><span style=\"color: #000000\">Il est \u00e9galement <strong>d\u00e9pourvu d&rsquo;amertume et de duret\u00e9 de go\u00fbt<\/strong>, car il est presque enti\u00e8rement d\u00e9pourvu de tanins, ce qui permet \u00e9galement aux <strong>feuilles d&rsquo;\u00eatre irrigu\u00e9es \u00e0 plusieurs reprises<\/strong>. Au lieu de cela, il a un <strong>go\u00fbt vif et sucr\u00e9<\/strong> qui est merveilleux seul ou en combinaison avec du lait de soja, de riz ou de noix.<\/span><\/p>\n<h2><span style=\"color: #000000\">Les effets du guayusa<\/span><\/h2>\n<p><span style=\"color: #000000\">Le th\u00e9 de guayusa a un effet int\u00e9ressant : d&rsquo;une part, <strong>il est stimulant<\/strong> en raison de sa teneur \u00e9lev\u00e9e en caf\u00e9ine, d&rsquo;autre part, il <strong>procure un calme et un \u00e9quilibre agr\u00e9ables<\/strong>, probablement gr\u00e2ce aux compos\u00e9s qui l&rsquo;accompagnent, tels que la L-th\u00e9anine et la th\u00e9obromine.<\/span><\/p>\n<p><span style=\"color: #000000\">Le guayusa peut am\u00e9liorer l&rsquo;<strong>\u00e9tat mental et la concentration<\/strong>. Il contient une grande quantit\u00e9 de caf\u00e9ine, connue pour \u00eatre un stimulant, ainsi que de la th\u00e9obromine, un alcalo\u00efde dont la structure est similaire \u00e0 celle de la caf\u00e9ine. En outre, des aliments tels que le chocolat et la poudre de cacao contiennent de la th\u00e9obromine. Il a \u00e9t\u00e9 d\u00e9montr\u00e9 que la combinaison du caf\u00e9 et de la th\u00e9obromine <strong>am\u00e9liore l&rsquo;humeur, la vigilance et la<\/strong> <strong>concentration<\/strong>, et peut \u00e9galement<strong> am\u00e9liorer les fonctions c\u00e9r\u00e9brales \u00e0 court terme<\/strong>.<\/span><\/p>\n<p><span style=\"color: #000000\">Le guayusa contient un <strong>certain nombre d&rsquo;antioxydants<\/strong>. Ils <strong>r\u00e9duisent le stress oxydatif<\/strong> en combattant les radicaux libres, qui sont des substances chimiques instables dans l&rsquo;organisme. Ils peuvent donc <strong>r\u00e9duire le risque de d\u00e9velopper de nombreuses maladies chroniques<\/strong>. Le guayusa contient les niveaux les plus \u00e9lev\u00e9s d&rsquo;antioxydants polyph\u00e9noliques appel\u00e9s <strong>cat\u00e9chines<\/strong>, qui sont cens\u00e9s <strong>prot\u00e9ger contre les maladies cardiaques, le cancer, le diab\u00e8te de type 2, l&rsquo;ob\u00e9sit\u00e9, les infections bact\u00e9riennes et les maladies<\/strong>, tout en <strong>r\u00e9duisant les niveaux de cholest\u00e9rol et en r\u00e9gulant les niveaux de ph<\/strong>.<\/span><\/p>\n<p><span style=\"color: #000000\">Si votre organisme ne parvient pas \u00e0 transporter efficacement le sucre du sang vers les cellules, vous risquez de souffrir d&rsquo;hyperglyc\u00e9mie. En l&rsquo;absence de traitement, cela peut conduire \u00e0 un diab\u00e8te de type 2. Le guayusa peut <strong>aider \u00e0 r\u00e9duire la glyc\u00e9mie<\/strong>.<\/span><\/p>\n<p><span style=\"color: #000000\">La forte concentration de caf\u00e9ine dans le Guayusa peut <strong>contribuer \u00e0 la perte de poids<\/strong>. Les stimulants naturels tels que la caf\u00e9ine peuvent acc\u00e9l\u00e9rer le m\u00e9tabolisme et augmenter la quantit\u00e9 de calories br\u00fbl\u00e9es par le corps.<\/span><\/p>\n<h2><span style=\"color: #000000\">Stockage et avertissements<\/span><\/h2>\n<p><span style=\"color: #000000\">Conserver dans un endroit sec, sombre et frais. Les feuilles s\u00e9ch\u00e9es doivent \u00eatre conserv\u00e9es dans un sac ou un r\u00e9cipient herm\u00e9tique jusqu&rsquo;\u00e0 leur utilisation.<\/span><\/p>\n<p><span style=\"color: #000000\">Le Guayusa contient naturellement de la caf\u00e9ine.<\/span><\/p>\n<h2><span style=\"color: #000000\">Conditionnement<\/span><\/h2>\n<p><span style=\"color: #000000\">Sachet herm\u00e9tique \u00e0 fermeture \u00e9clair o\u00f9 le produit conserve toute sa fra\u00eecheur et son ar\u00f4me. L&#8217;emballage prot\u00e8ge de la lumi\u00e8re et de l&rsquo;air, car il est compos\u00e9 de plusieurs couches de protection qui pr\u00e9servent les propri\u00e9t\u00e9s du contenu.<\/span><\/p>\n<p><span style=\"color: #000000\">L&#8217;emballage est tr\u00e8s pratique et recyclable.<\/span><\/p>\n<h2><span style=\"color: #000000\">Origine du produit<\/span><\/h2>\n<p><span style=\"color: #000000\">\u00c9quateur<\/span><\/p>\n","protected":false},"excerpt":{"rendered":"<p>Tisane contenant de nombreux principes actifs <strong>pour une vie longue, saine et pleine de vitalit\u00e9<\/strong>. Guayusa, prononc\u00e9 ghwy-you-sa, signifie \u00ab\u00a0veilleur de nuit\u00a0\u00bb car il est parfois utilis\u00e9 pour emp\u00eacher les gens de dormir. C&rsquo;est probablement la <strong>feuille de th\u00e9 la plus caf\u00e9in\u00e9e<\/strong> au monde, <strong>contenant jusqu&rsquo;\u00e0 7,6 % de caf\u00e9ine<\/strong>!<\/p>\n<p>\ud83d\udc9a Stimule l&rsquo;humeur.<\/p>\n<p>\ud83d\udc9a Il est riche en vitamines, en acides amin\u00e9s et en antioxydants.<\/p>\n<p>\ud83d\udc9a Un regain d&rsquo;\u00e9nergie plus sain que le caf\u00e9 et les boissons \u00e9nergisantes.<\/p>\n<p>\ud83d\udc9a Am\u00e9liore l&rsquo;\u00e9tat mental et la concentration.<\/p>\n","protected":false},"featured_media":6931,"comment_status":"open","ping_status":"closed","template":"","meta":{"_acf_changed":false},"product_brand":[],"product_cat":[15,224,242,236,225],"product_tag":[],"class_list":{"0":"post-6930","1":"product","2":"type-product","3":"status-publish","4":"has-post-thumbnail","6":"product_cat-uncategorized","7":"product_cat-offre","8":"product_cat-the","9":"product_cat-the-nourriture-et-epices","10":"product_cat-tous-les-produits","12":"first","13":"instock","14":"sale","15":"taxable","16":"shipping-taxable","17":"purchasable","18":"product-type-simple"},"acf":[],"_links":{"self":[{"href":"https:\/\/fengchashop.com\/fr\/wp-json\/wp\/v2\/product\/6930","targetHints":{"allow":["GET"]}}],"collection":[{"href":"https:\/\/fengchashop.com\/fr\/wp-json\/wp\/v2\/product"}],"about":[{"href":"https:\/\/fengchashop.com\/fr\/wp-json\/wp\/v2\/types\/product"}],"replies":[{"embeddable":true,"href":"https:\/\/fengchashop.com\/fr\/wp-json\/wp\/v2\/comments?post=6930"}],"wp:featuredmedia":[{"embeddable":true,"href":"https:\/\/fengchashop.com\/fr\/wp-json\/wp\/v2\/media\/6931"}],"wp:attachment":[{"href":"https:\/\/fengchashop.com\/fr\/wp-json\/wp\/v2\/media?parent=6930"}],"wp:term":[{"taxonomy":"product_brand","embeddable":true,"href":"https:\/\/fengchashop.com\/fr\/wp-json\/wp\/v2\/product_brand?post=6930"},{"taxonomy":"product_cat","embeddable":true,"href":"https:\/\/fengchashop.com\/fr\/wp-json\/wp\/v2\/product_cat?post=6930"},{"taxonomy":"product_tag","embeddable":true,"href":"https:\/\/fengchashop.com\/fr\/wp-json\/wp\/v2\/product_tag?post=6930"}],"curies":[{"name":"wp","href":"https:\/\/api.w.org\/{rel}","templated":true}]}}