{"id":6903,"date":"2024-07-04T08:55:00","date_gmt":"2024-07-04T06:55:00","guid":{"rendered":"https:\/\/fengchashop.com\/fr\/product\/insomnie-fleur-de-bach\/"},"modified":"2026-01-28T17:45:38","modified_gmt":"2026-01-28T16:45:38","slug":"insomnie-fleur-de-bach","status":"publish","type":"product","link":"https:\/\/fengchashop.com\/fr\/product\/insomnie-fleur-de-bach\/","title":{"rendered":"Fleur de Bach Gouttes Insomnie"},"content":{"rendered":"<h2 style=\"text-align: justify;\"><span style=\"color: #000000;\">Gouttes de Bach contre l&rsquo;insomnie<\/span><\/h2>\n<p style=\"text-align: justify;\"><span style=\"color: #000000;\">L&rsquo;insomnie est un trouble du sommeil dans lequel nous sommes incapables de nous endormir le soir et de dormir profond\u00e9ment pendant une p\u00e9riode prolong\u00e9e afin de r\u00e9pondre \u00e0 nos besoins fondamentaux en mati\u00e8re de sommeil. L&rsquo;<b> insomnie chronique peut nuire \u00e0 la qualit\u00e9 de vie<\/b>. Mais elle peut aussi affecter notre sant\u00e9 mentale et physique. Il est donc de la plus haute importance que nous nous aidions \u00e0 mieux dormir. Ce n&rsquo;est qu&rsquo;ainsi que nous pourrons nous assurer un bien-\u00eatre calme et am\u00e9liorer notre \u00e9nergie vitale. Les gouttes de Bach peuvent nous y aider. Nous avons la solution qu&rsquo;il vous faut.<\/span><\/p>\n<p style=\"text-align: justify;\"><span style=\"color: #000000;\">Les premiers r\u00e9sultats se font sentir au bout de quelques jours ou de quelques semaines, cela d\u00e9pend de chacun. Le m\u00e9lange pr\u00e9par\u00e9 dure 30 jours. Il suffit de les mettre directement dans la bouche ou de les laisser tomber dans un verre d&rsquo;eau. <\/span><\/p>\n<p style=\"text-align: justify;\"><span style=\"color: #000000;\">La th\u00e9rapie des gouttes de Bach nous permettra de mieux dormir, ce qui nous affectera d&rsquo;une mani\u00e8re ou d&rsquo;une autre :<\/span><\/p>\n<ul>\n<li><span style=\"color: #000000;\"><em>s&rsquo;endormir plus facilement et dormir plus paisiblement,<\/em><\/span><\/li>\n<li><span style=\"color: #000000;\"><em>am\u00e9liorer notre \u00e9tat mental et physique en raison de la somnolence,<\/em><\/span><\/li>\n<li><span style=\"color: #000000;\"><em>d&rsquo;affronter plus facilement les d\u00e9fis de la journ\u00e9e,<\/em><\/span><\/li>\n<li><span style=\"color: #000000;\"><em>am\u00e9liorer la concentration au travail,<\/em><\/span><\/li>\n<li><span style=\"color: #000000;\"><em>\u00e9viter que l&rsquo;insomnie ne devienne chronique.<\/em><\/span><\/li>\n<\/ul>\n<h2 style=\"text-align: justify;\"><span style=\"color: #000000;\">L&rsquo;action des gouttes de Bach<\/span><\/h2>\n<p style=\"text-align: justify;\"><span style=\"color: #000000;\">Les gouttes de Bach agissent efficacement contre les diff\u00e9rents <strong>troubles \u00e9motionnels qui peuvent d\u00e9couler de l&rsquo;insomnie<\/strong>. Les gouttes de Bach peuvent \u00e9galement nous aider dans diverses crises et situations difficiles de la vie. Elles nous aident \u00e0 nous calmer et \u00e0 garder la t\u00eate froide, car elles agissent sur notre \u00e9tat \u00e9motionnel et contribuent \u00e0 l&rsquo;harmoniser. Gr\u00e2ce aux gouttes de Bach, nous prenons le contr\u00f4le de <b>nos \u00e9motions<\/b> et ce n&rsquo;est qu&rsquo;ainsi que nous pouvons cr\u00e9er l&rsquo;harmonie et trouver la paix int\u00e9rieure.<\/span><\/p>\n<p style=\"text-align: justify;\"><span style=\"color: #000000;\">La th\u00e9rapie de Bach favorise l&rsquo;autogu\u00e9rison et la d\u00e9tente spirituelle. Selon la th\u00e9orie du Dr Bach, la cause de la maladie r\u00e9side dans un \u00e9tat inharmonieux ou dans un manque d&rsquo;harmonie entre le corps et l&rsquo;\u00e2me. Avec l&rsquo;aide des essences de fleurs, nous essayons de gu\u00e9rir la maladie en exploitant les <b>propri\u00e9t\u00e9s positives des fleurs<\/b> pour nous aider \u00e0 r\u00e9tablir l&rsquo;\u00e9quilibre en nous-m\u00eames.<\/span><\/p>\n<p style=\"text-align: justify;\"><span style=\"color: #000000;\">Les gouttes de Bach sont pr\u00e9par\u00e9es selon la m\u00e9thode du Dr Bach, en utilisant<b> uniquement les essences originales de Bach<\/b>.<\/span><\/p>\n<p style=\"text-align: justify;\"><span style=\"color: #000000;\">Les gouttes de Bach se pr\u00e9sentent sous la forme d&rsquo;un flacon muni d&rsquo;une pipette, ce qui facilite grandement le dosage. Prenez 4 gouttes 4 fois par jour, r\u00e9parties tout au long de la journ\u00e9e. Le flacon que vous recevez est suffisant pour 1 mois de th\u00e9rapie. <\/span><\/p>\n<p style=\"text-align: justify;\"><span style=\"color: #000000;\">Chaque flacon<b> <\/b>du m\u00e9lange choisi <b>est pr\u00e9par\u00e9 manuellement et sur place<\/b>. Pour conserver la fra\u00eecheur du m\u00e9lange plus longtemps, nous utilisons un peu d&rsquo;alcool (cognac). Le m\u00e9lange se conserve 1 mois \u00e0 partir de la date d&rsquo;achat.<\/span><\/p>\n<p style=\"text-align: justify;\"><span style=\"color: #000000;\">Les gouttes de Bach <strong>n&rsquo;ayant pas<\/strong> d&rsquo;<b>effets secondaires<\/b>, elles ne peuvent pas \u00eatre surdos\u00e9es et ne cr\u00e9ent pas de d\u00e9pendance. Elles conviennent \u00e0 tout le monde &#8211; femmes enceintes, m\u00e8res allaitantes, personnes \u00e2g\u00e9es, enfants et animaux.<\/span><\/p>\n<p style=\"text-align: justify;\"><span style=\"color: #000000;\">Elles n&rsquo;interagissent pas avec d&rsquo;autres m\u00e9dicaments.<\/span><\/p>\n<h2 style=\"text-align: justify;\"><span style=\"color: #000000;\">Conservation<\/span><\/h2>\n<p style=\"text-align: justify;\"><span style=\"color: #000000;\">Conserver dans un endroit sec et sombre \u00e0 une temp\u00e9rature allant jusqu&rsquo;\u00e0 +25 \u00b0C.<\/span><\/p>\n<h2 style=\"text-align: justify;\"><span style=\"color: #000000;\">Quantit\u00e9<\/span><\/h2>\n<p style=\"text-align: justify;\"><span style=\"color: #000000;\">30 ml (suffisant pour 30 jours d&rsquo;utilisation r\u00e9guli\u00e8re)<\/span><\/p>\n","protected":false},"excerpt":{"rendered":"<p>Les gouttes de Bach sont efficaces contre divers troubles \u00e9motionnels. Elles aident \u00e0 surmonter les crises et les situations difficiles de la vie. Elles aident \u00e0 se calmer et \u00e0 garder la t\u00eate froide. Elles agissent sur notre \u00e9tat \u00e9motionnel et aident \u00e0 l&rsquo;harmoniser.<\/p>\n<p>\ud83d\udc9a Les gouttes sont emball\u00e9es \u00e0 la main, le jour de l&rsquo;exp\u00e9dition.<br \/>\n\ud83d\udc9a Elles conviennent \u00e0 toutes les personnes (femmes enceintes, personnes \u00e2g\u00e9es, enfants,&#8230;) et aux animaux.<br \/>\n\ud83d\udc9a Ils n&rsquo;ont pas d&rsquo;effets secondaires, ne cr\u00e9ent pas de d\u00e9pendance et ne peuvent pas \u00eatre surdos\u00e9s.<br \/>\n\ud83d\udc9a Les premiers r\u00e9sultats peuvent se faire sentir apr\u00e8s quelques jours ou semaines, cela d\u00e9pend de chaque individu.<br \/>\n\ud83d\udc9a Ils n&rsquo;interagissent pas avec d&rsquo;autres m\u00e9dicaments.<\/p>\n","protected":false},"featured_media":6889,"comment_status":"open","ping_status":"closed","template":"","meta":{"_acf_changed":false},"product_brand":[],"product_cat":[15,243,224,225],"product_tag":[],"class_list":{"0":"post-6903","1":"product","2":"type-product","3":"status-publish","4":"has-post-thumbnail","6":"product_cat-uncategorized","7":"product_cat-fleurs-de-bach","8":"product_cat-offre","9":"product_cat-tous-les-produits","11":"first","12":"instock","13":"sale","14":"taxable","15":"shipping-taxable","16":"purchasable","17":"product-type-simple"},"acf":[],"_links":{"self":[{"href":"https:\/\/fengchashop.com\/fr\/wp-json\/wp\/v2\/product\/6903","targetHints":{"allow":["GET"]}}],"collection":[{"href":"https:\/\/fengchashop.com\/fr\/wp-json\/wp\/v2\/product"}],"about":[{"href":"https:\/\/fengchashop.com\/fr\/wp-json\/wp\/v2\/types\/product"}],"replies":[{"embeddable":true,"href":"https:\/\/fengchashop.com\/fr\/wp-json\/wp\/v2\/comments?post=6903"}],"wp:featuredmedia":[{"embeddable":true,"href":"https:\/\/fengchashop.com\/fr\/wp-json\/wp\/v2\/media\/6889"}],"wp:attachment":[{"href":"https:\/\/fengchashop.com\/fr\/wp-json\/wp\/v2\/media?parent=6903"}],"wp:term":[{"taxonomy":"product_brand","embeddable":true,"href":"https:\/\/fengchashop.com\/fr\/wp-json\/wp\/v2\/product_brand?post=6903"},{"taxonomy":"product_cat","embeddable":true,"href":"https:\/\/fengchashop.com\/fr\/wp-json\/wp\/v2\/product_cat?post=6903"},{"taxonomy":"product_tag","embeddable":true,"href":"https:\/\/fengchashop.com\/fr\/wp-json\/wp\/v2\/product_tag?post=6903"}],"curies":[{"name":"wp","href":"https:\/\/api.w.org\/{rel}","templated":true}]}}