{"id":6894,"date":"2024-07-04T08:54:00","date_gmt":"2024-07-04T06:54:00","guid":{"rendered":"https:\/\/fengchashop.com\/fr\/product\/examens-fleur-de-bach\/"},"modified":"2026-01-28T17:46:03","modified_gmt":"2026-01-28T16:46:03","slug":"examens-fleur-de-bach","status":"publish","type":"product","link":"https:\/\/fengchashop.com\/fr\/product\/examens-fleur-de-bach\/","title":{"rendered":"Fleur de Bach Gouttes Examens"},"content":{"rendered":"<h2><span style=\"color: #000000;\">Les gouttes de Bach pour r\u00e9duire le stress avant les examens, les tests et les interrogations<\/span><\/h2>\n<p><span style=\"color: #000000;\">Le stress que nous ressentons avant les examens, les tests et autres formes d&rsquo;\u00e9valuation est principalement d\u00fb \u00e0 un <b>manque de confiance<\/b>. Nous nous sentons g\u00e9n\u00e9ralement plus anxieux lorsque nous sommes bien pr\u00e9par\u00e9s \u00e0 une \u00e9valuation et que nous savons exactement ce que nous pouvons faire et ce que nous ne pouvons pas faire. Cette tension est en fait saine et souhaitable. Elle devient un obstacle lorsque nous avons trop peur et que notre r\u00e9action est exag\u00e9r\u00e9e, et elle affecte notre m\u00e9moire et notre concentration. Nous ne nous souvenons plus de ce que nous avons appris, nous commen\u00e7ons \u00e0 douter de notre r\u00e9ussite. Les m\u00e9canismes de d\u00e9fense qui nous d\u00e9fendent en cas de peur face \u00e0 une situation apparemment mena\u00e7ante nous permettent d&rsquo;\u00eatre pr\u00eats \u00e0 fuir physiquement ou \u00e0 nous battre, et toutes les pens\u00e9es se concentrent donc sur ce point. C&rsquo;est pourquoi nous avons besoin de quelque chose pour avoir confiance en nous. Les gouttes de Bach &lsquo;Exams&rsquo; peuvent \u00eatre la bonne solution pour tous ceux dont la peur excessive d&rsquo;\u00eatre jug\u00e9s les emp\u00eache d&rsquo;atteindre le succ\u00e8s qu&rsquo;ils souhaitent. Ce m\u00e9lange sp\u00e9cial vous <b>aidera \u00e0<\/b><\/span><\/p>\n<ul>\n<li><span style=\"color: #000000;\"><i>vous rendre plus calme pendant les examens et les tests,<\/i><\/span><\/li>\n<li><span style=\"color: #000000;\"><i>\u00e0 croire en ses capacit\u00e9s,<\/i><\/span><\/li>\n<li><span style=\"color: #000000;\"><i>ne pas se sentir anxieux et inquiet,<\/i><\/span><\/li>\n<li><span style=\"color: #000000;\"><i>\u00e0 mieux dormir et \u00e0 ne pas \u00eatre trop anxieux la veille d&rsquo;un examen ou d&rsquo;un test,<\/i><\/span><\/li>\n<li><span style=\"color: #000000;\"><i>\u00e0 ne pas se d\u00e9courager (m\u00eame en cas d&rsquo;\u00e9chec \u00e0 un examen),<\/i><\/span><\/li>\n<li><span style=\"color: #000000;\"><i>am\u00e9liorer la concentration.<\/i><\/span><\/li>\n<\/ul>\n<p><span style=\"color: #000000;\">Les premiers r\u00e9sultats se font sentir apr\u00e8s quelques jours ou quelques semaines, cela d\u00e9pend de chaque individu. Le m\u00e9lange pr\u00e9par\u00e9 durera 30 jours, il suffit de le mettre directement dans la bouche ou de le laisser tomber dans un verre d&rsquo;eau. <\/span><\/p>\n<h2><span style=\"color: #000000;\"><b> Comment les gouttes de Bach agissent-elles ?<\/b><\/span><\/h2>\n<p><span style=\"color: #000000;\">Les gouttes de Bach agissent efficacement contre les diff\u00e9rents <b>troubles \u00e9motionnels de l&rsquo;individu, comme<\/b> le<strong> stress avant les examens ou les tests<\/strong>. Les gouttes de Bach nous aident dans les diff\u00e9rentes crises et situations difficiles de la vie, les \u00e9preuves et les tribulations. Elles nous aident \u00e0 nous calmer et \u00e0 garder la t\u00eate froide, car elles agissent sur notre \u00e9tat \u00e9motionnel et contribuent \u00e0 l&rsquo;harmoniser. Gr\u00e2ce aux gouttes de Bach, nous prenons le contr\u00f4le de <b>nos \u00e9motions<\/b> et ce n&rsquo;est qu&rsquo;ainsi que nous cr\u00e9ons l&rsquo;harmonie et trouvons notre paix int\u00e9rieure.<\/span><\/p>\n<p><span style=\"color: #000000;\">La th\u00e9rapie de Bach favorise l&rsquo;autogu\u00e9rison et la d\u00e9tente spirituelle. Selon la th\u00e9orie du Dr Bach, la cause de la maladie r\u00e9side dans un \u00e9tat inharmonieux ou dans un manque d&rsquo;harmonie entre le corps et l&rsquo;\u00e2me. Avec l&rsquo;aide des essences de fleurs, nous essayons de gu\u00e9rir la maladie en exploitant les <b>propri\u00e9t\u00e9s positives des fleurs<\/b> pour nous aider \u00e0 r\u00e9tablir l&rsquo;\u00e9quilibre en nous-m\u00eames.<\/span><\/p>\n<p><span style=\"color: #000000;\">Les gouttes de Bach sont pr\u00e9par\u00e9es selon la m\u00e9thode du Dr Bach, en utilisant<b> uniquement les essences originales de Bach<\/b>.<\/span><\/p>\n<p><span style=\"color: #000000;\">Les gouttes de Bach se pr\u00e9sentent sous la forme d&rsquo;un flacon muni d&rsquo;une pipette, ce qui facilite grandement le dosage. Prenez 4 gouttes 4 fois par jour, r\u00e9parties tout au long de la journ\u00e9e. Le flacon que vous recevez est suffisant pour 1 mois de th\u00e9rapie. <\/span><\/p>\n<p><span style=\"color: #000000;\">Chaque flacon<b> <\/b>du m\u00e9lange choisi <b>est pr\u00e9par\u00e9 manuellement et sur place<\/b>. Pour conserver la fra\u00eecheur du m\u00e9lange plus longtemps, nous utilisons un peu d&rsquo;alcool (cognac). Le m\u00e9lange se conserve 1 mois \u00e0 partir de la date d&rsquo;achat.<\/span><\/p>\n<p><span style=\"color: #000000;\">Les gouttes de Bach <strong>n&rsquo;ayant pas<\/strong> d&rsquo;<b>effets secondaires<\/b>, elles ne peuvent pas \u00eatre surdos\u00e9es et ne cr\u00e9ent pas de d\u00e9pendance. Elles conviennent \u00e0 tout le monde &#8211; femmes enceintes, m\u00e8res allaitantes, personnes \u00e2g\u00e9es, enfants et animaux.<\/span><\/p>\n<p><span style=\"color: #000000;\">Elles n&rsquo;interagissent pas avec d&rsquo;autres m\u00e9dicaments.<\/span><\/p>\n<h2><span style=\"color: #000000;\"><b>Conservation<\/b><\/span><\/h2>\n<p><span style=\"color: #000000;\">Conserver dans un endroit sec et sombre \u00e0 une temp\u00e9rature allant jusqu&rsquo;\u00e0 +25 \u00b0C.<\/span><\/p>\n<h2><span style=\"color: #000000;\"><b>Quantit\u00e9<\/b><\/span><\/h2>\n<p><span style=\"color: #000000;\">30 ml (suffisant pour 30 jours d&rsquo;utilisation r\u00e9guli\u00e8re)<\/span><\/p>\n","protected":false},"excerpt":{"rendered":"<p>Les gouttes de Bach sont efficaces contre divers troubles \u00e9motionnels. Elles aident \u00e0 surmonter les crises et les situations difficiles de la vie. Elles aident \u00e0 se calmer et \u00e0 garder la t\u00eate froide. Elles agissent sur notre \u00e9tat \u00e9motionnel et aident \u00e0 l&rsquo;harmoniser.<\/p>\n<p>\ud83d\udc9a Les gouttes sont emball\u00e9es \u00e0 la main, le jour de l&rsquo;exp\u00e9dition.<br \/>\n\ud83d\udc9a Elles conviennent \u00e0 toutes les personnes (femmes enceintes, personnes \u00e2g\u00e9es, enfants,&#8230;) et aux animaux.<br \/>\n\ud83d\udc9a Ils n&rsquo;ont pas d&rsquo;effets secondaires, ne cr\u00e9ent pas de d\u00e9pendance et ne peuvent pas \u00eatre surdos\u00e9s.<br \/>\n\ud83d\udc9a Les premiers r\u00e9sultats peuvent se faire sentir apr\u00e8s quelques jours ou semaines, cela d\u00e9pend de chaque individu.<br \/>\n\ud83d\udc9a Ils n&rsquo;interagissent pas avec d&rsquo;autres m\u00e9dicaments.<\/p>\n","protected":false},"featured_media":6889,"comment_status":"open","ping_status":"closed","template":"","meta":{"_acf_changed":false},"product_brand":[],"product_cat":[15,243,224,225],"product_tag":[],"class_list":{"0":"post-6894","1":"product","2":"type-product","3":"status-publish","4":"has-post-thumbnail","6":"product_cat-uncategorized","7":"product_cat-fleurs-de-bach","8":"product_cat-offre","9":"product_cat-tous-les-produits","11":"first","12":"instock","13":"sale","14":"taxable","15":"shipping-taxable","16":"purchasable","17":"product-type-simple"},"acf":[],"_links":{"self":[{"href":"https:\/\/fengchashop.com\/fr\/wp-json\/wp\/v2\/product\/6894","targetHints":{"allow":["GET"]}}],"collection":[{"href":"https:\/\/fengchashop.com\/fr\/wp-json\/wp\/v2\/product"}],"about":[{"href":"https:\/\/fengchashop.com\/fr\/wp-json\/wp\/v2\/types\/product"}],"replies":[{"embeddable":true,"href":"https:\/\/fengchashop.com\/fr\/wp-json\/wp\/v2\/comments?post=6894"}],"wp:featuredmedia":[{"embeddable":true,"href":"https:\/\/fengchashop.com\/fr\/wp-json\/wp\/v2\/media\/6889"}],"wp:attachment":[{"href":"https:\/\/fengchashop.com\/fr\/wp-json\/wp\/v2\/media?parent=6894"}],"wp:term":[{"taxonomy":"product_brand","embeddable":true,"href":"https:\/\/fengchashop.com\/fr\/wp-json\/wp\/v2\/product_brand?post=6894"},{"taxonomy":"product_cat","embeddable":true,"href":"https:\/\/fengchashop.com\/fr\/wp-json\/wp\/v2\/product_cat?post=6894"},{"taxonomy":"product_tag","embeddable":true,"href":"https:\/\/fengchashop.com\/fr\/wp-json\/wp\/v2\/product_tag?post=6894"}],"curies":[{"name":"wp","href":"https:\/\/api.w.org\/{rel}","templated":true}]}}