{"id":6888,"date":"2024-07-04T08:54:00","date_gmt":"2024-07-04T06:54:00","guid":{"rendered":"https:\/\/fengchashop.com\/fr\/product\/fleur-de-bach\/"},"modified":"2026-01-21T17:41:18","modified_gmt":"2026-01-21T16:41:18","slug":"fleur-de-bach","status":"publish","type":"product","link":"https:\/\/fengchashop.com\/fr\/product\/fleur-de-bach\/","title":{"rendered":"Fleur de Bach"},"content":{"rendered":"<h2><span style=\"color: #000000;\">Gouttes de Bach &#8211; DIY<\/span><\/h2>\n<p><span style=\"color: #000000;\">Voulez-vous prendre le contr\u00f4le de <strong>vos \u00e9motions, trouver l&rsquo;harmonie et la paix int\u00e9rieure<\/strong>?<\/span><\/p>\n<p><span style=\"color: #000000;\">Le Dr. Edvard Bach a d\u00e9couvert 38 essences de fleurs pour chaque \u00e9tat \u00e9motionnel. Les gouttes de Bach agissent efficacement sur les diff\u00e9rents troubles \u00e9motionnels de l&rsquo;individu. Les gouttes sont sans effets secondaires et faciles \u00e0 utiliser. Elles aident \u00e0 surmonter les crises et les situations difficiles de la vie. Elles aident \u00e0 se calmer et \u00e0 garder la t\u00eate froide. Elles agissent sur notre \u00e9tat \u00e9motionnel et aident \u00e0 l&rsquo;harmoniser.<\/span><\/p>\n<p><span style=\"color: #000000;\">&#8211; Ils conviennent \u00e0 toutes les personnes (femmes enceintes, personnes \u00e2g\u00e9es, enfants, etc.) et aux animaux.<\/span><\/p>\n<p><span style=\"color: #000000;\">&#8211; Ils n&rsquo;ont pas d&rsquo;effets secondaires, ne cr\u00e9ent pas de d\u00e9pendance et ne peuvent pas \u00eatre surdos\u00e9s.<\/span><\/p>\n<p><span style=\"color: #000000;\">&#8211; Les premiers r\u00e9sultats peuvent \u00eatre observ\u00e9s apr\u00e8s quelques jours ou semaines, cela d\u00e9pend de chaque individu.<\/span><\/p>\n<p><span style=\"color: #000000;\">&#8211; Elles n&rsquo;interf\u00e8rent pas avec d&rsquo;autres m\u00e9dicaments.<\/span><\/p>\n<p><span style=\"color: #000000;\">&#8211; Les gouttes sont emball\u00e9es \u00e0 la main, \u00e0 temps le jour de l&rsquo;exp\u00e9dition.<\/span><\/p>\n<p><span style=\"color: #000000;\">Les gouttes de Bach nous permettent de ma\u00eetriser nos \u00e9motions, de trouver l&rsquo;harmonie et la paix int\u00e9rieure. Les m\u00e9langes de gouttes de Bach sont pr\u00e9par\u00e9s selon la m\u00e9thode du Dr Bach et <strong>avec les essences originales de Bach<\/strong>.<\/span><\/p>\n<p><span style=\"color: #000000;\">Si vous ne savez pas quelles essences vous conviennent, choisissez le service de <a style=\"color: #000000;\" href=\"https:\/\/fr.fengchashop.com\/product\/conseils-sur-les-gouttes-de-bach\/\" target=\"_self\">conseil Bach<\/a>.<\/span><\/p>\n<h2><span style=\"color: #000000;\">Choix des gouttes<\/span><\/h2>\n<p>Vous pouvez choisir votre m\u00e9lange de Fleurs de Bach en fonction de votre \u00e9tat \u00e9motionnel actuel. S\u00e9lectionnez jusqu&rsquo;\u00e0 <strong data-start=\"2987\" data-end=\"3013\">7 essences diff\u00e9rentes<\/strong> dans la liste ci-dessous. Veuillez les indiquer dans le <strong data-start=\"3072\" data-end=\"3102\">champ de notes de commande<\/strong> lors du paiement. Une fois votre commande re\u00e7ue, nous pr\u00e9parerons votre m\u00e9lange personnalis\u00e9.<\/p>\n<h2><span style=\"color: #000000;\">Quantit\u00e9<\/span><\/h2>\n<p><span style=\"color: #000000;\">30 ml (suffisant pour un mois).<\/span><\/p>\n<h2><span style=\"color: #000000;\">Liste des essences de fleurs de Bach<\/span><\/h2>\n<p><span style=\"color: #000000;\"><strong>AGRIMONIE (REPIC) :<\/strong> tension et agitation dans le corps, jouer du sourire, masquer, ne pas montrer ses \u00e9motions, d\u00e9pendances.<\/span><\/p>\n<p><span style=\"color: #000000;\"><strong>ASPEN (TREPETLIKA)<\/strong>: pour les peurs inconnues, les mauvais pressentiments, les cauchemars, les personnes timides, l&rsquo;anxi\u00e9t\u00e9 et l&rsquo;angoisse.<\/span><\/p>\n<p><span style=\"color: #000000;\"><strong>BEECH :<\/strong> critique excessive, impatience, arrogance, pr\u00e9jug\u00e9s<\/span><\/p>\n<p><span style=\"color: #000000;\"><strong>CENTAURY (TAJENTROZ) :<\/strong> trop serviable, ne sait pas dire non, ne sait pas mettre de limites et ne sait pas se d\u00e9fendre<\/span><\/p>\n<p><span style=\"color: #000000;\"><strong>CERATO (ROSE) :<\/strong> ind\u00e9cision, par manque de confiance en ses propres opinions, demande constamment conseil aux autres<\/span><\/p>\n<p><span style=\"color: #000000;\"><strong>CHERRY PLUM :<\/strong> peur de perdre le contr\u00f4le et de faire quelque chose \u00e0 soi-m\u00eame ou aux autres, tension int\u00e9rieure, acc\u00e8s de col\u00e8re et de rage<\/span><\/p>\n<p><span style=\"color: #000000;\"><strong>CHESTNUT BUD :<\/strong> r\u00e9p\u00e9ter les m\u00eames erreurs et les m\u00eames habitudes, \u00eatre d\u00e9sinhib\u00e9 <\/span><\/p>\n<p><span style=\"color: #000000;\"><strong>CHICORY :<\/strong> manipulation, chantage, possessivit\u00e9, jalousie intense<\/span><\/p>\n<p><span style=\"color: #000000;\"><strong>CLEMATIS (SROBOT) :<\/strong> r\u00eaverie, confusion, inattention, distraction mentale, probl\u00e8mes de concentration <\/span><\/p>\n<p><span style=\"color: #000000;\"><strong>POMME DE CRABE :<\/strong> honte, sentiment de salet\u00e9, perfectionnisme, besoin compulsif de propret\u00e9<\/span><\/p>\n<p><span style=\"color: #000000;\"><strong>ELM (BREST) :<\/strong> baisse momentan\u00e9e d&rsquo;\u00e9nergie en cas d&rsquo;\u00e9puisement, lorsque l&rsquo;on travaille pour d&rsquo;autres personnes, stress, d\u00e9passement de soi.<\/span><\/p>\n<p><span style=\"color: #000000;\"><strong>GENTIEN :<\/strong> pessimisme, tristesse d&rsquo;origine connue, d\u00e9pression l\u00e9g\u00e8re<\/span><\/p>\n<p><span style=\"color: #000000;\"><strong>GORGE (ULEX) :<\/strong> d\u00e9sespoir, plus rien n&rsquo;a de sens<\/span><\/p>\n<p><span style=\"color: #000000;\"><strong>HEATHER (AUTUMN HEAT) :<\/strong> parle toujours de lui-m\u00eame et de ses probl\u00e8mes, monologue, s&rsquo;apitoie sur son sort, veut \u00eatre au centre de l&rsquo;attention<\/span><\/p>\n<p><span style=\"color: #000000;\"><strong>HOLLY (BODIC) :<\/strong> jalousie, col\u00e8re active, col\u00e8re qui se manifeste \u00e0 l&rsquo;ext\u00e9rieur, suspicion, haine<\/span><\/p>\n<p><span style=\"color: #000000;\"><strong>HONEYSUCKLE (COWBOY) :<\/strong> vivre dans le pass\u00e9, engourdissement, nostalgie, m\u00e9lancolie<\/span><\/p>\n<p><span style=\"color: #000000;\"><strong>HORNBEAM (GABER) :<\/strong> pour l&rsquo;\u00e9puisement mental et intellectuel, la fatigue mentale, le manque d&rsquo;\u00e9nergie, la fatigue matinale, l&rsquo;ennui et la routine<\/span><\/p>\n<p><span style=\"color: #000000;\"><strong>IMPATIENS (NEDOTICS) :<\/strong> impatience, impulsivit\u00e9, impatience, tension, irritabilit\u00e9, intol\u00e9rance<\/span><\/p>\n<p><span style=\"color: #000000;\"><strong>LARCH :<\/strong> conscience de soi, sentiment d&rsquo;inf\u00e9riorit\u00e9, \u00e9chec sous pression, tr\u00e9pidation avant les examens et les spectacles<\/span><\/p>\n<p><span style=\"color: #000000;\"><strong>MIMULUS (KRINKAR) :<\/strong> pour les peurs famili\u00e8res, la peur, la timidit\u00e9, l&rsquo;hypersensibilit\u00e9<\/span><\/p>\n<p><span style=\"color: #000000;\"><strong>MUSTARD (BITTER) :<\/strong> d\u00e9pression de cause inconnue, p\u00e9riodes de tristesse r\u00e9currente sans cause<\/span><\/p>\n<p><span style=\"color: #000000;\"><strong>CH\u00caNE (PINE) :<\/strong> ne jamais s&rsquo;arr\u00eater, ne pas savoir se reposer, s&rsquo;\u00e9puiser, porter le fardeau des autres, se sacrifier<\/span><\/p>\n<p><span style=\"color: #000000;\"><strong>OLIVE :<\/strong> \u00e9puisement mental et physique, fatigue, surmenage, faiblesse <\/span><\/p>\n<p><span style=\"color: #000000;\"><strong>PIN (BOR) :<\/strong> se sentir coupable, toujours s&rsquo;excuser et dire merci trop souvent, autocritique excessive<\/span><\/p>\n<p><span style=\"color: #000000;\">RED<strong>CHESTNUT :<\/strong> souci des proches, attachement excessif aux personnes proches<\/span><\/p>\n<p><span style=\"color: #000000;\"><strong>ROCK ROSE (SUNRISE) :<\/strong> panique, terreur, peur extr\u00eame<\/span><\/p>\n<p><span style=\"color: #000000;\">ROCK<strong>WATER (STUDENT) :<\/strong> tension, rigidit\u00e9, perfectionnisme<\/span><\/p>\n<p><span style=\"color: #000000;\"><strong>SCLERANTHUS (CANCER) :<\/strong> ind\u00e9cision, instabilit\u00e9, partage mental entre deux options, changement constant d&rsquo;opinions et d&rsquo;humeurs<\/span><\/p>\n<p><span style=\"color: #000000;\"><strong>ETOILE DE BETHLEHEM :<\/strong> pour les troubles physiques et mentaux, les chocs, les traumatismes pass\u00e9s et pr\u00e9sents, aide \u00e0 se relever apr\u00e8s les \u00e9preuves de la vie.<\/span><\/p>\n<p><span style=\"color: #000000;\"><strong>SWEET CHESTNUT : une<\/strong> \u00e9preuve s\u00e9v\u00e8re de la vie qui ne peut \u00eatre surmont\u00e9e, le deuil<\/span><\/p>\n<p><span style=\"color: #000000;\"><strong>VERVAIN :<\/strong> enthousiasme excessif, fanatisme, convainc les autres que ses id\u00e9es sont les meilleures<\/span><\/p>\n<p><span style=\"color: #000000;\"><strong>VINE (VINE TRTA) :<\/strong> chef, commandement, tyrannie, autorit\u00e9, s\u00e9v\u00e9rit\u00e9<\/span><\/p>\n<p><span style=\"color: #000000;\"><strong>WALNUT (EAGLE) :<\/strong> pour les nouvelles \u00e9tapes de la vie (divorce, d\u00e9m\u00e9nagement, retraite, pubert\u00e9, crise de la quarantaine, m\u00e9nopause&#8230;), pour un meilleur sommeil, aide \u00e0 trouver son biorythme<\/span><\/p>\n<p><span style=\"color: #000000;\"><strong>WATER VIOLET :<\/strong> pour les personnes exalt\u00e9es qui aiment \u00eatre seules<\/span><\/p>\n<p><span style=\"color: #000000;\">WHITE<strong>CHESTNUT :<\/strong> les pens\u00e9es qui tournent sans cesse dans notre t\u00eate, les probl\u00e8mes de concentration et l&rsquo;insomnie<\/span><\/p>\n<p><span style=\"color: #000000;\"><strong>AVOINE SAUVAGE :<\/strong> ne trouve pas de sens \u00e0 sa vie, n&rsquo;a pas de raison d&rsquo;\u00eatre<\/span><\/p>\n<p><span style=\"color: #000000;\"><strong>ROSE SAUVAGE :<\/strong> r\u00e9signation au destin, indiff\u00e9rence, apathie<\/span><\/p>\n<p><span style=\"color: #000000;\"><strong>SAULE :<\/strong> col\u00e8re refoul\u00e9e, r\u00f4le de victime, toujours en train de bl\u00e2mer les autres et de ne pas assumer la responsabilit\u00e9 de ses actes, amer, rancunier, frustr\u00e9 et plein de ressentiment.<\/span><\/p>\n","protected":false},"excerpt":{"rendered":"<p>Les gouttes de Bach sont efficaces contre divers troubles \u00e9motionnels. Elles aident \u00e0 surmonter les crises et les situations difficiles de la vie. Elles aident \u00e0 se calmer et \u00e0 garder la t\u00eate froide. Elles agissent sur notre \u00e9tat \u00e9motionnel et aident \u00e0 l&rsquo;harmoniser.<\/p>\n<p>\ud83d\udc9a Les gouttes sont emball\u00e9es \u00e0 la main, le jour de l&rsquo;exp\u00e9dition.<br \/>\n\ud83d\udc9a Elles conviennent \u00e0 toutes les personnes (femmes enceintes, personnes \u00e2g\u00e9es, enfants,&#8230;) et aux animaux.<br \/>\n\ud83d\udc9a Ils n&rsquo;ont pas d&rsquo;effets secondaires, ne cr\u00e9ent pas de d\u00e9pendance et ne peuvent pas \u00eatre surdos\u00e9s.<br \/>\n\ud83d\udc9a Les premiers r\u00e9sultats peuvent se faire sentir apr\u00e8s quelques jours ou semaines, cela d\u00e9pend de chaque individu.<br \/>\n\ud83d\udc9a Ils n&rsquo;interagissent pas avec d&rsquo;autres m\u00e9dicaments.<\/p>\n","protected":false},"featured_media":6889,"comment_status":"open","ping_status":"closed","template":"","meta":{"_acf_changed":false},"product_brand":[],"product_cat":[15,243,224,225],"product_tag":[],"class_list":{"0":"post-6888","1":"product","2":"type-product","3":"status-publish","4":"has-post-thumbnail","6":"product_cat-uncategorized","7":"product_cat-fleurs-de-bach","8":"product_cat-offre","9":"product_cat-tous-les-produits","11":"first","12":"instock","13":"taxable","14":"shipping-taxable","15":"purchasable","16":"product-type-simple"},"acf":[],"_links":{"self":[{"href":"https:\/\/fengchashop.com\/fr\/wp-json\/wp\/v2\/product\/6888","targetHints":{"allow":["GET"]}}],"collection":[{"href":"https:\/\/fengchashop.com\/fr\/wp-json\/wp\/v2\/product"}],"about":[{"href":"https:\/\/fengchashop.com\/fr\/wp-json\/wp\/v2\/types\/product"}],"replies":[{"embeddable":true,"href":"https:\/\/fengchashop.com\/fr\/wp-json\/wp\/v2\/comments?post=6888"}],"wp:featuredmedia":[{"embeddable":true,"href":"https:\/\/fengchashop.com\/fr\/wp-json\/wp\/v2\/media\/6889"}],"wp:attachment":[{"href":"https:\/\/fengchashop.com\/fr\/wp-json\/wp\/v2\/media?parent=6888"}],"wp:term":[{"taxonomy":"product_brand","embeddable":true,"href":"https:\/\/fengchashop.com\/fr\/wp-json\/wp\/v2\/product_brand?post=6888"},{"taxonomy":"product_cat","embeddable":true,"href":"https:\/\/fengchashop.com\/fr\/wp-json\/wp\/v2\/product_cat?post=6888"},{"taxonomy":"product_tag","embeddable":true,"href":"https:\/\/fengchashop.com\/fr\/wp-json\/wp\/v2\/product_tag?post=6888"}],"curies":[{"name":"wp","href":"https:\/\/api.w.org\/{rel}","templated":true}]}}