{"id":6841,"date":"2024-07-04T08:52:00","date_gmt":"2024-07-04T06:52:00","guid":{"rendered":"https:\/\/fengchashop.com\/fr\/product\/matcha-bio-125-g\/"},"modified":"2026-04-29T12:29:42","modified_gmt":"2026-04-29T10:29:42","slug":"matcha-bio","status":"publish","type":"product","link":"https:\/\/fengchashop.com\/fr\/product\/matcha-bio\/","title":{"rendered":"Matcha BIO 250 g"},"content":{"rendered":"<h2 style=\"text-align: justify;\"><span style=\"color: #000000;\">Matcha bio<\/span><\/h2>\n<p style=\"text-align: justify;\"><span style=\"color: #000000;\">Le c\u00e9l\u00e8bre matcha est en fait une<strong> poudre de th\u00e9 vert<\/strong>. Notre version du matcha est principalement destin\u00e9e \u00e0 la cuisine et est donc de haute qualit\u00e9.<\/span><\/p>\n<p style=\"text-align: justify;\"><span style=\"color: #000000;\">Le matcha est un <strong>th\u00e9 de qualit\u00e9 sup\u00e9rieure au caract\u00e8re bien tremp\u00e9<\/strong>. Le th\u00e9ier matcha est cultiv\u00e9 \u00e0 l&rsquo;ombre pendant au moins un mois avant la r\u00e9colte, et les feuilles de th\u00e9 sont d\u00e9barrass\u00e9es de leurs nervures et de leurs tiges avant d&rsquo;\u00eatre trait\u00e9es. Les feuilles de th\u00e9 ainsi produites sont extr\u00eamement <strong>riches en caf\u00e9ine et en th\u00e9ine<\/strong>. Depuis de nombreuses ann\u00e9es, le matcha est connu pour \u00eatre le th\u00e9 des moines bouddhistes, qui le boivent pour se concentrer, se concentrer et \u00e9claircir leur esprit.<\/span><\/p>\n<p style=\"text-align: justify;\"><span style=\"color: #000000;\">Il contient de nombreux ingr\u00e9dients qui ont un effet <strong>antioxydant<\/strong> sur l&rsquo;organisme. Comme le th\u00e9 vert, il contient des <strong>polyph\u00e9nols<\/strong> et des <strong>flavono\u00efdes<\/strong>. Il est \u00e9galement riche en vitamines A, B, C et E. Tous ces \u00e9l\u00e9ments contribuent aux propri\u00e9t\u00e9s anti-inflammatoires et immunitaires du th\u00e9 vert matcha. Il n&rsquo;est pas non plus aussi amer que certains th\u00e9s verts, gr\u00e2ce \u00e0 ce que l&rsquo;on appelle les cat\u00e9chines, qui ne sont pas abondantes dans le th\u00e9 matcha en raison de sa production sp\u00e9ciale \u00e0 l&rsquo;ombre. En outre, le matcha nous maintient en forme gr\u00e2ce \u00e0 sa teneur \u00e9lev\u00e9e en th\u00e9ine et en caf\u00e9ine, mais ne provoque pas l&rsquo;agitation caract\u00e9ristique que ressentent souvent les personnes qui consomment trop de caf\u00e9.<\/span><\/p>\n<h2 style=\"text-align: justify;\"><span style=\"color: #000000;\">Stockage et avertissements<\/span><\/h2>\n<p style=\"text-align: justify;\"><span style=\"color: #000000;\">Conserver dans un endroit sec, sombre et frais. Veillez \u00e0 ce que le sac ou la bo\u00eete soit bien ferm\u00e9. Le produit peut \u00e9galement \u00eatre conserv\u00e9 au r\u00e9frig\u00e9rateur.<\/span><\/p>\n<h2 style=\"text-align: justify;\"><span style=\"color: #000000;\">Emballage<\/span><\/h2>\n<p style=\"text-align: justify;\"><span style=\"color: #000000;\">Sachet zip-lock non perm\u00e9able, dans lequel le produit conserve toute sa fra\u00eecheur et son ar\u00f4me. L&#8217;emballage prot\u00e8ge le produit de la lumi\u00e8re et de l&rsquo;air, car il est compos\u00e9 de plusieurs couches de protection pour pr\u00e9server les propri\u00e9t\u00e9s du contenu.<\/span><\/p>\n<p style=\"text-align: justify;\"><span style=\"color: #000000;\">L&#8217;emballage est tr\u00e8s pratique et recyclable.<\/span><\/p>\n<h2 style=\"text-align: justify;\"><span style=\"color: #000000;\">L&rsquo;origine<\/span><\/h2>\n<p style=\"text-align: justify;\"><span style=\"color: #000000;\">Chine. <span class=\"jCAhz ChMk0b\"><span class=\"ryNqvb\">Nous avons des fournisseurs tr\u00e8s fiables qui nous envoient une analyse chimique d\u00e9taill\u00e9e des aliments pour chaque lot.<\/span><\/span> <span class=\"jCAhz ChMk0b\"><span class=\"ryNqvb\">Depuis plus de dix ans, nous n&rsquo;avons eu aucun rappel ni aucun autre probl\u00e8me avec cet article, ni avec d&rsquo;autres articles du m\u00eame fournisseur.<\/span><\/span><\/span><\/p>\n","protected":false},"excerpt":{"rendered":"<p>Le Matcha est un th\u00e9 vert de la plus haute qualit\u00e9. Le th\u00e9 Matcha est la boisson des moines bouddhistes, qui le boivent pour se concentrer, se concentrer et \u00e9claircir leur esprit. Il contient de nombreux ingr\u00e9dients qui ont un effet antioxydant sur notre corps. Comme le th\u00e9 vert, il contient des polyph\u00e9nols et des flavono\u00efdes. Il est \u00e9galement riche en vitamines A, B, C et E. Tous ces \u00e9l\u00e9ments contribuent aux propri\u00e9t\u00e9s anti-inflammatoires et immunitaires du th\u00e9 vert matcha. Il n&rsquo;est pas non plus aussi amer que certains th\u00e9s verts, gr\u00e2ce \u00e0 ce que l&rsquo;on appelle les cat\u00e9chines, qui ne sont pas abondantes dans le th\u00e9 matcha en raison de sa production sp\u00e9ciale \u00e0 l&rsquo;ombre.<\/p>\n<p>\ud83d\udc9a Il regorge d&rsquo;antioxydants, d&rsquo;acides amin\u00e9s et d&rsquo;autres effets b\u00e9n\u00e9fiques.<br \/>\n\ud83d\udc9a Production biologique.<br \/>\n\ud83d\udc9a Qualit\u00e9 sup\u00e9rieure.<\/p>\n","protected":false},"featured_media":7766,"comment_status":"open","ping_status":"closed","template":"","meta":{"_acf_changed":false},"product_brand":[],"product_cat":[15,224,242,236,225],"product_tag":[],"class_list":{"0":"post-6841","1":"product","2":"type-product","3":"status-publish","4":"has-post-thumbnail","6":"product_cat-uncategorized","7":"product_cat-offre","8":"product_cat-the","9":"product_cat-the-nourriture-et-epices","10":"product_cat-tous-les-produits","12":"first","13":"instock","14":"sale","15":"taxable","16":"shipping-taxable","17":"purchasable","18":"product-type-simple"},"acf":[],"_links":{"self":[{"href":"https:\/\/fengchashop.com\/fr\/wp-json\/wp\/v2\/product\/6841","targetHints":{"allow":["GET"]}}],"collection":[{"href":"https:\/\/fengchashop.com\/fr\/wp-json\/wp\/v2\/product"}],"about":[{"href":"https:\/\/fengchashop.com\/fr\/wp-json\/wp\/v2\/types\/product"}],"replies":[{"embeddable":true,"href":"https:\/\/fengchashop.com\/fr\/wp-json\/wp\/v2\/comments?post=6841"}],"wp:featuredmedia":[{"embeddable":true,"href":"https:\/\/fengchashop.com\/fr\/wp-json\/wp\/v2\/media\/7766"}],"wp:attachment":[{"href":"https:\/\/fengchashop.com\/fr\/wp-json\/wp\/v2\/media?parent=6841"}],"wp:term":[{"taxonomy":"product_brand","embeddable":true,"href":"https:\/\/fengchashop.com\/fr\/wp-json\/wp\/v2\/product_brand?post=6841"},{"taxonomy":"product_cat","embeddable":true,"href":"https:\/\/fengchashop.com\/fr\/wp-json\/wp\/v2\/product_cat?post=6841"},{"taxonomy":"product_tag","embeddable":true,"href":"https:\/\/fengchashop.com\/fr\/wp-json\/wp\/v2\/product_tag?post=6841"}],"curies":[{"name":"wp","href":"https:\/\/api.w.org\/{rel}","templated":true}]}}